{"id":15061,"date":"2016-09-02T20:07:54","date_gmt":"2016-09-02T20:07:54","guid":{"rendered":"http:\/\/sp1lubomierz.pl\/?page_id=15061"},"modified":"2017-08-22T08:54:27","modified_gmt":"2017-08-22T06:54:27","slug":"rok-szkolny-20162017","status":"publish","type":"page","link":"https:\/\/sp1lubomierz.pl\/?page_id=15061","title":{"rendered":"Rok szkolny 2016\/2017"},"content":{"rendered":"<h3 style=\"text-align: center;\"><a href=\"http:\/\/sp1lubomierz.pl\/?page_id=15057\">Wrzesie\u0144 2016 <\/a><\/h3>\n<h3 style=\"text-align: center;\"><a href=\"http:\/\/sp1lubomierz.pl\/?page_id=15810\">Pa\u017adziernik 2016 <\/a><\/h3>\n<h3 style=\"text-align: center;\"><a href=\"http:\/\/sp1lubomierz.pl\/?page_id=16135\">Listopad 2016<\/a><\/h3>\n<h3 style=\"text-align: center;\"><strong><a href=\"http:\/\/sp1lubomierz.pl\/?page_id=16991\">Grudzie\u0144 2016 <\/a><\/strong><\/h3>\n<h3 style=\"text-align: center;\"><a href=\"http:\/\/sp1lubomierz.pl\/?page_id=17460\"><strong>Stycze\u0144 2017 <\/strong><\/a><\/h3>\n<h3 style=\"text-align: center;\"><a href=\"http:\/\/sp1lubomierz.pl\/?page_id=18186\"><strong>Luty 2017 <\/strong><\/a><\/h3>\n<h3 style=\"text-align: center;\"><a href=\"http:\/\/sp1lubomierz.pl\/?page_id=18351\"><strong>Marzec 2017 <\/strong><\/a><\/h3>\n<h3 style=\"text-align: center;\"><a href=\"http:\/\/sp1lubomierz.pl\/?page_id=18484\"><strong>Kwiecie\u0144 2017 <\/strong><\/a><\/h3>\n<h3 style=\"text-align: center;\"><a title=\"Maj 2017\" href=\"http:\/\/sp1lubomierz.pl\/?page_id=18930\"><strong>Maj 2017 <\/strong><\/a><\/h3>\n<h3 style=\"text-align: center;\"><a href=\"http:\/\/sp1lubomierz.pl\/?page_id=19683\"><strong>Czerwiec 2017 <\/strong><\/a><\/h3>\n<h3 style=\"text-align: center;\"><a href=\"http:\/\/sp1lubomierz.pl\/?page_id=20606\"><strong>Lipiec 2017<\/strong><\/a><\/h3>\n","protected":false},"excerpt":{"rendered":"<p>Wrzesie\u0144 2016 Pa\u017adziernik 2016 Listopad 2016 Grudzie\u0144 2016 Stycze\u0144 2017 Luty 2017 Marzec 2017 Kwiecie\u0144 2017 Maj 2017 Czerwiec 2017 Lipiec 2017<\/p>\n","protected":false},"author":1,"featured_media":0,"parent":0,"menu_order":0,"comment_status":"closed","ping_status":"open","template":"","meta":{"ngg_post_thumbnail":0,"footnotes":""},"class_list":["post-15061","page","type-page","status-publish","hentry"],"_links":{"self":[{"href":"https:\/\/sp1lubomierz.pl\/index.php?rest_route=\/wp\/v2\/pages\/15061","targetHints":{"allow":["GET"]}}],"collection":[{"href":"https:\/\/sp1lubomierz.pl\/index.php?rest_route=\/wp\/v2\/pages"}],"about":[{"href":"https:\/\/sp1lubomierz.pl\/index.php?rest_route=\/wp\/v2\/types\/page"}],"author":[{"embeddable":true,"href":"https:\/\/sp1lubomierz.pl\/index.php?rest_route=\/wp\/v2\/users\/1"}],"replies":[{"embeddable":true,"href":"https:\/\/sp1lubomierz.pl\/index.php?rest_route=%2Fwp%2Fv2%2Fcomments&post=15061"}],"version-history":[{"count":14,"href":"https:\/\/sp1lubomierz.pl\/index.php?rest_route=\/wp\/v2\/pages\/15061\/revisions"}],"predecessor-version":[{"id":20608,"href":"https:\/\/sp1lubomierz.pl\/index.php?rest_route=\/wp\/v2\/pages\/15061\/revisions\/20608"}],"wp:attachment":[{"href":"https:\/\/sp1lubomierz.pl\/index.php?rest_route=%2Fwp%2Fv2%2Fmedia&parent=15061"}],"curies":[{"name":"wp","href":"https:\/\/api.w.org\/{rel}","templated":true}]}}