{"id":1925,"date":"2014-08-24T15:53:26","date_gmt":"2014-08-24T15:53:26","guid":{"rendered":"http:\/\/sp1lubomierz.pl\/?page_id=1925"},"modified":"2014-11-12T21:57:18","modified_gmt":"2014-11-12T21:57:18","slug":"rok-szkolny-20132014","status":"publish","type":"page","link":"https:\/\/sp1lubomierz.pl\/?page_id=1925","title":{"rendered":"Rok szkolny 2013\/2014"},"content":{"rendered":"<h3 style=\"text-align: center;\"><a href=\"http:\/\/sp1lubomierz.pl\/?page_id=214\"><span style=\"font-size: large;\">Wrzesie\u0144<\/span><\/a><\/h3>\n<h3 style=\"text-align: center;\"><a href=\"http:\/\/sp1lubomierz.pl\/?page_id=216\"><span style=\"font-size: large;\">Pa\u017adziernik<\/span><\/a><\/h3>\n<h3 style=\"text-align: center;\"><a href=\"http:\/\/sp1lubomierz.pl\/?page_id=596\"><span style=\"font-size: large;\">Listopad<\/span><\/a><\/h3>\n<h3 style=\"text-align: center;\"><a href=\"http:\/\/sp1lubomierz.pl\/?page_id=859\"><span style=\"font-size: large;\">Grudzie\u0144<\/span><\/a><\/h3>\n<h3 style=\"text-align: center;\"><a href=\"http:\/\/sp1lubomierz.pl\/?page_id=997\"><span style=\"font-size: large;\">Stycze\u0144<\/span><\/a><\/h3>\n<h3 style=\"text-align: center;\"><a href=\"http:\/\/sp1lubomierz.pl\/?page_id=1096\"><span style=\"font-size: large;\">Luty <\/span><\/a><\/h3>\n<h3 style=\"text-align: center;\"><a href=\"http:\/\/sp1lubomierz.pl\/?page_id=1228\"><span style=\"font-size: large;\">Marzec<\/span><\/a><\/h3>\n<h3 style=\"text-align: center;\"><a href=\"http:\/\/sp1lubomierz.pl\/?page_id=1353\"><span style=\"font-size: large;\">Kwiecie\u0144<\/span><\/a><\/h3>\n<h3 style=\"text-align: center;\"><a href=\"http:\/\/sp1lubomierz.pl\/?page_id=1734\"><span style=\"font-size: large;\">Maj<\/span><\/a><\/h3>\n<h3 style=\"text-align: center;\"><a href=\"http:\/\/sp1lubomierz.pl\/?page_id=1923\"><span style=\"font-size: large;\">Czerwiec<\/span><\/a><\/h3>\n","protected":false},"excerpt":{"rendered":"<p>Wrzesie\u0144 Pa\u017adziernik Listopad Grudzie\u0144 Stycze\u0144 Luty Marzec Kwiecie\u0144 Maj Czerwiec<\/p>\n","protected":false},"author":1,"featured_media":0,"parent":0,"menu_order":0,"comment_status":"closed","ping_status":"open","template":"","meta":{"ngg_post_thumbnail":0,"footnotes":""},"class_list":["post-1925","page","type-page","status-publish","hentry"],"_links":{"self":[{"href":"https:\/\/sp1lubomierz.pl\/index.php?rest_route=\/wp\/v2\/pages\/1925","targetHints":{"allow":["GET"]}}],"collection":[{"href":"https:\/\/sp1lubomierz.pl\/index.php?rest_route=\/wp\/v2\/pages"}],"about":[{"href":"https:\/\/sp1lubomierz.pl\/index.php?rest_route=\/wp\/v2\/types\/page"}],"author":[{"embeddable":true,"href":"https:\/\/sp1lubomierz.pl\/index.php?rest_route=\/wp\/v2\/users\/1"}],"replies":[{"embeddable":true,"href":"https:\/\/sp1lubomierz.pl\/index.php?rest_route=%2Fwp%2Fv2%2Fcomments&post=1925"}],"version-history":[{"count":6,"href":"https:\/\/sp1lubomierz.pl\/index.php?rest_route=\/wp\/v2\/pages\/1925\/revisions"}],"predecessor-version":[{"id":4732,"href":"https:\/\/sp1lubomierz.pl\/index.php?rest_route=\/wp\/v2\/pages\/1925\/revisions\/4732"}],"wp:attachment":[{"href":"https:\/\/sp1lubomierz.pl\/index.php?rest_route=%2Fwp%2Fv2%2Fmedia&parent=1925"}],"curies":[{"name":"wp","href":"https:\/\/api.w.org\/{rel}","templated":true}]}}