{"id":25832,"date":"2018-10-01T18:30:46","date_gmt":"2018-10-01T16:30:46","guid":{"rendered":"http:\/\/sp1lubomierz.pl\/?page_id=25832"},"modified":"2025-09-30T15:01:04","modified_gmt":"2025-09-30T13:01:04","slug":"dodatkowe-zajecia-pozalekcyjne","status":"publish","type":"page","link":"https:\/\/sp1lubomierz.pl\/?page_id=25832","title":{"rendered":"Dodatkowe zaj\u0119cia pozalekcyjne"},"content":{"rendered":"<p style=\"text-align: center;\">Dodatkowe zaj\u0119cia pozalekcyjne dla uczni\u00f3w Szko\u0142y Podstawowej nr 1 im. \u015bw. J\u00f3zefa w Lubomierzu w roku szkolnym 2025\/2026<\/p>\n<table style=\"width: 98.8322%; height: 668px;\" width=\"1049\">\n<tbody>\n<tr style=\"height: 23px;\">\n<td style=\"width: 48.1928%; height: 23px;\" width=\"538\"><strong>RODZAJ ZAJ\u0118\u0106<\/strong><\/td>\n<td style=\"width: 15.1807%; height: 23px;\" width=\"128\"><strong>KLASA<\/strong><\/td>\n<td style=\"width: 35.9036%; height: 23px;\" width=\"383\"><strong>NAUCZYCIEL PROWADZ\u0104CY<\/strong><\/td>\n<\/tr>\n<tr style=\"height: 23px;\">\n<td style=\"width: 48.1928%; height: 23px;\" width=\"538\">Aktywna Szko\u0142a &#8211; Aktywny AS<\/td>\n<td style=\"width: 15.1807%; height: 23px;\" width=\"128\">II-III<\/td>\n<td style=\"width: 35.9036%; height: 23px;\" width=\"383\">mgr Anna Ko\u0142odziejczyk<\/td>\n<\/tr>\n<tr style=\"height: 23px;\">\n<td style=\"width: 48.1928%; height: 23px;\" width=\"538\">Aktywna Szko\u0142a &#8211; Aktywny do Kwadratu<\/td>\n<td style=\"width: 15.1807%; height: 23px;\" width=\"128\">II-III<\/td>\n<td style=\"width: 35.9036%; height: 23px;\" width=\"383\">mgr Anna Ko\u0142odziejczyk<\/td>\n<\/tr>\n<tr style=\"height: 23px;\">\n<td style=\"width: 48.1928%; height: 23px;\" width=\"538\">Aktywna Szko\u0142a &#8211; Aktywny do Kwadratu<\/td>\n<td style=\"width: 15.1807%; height: 23px;\" width=\"128\">IV-VI<\/td>\n<td style=\"width: 35.9036%; height: 23px;\" width=\"383\">mgr J\u00f3zefa Nachman<\/td>\n<\/tr>\n<tr style=\"height: 46px;\">\n<td style=\"width: 48.1928%; height: 46px;\" width=\"538\">Zaj\u0119cia kszta\u0142tuj\u0105ce kreatywno\u015b\u0107<br \/>\n&#8222;Matematyka w akcji&#8221;<\/td>\n<td style=\"width: 15.1807%; height: 46px;\" width=\"128\">II<\/td>\n<td style=\"width: 35.9036%; height: 46px;\" width=\"383\">mgr Krystyna Kolawa<\/td>\n<\/tr>\n<tr style=\"height: 46px;\">\n<td style=\"width: 48.1928%; height: 46px;\" width=\"538\">Zaj\u0119cia kszta\u0142tuj\u0105ce kreatywno\u015b\u0107<br \/>\n\u201eTw\u00f3rcze literki i czaruj\u0105ce cyferki&#8221;&nbsp;<\/td>\n<td style=\"width: 15.1807%; height: 46px;\" width=\"128\">I<\/td>\n<td style=\"width: 35.9036%; height: 46px;\" width=\"383\">mgr Katarzyna Wojtyczka<\/td>\n<\/tr>\n<tr style=\"height: 46px;\">\n<td style=\"width: 48.1928%; height: 46px;\" width=\"538\">Zaj\u0119cia kszta\u0142tuj\u0105ce kreatywno\u015b\u0107<br \/>\n&#8222;Polubi\u0107 matematyk\u0119&#8221;<\/td>\n<td style=\"width: 15.1807%; height: 46px;\" width=\"128\">II<\/td>\n<td style=\"width: 35.9036%; height: 46px;\" width=\"383\">mgr Gra\u017cyna Ko\u0142odziejczyk<\/td>\n<\/tr>\n<tr style=\"height: 93px;\">\n<td style=\"width: 48.1928%; height: 93px;\" width=\"538\">Zaj\u0119cia kszta\u0142tuj\u0105ce kreatywno\u015b\u0107<br \/>\n\u201eK\u00f3\u0142ko FOLK \u2013 ART.\u201d w ramach, kt\u00f3rego prowadzony jest zesp\u00f3\u0142<br \/>\n\u201e\u015awarni Lubomiyrzanie\u201d<\/td>\n<td style=\"width: 15.1807%; height: 93px;\" width=\"128\">I-IV<\/td>\n<td style=\"width: 35.9036%; height: 93px;\" width=\"383\">mgr Dorota Wcis\u0142o<br \/>\nmgr Katarzyna Wojtyczka<\/td>\n<\/tr>\n<tr style=\"height: 46px;\">\n<td style=\"width: 48.1928%; height: 46px;\" width=\"538\">Zaj\u0119cia kszta\u0142tuj\u0105ce kreatywno\u015b\u0107<br \/>\n\u201eKreatywne nutki&#8221;&nbsp;<\/td>\n<td style=\"width: 15.1807%; height: 46px;\" width=\"128\">&nbsp;<\/td>\n<td style=\"width: 35.9036%; height: 46px;\" width=\"383\">mgr Dorota Wcis\u0142o<\/td>\n<\/tr>\n<tr style=\"height: 46px;\">\n<td style=\"width: 48.1928%; height: 46px;\" width=\"538\">Zaj\u0119cia kszta\u0142tuj\u0105ce kreatywno\u015b\u0107<br \/>\n\u201eKraina liczb i figur\u201d<\/td>\n<td style=\"width: 15.1807%; height: 46px;\" width=\"128\">V<\/td>\n<td style=\"width: 35.9036%; height: 46px;\" width=\"383\">mgr Ewa Drabik<\/td>\n<\/tr>\n<tr style=\"height: 46px;\">\n<td style=\"width: 48.1928%; height: 46px;\" width=\"538\">Zaj\u0119cia kszta\u0142tuj\u0105ce kreatywno\u015b\u0107<br \/>\n\u201ewyGRAna matematyka\u201d<\/td>\n<td style=\"width: 15.1807%; height: 46px;\" width=\"128\">VII<\/td>\n<td style=\"width: 35.9036%; height: 46px;\" width=\"383\">mgr Ewa Drabik<\/td>\n<\/tr>\n<tr style=\"height: 46px;\">\n<td style=\"width: 48.1928%; height: 46px;\" width=\"538\">Zaj\u0119cia kszta\u0142tuj\u0105ce kreatywno\u015b\u0107<br \/>\n\u201eLiczymy z wyobra\u017ani\u0105&#8221;<\/td>\n<td style=\"width: 15.1807%; height: 46px;\" width=\"128\">VI<\/td>\n<td style=\"width: 35.9036%; height: 46px;\" width=\"383\">mgr Sabina Zapa\u0142a-Malec<\/td>\n<\/tr>\n<tr style=\"height: 23px;\">\n<td style=\"width: 48.1928%; height: 23px;\" width=\"538\">Zaj\u0119cia dydaktyczno-wyr\u00f3wnawcze<br \/>\nj\u0119zyk angielski<\/td>\n<td style=\"width: 15.1807%; height: 23px;\" width=\"128\">VIII<\/td>\n<td style=\"width: 35.9036%; height: 23px;\" width=\"383\">mgr Dorota W\u0119gielska<\/td>\n<\/tr>\n<tr style=\"height: 46px;\">\n<td style=\"width: 48.1928%; height: 46px;\" width=\"538\">Zaj\u0119cia dydaktyczno-wyr\u00f3wnawcze<br \/>\nmatematyczne<\/td>\n<td style=\"width: 15.1807%; height: 46px;\" width=\"128\">VIII<\/td>\n<td style=\"width: 35.9036%; height: 46px;\" width=\"383\">mgr Dorota W\u0119gielska<\/td>\n<\/tr>\n<tr style=\"height: 46px;\">\n<td style=\"width: 99.2771%; height: 46px;\" colspan=\"3\" width=\"1049\">Zindywidualizowana \u015bcie\u017cka kszta\u0142cenia dla ucznia zorganizowana na podstawie opinii<br \/>\nPoradni Psychologiczno-Pedagogicznej<\/td>\n<\/tr>\n<tr style=\"height: 46px;\">\n<td style=\"width: 99.2771%; height: 46px;\" colspan=\"3\" width=\"1049\">Nauczanie indywidualne na podstawie orzeczenia<br \/>\nPoradni Psychologiczno-Pedagogicznej<\/td>\n<\/tr>\n<\/tbody>\n<\/table>\n<p style=\"text-align: center;\">Zaj\u0119cia specjalistyczne &nbsp;dla uczni\u00f3w Szko\u0142y Podstawowej nr 1 im. \u015bw. J\u00f3zefa w Lubomierzu<br \/>\nw roku szkolnym 2025\/2026<\/p>\n<table width=\"1042\">\n<tbody>\n<tr>\n<td width=\"521\"><strong>RODZAJ ZAJ\u0118\u0106<\/strong><\/td>\n<td width=\"521\"><strong>NAUCZYCIEL PROWADZ\u0104CY<\/strong><\/td>\n<\/tr>\n<tr>\n<td width=\"521\">Zaj\u0119cia kszta\u0142tuj\u0105ce kompetencje<br \/>\nspo\u0142eczno-emocjonalne<\/td>\n<td width=\"521\">mgr Ma\u0142gorzata Korna\u015b<\/td>\n<\/tr>\n<tr>\n<td width=\"521\">Zaj\u0119cia rewalidacyjne<\/td>\n<td width=\"521\">mgr Dorota Wcis\u0142o<\/td>\n<\/tr>\n<tr>\n<td width=\"521\">&nbsp;Wczesne wspomaganie rozwoju<\/td>\n<td width=\"521\">mgr Dorota Wcis\u0142o<\/td>\n<\/tr>\n<tr>\n<td width=\"521\">Zaj\u0119cia korekcyjno-kompensacyjne<\/td>\n<td width=\"521\">mgr Kinga Chodarcewicz<\/td>\n<\/tr>\n<tr>\n<td width=\"521\">Grupowe zaj\u0119cia logopedyczne<\/td>\n<td width=\"521\">mgr Dorota Wcis\u0142o<\/td>\n<\/tr>\n<tr>\n<td width=\"521\">Indywidualne zaj\u0119cia logopedyczne<\/td>\n<td width=\"521\">mgr Dorota Wcis\u0142o<\/td>\n<\/tr>\n<tr>\n<td width=\"521\">Grupowa terapia sensoryczna<\/td>\n<td width=\"521\">mgr Dorota Wcis\u0142o<\/td>\n<\/tr>\n<\/tbody>\n<\/table>\n<p style=\"text-align: center;\">&nbsp;<\/p>\n","protected":false},"excerpt":{"rendered":"<p>Dodatkowe zaj\u0119cia pozalekcyjne dla uczni\u00f3w Szko\u0142y Podstawowej nr 1 im. \u015bw. J\u00f3zefa w Lubomierzu w roku szkolnym 2025\/2026 RODZAJ ZAJ\u0118\u0106 KLASA NAUCZYCIEL PROWADZ\u0104CY Aktywna Szko\u0142a &#8211; Aktywny AS II-III mgr Anna Ko\u0142odziejczyk Aktywna Szko\u0142a &#8211; Aktywny do Kwadratu II-III mgr Anna Ko\u0142odziejczyk Aktywna Szko\u0142a &#8211; Aktywny do Kwadratu IV-VI mgr J\u00f3zefa Nachman Zaj\u0119cia kszta\u0142tuj\u0105ce kreatywno\u015b\u0107 [&hellip;]<\/p>\n","protected":false},"author":1,"featured_media":0,"parent":0,"menu_order":0,"comment_status":"closed","ping_status":"open","template":"","meta":{"ngg_post_thumbnail":0,"footnotes":""},"class_list":["post-25832","page","type-page","status-publish","hentry"],"_links":{"self":[{"href":"https:\/\/sp1lubomierz.pl\/index.php?rest_route=\/wp\/v2\/pages\/25832","targetHints":{"allow":["GET"]}}],"collection":[{"href":"https:\/\/sp1lubomierz.pl\/index.php?rest_route=\/wp\/v2\/pages"}],"about":[{"href":"https:\/\/sp1lubomierz.pl\/index.php?rest_route=\/wp\/v2\/types\/page"}],"author":[{"embeddable":true,"href":"https:\/\/sp1lubomierz.pl\/index.php?rest_route=\/wp\/v2\/users\/1"}],"replies":[{"embeddable":true,"href":"https:\/\/sp1lubomierz.pl\/index.php?rest_route=%2Fwp%2Fv2%2Fcomments&post=25832"}],"version-history":[{"count":36,"href":"https:\/\/sp1lubomierz.pl\/index.php?rest_route=\/wp\/v2\/pages\/25832\/revisions"}],"predecessor-version":[{"id":48914,"href":"https:\/\/sp1lubomierz.pl\/index.php?rest_route=\/wp\/v2\/pages\/25832\/revisions\/48914"}],"wp:attachment":[{"href":"https:\/\/sp1lubomierz.pl\/index.php?rest_route=%2Fwp%2Fv2%2Fmedia&parent=25832"}],"curies":[{"name":"wp","href":"https:\/\/api.w.org\/{rel}","templated":true}]}}