{"id":25848,"date":"2018-09-10T21:13:09","date_gmt":"2018-09-10T19:13:09","guid":{"rendered":"http:\/\/sp1lubomierz.pl\/?page_id=25848"},"modified":"2019-06-13T11:30:05","modified_gmt":"2019-06-13T09:30:05","slug":"rok-szkolny-20182019","status":"publish","type":"page","link":"https:\/\/sp1lubomierz.pl\/?page_id=25848","title":{"rendered":"Rok szkolny 2018\/2019"},"content":{"rendered":"<h2 style=\"text-align: center;\"><a href=\"http:\/\/sp1lubomierz.pl\/?page_id=25890\">Wrzesie\u0144 2018 <\/a><\/h2>\n<h2 style=\"text-align: center;\"><a href=\"http:\/\/sp1lubomierz.pl\/?page_id=25958\">Pa\u017adziernik 2018 <\/a><\/h2>\n<h2 style=\"text-align: center;\"><a href=\"http:\/\/sp1lubomierz.pl\/?page_id=26587\">Listopad 2018 <\/a><\/h2>\n<h2 style=\"text-align: center;\"><a title=\"Grudzie\u0144 2018\" href=\"http:\/\/sp1lubomierz.pl\/?page_id=26876\">Grudzie\u0144 2018 <\/a><\/h2>\n<h2 style=\"text-align: center;\"><a href=\"http:\/\/sp1lubomierz.pl\/?page_id=27171\">Stycze\u0144 2019<\/a><\/h2>\n<h2 style=\"text-align: center;\">Luty 2019<\/h2>\n<h2 style=\"text-align: center;\"><a href=\"http:\/\/sp1lubomierz.pl\/?page_id=28005\">Marzec 2019 <\/a><\/h2>\n<h2 style=\"text-align: center;\"><a title=\"Kwiecie\u0144  2019\" href=\"http:\/\/sp1lubomierz.pl\/?page_id=28454\">Kwiecie\u0144\u00a0 2019 <\/a><\/h2>\n<h2 style=\"text-align: center;\"><a title=\"Maj 2019\" href=\"http:\/\/sp1lubomierz.pl\/?page_id=28662\">Maj 2019 <\/a><\/h2>\n<h2 style=\"text-align: center;\"><a href=\"http:\/\/sp1lubomierz.pl\/?page_id=28969\">Czerwiec 2019<\/a><\/h2>\n<h2><\/h2>\n","protected":false},"excerpt":{"rendered":"<p>Wrzesie\u0144 2018 Pa\u017adziernik 2018 Listopad 2018 Grudzie\u0144 2018 Stycze\u0144 2019 Luty 2019 Marzec 2019 Kwiecie\u0144\u00a0 2019 Maj 2019 Czerwiec 2019<\/p>\n","protected":false},"author":1,"featured_media":0,"parent":0,"menu_order":0,"comment_status":"closed","ping_status":"open","template":"","meta":{"ngg_post_thumbnail":0,"footnotes":""},"class_list":["post-25848","page","type-page","status-publish","hentry"],"_links":{"self":[{"href":"https:\/\/sp1lubomierz.pl\/index.php?rest_route=\/wp\/v2\/pages\/25848","targetHints":{"allow":["GET"]}}],"collection":[{"href":"https:\/\/sp1lubomierz.pl\/index.php?rest_route=\/wp\/v2\/pages"}],"about":[{"href":"https:\/\/sp1lubomierz.pl\/index.php?rest_route=\/wp\/v2\/types\/page"}],"author":[{"embeddable":true,"href":"https:\/\/sp1lubomierz.pl\/index.php?rest_route=\/wp\/v2\/users\/1"}],"replies":[{"embeddable":true,"href":"https:\/\/sp1lubomierz.pl\/index.php?rest_route=%2Fwp%2Fv2%2Fcomments&post=25848"}],"version-history":[{"count":12,"href":"https:\/\/sp1lubomierz.pl\/index.php?rest_route=\/wp\/v2\/pages\/25848\/revisions"}],"predecessor-version":[{"id":28971,"href":"https:\/\/sp1lubomierz.pl\/index.php?rest_route=\/wp\/v2\/pages\/25848\/revisions\/28971"}],"wp:attachment":[{"href":"https:\/\/sp1lubomierz.pl\/index.php?rest_route=%2Fwp%2Fv2%2Fmedia&parent=25848"}],"curies":[{"name":"wp","href":"https:\/\/api.w.org\/{rel}","templated":true}]}}