{"id":25937,"date":"2018-10-17T21:34:44","date_gmt":"2018-10-17T19:34:44","guid":{"rendered":"http:\/\/sp1lubomierz.pl\/?page_id=25937"},"modified":"2018-10-17T21:34:44","modified_gmt":"2018-10-17T19:34:44","slug":"projekt-juz-plywam","status":"publish","type":"page","link":"https:\/\/sp1lubomierz.pl\/?page_id=25937","title":{"rendered":"Projekt &#8222;Ju\u017c p\u0142ywam&#8221;"},"content":{"rendered":"<p style=\"text-align: justify;\">W roku szkolnym 2017\/2018 18 uczni\u00f3w z\u00a0naszej Szko\u0142y bra\u0142o udzia\u0142 w\u00a0projekcie pn.\u00a0\u201eJu\u017c p\u0142ywam\u201d. By\u0142 on przeznaczony dla dzieci klas m\u0142odszych, nie umiej\u0105cych p\u0142ywa\u0107. Projekt wsp\u00f3\u0142finansowa\u0142 Wojew\u00f3dzki Urz\u0105d Marsza\u0142kowski w\u00a0Krakowie. <span id=\"more-21072\"><\/span>Zaj\u0119cia odbywa\u0142y si\u0119 przez 10 kolejnych sob\u00f3t po\u00a02 godziny. W\u00a0ramach projektu uczniowie mieli zapewniony dojazd na\u00a0p\u0142ywalni\u0119 w\u00a0My\u015blenicach oraz\u00a0obj\u0119te by\u0142y fachow\u0105 opiek\u0105 instruktora nauki p\u0142ywania. Projekt mia\u0142 na\u00a0celu przede wszystkim nabycie przez najm\u0142odszych podstawowych umiej\u0119tno\u015bci p\u0142ywackich, wzrost bezpiecze\u0144stwa poprzez edukacj\u0119 w\u00a0zakresie bezpiecznego korzystania z\u00a0akwen\u00f3w wodnych, jak i\u00a0popraw\u0119 kondycji i\u00a0podniesienie og\u00f3lnej sprawno\u015bci fizycznej uczni\u00f3w.<\/p>\n","protected":false},"excerpt":{"rendered":"<p>W roku szkolnym 2017\/2018 18 uczni\u00f3w z\u00a0naszej Szko\u0142y bra\u0142o udzia\u0142 w\u00a0projekcie pn.\u00a0\u201eJu\u017c p\u0142ywam\u201d. By\u0142 on przeznaczony dla dzieci klas m\u0142odszych, nie umiej\u0105cych p\u0142ywa\u0107. Projekt wsp\u00f3\u0142finansowa\u0142 Wojew\u00f3dzki Urz\u0105d Marsza\u0142kowski w\u00a0Krakowie. Zaj\u0119cia odbywa\u0142y si\u0119 przez 10 kolejnych sob\u00f3t po\u00a02 godziny. W\u00a0ramach projektu uczniowie mieli zapewniony dojazd na\u00a0p\u0142ywalni\u0119 w\u00a0My\u015blenicach oraz\u00a0obj\u0119te by\u0142y fachow\u0105 opiek\u0105 instruktora nauki p\u0142ywania. Projekt mia\u0142 [&hellip;]<\/p>\n","protected":false},"author":1,"featured_media":0,"parent":0,"menu_order":0,"comment_status":"closed","ping_status":"open","template":"","meta":{"ngg_post_thumbnail":0,"footnotes":""},"class_list":["post-25937","page","type-page","status-publish","hentry"],"_links":{"self":[{"href":"https:\/\/sp1lubomierz.pl\/index.php?rest_route=\/wp\/v2\/pages\/25937","targetHints":{"allow":["GET"]}}],"collection":[{"href":"https:\/\/sp1lubomierz.pl\/index.php?rest_route=\/wp\/v2\/pages"}],"about":[{"href":"https:\/\/sp1lubomierz.pl\/index.php?rest_route=\/wp\/v2\/types\/page"}],"author":[{"embeddable":true,"href":"https:\/\/sp1lubomierz.pl\/index.php?rest_route=\/wp\/v2\/users\/1"}],"replies":[{"embeddable":true,"href":"https:\/\/sp1lubomierz.pl\/index.php?rest_route=%2Fwp%2Fv2%2Fcomments&post=25937"}],"version-history":[{"count":1,"href":"https:\/\/sp1lubomierz.pl\/index.php?rest_route=\/wp\/v2\/pages\/25937\/revisions"}],"predecessor-version":[{"id":25938,"href":"https:\/\/sp1lubomierz.pl\/index.php?rest_route=\/wp\/v2\/pages\/25937\/revisions\/25938"}],"wp:attachment":[{"href":"https:\/\/sp1lubomierz.pl\/index.php?rest_route=%2Fwp%2Fv2%2Fmedia&parent=25937"}],"curies":[{"name":"wp","href":"https:\/\/api.w.org\/{rel}","templated":true}]}}