{"id":25940,"date":"2018-10-17T21:42:28","date_gmt":"2018-10-17T19:42:28","guid":{"rendered":"http:\/\/sp1lubomierz.pl\/?page_id=25940"},"modified":"2018-10-17T21:42:28","modified_gmt":"2018-10-17T19:42:28","slug":"program-owoce-i-warzywa","status":"publish","type":"page","link":"https:\/\/sp1lubomierz.pl\/?page_id=25940","title":{"rendered":"Program &#8222;Owoce i warzywa&#8221;"},"content":{"rendered":"<p style=\"text-align: justify;\">Program \u201eOwoce i\u00a0warzywa w\u00a0szkole\u201d realizowano w\u00a0roku szkolnym 2016\/2017 w\u00a0kl. 0-VI zar\u00f3wno na\u00a0zaj\u0119ciach przedmiotowych, przedszkolnych i\u00a0\u015bwietlicowych, jak i\u00a0przerwach obiadowych. Codziennym dzia\u0142aniem promuj\u0105cym zdrowe od\u017cywianie by\u0142o wsp\u00f3lne spo\u017cywanie drugiego \u015bniadania, po\u0142\u0105czone z\u00a0degustacj\u0105 owoc\u00f3w i\u00a0warzyw. Uczniowie uczestniczyli tak\u017ce w\u00a0zaj\u0119ciach kulinarnych. <span id=\"more-20229\"><\/span>Wykonywali sa\u0142atki, przetwory na\u00a0zim\u0119, kanapki, soki, koktajle, piekli ciasta z\u00a0owocami itp. Odby\u0142y si\u0119 rozmowy i\u00a0pogadanki dotycz\u0105ce pochodzenia produkt\u00f3w rolnych.<\/p>\n<p style=\"text-align: justify;\">Przeprowadzono tak\u017ce konkursy tematyczne z\u00a0zakresu zdrowego \u017cywienia. Uczniowie kl. V i\u00a0VI wykonali prezentacje multimedialne n\/t prowadzenia sadu i\u00a0dzia\u0142alno\u015bci przetw\u00f3rstwa owocowego a\u00a0tak\u017ce n\/t \u201eOd\u017cywiam si\u0119 zdrowo\u201d. Autorzy najlepszych z\u00a0nich (Pawe\u0142 Baran, Aleksandra Szczepaniak i\u00a0Julia Ogiela) zostali nagrodzeni, a\u00a0prezentacje przedstawiono uczniom m\u0142odszych klas. Nasi podopieczni zak\u0142adali tak\u017ce ogr\u00f3dki klasowe. Uczniowie kl. I-III sadzili rze\u017cuch\u0119, pietruszk\u0119, fasol\u0119, cebul\u0119, piel\u0119gnowali je a\u00a0nast\u0119pnie spo\u017cywali podczas obiadu szkolnego. Wykonywali tak\u017ce gazetki z\u00a0informacjami dotycz\u0105cymi zdrowego od\u017cywiania, prace plastyczno-techniczne z\u00a0piramidami zdrowego od\u017cywiania. Przygotowywano r\u00f3wnie\u017c inscenizacje (\u201eNa straganie\u201d) dla uczni\u00f3w z\u00a0oddzia\u0142\u00f3w przedszkolnych<\/p>\n<p style=\"text-align: justify;\">\u00a0Dzi\u0119ki tym dzia\u0142aniom uczniowie wzbogacili wiedz\u0119 o\u00a0zdrowym od\u017cywianiu, ukszta\u0142towali nawyk spo\u017cywania warzyw i\u00a0owoc\u00f3w oraz\u00a0picia wody.<\/p>\n","protected":false},"excerpt":{"rendered":"<p>Program \u201eOwoce i\u00a0warzywa w\u00a0szkole\u201d realizowano w\u00a0roku szkolnym 2016\/2017 w\u00a0kl. 0-VI zar\u00f3wno na\u00a0zaj\u0119ciach przedmiotowych, przedszkolnych i\u00a0\u015bwietlicowych, jak i\u00a0przerwach obiadowych. Codziennym dzia\u0142aniem promuj\u0105cym zdrowe od\u017cywianie by\u0142o wsp\u00f3lne spo\u017cywanie drugiego \u015bniadania, po\u0142\u0105czone z\u00a0degustacj\u0105 owoc\u00f3w i\u00a0warzyw. Uczniowie uczestniczyli tak\u017ce w\u00a0zaj\u0119ciach kulinarnych. Wykonywali sa\u0142atki, przetwory na\u00a0zim\u0119, kanapki, soki, koktajle, piekli ciasta z\u00a0owocami itp. Odby\u0142y si\u0119 rozmowy i\u00a0pogadanki dotycz\u0105ce pochodzenia produkt\u00f3w [&hellip;]<\/p>\n","protected":false},"author":1,"featured_media":0,"parent":0,"menu_order":0,"comment_status":"closed","ping_status":"open","template":"","meta":{"ngg_post_thumbnail":0,"footnotes":""},"class_list":["post-25940","page","type-page","status-publish","hentry"],"_links":{"self":[{"href":"https:\/\/sp1lubomierz.pl\/index.php?rest_route=\/wp\/v2\/pages\/25940","targetHints":{"allow":["GET"]}}],"collection":[{"href":"https:\/\/sp1lubomierz.pl\/index.php?rest_route=\/wp\/v2\/pages"}],"about":[{"href":"https:\/\/sp1lubomierz.pl\/index.php?rest_route=\/wp\/v2\/types\/page"}],"author":[{"embeddable":true,"href":"https:\/\/sp1lubomierz.pl\/index.php?rest_route=\/wp\/v2\/users\/1"}],"replies":[{"embeddable":true,"href":"https:\/\/sp1lubomierz.pl\/index.php?rest_route=%2Fwp%2Fv2%2Fcomments&post=25940"}],"version-history":[{"count":1,"href":"https:\/\/sp1lubomierz.pl\/index.php?rest_route=\/wp\/v2\/pages\/25940\/revisions"}],"predecessor-version":[{"id":25941,"href":"https:\/\/sp1lubomierz.pl\/index.php?rest_route=\/wp\/v2\/pages\/25940\/revisions\/25941"}],"wp:attachment":[{"href":"https:\/\/sp1lubomierz.pl\/index.php?rest_route=%2Fwp%2Fv2%2Fmedia&parent=25940"}],"curies":[{"name":"wp","href":"https:\/\/api.w.org\/{rel}","templated":true}]}}