{"id":25944,"date":"2018-10-17T21:47:34","date_gmt":"2018-10-17T19:47:34","guid":{"rendered":"http:\/\/sp1lubomierz.pl\/?page_id=25944"},"modified":"2018-10-17T21:47:34","modified_gmt":"2018-10-17T19:47:34","slug":"program-aktywna-tablica","status":"publish","type":"page","link":"https:\/\/sp1lubomierz.pl\/?page_id=25944","title":{"rendered":"Program &#8222;Aktywna tablica&#8221;"},"content":{"rendered":"<p style=\"text-align: justify;\">Nasza Szko\u0142a wzi\u0119\u0142a udzia\u0142 w\u00a0rz\u0105dowym programie rozwijania infrastruktury oraz\u00a0kompetencji uczni\u00f3w i\u00a0nauczycieli w\u00a0zakresie technologii informacyjno-komunikacyjnych na\u00a0lata 2017-2019 \u2013 \u201eAktywna Tablica\u201d. Wniosek zosta\u0142 rozpatrzony pozytywnie\u00a0 i\u00a0nasza Lubomierska Jedynka zosta\u0142a zakwalifikowana do\u00a0Programu, otrzymuj\u0105c 13840,00 z\u0142 dofinansowania na\u00a0zakup dw\u00f3ch tablic interaktywnych z\u00a0wymaganym osprz\u0119tem.\u00a0<span id=\"more-21107\"><\/span><\/p>\n<p style=\"text-align: justify;\">G\u0142\u00f3wnym celem Projektu jest rozwijanie kompetencji uczni\u00f3w i\u00a0nauczycieli w\u00a0zakresie stosowania Technologii Informacyjno-Komunikacyjnych (TIK) w\u00a0edukacji oraz\u00a0rozwijanie szkolnej infrastruktury zgodnie z\u00a0jej zdefiniowanymi potrzebami. Ponadto jednym z\u00a0zasadniczych zada\u0144 wsp\u00f3\u0142czesnej szko\u0142y jest rozbudzenie zainteresowa\u0144 i\u00a0uzdolnie\u0144 uczni\u00f3w, przygotowuj\u0105cych ich do\u00a0\u017cycia w\u00a0spo\u0142ecze\u0144stwie informacyjnym oraz\u00a0na za\u0142o\u017ceniu, \u017ce\u00a0rozw\u00f3j kompetencji uczni\u00f3w w\u00a0tym zakresie powinien dokonywa\u0107 si\u0119 w\u00a0nowocze\u015bnie wyposa\u017conej szkole.<\/p>\n","protected":false},"excerpt":{"rendered":"<p>Nasza Szko\u0142a wzi\u0119\u0142a udzia\u0142 w\u00a0rz\u0105dowym programie rozwijania infrastruktury oraz\u00a0kompetencji uczni\u00f3w i\u00a0nauczycieli w\u00a0zakresie technologii informacyjno-komunikacyjnych na\u00a0lata 2017-2019 \u2013 \u201eAktywna Tablica\u201d. Wniosek zosta\u0142 rozpatrzony pozytywnie\u00a0 i\u00a0nasza Lubomierska Jedynka zosta\u0142a zakwalifikowana do\u00a0Programu, otrzymuj\u0105c 13840,00 z\u0142 dofinansowania na\u00a0zakup dw\u00f3ch tablic interaktywnych z\u00a0wymaganym osprz\u0119tem.\u00a0 G\u0142\u00f3wnym celem Projektu jest rozwijanie kompetencji uczni\u00f3w i\u00a0nauczycieli w\u00a0zakresie stosowania Technologii Informacyjno-Komunikacyjnych (TIK) w\u00a0edukacji oraz\u00a0rozwijanie szkolnej [&hellip;]<\/p>\n","protected":false},"author":1,"featured_media":0,"parent":0,"menu_order":0,"comment_status":"closed","ping_status":"open","template":"","meta":{"ngg_post_thumbnail":0,"footnotes":""},"class_list":["post-25944","page","type-page","status-publish","hentry"],"_links":{"self":[{"href":"https:\/\/sp1lubomierz.pl\/index.php?rest_route=\/wp\/v2\/pages\/25944","targetHints":{"allow":["GET"]}}],"collection":[{"href":"https:\/\/sp1lubomierz.pl\/index.php?rest_route=\/wp\/v2\/pages"}],"about":[{"href":"https:\/\/sp1lubomierz.pl\/index.php?rest_route=\/wp\/v2\/types\/page"}],"author":[{"embeddable":true,"href":"https:\/\/sp1lubomierz.pl\/index.php?rest_route=\/wp\/v2\/users\/1"}],"replies":[{"embeddable":true,"href":"https:\/\/sp1lubomierz.pl\/index.php?rest_route=%2Fwp%2Fv2%2Fcomments&post=25944"}],"version-history":[{"count":1,"href":"https:\/\/sp1lubomierz.pl\/index.php?rest_route=\/wp\/v2\/pages\/25944\/revisions"}],"predecessor-version":[{"id":25945,"href":"https:\/\/sp1lubomierz.pl\/index.php?rest_route=\/wp\/v2\/pages\/25944\/revisions\/25945"}],"wp:attachment":[{"href":"https:\/\/sp1lubomierz.pl\/index.php?rest_route=%2Fwp%2Fv2%2Fmedia&parent=25944"}],"curies":[{"name":"wp","href":"https:\/\/api.w.org\/{rel}","templated":true}]}}