{"id":25948,"date":"2018-10-17T22:05:58","date_gmt":"2018-10-17T20:05:58","guid":{"rendered":"http:\/\/sp1lubomierz.pl\/?page_id=25948"},"modified":"2018-10-17T22:05:58","modified_gmt":"2018-10-17T20:05:58","slug":"program-ksiazki-naszych-marzen","status":"publish","type":"page","link":"https:\/\/sp1lubomierz.pl\/?page_id=25948","title":{"rendered":"Program \u201eKsi\u0105\u017cki naszych marze\u0144\u201d"},"content":{"rendered":"<p style=\"text-align: justify;\">Program \u201eKsi\u0105\u017cki naszych marze\u0144\u201d realizowany by\u0142 w\u00a0bibliotece szkolnej w\u00a0roku szkolnym 2015\/2016. Jego ide\u0105 by\u0142o doposa\u017cenie bibliotek, a\u00a0przede wszystkim promocja czytelnictwa w\u015br\u00f3d dzieci i\u00a0m\u0142odzie\u017cy oraz\u00a0rozwijania ich kompetencji i\u00a0zainteresowa\u0144 czytelniczych. Wielko\u015b\u0107 \u015brodk\u00f3w przyznanych szko\u0142om na\u00a0zakup ksi\u0105\u017cek do\u00a0bibliotek szkolnych zale\u017ca\u0142a od\u00a0liczby uczni\u00f3w. Za\u00a0pieni\u0105dze z\u00a0programu bibliotekarz doposa\u017cy\u0142 ksi\u0119gozbi\u00f3r w\u00a0egzemplarze, kt\u00f3re nie s\u0105 podr\u0119cznikami i\u00a0kt\u00f3rymi autentycznie s\u0105 zainteresowani uczniowie. <span id=\"more-10320\"><\/span>Mamy nadziej\u0119, \u017ce\u00a0zgodnie z\u00a0za\u0142o\u017ceniami akcji odpowiednio dobrane ksi\u0105\u017cki swoj\u0105 fabu\u0142\u0105 rozbudza\u0142y ciekawo\u015b\u0107 m\u0142odego czytelnika otaczaj\u0105c\u0105 go rzeczywisto\u015bci\u0105 i\u00a0zainspirowa\u0142y do\u00a0tw\u00f3rczego dzia\u0142ania oraz \u017ce uczniowie do\u015bwiadczyli przyjemno\u015bci z\u00a0czytania, odkryli w\u00a0nim atrakcyjny spos\u00f3b zdobywania wiedzy o\u00a0\u015bwiecie, rozwijania zdolno\u015bci i\u00a0zainteresowa\u0144, a\u00a0tak\u017ce sp\u0119dzania wolnego czasu.<\/p>\n","protected":false},"excerpt":{"rendered":"<p>Program \u201eKsi\u0105\u017cki naszych marze\u0144\u201d realizowany by\u0142 w\u00a0bibliotece szkolnej w\u00a0roku szkolnym 2015\/2016. Jego ide\u0105 by\u0142o doposa\u017cenie bibliotek, a\u00a0przede wszystkim promocja czytelnictwa w\u015br\u00f3d dzieci i\u00a0m\u0142odzie\u017cy oraz\u00a0rozwijania ich kompetencji i\u00a0zainteresowa\u0144 czytelniczych. Wielko\u015b\u0107 \u015brodk\u00f3w przyznanych szko\u0142om na\u00a0zakup ksi\u0105\u017cek do\u00a0bibliotek szkolnych zale\u017ca\u0142a od\u00a0liczby uczni\u00f3w. Za\u00a0pieni\u0105dze z\u00a0programu bibliotekarz doposa\u017cy\u0142 ksi\u0119gozbi\u00f3r w\u00a0egzemplarze, kt\u00f3re nie s\u0105 podr\u0119cznikami i\u00a0kt\u00f3rymi autentycznie s\u0105 zainteresowani uczniowie. Mamy [&hellip;]<\/p>\n","protected":false},"author":1,"featured_media":0,"parent":0,"menu_order":0,"comment_status":"closed","ping_status":"open","template":"","meta":{"ngg_post_thumbnail":0,"footnotes":""},"class_list":["post-25948","page","type-page","status-publish","hentry"],"_links":{"self":[{"href":"https:\/\/sp1lubomierz.pl\/index.php?rest_route=\/wp\/v2\/pages\/25948","targetHints":{"allow":["GET"]}}],"collection":[{"href":"https:\/\/sp1lubomierz.pl\/index.php?rest_route=\/wp\/v2\/pages"}],"about":[{"href":"https:\/\/sp1lubomierz.pl\/index.php?rest_route=\/wp\/v2\/types\/page"}],"author":[{"embeddable":true,"href":"https:\/\/sp1lubomierz.pl\/index.php?rest_route=\/wp\/v2\/users\/1"}],"replies":[{"embeddable":true,"href":"https:\/\/sp1lubomierz.pl\/index.php?rest_route=%2Fwp%2Fv2%2Fcomments&post=25948"}],"version-history":[{"count":1,"href":"https:\/\/sp1lubomierz.pl\/index.php?rest_route=\/wp\/v2\/pages\/25948\/revisions"}],"predecessor-version":[{"id":25949,"href":"https:\/\/sp1lubomierz.pl\/index.php?rest_route=\/wp\/v2\/pages\/25948\/revisions\/25949"}],"wp:attachment":[{"href":"https:\/\/sp1lubomierz.pl\/index.php?rest_route=%2Fwp%2Fv2%2Fmedia&parent=25948"}],"curies":[{"name":"wp","href":"https:\/\/api.w.org\/{rel}","templated":true}]}}