{"id":25994,"date":"2018-10-18T14:16:52","date_gmt":"2018-10-18T12:16:52","guid":{"rendered":"http:\/\/sp1lubomierz.pl\/?page_id=25994"},"modified":"2018-10-18T14:17:23","modified_gmt":"2018-10-18T12:17:23","slug":"projekt-szkoly-marzen-w-gminei-mszana-dolna","status":"publish","type":"page","link":"https:\/\/sp1lubomierz.pl\/?page_id=25994","title":{"rendered":"Projekt &#8222;Szko\u0142y marze\u0144 w Gminie Mszana Dolna&#8221;"},"content":{"rendered":"<p style=\"text-align: justify;\">Grup\u0105 docelow\u0105 projektu jest 11 plac\u00f3wek o\u015bwiatowych kt\u00f3re zosta\u0142y wyposa\u017cone w specyficzne dla danego rodzaju przedmiotu w sprz\u0119ty i pomoce dydaktyczne do realizacji podstawy programowej oraz w pomoce i narz\u0119dzia TIK. Dla uczni\u00f3w tych szk\u00f3\u0142 organizowane s\u0105 dodatkowe zaj\u0119cia dydaktyczno-wyr\u00f3wnawcze z przedmiot\u00f3w przyrodniczych i matematyki oraz zaj\u0119cia rozwijaj\u0105ce z informatyki, a tak\u017ce wyjazdy edukacyjne.<\/p>\n<p style=\"text-align: justify;\">Projekt trwa od <strong>01.09.2017<\/strong> do <strong>30.06.2019<\/strong><\/p>\n","protected":false},"excerpt":{"rendered":"<p>Grup\u0105 docelow\u0105 projektu jest 11 plac\u00f3wek o\u015bwiatowych kt\u00f3re zosta\u0142y wyposa\u017cone w specyficzne dla danego rodzaju przedmiotu w sprz\u0119ty i pomoce dydaktyczne do realizacji podstawy programowej oraz w pomoce i narz\u0119dzia TIK. Dla uczni\u00f3w tych szk\u00f3\u0142 organizowane s\u0105 dodatkowe zaj\u0119cia dydaktyczno-wyr\u00f3wnawcze z przedmiot\u00f3w przyrodniczych i matematyki oraz zaj\u0119cia rozwijaj\u0105ce z informatyki, a tak\u017ce wyjazdy edukacyjne. Projekt [&hellip;]<\/p>\n","protected":false},"author":1,"featured_media":0,"parent":0,"menu_order":0,"comment_status":"closed","ping_status":"open","template":"","meta":{"ngg_post_thumbnail":0,"footnotes":""},"class_list":["post-25994","page","type-page","status-publish","hentry"],"_links":{"self":[{"href":"https:\/\/sp1lubomierz.pl\/index.php?rest_route=\/wp\/v2\/pages\/25994","targetHints":{"allow":["GET"]}}],"collection":[{"href":"https:\/\/sp1lubomierz.pl\/index.php?rest_route=\/wp\/v2\/pages"}],"about":[{"href":"https:\/\/sp1lubomierz.pl\/index.php?rest_route=\/wp\/v2\/types\/page"}],"author":[{"embeddable":true,"href":"https:\/\/sp1lubomierz.pl\/index.php?rest_route=\/wp\/v2\/users\/1"}],"replies":[{"embeddable":true,"href":"https:\/\/sp1lubomierz.pl\/index.php?rest_route=%2Fwp%2Fv2%2Fcomments&post=25994"}],"version-history":[{"count":2,"href":"https:\/\/sp1lubomierz.pl\/index.php?rest_route=\/wp\/v2\/pages\/25994\/revisions"}],"predecessor-version":[{"id":25996,"href":"https:\/\/sp1lubomierz.pl\/index.php?rest_route=\/wp\/v2\/pages\/25994\/revisions\/25996"}],"wp:attachment":[{"href":"https:\/\/sp1lubomierz.pl\/index.php?rest_route=%2Fwp%2Fv2%2Fmedia&parent=25994"}],"curies":[{"name":"wp","href":"https:\/\/api.w.org\/{rel}","templated":true}]}}