{"id":25999,"date":"2018-10-18T14:31:33","date_gmt":"2018-10-18T12:31:33","guid":{"rendered":"http:\/\/sp1lubomierz.pl\/?page_id=25999"},"modified":"2018-10-18T14:31:33","modified_gmt":"2018-10-18T12:31:33","slug":"program-mleko-w-szkole","status":"publish","type":"page","link":"https:\/\/sp1lubomierz.pl\/?page_id=25999","title":{"rendered":"Program &#8222;Mleko w szkole&#8221;"},"content":{"rendered":"<h3 style=\"text-align: justify;\"><span style=\"font-size: 14px;\"><strong>Od roku szkolnego 2017\/2018 <\/strong><\/span><span style=\"font-size: 14px;\"><strong>programy &#8222;Owoce i warzywa w szkole&#8221; oraz &#8222;Mleko w szkole&#8221; zosta\u0142y zast\u0105pione <\/strong><\/span><span style=\"font-size: 14px;\"><strong>nowym Programem dla szk\u00f3\u0142<\/strong><\/span><\/h3>\n<p style=\"text-align: justify;\">Celem programu \u201eMleko w szkole\u201d by\u0142o kszta\u0142towanie w\u015br\u00f3d dzieci i m\u0142odzie\u017cy dobrych nawyk\u00f3w \u017cywieniowych poprzez promowanie spo\u017cycia mleka i przetwor\u00f3w mlecznych. Program \u201eMleko w szkole&#8221; by\u0142 finansowany z trzech \u017ar\u00f3de\u0142:<\/p>\n<ul style=\"text-align: justify;\">\n<li>dop\u0142ata unijna obejmowa\u0142a dostarczanie mleka i jego przetwor\u00f3w do wszystkich rodzaj\u00f3w uprawnionych plac\u00f3wek o\u015bwiatowych,<\/li>\n<li>dop\u0142ata krajowa obejmowa\u0142a dostarczanie mleka i jego przetwor\u00f3w do szk\u00f3\u0142 podstawowych,<\/li>\n<li>dofinansowanie z Funduszu Promocji Mleka obejmowa\u0142o dostarczanie mleka i jego przetwor\u00f3w do przedszkoli i gimnazj\u00f3w.<\/li>\n<\/ul>\n<p style=\"text-align: justify;\">W Polsce od czasu akcesji do UE program \u201eMleko w szkole\u201d cieszy\u0142 si\u0119 rosn\u0105cym zainteresowaniem. Znacz\u0105cy wzrost zainteresowania programem w\u015br\u00f3d plac\u00f3wek o\u015bwiatowych nast\u0105pi\u0142 po uruchomieniu (na wz\u00f3r innych kraj\u00f3w UE takich jak, np. Szwecja, Finlandia, Wielka Brytania czy W\u0119gry) dodatkowych \u015brodk\u00f3w finansowych, maj\u0105cych na celu dalsze obni\u017cenie cen mleka i przetwor\u00f3w mlecznych p\u0142aconych przez uczni\u00f3w w przedszkolach, szko\u0142ach podstawowych i gimnazjach. W ramach programu dzieci i uczniowie spo\u017cywali mleko bia\u0142e i mleko smakowe o r\u00f3\u017cnej zawarto\u015bci t\u0142uszczu, twaro\u017cki, sery i jogurty. Od pocz\u0105tku realizacji programu \u201eMleko w szkole\u201d dzieci ucz\u0119szczaj\u0105ce do szk\u00f3\u0142 i przedszkoli spo\u017cy\u0142y ponad\u00a02 miliardy szklanek mleka.<\/p>\n","protected":false},"excerpt":{"rendered":"<p>Od roku szkolnego 2017\/2018 programy &#8222;Owoce i warzywa w szkole&#8221; oraz &#8222;Mleko w szkole&#8221; zosta\u0142y zast\u0105pione nowym Programem dla szk\u00f3\u0142 Celem programu \u201eMleko w szkole\u201d by\u0142o kszta\u0142towanie w\u015br\u00f3d dzieci i m\u0142odzie\u017cy dobrych nawyk\u00f3w \u017cywieniowych poprzez promowanie spo\u017cycia mleka i przetwor\u00f3w mlecznych. Program \u201eMleko w szkole&#8221; by\u0142 finansowany z trzech \u017ar\u00f3de\u0142: dop\u0142ata unijna obejmowa\u0142a dostarczanie mleka [&hellip;]<\/p>\n","protected":false},"author":1,"featured_media":0,"parent":0,"menu_order":0,"comment_status":"closed","ping_status":"open","template":"","meta":{"ngg_post_thumbnail":0,"footnotes":""},"class_list":["post-25999","page","type-page","status-publish","hentry"],"_links":{"self":[{"href":"https:\/\/sp1lubomierz.pl\/index.php?rest_route=\/wp\/v2\/pages\/25999","targetHints":{"allow":["GET"]}}],"collection":[{"href":"https:\/\/sp1lubomierz.pl\/index.php?rest_route=\/wp\/v2\/pages"}],"about":[{"href":"https:\/\/sp1lubomierz.pl\/index.php?rest_route=\/wp\/v2\/types\/page"}],"author":[{"embeddable":true,"href":"https:\/\/sp1lubomierz.pl\/index.php?rest_route=\/wp\/v2\/users\/1"}],"replies":[{"embeddable":true,"href":"https:\/\/sp1lubomierz.pl\/index.php?rest_route=%2Fwp%2Fv2%2Fcomments&post=25999"}],"version-history":[{"count":1,"href":"https:\/\/sp1lubomierz.pl\/index.php?rest_route=\/wp\/v2\/pages\/25999\/revisions"}],"predecessor-version":[{"id":26000,"href":"https:\/\/sp1lubomierz.pl\/index.php?rest_route=\/wp\/v2\/pages\/25999\/revisions\/26000"}],"wp:attachment":[{"href":"https:\/\/sp1lubomierz.pl\/index.php?rest_route=%2Fwp%2Fv2%2Fmedia&parent=25999"}],"curies":[{"name":"wp","href":"https:\/\/api.w.org\/{rel}","templated":true}]}}