{"id":26745,"date":"2018-11-16T07:03:54","date_gmt":"2018-11-16T06:03:54","guid":{"rendered":"http:\/\/sp1lubomierz.pl\/?page_id=26745"},"modified":"2025-12-17T12:09:19","modified_gmt":"2025-12-17T11:09:19","slug":"rodo","status":"publish","type":"page","link":"https:\/\/sp1lubomierz.pl\/?page_id=26745","title":{"rendered":"RODO"},"content":{"rendered":"<p style=\"text-align: center;\">Dyrektor Szko\u0142y Podstawowej nr 1 im. \u015bw. J\u00f3zefa w Lubomierzu (administrator danych osobowych) zgodnie&nbsp;z art. 11 ustawy z dnia 10 maja 2018 roku o ochronie danych osobowych (<a href=\"http:\/\/www.dziennikustaw.gov.pl\/DU\/2018\/1000\" target=\"_blank\" rel=\"noopener\">Dz. U. 2018 poz. 1000<\/a>) informuje, \u017ce na&nbsp;<strong>Inspektora Ochrony Danych&nbsp;<\/strong>w szkole zosta\u0142a powo\u0142ana&nbsp;<strong>Pani&nbsp;Anna Pieprzyk<\/strong>.<\/p>\n<p style=\"text-align: center;\"><strong>&nbsp;<\/strong><\/p>\n<p style=\"text-align: center;\"><strong>Kontakt do Inspektora Ochrony Danych:<\/strong><br>e-mail:&nbsp;<a href=\"mailto:odo.dmarek@admarek.pl\"><strong>odo.dmarek@admarek.pl<\/strong><\/a><\/p>\n<p style=\"text-align: center;\"><strong>Zast\u0119pca Inspektora Ochrony Danych<br>Joanna Grabowska<br>e-mail: grabowskaodo@gmail.com<\/strong><\/p>\n<p>&nbsp;<\/p>\n<h3 style=\"text-align: center;\"><a href=\"http:\/\/sp1lubomierz.pl\/wp-content\/uploads\/2025\/12\/Klauzula-informacyjna-ogolna.pdf\">Klauzula informacyjna og\u00f3lna<\/a><\/h3>\n<h3 style=\"text-align: center;\"><a href=\"http:\/\/sp1lubomierz.pl\/wp-content\/uploads\/2025\/12\/Klauzula-informacyjna-rekrutacja-dzieci-uczniow-1.pdf\">Klauzula informacyjna rekrutacja dzieci\/uczni\u00f3w&nbsp;<\/a><\/h3>\n<h3 style=\"text-align: center;\"><a href=\"http:\/\/sp1lubomierz.pl\/wp-content\/uploads\/2025\/12\/Klauzula-informacyjna-dla-pracownikow.pdf\">Klauzula informacyjna dla pracownik\u00f3w<\/a><\/h3>\n<h3 style=\"text-align: center;\"><a href=\"http:\/\/sp1lubomierz.pl\/wp-content\/uploads\/2025\/09\/Regulamin_strony_FB_SP1_Lubomierz_PL_v2.pdf\">Regulamin oficjalnej strony Szko\u0142y Podstawowej nr 1 w<\/a><a href=\"http:\/\/sp1lubomierz.pl\/wp-content\/uploads\/2025\/09\/Regulamin_strony_FB_SP1_Lubomierz_PL_v2.pdf\"> Lubom<\/a><a href=\"http:\/\/sp1lubomierz.pl\/wp-content\/uploads\/2025\/09\/Regulamin_strony_FB_SP1_Lubomierz_PL_v2.pdf\">ierzu<\/a><a href=\"http:\/\/sp1lubomierz.pl\/wp-content\/uploads\/2025\/09\/Regulamin_strony_FB_SP1_Lubomierz_PL_v2.pdf\"> na portalu<\/a><a href=\"http:\/\/sp1lubomierz.pl\/wp-content\/uploads\/2025\/09\/Regulamin_strony_FB_SP1_Lubomierz_PL_v2.pdf\">&nbsp;Facebook<\/a><\/h3>\n<h3 style=\"text-align: center;\"><a href=\"http:\/\/sp1lubomierz.pl\/wp-content\/uploads\/2025\/12\/Klauzula-informacyjna-monitoring.pdf\">Klauzula informacyjna Monitoring wizyjny<\/a><\/h3>\n<h3 style=\"text-align: center;\">&nbsp;<\/h3>\n\n","protected":false},"excerpt":{"rendered":"<p>Dyrektor Szko\u0142y Podstawowej nr 1 im. \u015bw. J\u00f3zefa w Lubomierzu (administrator danych osobowych) zgodnie&nbsp;z art. 11 ustawy z dnia 10 maja 2018 roku o ochronie danych osobowych (Dz. U. 2018 poz. 1000) informuje, \u017ce na&nbsp;Inspektora Ochrony Danych&nbsp;w szkole zosta\u0142a powo\u0142ana&nbsp;Pani&nbsp;Anna Pieprzyk. &nbsp; Kontakt do Inspektora Ochrony Danych:e-mail:&nbsp;odo.dmarek@admarek.pl Zast\u0119pca Inspektora Ochrony DanychJoanna Grabowskae-mail: grabowskaodo@gmail.com &nbsp; Klauzula [&hellip;]<\/p>\n","protected":false},"author":1,"featured_media":0,"parent":0,"menu_order":0,"comment_status":"closed","ping_status":"open","template":"","meta":{"ngg_post_thumbnail":0,"footnotes":""},"class_list":["post-26745","page","type-page","status-publish","hentry"],"_links":{"self":[{"href":"https:\/\/sp1lubomierz.pl\/index.php?rest_route=\/wp\/v2\/pages\/26745","targetHints":{"allow":["GET"]}}],"collection":[{"href":"https:\/\/sp1lubomierz.pl\/index.php?rest_route=\/wp\/v2\/pages"}],"about":[{"href":"https:\/\/sp1lubomierz.pl\/index.php?rest_route=\/wp\/v2\/types\/page"}],"author":[{"embeddable":true,"href":"https:\/\/sp1lubomierz.pl\/index.php?rest_route=\/wp\/v2\/users\/1"}],"replies":[{"embeddable":true,"href":"https:\/\/sp1lubomierz.pl\/index.php?rest_route=%2Fwp%2Fv2%2Fcomments&post=26745"}],"version-history":[{"count":23,"href":"https:\/\/sp1lubomierz.pl\/index.php?rest_route=\/wp\/v2\/pages\/26745\/revisions"}],"predecessor-version":[{"id":49182,"href":"https:\/\/sp1lubomierz.pl\/index.php?rest_route=\/wp\/v2\/pages\/26745\/revisions\/49182"}],"wp:attachment":[{"href":"https:\/\/sp1lubomierz.pl\/index.php?rest_route=%2Fwp%2Fv2%2Fmedia&parent=26745"}],"curies":[{"name":"wp","href":"https:\/\/api.w.org\/{rel}","templated":true}]}}