{"id":30091,"date":"2019-09-04T10:49:20","date_gmt":"2019-09-04T08:49:20","guid":{"rendered":"http:\/\/sp1lubomierz.pl\/?page_id=30091"},"modified":"2020-06-27T22:58:55","modified_gmt":"2020-06-27T20:58:55","slug":"rok-szkolny-20192020","status":"publish","type":"page","link":"https:\/\/sp1lubomierz.pl\/?page_id=30091","title":{"rendered":"Rok szkolny 2019\/2020"},"content":{"rendered":"<h2 style=\"text-align: center;\"><a href=\"http:\/\/sp1lubomierz.pl\/?page_id=30094\">Wrzesie\u0144 2019 <\/a><\/h2>\n<h2 style=\"text-align: center;\"><a href=\"http:\/\/sp1lubomierz.pl\/?page_id=30286\">Pa\u017adziernik 2019 <\/a><\/h2>\n<h2 style=\"text-align: center;\"><a title=\"Listopad 2019\" href=\"http:\/\/sp1lubomierz.pl\/?page_id=30846\">Listopad 2019 <\/a><\/h2>\n<h2 style=\"text-align: center;\"><a href=\"http:\/\/sp1lubomierz.pl\/?page_id=31089\">Grudzie\u0144 2019 <\/a><\/h2>\n<h2 style=\"text-align: center;\"><a title=\"Stycze\u0144 2020\" href=\"http:\/\/sp1lubomierz.pl\/?page_id=31685\">Stycze\u0144 2020 <\/a><\/h2>\n<h2 style=\"text-align: center;\"><a href=\"http:\/\/sp1lubomierz.pl\/?page_id=31908\">Luty 2020<\/a><\/h2>\n<h2 style=\"text-align: center;\"><a href=\"http:\/\/sp1lubomierz.pl\/?page_id=32157\">Marzec 2020 <\/a><\/h2>\n<h2 style=\"text-align: center;\"><a href=\"http:\/\/sp1lubomierz.pl\/?page_id=32259\">Maj 2020 <\/a><\/h2>\n<h2 style=\"text-align: center;\"><a href=\"http:\/\/sp1lubomierz.pl\/?page_id=32486\">Czerwiec 2020<\/a><\/h2>\n","protected":false},"excerpt":{"rendered":"<p>Wrzesie\u0144 2019 Pa\u017adziernik 2019 Listopad 2019 Grudzie\u0144 2019 Stycze\u0144 2020 Luty 2020 Marzec 2020 Maj 2020 Czerwiec 2020<\/p>\n","protected":false},"author":1,"featured_media":0,"parent":0,"menu_order":0,"comment_status":"closed","ping_status":"open","template":"","meta":{"ngg_post_thumbnail":0,"footnotes":""},"class_list":["post-30091","page","type-page","status-publish","hentry"],"_links":{"self":[{"href":"https:\/\/sp1lubomierz.pl\/index.php?rest_route=\/wp\/v2\/pages\/30091","targetHints":{"allow":["GET"]}}],"collection":[{"href":"https:\/\/sp1lubomierz.pl\/index.php?rest_route=\/wp\/v2\/pages"}],"about":[{"href":"https:\/\/sp1lubomierz.pl\/index.php?rest_route=\/wp\/v2\/types\/page"}],"author":[{"embeddable":true,"href":"https:\/\/sp1lubomierz.pl\/index.php?rest_route=\/wp\/v2\/users\/1"}],"replies":[{"embeddable":true,"href":"https:\/\/sp1lubomierz.pl\/index.php?rest_route=%2Fwp%2Fv2%2Fcomments&post=30091"}],"version-history":[{"count":11,"href":"https:\/\/sp1lubomierz.pl\/index.php?rest_route=\/wp\/v2\/pages\/30091\/revisions"}],"predecessor-version":[{"id":32488,"href":"https:\/\/sp1lubomierz.pl\/index.php?rest_route=\/wp\/v2\/pages\/30091\/revisions\/32488"}],"wp:attachment":[{"href":"https:\/\/sp1lubomierz.pl\/index.php?rest_route=%2Fwp%2Fv2%2Fmedia&parent=30091"}],"curies":[{"name":"wp","href":"https:\/\/api.w.org\/{rel}","templated":true}]}}