{"id":317,"date":"2013-10-02T11:30:11","date_gmt":"2013-10-02T09:30:11","guid":{"rendered":"http:\/\/sp1lubomierz.pl\/?page_id=317"},"modified":"2021-11-16T23:07:49","modified_gmt":"2021-11-16T22:07:49","slug":"rys-historyczny","status":"publish","type":"page","link":"https:\/\/sp1lubomierz.pl\/?page_id=317","title":{"rendered":"Rys historyczny"},"content":{"rendered":"<p style=\"text-align: justify;\">Szko\u0142a nr\u00a01 w\u00a0Lubomierzu rozpoczyna swoj\u0105 dzia\u0142alno\u015b\u0107 w\u00a01904 roku.<br \/>\nNie istnieje w\u00f3wczas \u017caden budynek szkolny, dzieci ucz\u0105 si\u0119 w\u00a0wynaj\u0119tych salach u\u00a0mieszka\u0144c\u00f3w wsi &#8211; na\u00a0osiedlu Z\u0142ydachy i\u00a0Cyrki, natomiast w\u00a0latach 1925 do\u00a01926 \u2013 u\u00a0Dudy i\u00a0na Kr\u00f3lewskiej G\u00f3rze.<br \/>\nO\u00a0istnieniu budynku szkolnego na\u00a0osiedlu Guzary m\u00f3wi ju\u017c notatka, zapisana przed rokiem 1935.<br \/>\nW latach 1945 do 1946 Szko\u0142a nr\u00a01 w\u00a0Lubomierzu przyjmuje dzieci z\u00a0dw\u00f3ch pozosta\u0142ych szk\u00f3\u0142 ( nr\u00a02 i\u00a0nr 3 ) do\u00a0klasy V- VI ze\u00a0wzgl\u0119du na\u00a0to, \u017ce\u00a0jest najobszerniejsz\u0105 szko\u0142\u0105 we\u00a0wsi Lubomierz. Lata powojenne s\u0105 czasem ci\u0105g\u0142ych stara\u0144 o\u00a0popraw\u0119 bazy szkolnej i\u00a0stworzenie godnych warunk\u00f3w do\u00a0normalnej nauki.<br \/>\nW roku 1960 kierownikiem szko\u0142y zostaje Stefan Gancarczyk, a\u00a0w\u00a0sk\u0142ad grona pedagogicznego wchodzi jeszcze czworo innych nauczycieli. Nauka dzieci odbywa si\u0119 w\u00a0budynku odnowionej szko\u0142y, ale\u00a0tak\u017ce w\u00a0wynajmowanym pomieszczeniu u\u00a0wiejskiego gospodarza.<br \/>\nZ zapis\u00f3w wynika, \u017ce\u00a0p. Stefan Gancarczyk pe\u0142ni funkcj\u0119 kierownika szko\u0142y do\u00a01971 roku.<br \/>\nW styczniu 1971 roku zostaje oddany do\u00a0u\u017cytku nowy budynek na\u00a0Rzekach. Stanowisko kierownika obejmuje p.\u00a0Andrzej Skirli\u0144ski.<br \/>\nSzkole Podstawowej nr\u00a01 obni\u017ca si\u0119 stopie\u0144 organizacyjny do\u00a0klasy VI, ponadto zabiera si\u0119 jej numer, kt\u00f3ry\u00a0otrzymuje nowa szko\u0142a na\u00a0Rzekach, wybudowana w\u00a0latach realizacji has\u0142a \u201e1000 szk\u00f3\u0142 na\u00a0tysi\u0105clecie\u201d. Stary budynek otrzymuje nazw\u0119 &#8211; Szko\u0142a B.<br \/>\nKolejne lata nie wnosz\u0105 nic nowego do\u00a0historii dawnej \u201eJedynki\u201d, poza zmian\u0105 na\u00a0stanowisku dyrektora szko\u0142y na\u00a0Rzekach. W\u00a0roku szkolnym 1974\/1975 t\u0119 funkcj\u0119 pe\u0142ni p. Maria Rzeczyca, a\u00a0w\u00a0latach 1975 \u2013 1977- p. J\u00f3zef Nowak.<br \/>\nPrze\u0142om przynosi rok szkolny 1977\/1978, kiedy dyrektorem zostaje p. Kazimierz Bugajski, a\u00a0ze starego budynku na Rzekach tworzy si\u0119 Punkt Filialny nr\u00a01 Zbiorczej Szko\u0142y Podstawowej w\u00a0Lubomierzu i\u00a0powo\u0142uje si\u0119 kierownika tej\u017ce filii w\u00a0osobie p. Marii Bugajskiej.<br \/>\nDzi\u0119ki staraniom dyrektora p. Kazimierza Bugajskiego zapada decyzja o\u00a0przeprowadzeniu remontu starego, mocno zniszczonego budynku szkolnego.<br \/>\nW roku szkolnym 1984\/1985 nast\u0119puj\u0105 zmiany organizacyjne \u2013 likwiduje si\u0119 zbiorcze szko\u0142y, a\u00a0dotychczasowy Punkt Filialny nr\u00a01 w\u00a0Lubomierzu staje si\u0119 samodzieln\u0105 Szko\u0142\u0105 Podstawow\u0105 nr\u00a03, funkcj\u0119 Dyrektora otrzymuje p.\u00a0Marii Bugajska.<br \/>\nW czerwcu 1990 roku ma miejsce uroczyste nadanie plac\u00f3wce imienia Jana Brzechwy.<br \/>\nStan ten nie trwa jednak d\u0142ugo, bowiem ju\u017c w\u00a0roku szkolnym 1991\/1992 Rada Pedagogiczna wraz z\u00a0Rodzicami podejmuje intensywne dzia\u0142ania maj\u0105ce na\u00a0celu przywr\u00f3cenie dawnego przedwojennego numeru i\u00a0imienia szkole.<br \/>\nStarania s\u0105 uwie\u0144czone sukcesem i\u00a0decyzj\u0105 Kuratora O\u015bwiaty, szko\u0142a otrzymuje dawny numer i\u00a0imi\u0119 tj.\u00a0Szko\u0142a Podstawowa nr\u00a01 im.\u00a0\u015bw. J\u00f3zefa w\u00a0Lubomierzu.<br \/>\nKolejny sukces to\u00a0zwi\u0119kszenie stopnia organizacyjnego do\u00a0klasy V w\u00a0roku szkolnym 1993\/1994.<br \/>\nNatomiast pe\u0142en sukces zostaje osi\u0105gni\u0119ty 19 pa\u017adziernika 1995 roku, kiedy to\u00a0oddaje si\u0119 do\u00a0u\u017cytku nowo wybudowany budynek szkolny. Jest to\u00a0prze\u0142omowy moment dla dzieci z\u00a0najliczniejszego obwodu szkolnego. Funkcj\u0119 dyrektora nadal pe\u0142ni p. Maria Bugajska. Szkole przywraca si\u0119 najwy\u017cszy stopie\u0144 organizacyjny &#8211; dzieci kontynuuj\u0105 nauk\u0119 od\u00a0klasy zero po\u00a0 klas\u0119 \u00f3sm\u0105. W\u00a0plac\u00f3wce zachodzi wiele znacz\u0105cych zmian, kt\u00f3re pozytywnie wp\u0142ywaj\u0105 na\u00a0ca\u0142e \u015brodowisko lokalne.<br \/>\nW 1999 roku zostaje wprowadzona reforma o\u015bwiatowa, kt\u00f3ra\u00a0wywiera znacz\u0105cy wp\u0142yw na\u00a0dzia\u0142alno\u015b\u0107 szko\u0142y. W\u00a0tym samym roku konkurs na\u00a0dyrektora szko\u0142y wygrywa Jadwiga Baran-Sto\u017cek. Musi zmierzy\u0107 si\u0119 z\u00a0nowymi wyzwaniami podyktowanymi reform\u0105 oraz\u00a0zachodz\u0105cymi zmianami spo\u0142eczno-gospodarczymi.<br \/>\nReforma wprowadza gimnazja, natomiast szko\u0142\u0119 podstawow\u0105 przekszta\u0142ca w\u00a0sze\u015bcioklasow\u0105, po\u00a0uko\u0144czeniu kt\u00f3rej, uczniowie dalsz\u0105 sw\u0105 edukacj\u0119 kontynuuj\u0105 w\u00a0Gimnazjum nr\u00a04 w\u00a0Mszanie G\u00f3rnej.<br \/>\nW\u00a02004 roku Organ Prowadz\u0105cy szko\u0142y w\u00a0Gminie Mszana Dolna likwiduje Szko\u0142\u0119 Podstawow\u0105 nr\u00a03 im. \u015bw. Franciszka z\u00a0Asy\u017cu w\u00a0Lubomierzu-Rzekach, a uczniowie kontynuuj\u0105 edukacj\u0119 w Szkole Podstawowej nr 1 im. \u015bw. J\u00f3zefa w Lubomierzu. 15 stycznia 2005 roku szko\u0142a obchodzi 100-lecie istnienia. Z\u00a0tej okazji plac\u00f3wce zostaje nadany sztandar ufundowany przez rodzic\u00f3w.<br \/>\nW\u00a0tym samym roku zostaje zlikwidowana stara, drewniana szko\u0142a (obok ko\u015bcio\u0142a), w\u00a0kt\u00f3rej do\u00a01995 roku uczy\u0142y si\u0119 dzieci z\u00a0obwodu \u201eJedynki\u201d.<br \/>\nW 2007 roku dyrektor Jadwiga Baran-Sto\u017cek podejmuje dyplomatyczne rozmowy w\u00a0sprawie rozbudowy szko\u0142y. W\u00a0wyniku wzmo\u017conych dzia\u0142a\u0144 spo\u0142eczno\u015bci szkolnej, a\u00a0w\u00a0szczeg\u00f3lno\u015bci p. Dyrektor, so\u0142tysa i\u00a0zarazem radnego p. Piotra Dolla, a\u00a0tak\u017ce radnej p.\u00a0Stefanii Wojciarczyk, 4 pa\u017adziernika 2007 roku ruszaj\u0105 pierwsze prace zwi\u0105zane z\u00a0rozbudow\u0105 Szko\u0142y Podstawowej nr\u00a01 w\u00a0Lubomierzu. Po\u00a0niespe\u0142na dw\u00f3ch latach, 19 wrze\u015bnia 2009 roku, nast\u0119puje uroczyste oddanie do\u00a0u\u017cytku nowo wybudowanej cz\u0119\u015bci dydaktycznej, pe\u0142nowymiarowej sali gimnastycznej z\u00a0widowni\u0105 , zaplecza socjalnego i\u00a0sportowego. Po\u015bwi\u0119cenia obiektu dokonuje ks.\u00a0kardyna\u0142 Stanis\u0142aw Dziwisz. W\u00a02010 roku zostaje oddane do\u00a0u\u017cytku boisko do\u00a0gier sportowych oraz\u00a0plac zabaw dla dzieci w\u00a0wieku m\u0142odszym.<\/p>\n<p style=\"text-align: justify;\">Pani Jadwiga Baran \u2013 Sto\u017cek nadal sprawuje funkcj\u0119 Dyrektora Szko\u0142y Podstawowej nr 1 w Lubomierzu, w dalszym ci\u0105gu pr\u0119\u017cnie dzia\u0142aj\u0105c na rynku edukacyjnym naszego regionu.<\/p>\n<p style=\"text-align: justify;\">Obecnie szko\u0142a jest nowoczesn\u0105 i nieustannie rozwijaj\u0105c\u0105 plac\u00f3wk\u0105 spe\u0142niaj\u0105c\u0105 oczekiwania ca\u0142ej spo\u0142eczno\u015bci Lubomierza.<\/p>\n","protected":false},"excerpt":{"rendered":"<p>Szko\u0142a nr\u00a01 w\u00a0Lubomierzu rozpoczyna swoj\u0105 dzia\u0142alno\u015b\u0107 w\u00a01904 roku. Nie istnieje w\u00f3wczas \u017caden budynek szkolny, dzieci ucz\u0105 si\u0119 w\u00a0wynaj\u0119tych salach u\u00a0mieszka\u0144c\u00f3w wsi &#8211; na\u00a0osiedlu Z\u0142ydachy i\u00a0Cyrki, natomiast w\u00a0latach 1925 do\u00a01926 \u2013 u\u00a0Dudy i\u00a0na Kr\u00f3lewskiej G\u00f3rze. O\u00a0istnieniu budynku szkolnego na\u00a0osiedlu Guzary m\u00f3wi ju\u017c notatka, zapisana przed rokiem 1935. W latach 1945 do 1946 Szko\u0142a nr\u00a01 w\u00a0Lubomierzu przyjmuje [&hellip;]<\/p>\n","protected":false},"author":2,"featured_media":0,"parent":33,"menu_order":4,"comment_status":"closed","ping_status":"closed","template":"","meta":{"ngg_post_thumbnail":0,"footnotes":""},"class_list":["post-317","page","type-page","status-publish","hentry"],"_links":{"self":[{"href":"https:\/\/sp1lubomierz.pl\/index.php?rest_route=\/wp\/v2\/pages\/317","targetHints":{"allow":["GET"]}}],"collection":[{"href":"https:\/\/sp1lubomierz.pl\/index.php?rest_route=\/wp\/v2\/pages"}],"about":[{"href":"https:\/\/sp1lubomierz.pl\/index.php?rest_route=\/wp\/v2\/types\/page"}],"author":[{"embeddable":true,"href":"https:\/\/sp1lubomierz.pl\/index.php?rest_route=\/wp\/v2\/users\/2"}],"replies":[{"embeddable":true,"href":"https:\/\/sp1lubomierz.pl\/index.php?rest_route=%2Fwp%2Fv2%2Fcomments&post=317"}],"version-history":[{"count":4,"href":"https:\/\/sp1lubomierz.pl\/index.php?rest_route=\/wp\/v2\/pages\/317\/revisions"}],"predecessor-version":[{"id":36536,"href":"https:\/\/sp1lubomierz.pl\/index.php?rest_route=\/wp\/v2\/pages\/317\/revisions\/36536"}],"up":[{"embeddable":true,"href":"https:\/\/sp1lubomierz.pl\/index.php?rest_route=\/wp\/v2\/pages\/33"}],"wp:attachment":[{"href":"https:\/\/sp1lubomierz.pl\/index.php?rest_route=%2Fwp%2Fv2%2Fmedia&parent=317"}],"curies":[{"name":"wp","href":"https:\/\/api.w.org\/{rel}","templated":true}]}}