{"id":32157,"date":"2020-03-07T18:26:10","date_gmt":"2020-03-07T17:26:10","guid":{"rendered":"http:\/\/sp1lubomierz.pl\/?page_id=32157"},"modified":"2020-03-07T18:32:38","modified_gmt":"2020-03-07T17:32:38","slug":"marzec-2020","status":"publish","type":"page","link":"https:\/\/sp1lubomierz.pl\/?page_id=32157","title":{"rendered":"Marzec 2020"},"content":{"rendered":"<h3><a title=\"Permanent Link to Szko\u0142a Pami\u0119ta \u2013  Narodowy Dzie\u0144 Pami\u0119ci \u017bo\u0142nierzy Wykl\u0119tych\" href=\"http:\/\/sp1lubomierz.pl\/?p=32153\" rel=\"bookmark\">Szko\u0142a Pami\u0119ta \u2013 Narodowy Dzie\u0144 Pami\u0119ci \u017bo\u0142nierzy Wykl\u0119tych<\/a><br \/>\n<!-- default-view.php -->\n<div\n\tclass=\"ngg-galleryoverview default-view\n\t ngg-ajax-pagination-none\t\"\n\tid=\"ngg-gallery-1dfaa646b9d837280bc9412bfae10b5b-1\">\n\n\t\t<!-- Thumbnails -->\n\t\t\t\t<div id=\"ngg-image-0\" class=\"ngg-gallery-thumbnail-box\n\t\t\t\t\t\t\t\t\t\t\t\"\n\t\t\t>\n\t\t\t\t\t\t<div class=\"ngg-gallery-thumbnail\">\n\t\t\t<a href=\"https:\/\/sp1lubomierz.pl\/wp-content\/gallery\/zolnierze-wykleci\/IMG_20200303_092744.jpg\"\n\t\t\t\ttitle=\"mde\"\n\t\t\t\tdata-src=\"https:\/\/sp1lubomierz.pl\/wp-content\/gallery\/zolnierze-wykleci\/IMG_20200303_092744.jpg\"\n\t\t\t\tdata-thumbnail=\"https:\/\/sp1lubomierz.pl\/wp-content\/gallery\/zolnierze-wykleci\/thumbs\/thumbs_IMG_20200303_092744.jpg\"\n\t\t\t\tdata-image-id=\"12352\"\n\t\t\t\tdata-title=\"mde\"\n\t\t\t\tdata-description=\"mde\"\n\t\t\t\tdata-image-slug=\"img_20200303_092744\"\n\t\t\t\tclass=\"ngg-fancybox\" rel=\"1dfaa646b9d837280bc9412bfae10b5b\">\n\t\t\t\t<img\n\t\t\t\t\ttitle=\"mde\"\n\t\t\t\t\talt=\"mde\"\n\t\t\t\t\tsrc=\"https:\/\/sp1lubomierz.pl\/wp-content\/gallery\/zolnierze-wykleci\/thumbs\/thumbs_IMG_20200303_092744.jpg\"\n\t\t\t\t\twidth=\"120\"\n\t\t\t\t\theight=\"90\"\n\t\t\t\t\tstyle=\"max-width:100%;\"\n\t\t\t\t\/>\n\t\t\t<\/a>\n\t\t<\/div>\n\t\t\t\t\t\t\t<\/div>\n\t\t\t\n\t\t\t\t<div id=\"ngg-image-1\" class=\"ngg-gallery-thumbnail-box\n\t\t\t\t\t\t\t\t\t\t\t\"\n\t\t\t>\n\t\t\t\t\t\t<div class=\"ngg-gallery-thumbnail\">\n\t\t\t<a href=\"https:\/\/sp1lubomierz.pl\/wp-content\/gallery\/zolnierze-wykleci\/IMG_20200303_095816.jpg\"\n\t\t\t\ttitle=\"mde\"\n\t\t\t\tdata-src=\"https:\/\/sp1lubomierz.pl\/wp-content\/gallery\/zolnierze-wykleci\/IMG_20200303_095816.jpg\"\n\t\t\t\tdata-thumbnail=\"https:\/\/sp1lubomierz.pl\/wp-content\/gallery\/zolnierze-wykleci\/thumbs\/thumbs_IMG_20200303_095816.jpg\"\n\t\t\t\tdata-image-id=\"12353\"\n\t\t\t\tdata-title=\"mde\"\n\t\t\t\tdata-description=\"mde\"\n\t\t\t\tdata-image-slug=\"img_20200303_095816\"\n\t\t\t\tclass=\"ngg-fancybox\" rel=\"1dfaa646b9d837280bc9412bfae10b5b\">\n\t\t\t\t<img\n\t\t\t\t\ttitle=\"mde\"\n\t\t\t\t\talt=\"mde\"\n\t\t\t\t\tsrc=\"https:\/\/sp1lubomierz.pl\/wp-content\/gallery\/zolnierze-wykleci\/thumbs\/thumbs_IMG_20200303_095816.jpg\"\n\t\t\t\t\twidth=\"120\"\n\t\t\t\t\theight=\"90\"\n\t\t\t\t\tstyle=\"max-width:100%;\"\n\t\t\t\t\/>\n\t\t\t<\/a>\n\t\t<\/div>\n\t\t\t\t\t\t\t<\/div>\n\t\t\t\n\t\t\t\t<div id=\"ngg-image-2\" class=\"ngg-gallery-thumbnail-box\n\t\t\t\t\t\t\t\t\t\t\t\"\n\t\t\t>\n\t\t\t\t\t\t<div class=\"ngg-gallery-thumbnail\">\n\t\t\t<a href=\"https:\/\/sp1lubomierz.pl\/wp-content\/gallery\/zolnierze-wykleci\/IMG_20200303_105237.jpg\"\n\t\t\t\ttitle=\"dav\"\n\t\t\t\tdata-src=\"https:\/\/sp1lubomierz.pl\/wp-content\/gallery\/zolnierze-wykleci\/IMG_20200303_105237.jpg\"\n\t\t\t\tdata-thumbnail=\"https:\/\/sp1lubomierz.pl\/wp-content\/gallery\/zolnierze-wykleci\/thumbs\/thumbs_IMG_20200303_105237.jpg\"\n\t\t\t\tdata-image-id=\"12354\"\n\t\t\t\tdata-title=\"dav\"\n\t\t\t\tdata-description=\"dav\"\n\t\t\t\tdata-image-slug=\"img_20200303_105237\"\n\t\t\t\tclass=\"ngg-fancybox\" rel=\"1dfaa646b9d837280bc9412bfae10b5b\">\n\t\t\t\t<img\n\t\t\t\t\ttitle=\"dav\"\n\t\t\t\t\talt=\"dav\"\n\t\t\t\t\tsrc=\"https:\/\/sp1lubomierz.pl\/wp-content\/gallery\/zolnierze-wykleci\/thumbs\/thumbs_IMG_20200303_105237.jpg\"\n\t\t\t\t\twidth=\"120\"\n\t\t\t\t\theight=\"90\"\n\t\t\t\t\tstyle=\"max-width:100%;\"\n\t\t\t\t\/>\n\t\t\t<\/a>\n\t\t<\/div>\n\t\t\t\t\t\t\t<\/div>\n\t\t\t\n\t\t\t\t<div id=\"ngg-image-3\" class=\"ngg-gallery-thumbnail-box\n\t\t\t\t\t\t\t\t\t\t\t\"\n\t\t\t>\n\t\t\t\t\t\t<div class=\"ngg-gallery-thumbnail\">\n\t\t\t<a href=\"https:\/\/sp1lubomierz.pl\/wp-content\/gallery\/zolnierze-wykleci\/IMG_20200303_105305.jpg\"\n\t\t\t\ttitle=\"dav\"\n\t\t\t\tdata-src=\"https:\/\/sp1lubomierz.pl\/wp-content\/gallery\/zolnierze-wykleci\/IMG_20200303_105305.jpg\"\n\t\t\t\tdata-thumbnail=\"https:\/\/sp1lubomierz.pl\/wp-content\/gallery\/zolnierze-wykleci\/thumbs\/thumbs_IMG_20200303_105305.jpg\"\n\t\t\t\tdata-image-id=\"12355\"\n\t\t\t\tdata-title=\"dav\"\n\t\t\t\tdata-description=\"dav\"\n\t\t\t\tdata-image-slug=\"img_20200303_105305\"\n\t\t\t\tclass=\"ngg-fancybox\" rel=\"1dfaa646b9d837280bc9412bfae10b5b\">\n\t\t\t\t<img\n\t\t\t\t\ttitle=\"dav\"\n\t\t\t\t\talt=\"dav\"\n\t\t\t\t\tsrc=\"https:\/\/sp1lubomierz.pl\/wp-content\/gallery\/zolnierze-wykleci\/thumbs\/thumbs_IMG_20200303_105305.jpg\"\n\t\t\t\t\twidth=\"120\"\n\t\t\t\t\theight=\"90\"\n\t\t\t\t\tstyle=\"max-width:100%;\"\n\t\t\t\t\/>\n\t\t\t<\/a>\n\t\t<\/div>\n\t\t\t\t\t\t\t<\/div>\n\t\t\t\n\t\t\t\t<div id=\"ngg-image-4\" class=\"ngg-gallery-thumbnail-box\n\t\t\t\t\t\t\t\t\t\t\t\"\n\t\t\t>\n\t\t\t\t\t\t<div class=\"ngg-gallery-thumbnail\">\n\t\t\t<a href=\"https:\/\/sp1lubomierz.pl\/wp-content\/gallery\/zolnierze-wykleci\/IMG_20200303_105352.jpg\"\n\t\t\t\ttitle=\"sdr\"\n\t\t\t\tdata-src=\"https:\/\/sp1lubomierz.pl\/wp-content\/gallery\/zolnierze-wykleci\/IMG_20200303_105352.jpg\"\n\t\t\t\tdata-thumbnail=\"https:\/\/sp1lubomierz.pl\/wp-content\/gallery\/zolnierze-wykleci\/thumbs\/thumbs_IMG_20200303_105352.jpg\"\n\t\t\t\tdata-image-id=\"12356\"\n\t\t\t\tdata-title=\"sdr\"\n\t\t\t\tdata-description=\"sdr\"\n\t\t\t\tdata-image-slug=\"img_20200303_105352\"\n\t\t\t\tclass=\"ngg-fancybox\" rel=\"1dfaa646b9d837280bc9412bfae10b5b\">\n\t\t\t\t<img\n\t\t\t\t\ttitle=\"sdr\"\n\t\t\t\t\talt=\"sdr\"\n\t\t\t\t\tsrc=\"https:\/\/sp1lubomierz.pl\/wp-content\/gallery\/zolnierze-wykleci\/thumbs\/thumbs_IMG_20200303_105352.jpg\"\n\t\t\t\t\twidth=\"120\"\n\t\t\t\t\theight=\"90\"\n\t\t\t\t\tstyle=\"max-width:100%;\"\n\t\t\t\t\/>\n\t\t\t<\/a>\n\t\t<\/div>\n\t\t\t\t\t\t\t<\/div>\n\t\t\t\n\t\n\t<br style=\"clear: both\" \/>\n\n\t\n\t\t<!-- Pagination -->\n\t\t<div class='ngg-clear'><\/div>\t<\/div>\n<\/h3>\n","protected":false},"excerpt":{"rendered":"<p>Szko\u0142a Pami\u0119ta \u2013 Narodowy Dzie\u0144 Pami\u0119ci \u017bo\u0142nierzy Wykl\u0119tych<\/p>\n","protected":false},"author":1,"featured_media":0,"parent":0,"menu_order":0,"comment_status":"closed","ping_status":"open","template":"","meta":{"ngg_post_thumbnail":0,"footnotes":""},"class_list":["post-32157","page","type-page","status-publish","hentry"],"_links":{"self":[{"href":"https:\/\/sp1lubomierz.pl\/index.php?rest_route=\/wp\/v2\/pages\/32157","targetHints":{"allow":["GET"]}}],"collection":[{"href":"https:\/\/sp1lubomierz.pl\/index.php?rest_route=\/wp\/v2\/pages"}],"about":[{"href":"https:\/\/sp1lubomierz.pl\/index.php?rest_route=\/wp\/v2\/types\/page"}],"author":[{"embeddable":true,"href":"https:\/\/sp1lubomierz.pl\/index.php?rest_route=\/wp\/v2\/users\/1"}],"replies":[{"embeddable":true,"href":"https:\/\/sp1lubomierz.pl\/index.php?rest_route=%2Fwp%2Fv2%2Fcomments&post=32157"}],"version-history":[{"count":3,"href":"https:\/\/sp1lubomierz.pl\/index.php?rest_route=\/wp\/v2\/pages\/32157\/revisions"}],"predecessor-version":[{"id":32177,"href":"https:\/\/sp1lubomierz.pl\/index.php?rest_route=\/wp\/v2\/pages\/32157\/revisions\/32177"}],"wp:attachment":[{"href":"https:\/\/sp1lubomierz.pl\/index.php?rest_route=%2Fwp%2Fv2%2Fmedia&parent=32157"}],"curies":[{"name":"wp","href":"https:\/\/api.w.org\/{rel}","templated":true}]}}