{"id":32674,"date":"2020-09-07T23:27:44","date_gmt":"2020-09-07T21:27:44","guid":{"rendered":"http:\/\/sp1lubomierz.pl\/?page_id=32674"},"modified":"2021-06-14T10:25:45","modified_gmt":"2021-06-14T08:25:45","slug":"rok-szkolny-20202021","status":"publish","type":"page","link":"https:\/\/sp1lubomierz.pl\/?page_id=32674","title":{"rendered":"Rok szkolny 2020\/2021"},"content":{"rendered":"<div class=\"post-inner\">\n<h2 style=\"text-align: center;\"><a href=\"http:\/\/sp1lubomierz.pl\/?page_id=32681\">Wrzesie\u0144 2020<\/a><\/h2>\n<h2 style=\"text-align: center;\"><a href=\"http:\/\/sp1lubomierz.pl\/?page_id=32917\">Pa\u017adziernik 2020<\/a><\/h2>\n<h2 style=\"text-align: center;\">Listopad 2020<\/h2>\n<h2 style=\"text-align: center;\"><a href=\"http:\/\/sp1lubomierz.pl\/?page_id=33102\">Grudzie\u0144 2020<\/a><\/h2>\n<h2 style=\"text-align: center;\"><a href=\"http:\/\/sp1lubomierz.pl\/?page_id=33597\">Stycze\u0144 2021<\/a><\/h2>\n<h2 style=\"text-align: center;\"><a href=\"http:\/\/sp1lubomierz.pl\/?page_id=33620\">Luty 2021<\/a><\/h2>\n<h2 style=\"text-align: center;\">Marzec 2021<\/h2>\n<h2 style=\"text-align: center;\"><a href=\"http:\/\/sp1lubomierz.pl\/?page_id=34405\">Kwiecie\u0144 2021<\/a><\/h2>\n<h2 style=\"text-align: center;\">Maj 2021<\/h2>\n<h2 style=\"text-align: center;\"><a href=\"http:\/\/sp1lubomierz.pl\/?page_id=34660\">Czerwiec 2021<\/a><\/h2>\n<\/div>\n","protected":false},"excerpt":{"rendered":"<p>Wrzesie\u0144 2020 Pa\u017adziernik 2020 Listopad 2020 Grudzie\u0144 2020 Stycze\u0144 2021 Luty 2021 Marzec 2021 Kwiecie\u0144 2021 Maj 2021 Czerwiec 2021<\/p>\n","protected":false},"author":1,"featured_media":0,"parent":0,"menu_order":0,"comment_status":"closed","ping_status":"open","template":"","meta":{"ngg_post_thumbnail":0,"footnotes":""},"class_list":["post-32674","page","type-page","status-publish","hentry"],"_links":{"self":[{"href":"https:\/\/sp1lubomierz.pl\/index.php?rest_route=\/wp\/v2\/pages\/32674","targetHints":{"allow":["GET"]}}],"collection":[{"href":"https:\/\/sp1lubomierz.pl\/index.php?rest_route=\/wp\/v2\/pages"}],"about":[{"href":"https:\/\/sp1lubomierz.pl\/index.php?rest_route=\/wp\/v2\/types\/page"}],"author":[{"embeddable":true,"href":"https:\/\/sp1lubomierz.pl\/index.php?rest_route=\/wp\/v2\/users\/1"}],"replies":[{"embeddable":true,"href":"https:\/\/sp1lubomierz.pl\/index.php?rest_route=%2Fwp%2Fv2%2Fcomments&post=32674"}],"version-history":[{"count":10,"href":"https:\/\/sp1lubomierz.pl\/index.php?rest_route=\/wp\/v2\/pages\/32674\/revisions"}],"predecessor-version":[{"id":34662,"href":"https:\/\/sp1lubomierz.pl\/index.php?rest_route=\/wp\/v2\/pages\/32674\/revisions\/34662"}],"wp:attachment":[{"href":"https:\/\/sp1lubomierz.pl\/index.php?rest_route=%2Fwp%2Fv2%2Fmedia&parent=32674"}],"curies":[{"name":"wp","href":"https:\/\/api.w.org\/{rel}","templated":true}]}}