{"id":34,"date":"2013-08-27T21:15:03","date_gmt":"2013-08-27T19:15:03","guid":{"rendered":"http:\/\/sp1lubomierz.pl\/?page_id=27"},"modified":"2024-01-10T17:54:37","modified_gmt":"2024-01-10T16:54:37","slug":"kontakt","status":"publish","type":"page","link":"https:\/\/sp1lubomierz.pl\/?page_id=34","title":{"rendered":"Kontakt"},"content":{"rendered":"<h1 style=\"text-align: center;\"><strong><span style=\"font-size: large;\">Szko\u0142a Podstawowa nr 1 im. \u015bw. J\u00f3zefa w Lubomierzu<\/span><\/strong><br \/>\n<strong><span style=\"font-size: medium;\">34-736 Lubomierz 345<br \/>\n<\/span><span style=\"font-size: medium;\">tel.\/ fax (18) 33 15 283<br \/>\nstrona internetowa: www.sp1lubomierz.pl<br \/>\n<\/span><span style=\"font-size: medium;\">e-mail:\u00a0sp1lubomierz@mszana.pl<\/span><\/strong><\/h1>\n<p style=\"text-align: center;\"><span style=\"font-size: medium;\">gmina Mszana Dolna<br \/>\npowiat limanowski<br \/>\nwojew\u00f3dztwo ma\u0142opolskie <\/span><\/p>\n<p><span style=\"font-size: medium;\"><strong>Kontakt z administratorem strony<\/strong>:<br \/>\na.kolodziejczyk10.09.92@gmail.com<br \/>\n<\/span><\/p>\n<p style=\"text-align: center;\">\n","protected":false},"excerpt":{"rendered":"<p>Szko\u0142a Podstawowa nr 1 im. \u015bw. J\u00f3zefa w Lubomierzu 34-736 Lubomierz 345 tel.\/ fax (18) 33 15 283 strona internetowa: www.sp1lubomierz.pl e-mail:\u00a0sp1lubomierz@mszana.pl gmina Mszana Dolna powiat limanowski wojew\u00f3dztwo ma\u0142opolskie Kontakt z administratorem strony: a.kolodziejczyk10.09.92@gmail.com<\/p>\n","protected":false},"author":2,"featured_media":0,"parent":0,"menu_order":20,"comment_status":"closed","ping_status":"closed","template":"","meta":{"ngg_post_thumbnail":0,"footnotes":""},"class_list":["post-34","page","type-page","status-publish","hentry"],"_links":{"self":[{"href":"https:\/\/sp1lubomierz.pl\/index.php?rest_route=\/wp\/v2\/pages\/34","targetHints":{"allow":["GET"]}}],"collection":[{"href":"https:\/\/sp1lubomierz.pl\/index.php?rest_route=\/wp\/v2\/pages"}],"about":[{"href":"https:\/\/sp1lubomierz.pl\/index.php?rest_route=\/wp\/v2\/types\/page"}],"author":[{"embeddable":true,"href":"https:\/\/sp1lubomierz.pl\/index.php?rest_route=\/wp\/v2\/users\/2"}],"replies":[{"embeddable":true,"href":"https:\/\/sp1lubomierz.pl\/index.php?rest_route=%2Fwp%2Fv2%2Fcomments&post=34"}],"version-history":[{"count":7,"href":"https:\/\/sp1lubomierz.pl\/index.php?rest_route=\/wp\/v2\/pages\/34\/revisions"}],"predecessor-version":[{"id":45360,"href":"https:\/\/sp1lubomierz.pl\/index.php?rest_route=\/wp\/v2\/pages\/34\/revisions\/45360"}],"wp:attachment":[{"href":"https:\/\/sp1lubomierz.pl\/index.php?rest_route=%2Fwp%2Fv2%2Fmedia&parent=34"}],"curies":[{"name":"wp","href":"https:\/\/api.w.org\/{rel}","templated":true}]}}