{"id":35,"date":"2013-08-27T21:15:30","date_gmt":"2013-08-27T19:15:30","guid":{"rendered":"http:\/\/sp1lubomierz.pl\/?page_id=29"},"modified":"2026-03-05T22:02:32","modified_gmt":"2026-03-05T21:02:32","slug":"prawo","status":"publish","type":"page","link":"https:\/\/sp1lubomierz.pl\/?page_id=35","title":{"rendered":"Dokumenty szkolne"},"content":{"rendered":"<h3><span style=\"font-size: large;\">Zobacz:<\/span><\/h3>\n<ul style=\"list-style-type: square;\">\n<li>\n<h3><a href=\"http:\/\/sp1lubomierz.pl\/wp-content\/uploads\/2026\/03\/Regulamin-konkursu-2.pdf\">Regulamin Gminnego konkursu \u201eMatematyczne zmagania\u201d<\/a><\/h3>\n<\/li>\n<li>\n<h3><a href=\"http:\/\/sp1lubomierz.pl\/wp-content\/uploads\/2024\/08\/PROGRAM-OCHRONY-MA\u0141OLETNICH-PRZED-KRZYWDZENIEM.pdf\">Program ochrony ma\u0142oletnich przed krzywdzeniem<\/a><\/h3>\n<\/li>\n<li>\n<h3><a href=\"http:\/\/sp1lubomierz.pl\/wp-content\/uploads\/2023\/11\/PROCEDURA-ZWALNIANIA-UCZNI\u00d3W-W-CZASIE-ZAJ\u0118\u0106-LEKCYJNYCH.docx\">Procedura zwalniania uczni\u00f3w w czasie zaj\u0119\u0107 lekcyjnych + Za\u0142\u0105cznik nr 1<\/a><\/h3>\n<\/li>\n<li>\n<h3><a href=\"http:\/\/sp1lubomierz.pl\/wp-content\/uploads\/2023\/10\/Procedury.docx\">Procedury przyprowadzania i odbierania dzieci<\/a><\/h3>\n<\/li>\n<li>\n<h3><a href=\"http:\/\/sp1lubomierz.pl\/wp-content\/uploads\/2013\/08\/Procedury-COVID-19.pdf\">Procedury COVID-19<\/a><\/h3>\n<\/li>\n<li>\n<h3><a href=\"http:\/\/sp1lubomierz.pl\/wp-content\/uploads\/2013\/08\/Procedury-korzystania-z-biblioteki.docx\">Procedury korzystania z biblioteki<\/a><\/h3>\n<\/li>\n<li>\n<h3><a href=\"http:\/\/sp1lubomierz.pl\/wp-content\/uploads\/2013\/08\/PROCEDURY-BEZPIECZE\u0143STWA2.doc\">PROCEDURY BEZPIECZE\u0143STWA<\/a><\/h3>\n<\/li>\n<li>\n<h3><a href=\"http:\/\/sp1lubomierz.pl\/wp-content\/uploads\/2023\/11\/Uchwa\u0142a.docx\">Uchwa\u0142a w sprawie uchwalenia zmian w Statucie Szko\u0142y<\/a><\/h3>\n<\/li>\n<li>\n<h3><a href=\"https:\/\/sp1lubomierz.pl\/?page_id=47969\">Program profilaktyczno-wychowawczy<\/a><\/h3>\n<\/li>\n<li>\n<h3><a href=\"http:\/\/sp1lubomierz.pl\/wp-content\/uploads\/2013\/08\/Raport-z-ewaluacji.pdf\">Rapo<\/a><a href=\"http:\/\/sp1lubomierz.pl\/wp-content\/uploads\/2013\/08\/Raport-z-ewaluacji.pdf\">rt z ewaluacji<\/a><\/h3>\n<\/li>\n<li>\n<h3><a href=\"http:\/\/sp1lubomierz.pl\/wp-content\/uploads\/2013\/08\/Regulamin-Gminnego-Konkursu-Matematycznego1.docx\">Regulamin Gminnego Konkursu Matematycznego &#8222;\u0141amig\u0142\u00f3wki bystrej g\u0142\u00f3wki&#8221;<\/a><\/h3>\n<\/li>\n<li>\n<h3><a href=\"http:\/\/sp1lubomierz.pl\/wp-content\/uploads\/2023\/02\/regulamin-wypozycze\u0144-1.doc\">Regulamin wypo\u017cyczania podr\u0119cznik\u00f3w i materia\u0142\u00f3w edukacyjnych<\/a><\/h3>\n<\/li>\n<\/ul>\n<h3>&nbsp;<\/h3>\n<h3>&nbsp;<\/h3>\n<p align=\"center\"><span style=\"font-size: medium;\">Europejska Karta Praw i Obowi\u0105zk\u00f3w Rodzic\u00f3w<\/span><\/p>\n<p align=\"center\"><span style=\"font-size: x-large;\"><strong>Prawa i obowi\u0105zki Rodzic\u00f3w w Europie<\/strong><\/span><\/p>\n<p style=\"text-align: justify;\"><span style=\"font-size: medium;\"><b>1. <\/b>Rodzice maj\u0105 prawo do wychowywania swoich dzieci w duchu tolerancji&nbsp;i zrozumienia dla innych, bez dyskryminacji wynikaj\u0105cej z koloru sk\u00f3ry, rasy, narodowo\u015bci, wyznania, p\u0142ci oraz pozycji ekonomicznej. Rodzice maj\u0105 obowi\u0105zek&nbsp;wychowywa\u0107 swoje dzieci w duchu odpowiedzialno\u015bci za siebie i za ca\u0142y ludzki \u015bwiat.<\/span><br \/>\n<span style=\"font-size: medium;\"> <b>2. <\/b>Rodzice maj\u0105 prawo do uznania ich prymatu jako &#8222;pierwszych nauczycieli&#8221; swoich dzieci. Rodzice maj\u0105 obowi\u0105zek wychowywa\u0107 swoje dzieci w spos\u00f3b odpowiedzialny i nie zaniedbywa\u0107 ich.<\/span><br \/>\n<span style=\"font-size: medium;\"> <b>3. <\/b>Rodzice maj\u0105 prawo do pe\u0142nego dost\u0119pu do formalnego systemu edukacji dla swoich dzieci z uwzgl\u0119dnieniem ich potrzeb, mo\u017cliwo\u015bci i osi\u0105gni\u0119\u0107. Rodzice&nbsp;maj\u0105 obowi\u0105zek zaanga\u017cowania si\u0119 jako partnerzy w nauczaniu ich dzieci w szkole.<\/span><br \/>\n<span style=\"font-size: medium;\"> <b>4. <\/b>Rodzice maj\u0105 prawo dost\u0119pu do wszelkich informacji o instytucjach o\u015bwiatowych,&nbsp;kt\u00f3re mog\u0105 dotyczy\u0107 ich dzieci. Rodzice maj\u0105 obowi\u0105zek przekazywania wszelkich informacji&nbsp;szko\u0142om, do kt\u00f3rych ucz\u0119szczaj\u0105 ich dzieci, informacji dotycz\u0105cych mo\u017cliwo\u015bci osi\u0105gni\u0119cia wsp\u00f3lnych, (tj. domu i szko\u0142y) cel\u00f3w edukacyjnych.<\/span><br \/>\n<span style=\"font-size: medium;\"> <b>5.<\/b> Rodzice maj\u0105 prawo wyboru takiej drogi edukacji dla swoich dzieci, kt\u00f3ra jest najbli\u017csza ich przekonaniom &nbsp;&nbsp;i warto\u015bciom uznawanym za najwa\u017cniejsze dla rozwoju ich dzieci. Rodzice maj\u0105 obowi\u0105zek dokonania \u015bwiadomego wyboru drogi edukacyjnej, jak\u0105 ich dzieci powinny zmierza\u0107.<\/span><br \/>\n<span style=\"font-size: medium;\"> <b>6.<\/b> Rodzice maj\u0105 prawo domagania si\u0119 od formalnego systemu edukacji tego, aby ich&nbsp;dzieci osi\u0105gn\u0119\u0142y wiedz\u0119 duchow\u0105 i kulturow\u0105. Rodzice maj \u0105 obowi\u0105zek wychowywa\u0107 swoje dzieci w poszanowaniu i akceptowaniu innych ludzi i ich przekona\u0144.<\/span><br \/>\n<span style=\"font-size: medium;\"> <b>7.<\/b> Rodzice maj\u0105 prawo wp\u0142ywa\u0107 na polityk\u0119 o\u015bwiatow\u0105 realizowan\u0105 w szko\u0142ach ich dzieci. Rodzice maj\u0105 obowi\u0105zek osobi\u015bcie w\u0142\u0105cza\u0107 si\u0119 w \u017cycie szk\u00f3\u0142 ich dzieci i stanowi\u0107 istotn\u0105 cz\u0119\u015b\u0107 spo\u0142eczno\u015bci lokalnej<\/span><br \/>\n<span style=\"font-size: medium;\"> <b>8.<\/b> Rodzice i ich stowarzyszenia maj\u0105 prawo wydawania opinii i przeprowadzania konsultacji z w\u0142adzami odpowiedzialnymi za edukacj\u0119 na wszystkich poziomach ich struktur. Rodzice maj\u0105 obowi\u0105zek tworzy\u0107 demokratyczne, reprezentatywne organizacje na wszystkich poziomach. Organizacje te b\u0119d\u0105 reprezentowa\u0142y rodzic\u00f3w i ich interesy.<\/span><br \/>\n<span style=\"font-size: medium;\"> <b>9.<\/b> Rodzice maj\u0105 prawo do pomocy materialnej ze strony w\u0142adz publicznych, eliminuj\u0105cej wszelkie bariery finansowe, kt\u00f3re mog\u0142yby utrudni\u0107 dost\u0119p ich dzieci do edukacji. Rodzice maj\u0105 obowi\u0105zek po\u015bwi\u0119ca\u0107 sw\u00f3j czas i uwag\u0119 swoim dzieciom i ich szko\u0142om, tak aby wzmocni\u0107 ich wysi\u0142ki skierowane na osi\u0105gni\u0119cie okre\u015blonych cel\u00f3w nauczania.<\/span><br \/>\n<span style=\"font-size: medium;\"> <b>10. <\/b>Rodzice maj\u0105 prawo \u017c\u0105da\u0107 od odpowiedzialnych w\u0142adz publicznych wysokiej jako\u015bci us\u0142ugi edukacyjnej. Rodzice maj\u0105 obowi\u0105zek pozna\u0107 siebie nawzajem, wsp\u00f3\u0142pracowa\u0107 ze sob\u0105 i doskonali\u0107 swoje umiej\u0119tno\u015bci <b><span style=\"text-decoration: underline;\">&#8222;pierwszych nauczycieli&#8221; <\/span><\/b>i partner\u00f3w w kontakcie: szko\u0142a-dom.<\/span><\/p>\n","protected":false},"excerpt":{"rendered":"<p>Zobacz: Regulamin Gminnego konkursu \u201eMatematyczne zmagania\u201d Program ochrony ma\u0142oletnich przed krzywdzeniem Procedura zwalniania uczni\u00f3w w czasie zaj\u0119\u0107 lekcyjnych + Za\u0142\u0105cznik nr 1 Procedury przyprowadzania i odbierania dzieci Procedury COVID-19 Procedury korzystania z biblioteki PROCEDURY BEZPIECZE\u0143STWA Uchwa\u0142a w sprawie uchwalenia zmian w Statucie Szko\u0142y Program profilaktyczno-wychowawczy Raport z ewaluacji Regulamin Gminnego Konkursu Matematycznego &#8222;\u0141amig\u0142\u00f3wki bystrej g\u0142\u00f3wki&#8221; [&hellip;]<\/p>\n","protected":false},"author":2,"featured_media":0,"parent":0,"menu_order":5,"comment_status":"open","ping_status":"open","template":"","meta":{"ngg_post_thumbnail":0,"footnotes":""},"class_list":["post-35","page","type-page","status-publish","hentry"],"_links":{"self":[{"href":"https:\/\/sp1lubomierz.pl\/index.php?rest_route=\/wp\/v2\/pages\/35","targetHints":{"allow":["GET"]}}],"collection":[{"href":"https:\/\/sp1lubomierz.pl\/index.php?rest_route=\/wp\/v2\/pages"}],"about":[{"href":"https:\/\/sp1lubomierz.pl\/index.php?rest_route=\/wp\/v2\/types\/page"}],"author":[{"embeddable":true,"href":"https:\/\/sp1lubomierz.pl\/index.php?rest_route=\/wp\/v2\/users\/2"}],"replies":[{"embeddable":true,"href":"https:\/\/sp1lubomierz.pl\/index.php?rest_route=%2Fwp%2Fv2%2Fcomments&post=35"}],"version-history":[{"count":82,"href":"https:\/\/sp1lubomierz.pl\/index.php?rest_route=\/wp\/v2\/pages\/35\/revisions"}],"predecessor-version":[{"id":49446,"href":"https:\/\/sp1lubomierz.pl\/index.php?rest_route=\/wp\/v2\/pages\/35\/revisions\/49446"}],"wp:attachment":[{"href":"https:\/\/sp1lubomierz.pl\/index.php?rest_route=%2Fwp%2Fv2%2Fmedia&parent=35"}],"curies":[{"name":"wp","href":"https:\/\/api.w.org\/{rel}","templated":true}]}}