{"id":35373,"date":"2021-09-30T05:44:30","date_gmt":"2021-09-30T03:44:30","guid":{"rendered":"http:\/\/sp1lubomierz.pl\/?page_id=35373"},"modified":"2025-09-19T14:34:59","modified_gmt":"2025-09-19T12:34:59","slug":"sklad-rady-rodzicow","status":"publish","type":"page","link":"https:\/\/sp1lubomierz.pl\/?page_id=35373","title":{"rendered":"Sk\u0142ad Rady Rodzic\u00f3w"},"content":{"rendered":"<h2 style=\"text-align: center;\"><span style=\"font-size: 18pt;\"><strong><em>Sk\u0142ad Rady Rodzic\u00f3w<br><\/em><\/strong><em>dzia\u0142aj\u0105cej&nbsp;&nbsp; przy SP nr 1 im. \u015bw. J\u00f3zefa w Lubomierzu<br>w roku szkolnym 2025\/2026<\/em><\/span><\/h2>\n<ol>\n<li><span style=\"font-size: 14pt;\"><em>Przewodnicz\u0105ca Rady Rodzic\u00f3w &#8211; El\u017cbieta Budzy\u0144-Babu\u015bka <\/em><\/span><\/li>\n<li><span style=\"font-size: 14pt;\"><em>Z-ca przewodnicz\u0105cego &#8211; Patrycja Miko\u0142ajczyk<\/em><\/span><\/li>\n<li><span style=\"font-size: 14pt;\"><em>Sekretarz &#8211; Iwona Ogiela<\/em><\/span><\/li>\n<li><span style=\"font-size: 12pt;\"><em><span style=\"font-size: 14pt;\">Skarbnik &#8211; Magdalena Dawiec<\/span><br><\/em><\/span><\/li>\n<li><span style=\"font-size: 14pt;\"><span style=\"font-size: 14pt;\"><em>&nbsp;Przedstawiciel oddz. 0A &#8211; Beata Pajdzik<\/em><\/span><\/span><\/li>\n<li><span style=\"font-size: 14pt;\"><span style=\"font-size: 14pt;\"><em>Przedstawiciel oddz. 0B &#8211; Marcelina Bednarz<\/em><\/span><\/span><\/li>\n<li><span style=\"font-size: 14pt;\"><span style=\"font-size: 14pt;\"><em>Przedstawiciel oddz. 0C &#8211; Ma\u0142gorzata Babu\u015bka&nbsp;<\/em><\/span><\/span><\/li>\n<li><span style=\"font-size: 14pt;\"><span style=\"font-size: 14pt;\"><em>Przedstawiciel kl. I &#8211; Justyna Grabiec<\/em><\/span><\/span><\/li>\n<li><span style=\"font-size: 14pt;\"><span style=\"font-size: 14pt;\"><span style=\"font-size: 14pt;\"><em>Przedstawiciel kl. II &#8211; El\u017cbieta Budzy\u0144-Babu\u015bka<\/em><\/span><\/span><\/span><\/li>\n<li><em><span style=\"font-size: 14pt;\">Przedstawiciel kl. III &#8211; Iwona Ogiela<\/span><\/em><\/li>\n<li><span style=\"font-size: 14pt;\"><em>Przedstawiciel kl. IV -Magdalena Dawiec<\/em><\/span><\/li>\n<li><span style=\"font-size: 14pt;\"><em>Przedstawiciel kl. V &#8211; Patrycja Miko\u0142ajczyk<br><\/em><\/span><\/li>\n<li><span style=\"font-size: 14pt;\"><em>Przedstawiciel kl. VI- Maria Pajdzik -Kolibabka<\/em><\/span><\/li>\n<li><span style=\"font-size: 14pt;\"><em>Przedstawiciel kl. VII &#8211; Izabela Opyd<\/em><\/span><\/li>\n<li><span style=\"font-size: 14pt;\"><em>Przedstawiciel kl. VIII &#8211; Iwona Malarz<\/em><\/span><\/li>\n<\/ol>\n\n\n<p><\/p>\n","protected":false},"excerpt":{"rendered":"<p>Sk\u0142ad Rady Rodzic\u00f3wdzia\u0142aj\u0105cej&nbsp;&nbsp; przy SP nr 1 im. \u015bw. J\u00f3zefa w Lubomierzuw roku szkolnym 2025\/2026 Przewodnicz\u0105ca Rady Rodzic\u00f3w &#8211; El\u017cbieta Budzy\u0144-Babu\u015bka Z-ca przewodnicz\u0105cego &#8211; Patrycja Miko\u0142ajczyk Sekretarz &#8211; Iwona Ogiela Skarbnik &#8211; Magdalena Dawiec &nbsp;Przedstawiciel oddz. 0A &#8211; Beata Pajdzik Przedstawiciel oddz. 0B &#8211; Marcelina Bednarz Przedstawiciel oddz. 0C &#8211; Ma\u0142gorzata Babu\u015bka&nbsp; Przedstawiciel kl. I [&hellip;]<\/p>\n","protected":false},"author":1,"featured_media":0,"parent":0,"menu_order":0,"comment_status":"closed","ping_status":"open","template":"","meta":{"ngg_post_thumbnail":0,"footnotes":""},"class_list":["post-35373","page","type-page","status-publish","hentry"],"_links":{"self":[{"href":"https:\/\/sp1lubomierz.pl\/index.php?rest_route=\/wp\/v2\/pages\/35373","targetHints":{"allow":["GET"]}}],"collection":[{"href":"https:\/\/sp1lubomierz.pl\/index.php?rest_route=\/wp\/v2\/pages"}],"about":[{"href":"https:\/\/sp1lubomierz.pl\/index.php?rest_route=\/wp\/v2\/types\/page"}],"author":[{"embeddable":true,"href":"https:\/\/sp1lubomierz.pl\/index.php?rest_route=\/wp\/v2\/users\/1"}],"replies":[{"embeddable":true,"href":"https:\/\/sp1lubomierz.pl\/index.php?rest_route=%2Fwp%2Fv2%2Fcomments&post=35373"}],"version-history":[{"count":12,"href":"https:\/\/sp1lubomierz.pl\/index.php?rest_route=\/wp\/v2\/pages\/35373\/revisions"}],"predecessor-version":[{"id":48858,"href":"https:\/\/sp1lubomierz.pl\/index.php?rest_route=\/wp\/v2\/pages\/35373\/revisions\/48858"}],"wp:attachment":[{"href":"https:\/\/sp1lubomierz.pl\/index.php?rest_route=%2Fwp%2Fv2%2Fmedia&parent=35373"}],"curies":[{"name":"wp","href":"https:\/\/api.w.org\/{rel}","templated":true}]}}