{"id":35524,"date":"2021-10-05T23:08:23","date_gmt":"2021-10-05T21:08:23","guid":{"rendered":"http:\/\/sp1lubomierz.pl\/?page_id=35524"},"modified":"2025-09-19T14:13:02","modified_gmt":"2025-09-19T12:13:02","slug":"oddzialy-przedszkolne","status":"publish","type":"page","link":"https:\/\/sp1lubomierz.pl\/?page_id=35524","title":{"rendered":"Oddzia\u0142y przedszkolne"},"content":{"rendered":"<h2 style=\"text-align: center;\"><span style=\"color: #ff0000;\">ROK SZKOLNY 2025\/2026<\/span><\/h2>\n<h2 style=\"text-align: center;\">Oddzia\u0142 0A<br \/>\nwychowawcy: mgr Anna Babu\u015bka,<br \/>\nmgr Agnieszka W\u0105cha\u0142a<br \/>\nmgr Zuzanna Wojtyczka&nbsp;<\/h2>\n<h2 style=\"text-align: center;\">Oddzia\u0142 0B<br \/>\nwychowawca: mgr Anna Ko\u0142odziejczyk<br \/>\nmgr Zuzanna Wojtyczka&nbsp;<\/h2>\n<h2 style=\"text-align: center;\">Oddzia\u0142 0C<br \/>\nwychowawca: mgr Renata Ogiela<\/h2>\n<h2 style=\"text-align: center;\">&nbsp;<\/h2>\n<h2 style=\"text-align: center;\"><a href=\"https:\/\/sp1lubomierz.pl\/?page_id=47021\"><span style=\"color: #0000ff;\">Bo w przedszkolu fajnie jest<\/span><\/a><\/h2>\n<h2 style=\"text-align: center;\">~~~~~~~~~~~~~~~~~~~~~~~~~~~~~~~~~~~<\/h2>\n<h2 style=\"text-align: center;\"><span style=\"color: #ff0000;\">ROK SZKOLNY 2024\/2025<\/span><\/h2>\n<h2 style=\"text-align: center;\">Oddzia\u0142 0A<br \/>\nwychowawcy: mgr Anna Babu\u015bka,<br \/>\nmgr Marta \u015alazyk<\/h2>\n<h2 style=\"text-align: center;\">Oddzia\u0142 0B<br \/>\nwychowawca: mgr Anna Ko\u0142odziejczyk<br \/>\nmgr Agnieszka W\u0105cha\u0142a<\/h2>\n<h2 style=\"text-align: center;\">Oddzia\u0142 0C<br \/>\nwychowawca: mgr Renata Ogiela<\/h2>\n<h2 style=\"text-align: center;\">&nbsp;<\/h2>\n<h2 style=\"text-align: center;\"><a href=\"https:\/\/sp1lubomierz.pl\/?page_id=47021\"><span style=\"color: #0000ff;\">Bo w przedszkolu fajnie jest<\/span><\/a><\/h2>\n<h2 style=\"text-align: center;\"><a href=\"https:\/\/sp1lubomierz.pl\/?page_id=47025\"><span style=\"color: #0000ff;\">Ma\u0142o lat mam, chc\u0119 czyta\u0107 sam<\/span><\/a><\/h2>\n<h2 style=\"text-align: center;\"><a href=\"https:\/\/sp1lubomierz.pl\/?page_id=47507\"><span style=\"color: #0000ff;\">Kolorowe \u015brody&nbsp;<\/span><\/a><\/h2>\n<h2 style=\"text-align: center;\">~~~~~~~~~~~~~~~~~~~~~~~~~~~~~~~~~~~<\/h2>\n<h2 style=\"text-align: center;\"><span style=\"color: #ff0000;\"><br \/>\nROK SZKOLNY 2023\/2024<\/span><\/h2>\n<h2 style=\"text-align: center;\">Oddzia\u0142 0A<br \/>\nwychowawcy: mgr Agnieszka W\u0105cha\u0142a,<br \/>\nmgr Zuzanna Wojtyczka<\/h2>\n<h2 style=\"text-align: center;\">Oddzia\u0142 0B<br \/>\nwychowawca: mgr Anna Ko\u0142odziejczyk<\/h2>\n<h2 style=\"text-align: center;\">Oddzia\u0142 0C<br \/>\nwychowawca: mgr Renata Ogiela<\/h2>\n<h2>&nbsp;<\/h2>\n<h2 style=\"text-align: center;\"><span style=\"color: #0000ff;\"><a style=\"color: #0000ff;\" href=\"http:\/\/sp1lubomierz.pl\/?page_id=43396\">Wycieczki i uroczysto\u015bci<\/a><\/span><\/h2>\n<h2 style=\"text-align: center;\"><span style=\"color: #0000ff;\"><a style=\"color: #0000ff;\" href=\"http:\/\/sp1lubomierz.pl\/?page_id=43401\">Bo w przedszkolu fajnie jest<\/a><\/span><\/h2>\n<h2 style=\"text-align: center;\"><span style=\"color: #0000ff;\"><a style=\"color: #0000ff;\" href=\"http:\/\/sp1lubomierz.pl\/?page_id=43405\">Ma\u0142o lat mam, chc\u0119 czyta\u0107 sam<\/a><\/span><\/h2>\n<h2 style=\"text-align: center;\">~~~~~~~~~~~~~~~~~~~~~~~~~~~~~~~~~~~<\/h2>\n<h2 style=\"text-align: center;\"><span style=\"text-decoration: underline; color: #ff0000;\">ROK SZKOLNY 2022\/2023<\/span><\/h2>\n<h2 style=\"text-align: center;\"><span style=\"text-decoration: underline;\">Oddzia\u0142 0A<\/span><br \/>\nwychowawcy: mgr Anna Babu\u015bka, mgr Agnieszka W\u0105cha\u0142a<\/h2>\n<h2 style=\"text-align: center;\"><span style=\"text-decoration: underline;\">Oddzia\u0142 0B<\/span><br \/>\nwychowawca: mgr Anna Ko\u0142odziejczyk<\/h2>\n<h2 style=\"text-align: center;\"><span style=\"text-decoration: underline;\">Oddzia\u0142 0C<\/span><br \/>\nwychowawca: mgr Renata Ogiela<\/h2>\n<h2 style=\"text-align: center;\">&nbsp;<\/h2>\n<h2 style=\"text-align: center;\"><a href=\"http:\/\/sp1lubomierz.pl\/?page_id=40260\"><span style=\"color: #0000ff;\"><span style=\"color: #0000ff;\">Wycieczki i uroczysto\u015bci<\/span><\/span><\/a><\/h2>\n<h2 style=\"text-align: center;\"><a href=\"http:\/\/sp1lubomierz.pl\/?page_id=40337\"><span style=\"color: #0000ff;\"><span style=\"color: #0000ff;\">Bo w przedszkolu fajnie jest<\/span><\/span><\/a><\/h2>\n<h2 style=\"text-align: center;\"><a href=\"http:\/\/sp1lubomierz.pl\/?page_id=40657\"><span style=\"color: #0000ff;\"><span style=\"color: #0000ff;\">Ka\u017cdy ma sw\u00f3j dzie\u0144<\/span><\/span><\/a><\/h2>\n<h2 style=\"text-align: center;\"><a href=\"http:\/\/sp1lubomierz.pl\/?page_id=40940\"><span style=\"color: #0000ff;\"><span style=\"color: #0000ff;\">Ma\u0142o lat mam, chc\u0119 czyta\u0107 sam <\/span><\/span><\/a><\/h2>\n<h2 style=\"text-align: center;\"><a href=\"http:\/\/sp1lubomierz.pl\/?page_id=41301\"><span style=\"color: #0000ff;\"><span style=\"color: #0000ff;\">Do biegu, gotowi, start!<\/span><\/span><\/a><\/h2>\n<h2 style=\"text-align: center;\">&nbsp;<\/h2>\n<h2 style=\"text-align: center;\">~~~~~~~~~~~~~~~~~~~~~~~~~~~~~~~~~~~<\/h2>\n<h2 style=\"text-align: center;\"><span style=\"text-decoration: underline; color: #ff0000;\">ROK SZKOLNY 2021\/2022<\/span><\/h2>\n<h2 style=\"text-align: center;\"><span style=\"text-decoration: underline;\">Oddzia\u0142 0A<\/span><br \/>\nwychowawcy: mgr Agnieszka W\u0105cha\u0142a, lic. Klaudia M\u0142ynarczyk<\/h2>\n<h2 style=\"text-align: center;\"><span style=\"text-decoration: underline;\">Oddzia\u0142 0B<\/span><br \/>\nwychowawca: mgr Anna Ko\u0142odziejczyk<\/h2>\n<h2 style=\"text-align: center;\"><span style=\"text-decoration: underline;\">Oddzia\u0142 0C<\/span><br \/>\nwychowawca: mgr Anna Babu\u015bka<\/h2>\n<h2 style=\"text-align: center;\">&nbsp;<\/h2>\n<h2 style=\"text-align: center;\"><span style=\"color: #0000ff;\"><a title=\"Wycieczki i&nbsp;uroczysto\u015bci\" href=\"http:\/\/sp1lubomierz.pl\/?page_id=35528\"><span style=\"color: #0000ff;\">Wycieczki i uroczysto\u015bci<\/span><\/a><\/span><\/h2>\n<h2 style=\"text-align: center;\"><span style=\"color: #0000ff;\"><a title=\"Bo w&nbsp;przedszkolu fajnie jest\" href=\"http:\/\/sp1lubomierz.pl\/?page_id=35530\"><span style=\"color: #0000ff;\">Bo w przedszkolu fajnie jest <\/span><\/a><\/span><\/h2>\n<h2 style=\"text-align: center;\"><span style=\"color: #0000ff;\"><a href=\"http:\/\/sp1lubomierz.pl\/?page_id=35532\"><span style=\"color: #0000ff;\">Ka\u017cdy ma sw\u00f3j dzie\u0144<\/span><\/a><\/span><\/h2>\n<h2 style=\"text-align: center;\"><span style=\"color: #0000ff;\"><a title=\"Ma\u0142o lat mam, chc\u0119 czyta\u0107 sam\" href=\"http:\/\/sp1lubomierz.pl\/?page_id=35755\"><span style=\"color: #0000ff;\">Ma\u0142o lat mam, chc\u0119 czyta\u0107 sam<\/span><\/a><\/span><\/h2>\n<h2 style=\"text-align: center;\">&nbsp;<\/h2>\n","protected":false},"excerpt":{"rendered":"<p>ROK SZKOLNY 2025\/2026 Oddzia\u0142 0A wychowawcy: mgr Anna Babu\u015bka, mgr Agnieszka W\u0105cha\u0142a mgr Zuzanna Wojtyczka&nbsp; Oddzia\u0142 0B wychowawca: mgr Anna Ko\u0142odziejczyk mgr Zuzanna Wojtyczka&nbsp; Oddzia\u0142 0C wychowawca: mgr Renata Ogiela &nbsp; Bo w przedszkolu fajnie jest ~~~~~~~~~~~~~~~~~~~~~~~~~~~~~~~~~~~ ROK SZKOLNY 2024\/2025 Oddzia\u0142 0A wychowawcy: mgr Anna Babu\u015bka, mgr Marta \u015alazyk Oddzia\u0142 0B wychowawca: mgr Anna Ko\u0142odziejczyk [&hellip;]<\/p>\n","protected":false},"author":1,"featured_media":0,"parent":0,"menu_order":0,"comment_status":"closed","ping_status":"open","template":"","meta":{"ngg_post_thumbnail":0,"footnotes":""},"class_list":["post-35524","page","type-page","status-publish","hentry"],"_links":{"self":[{"href":"https:\/\/sp1lubomierz.pl\/index.php?rest_route=\/wp\/v2\/pages\/35524","targetHints":{"allow":["GET"]}}],"collection":[{"href":"https:\/\/sp1lubomierz.pl\/index.php?rest_route=\/wp\/v2\/pages"}],"about":[{"href":"https:\/\/sp1lubomierz.pl\/index.php?rest_route=\/wp\/v2\/types\/page"}],"author":[{"embeddable":true,"href":"https:\/\/sp1lubomierz.pl\/index.php?rest_route=\/wp\/v2\/users\/1"}],"replies":[{"embeddable":true,"href":"https:\/\/sp1lubomierz.pl\/index.php?rest_route=%2Fwp%2Fv2%2Fcomments&post=35524"}],"version-history":[{"count":31,"href":"https:\/\/sp1lubomierz.pl\/index.php?rest_route=\/wp\/v2\/pages\/35524\/revisions"}],"predecessor-version":[{"id":48855,"href":"https:\/\/sp1lubomierz.pl\/index.php?rest_route=\/wp\/v2\/pages\/35524\/revisions\/48855"}],"wp:attachment":[{"href":"https:\/\/sp1lubomierz.pl\/index.php?rest_route=%2Fwp%2Fv2%2Fmedia&parent=35524"}],"curies":[{"name":"wp","href":"https:\/\/api.w.org\/{rel}","templated":true}]}}