{"id":35803,"date":"2021-10-14T17:43:00","date_gmt":"2021-10-14T15:43:00","guid":{"rendered":"http:\/\/sp1lubomierz.pl\/?page_id=35803"},"modified":"2021-10-14T17:43:00","modified_gmt":"2021-10-14T15:43:00","slug":"osiagniecia-uczniow-w-roku-szkolnym-20172018","status":"publish","type":"page","link":"https:\/\/sp1lubomierz.pl\/?page_id=35803","title":{"rendered":"Osi\u0105gni\u0119cia uczni\u00f3w w roku szkolnym 2017\/2018"},"content":{"rendered":"<table width=\"699\">\n<tbody>\n<tr>\n<td width=\"225\"><strong>Imi\u0119, nazwisko i klasa<\/strong><\/td>\n<td width=\"94\"><strong>Imi\u0119 i nazwisko nauczyciela prowadz\u0105cego<\/strong><\/td>\n<td width=\"151\"><strong>Nazwa konkursu<\/strong><\/td>\n<td width=\"132\"><strong>Osi\u0105gni\u0119cia ucznia (finalista, laureat) lub inne<\/strong><\/td>\n<td width=\"96\"><strong>Etap<\/strong><\/td>\n<\/tr>\n<tr>\n<td width=\"225\">Magdalena Kap\u0142oniak kl. VII<br \/>\nWiktoria Kuczaj kl. II<\/td>\n<td rowspan=\"6\" width=\"94\">Katarzyna Wojtyczka<\/td>\n<td width=\"151\">Og\u00f3lnopolski konkurs plast. \u201eAnio\u0142 bo\u017conarodzeniowy\u201d<\/td>\n<td width=\"132\">Wyr\u00f3\u017cnienie<\/td>\n<td width=\"96\">Og\u00f3lnopol.<\/td>\n<\/tr>\n<tr>\n<td width=\"225\">Kamil Kowalczyk kl. VI<br \/>\nMaciej Kap\u0142oniak kl.III<\/td>\n<td width=\"151\">G\u00f3ralskie cytanie\u2013 Gminny Konkurs czytelniczy<\/td>\n<td width=\"132\">II m.Bilet do etapu<br \/>\nwojew\u00f3dzkiego<\/td>\n<td width=\"96\"><\/td>\n<\/tr>\n<tr>\n<td width=\"225\">Emilia Natanek kl. II<br \/>\nJulia Ogiela kl. VII<\/td>\n<td width=\"151\">Plastyczny<\/td>\n<td width=\"132\">Bilet do etapu wojew\u00f3dzkiego<br \/>\nwyr\u00f3\u017cnienie<\/td>\n<td width=\"96\">Gminny<\/td>\n<\/tr>\n<tr>\n<td width=\"225\">Patrycja Zasadni kl. VII<br \/>\nMateusz Palac kl. V<br \/>\nKamil Kowalczyk kl. VI<br \/>\nMartyna Wojciarczyk kl. VI<br \/>\nMilena Kuczaj kl. VI<br \/>\nAnna Starmach kl. IV<br \/>\nMartyna Kuczaj kl. III b<br \/>\nEwelina Wojtyczka III a<br \/>\nMaciej Obajtek kl. III a<\/td>\n<td width=\"151\">Bezpiecznie na wsi mamy, upadkom zapobiegamy<\/td>\n<td width=\"132\">I<br \/>\nIII<br \/>\nII<br \/>\nWyr\u00f3\u017cnienie<br \/>\nWyr\u00f3\u017cnienie<br \/>\nWyr\u00f3\u017cnienie<br \/>\nWyr\u00f3\u017cnienie<br \/>\nWyr\u00f3\u017cnienie<br \/>\nWyr\u00f3\u017cnienie<\/td>\n<td width=\"96\">Powiat<\/td>\n<\/tr>\n<tr>\n<td width=\"225\">Magdalena Kap\u0142oniak kl. VII<br \/>\nJulia Ogiela kl. VII<\/td>\n<td width=\"151\">XXI Dzieci\u0119cy Festiwal Kol\u0119dowy \u201eKol\u0119dowa\u0107 ka\u017cdy mo\u017ce\u201d.<\/td>\n<td width=\"132\">Wyr\u00f3\u017cnienie<\/td>\n<td width=\"96\"><\/td>\n<\/tr>\n<tr>\n<td width=\"225\">Uczniowie klas III-VII \u201ePastuszkowie z gwiazd\u0105\u201d<\/td>\n<td width=\"151\">Gminne przes\u0142uchania grup kol\u0119dniczychPowiatowy Przegl\u0105d Kol\u0119dniczyOg\u00f3lnopolskie Pastuszkowe Kol\u0119dowanie<\/td>\n<td width=\"132\">I<br \/>\nII<br \/>\nII<\/td>\n<td width=\"96\">GminnyOg\u00f3lnopol.<\/td>\n<\/tr>\n<tr>\n<td width=\"225\">Milena Kuczaj kl. VI<br \/>\nKamil Kowalczyk kl. VI<br \/>\nPatryk Kacik kl. VI<br \/>\nDaniel Cebula kl. VI<br \/>\nPawe\u0142 Baran kl. VI<br \/>\nKatarzyna Starmach kl. VI<br \/>\nMartyna Wojciarczyk kl.VI<br \/>\nAleksandra Szczepaniak kl. VI<br \/>\nNatalia W\u0105cha\u0142a kl. VI<br \/>\nMa\u0142gorzata Z\u0142ydach kl. VI<\/td>\n<td width=\"94\">Gra\u017cyna Dawiec<\/td>\n<td width=\"151\">Og\u00f3lnopolska olimpiada z przyrody \u201eOlimpus\u201d<\/td>\n<td width=\"132\">Laureaci<\/p>\n<p>&nbsp;<\/p>\n<p>&nbsp;<\/td>\n<td width=\"96\">Og\u00f3lnopol.<\/td>\n<\/tr>\n<tr>\n<td width=\"225\">Jakub Opyd&nbsp;<\/td>\n<td width=\"94\">Gra\u017cyna Ko\u0142odziejczyk<\/td>\n<td width=\"151\">Og\u00f3lnopolski Konkurs LogicznegoMy\u015blenia\u201e\u0141amig\u0142\u00f3wki bystrej g\u0142\u00f3wki\u201d<\/td>\n<td width=\"132\">LaureatIII<\/td>\n<td width=\"96\">Og\u00f3lnopol.Gminny<\/td>\n<\/tr>\n<tr>\n<td width=\"225\">Bartosz Kacik<\/td>\n<td width=\"94\">Gra\u017cyna Dawiec<\/td>\n<td width=\"151\">Og\u00f3lnopolski Konkurs Logicznego My\u015blenia<\/td>\n<td width=\"132\">Laureat<\/td>\n<td width=\"96\">Og\u00f3lnopol.<\/td>\n<\/tr>\n<tr>\n<td width=\"225\">Manuel Potaczek kl. III b<br \/>\nEl\u017cbieta Z\u0142ydach kl. III b<br \/>\nBartosz Kacik kl. III b<br \/>\nRoksana Dawiec kl. III b<br \/>\nKamil Wojtyczka kl. III b<br \/>\nArkadiusz Zasadni kl. III a<\/td>\n<td width=\"94\">Gra\u017cyna Dawiec<\/td>\n<td width=\"151\">Dyktando nie tylko dla mistrz\u00f3w.<\/td>\n<td width=\"132\">Miejsce 9<br \/>\nMiejsce 9<br \/>\nMiejsce 12<br \/>\nMiejsce 13<br \/>\nMiejsce 14<br \/>\nMiejsce 14<\/td>\n<td width=\"96\">Og\u00f3lnopol.<\/td>\n<\/tr>\n<tr>\n<td width=\"225\">Mariusz W\u0105cha\u0142a kl. IV<br \/>\nAmelia Jurkowska kl. V<br \/>\nJakub Opyd kl. IIIa<\/td>\n<td width=\"94\">Ewa Drabik<\/td>\n<td width=\"151\">Og\u00f3lnopolski konkurs matematyczny \u201eKangur\u201d<\/td>\n<td width=\"132\">Wyr\u00f3\u017cnienie<br \/>\nWyr\u00f3\u017cnienie<br \/>\nWyr\u00f3\u017cnienie<\/td>\n<td width=\"96\">Og\u00f3lnopol.<\/td>\n<\/tr>\n<tr>\n<td width=\"225\">Julia Ogiela kl. VII<br \/>\nAleksandra Kowalczyk kl. VII<br \/>\nPiotr Kowalczyk kl. VII<br \/>\nPiotr Kaim kl. VII<br \/>\nPawe\u0142 Baran kl. VI<\/td>\n<td width=\"94\">s. E. Ciebiera<\/td>\n<td width=\"151\">Konkurs Biblijny \u201eEwangelia \u015bw. Jana\u201d<\/td>\n<td width=\"132\"><\/td>\n<td width=\"96\">Etap rejonowy<\/td>\n<\/tr>\n<tr>\n<td width=\"225\">Wiktoria Kuczaj kl. II<br \/>\nOskar Cebula kl. I<br \/>\nAnna Dawiec kl. I<br \/>\nEmilia W\u0105cha\u0142a kl. I<\/td>\n<td width=\"94\">D. W\u0119gielska<\/td>\n<td width=\"151\">Konkurs piosenki angielskiej<\/td>\n<td width=\"132\">I zespo\u0142owo<\/td>\n<td width=\"96\">Gminny<\/td>\n<\/tr>\n<tr>\n<td width=\"225\">Dziewcz\u0119ta kl. IV-VII<\/td>\n<td width=\"94\">J. Nachman<\/td>\n<td width=\"151\">Mini pi\u0142ka no\u017cna<br \/>\nUnihokej<br \/>\nUnihokej<br \/>\nHalowa pi\u0142ka no\u017cna<br \/>\nMini pi\u0142ka r\u0119czna<br \/>\nMini pi\u0142ka r\u0119czna<br \/>\nMini siatk\u00f3wka<\/td>\n<td width=\"132\">I<br \/>\nI<br \/>\nIII<br \/>\nII<br \/>\nIII<br \/>\nI<br \/>\nII<\/td>\n<td width=\"96\">Gminny<br \/>\nGminny<br \/>\nGminny<br \/>\nGminny<br \/>\nGminny<\/td>\n<\/tr>\n<tr>\n<td width=\"225\">Ch\u0142opcy \u00a0 kl. IV-VII<\/td>\n<td width=\"94\">J. Nachman<\/td>\n<td width=\"151\">Mini pi\u0142ka no\u017cna<br \/>\nUnihokej<br \/>\nHalowa pi\u0142ka no\u017cna<br \/>\nPi\u0142ka r\u0119czna<br \/>\nMini siatk\u00f3wka<br \/>\nMini pi\u0142ka no\u017cna<\/td>\n<td width=\"132\">V<br \/>\nIII<br \/>\nV<br \/>\nIII<br \/>\nIII<br \/>\nV<\/td>\n<td width=\"96\">Gminny<br \/>\nGminny<br \/>\nGminny<br \/>\nGminny<br \/>\nGminny<br \/>\nGminny<\/td>\n<\/tr>\n<\/tbody>\n<\/table>\n<p>&nbsp;<\/p>\n","protected":false},"excerpt":{"rendered":"<p>Imi\u0119, nazwisko i klasa Imi\u0119 i nazwisko nauczyciela prowadz\u0105cego Nazwa konkursu Osi\u0105gni\u0119cia ucznia (finalista, laureat) lub inne Etap Magdalena Kap\u0142oniak kl. VII Wiktoria Kuczaj kl. II Katarzyna Wojtyczka Og\u00f3lnopolski konkurs plast. \u201eAnio\u0142 bo\u017conarodzeniowy\u201d Wyr\u00f3\u017cnienie Og\u00f3lnopol. Kamil Kowalczyk kl. VI Maciej Kap\u0142oniak kl.III G\u00f3ralskie cytanie\u2013 Gminny Konkurs czytelniczy II m.Bilet do etapu wojew\u00f3dzkiego Emilia Natanek kl. [&hellip;]<\/p>\n","protected":false},"author":1,"featured_media":0,"parent":0,"menu_order":0,"comment_status":"closed","ping_status":"open","template":"","meta":{"ngg_post_thumbnail":0,"footnotes":""},"class_list":["post-35803","page","type-page","status-publish","hentry"],"_links":{"self":[{"href":"https:\/\/sp1lubomierz.pl\/index.php?rest_route=\/wp\/v2\/pages\/35803","targetHints":{"allow":["GET"]}}],"collection":[{"href":"https:\/\/sp1lubomierz.pl\/index.php?rest_route=\/wp\/v2\/pages"}],"about":[{"href":"https:\/\/sp1lubomierz.pl\/index.php?rest_route=\/wp\/v2\/types\/page"}],"author":[{"embeddable":true,"href":"https:\/\/sp1lubomierz.pl\/index.php?rest_route=\/wp\/v2\/users\/1"}],"replies":[{"embeddable":true,"href":"https:\/\/sp1lubomierz.pl\/index.php?rest_route=%2Fwp%2Fv2%2Fcomments&post=35803"}],"version-history":[{"count":1,"href":"https:\/\/sp1lubomierz.pl\/index.php?rest_route=\/wp\/v2\/pages\/35803\/revisions"}],"predecessor-version":[{"id":35804,"href":"https:\/\/sp1lubomierz.pl\/index.php?rest_route=\/wp\/v2\/pages\/35803\/revisions\/35804"}],"wp:attachment":[{"href":"https:\/\/sp1lubomierz.pl\/index.php?rest_route=%2Fwp%2Fv2%2Fmedia&parent=35803"}],"curies":[{"name":"wp","href":"https:\/\/api.w.org\/{rel}","templated":true}]}}