{"id":35806,"date":"2021-10-14T17:44:27","date_gmt":"2021-10-14T15:44:27","guid":{"rendered":"http:\/\/sp1lubomierz.pl\/?page_id=35806"},"modified":"2021-10-14T17:44:27","modified_gmt":"2021-10-14T15:44:27","slug":"osiagniecia-uczniow-w-roku-szkolnym-20152016","status":"publish","type":"page","link":"https:\/\/sp1lubomierz.pl\/?page_id=35806","title":{"rendered":"Osi\u0105gni\u0119cia uczni\u00f3w w roku szkolnym 2015\/2016"},"content":{"rendered":"<p><strong>Nasi uczniowie w\u00a0gminnych zawodach zdobyli nast\u0119puj\u0105ce miejsca:<\/strong><\/p>\n<ul>\n<li><strong>III miejsce <\/strong>w\u00a0halowej pi\u0142ce no\u017cnej dziewcz\u0105t<\/li>\n<li><strong>III miejsce<\/strong> w\u00a0halowej pi\u0142ce no\u017cnej ch\u0142opc\u00f3w<\/li>\n<li><strong>II miejsce<\/strong> w\u00a0gminnych zawodach sportowych w\u00a0mini pi\u0142ce siatkowej dziewczyn<\/li>\n<li><strong>III miejsce<\/strong> w\u00a0indywidualnych rozgrywkach w\u00a0tenisa sto\u0142owego dziewcz\u0105t : Aleksandra Dawiec<\/li>\n<li><strong>II miejsce<\/strong> w\u00a0dru\u017cynowych rozgrywkach w\u00a0tenisa sto\u0142owego dziewcz\u0105t<\/li>\n<\/ul>\n<p>&nbsp;<\/p>\n<p><strong>19.10.2015r. \u201eTematyczny Konkurs Historyczny\u201d<\/strong><\/p>\n<ul>\n<li>3 uczni\u00f3w bra\u0142o udzia\u0142, 3 prace zosta\u0142y wys\u0142ane:<\/li>\n<\/ul>\n<p>El\u017cbiety W\u0105cha\u0142y<\/p>\n<p>Anny W\u0105cha\u0142y<\/p>\n<p>Paw\u0142a Kowalczyka<\/p>\n<p>(oczekujemy na\u00a0wyniki)<\/p>\n<p>&nbsp;<\/p>\n<p><strong>21.10.2015r. Ma\u0142opolski Konkurs Humanistyczny<\/strong><\/p>\n<ul>\n<li>3 uczni\u00f3w bra\u0142o udzia\u0142 , 3 prace zosta\u0142y wys\u0142ane:<\/li>\n<\/ul>\n<p>El\u017cbiety W\u0105cha\u0142y<\/p>\n<p>Anny W\u0105cha\u0142y<\/p>\n<p>Paw\u0142a Kowalczyka<\/p>\n<p>(oczekujemy na\u00a0wyniki)<\/p>\n<p><strong>\u00a0<\/strong><\/p>\n<p><strong>23.10.2015r. Tematyczny Konkurs Przyrodniczy \u201eSkarby przyrody i\u00a0ich ochrona\u201d<\/strong><\/p>\n<ul>\n<li>18 uczni\u00f3w bra\u0142o udzia\u0142, 3 prace zosta\u0142y wys\u0142ane :<\/li>\n<\/ul>\n<p>Paw\u0142a Kowalczyka<\/p>\n<p>Marii Ruckiej<\/p>\n<p>Aleksandry Dawiec<\/p>\n<p>(oczekujemy na\u00a0wyniki)<\/p>\n<p>&nbsp;<\/p>\n<p><strong>26.10.15r. Ma\u0142opolski Konkurs Biblijny (\u201eEwangelia \u015bw.\u00a0\u0141ukasza\u201d)<\/strong><\/p>\n<ul>\n<li>9 uczni\u00f3w bra\u0142o udzia\u0142<\/li>\n<\/ul>\n<p>&nbsp;<\/p>\n<p><strong>06.11.15r. Ma\u0142opolski Konkurs Matematyczny<\/strong><\/p>\n<ul>\n<li>8 uczni\u00f3w bra\u0142o udzia\u0142, 1 praca zosta\u0142a wys\u0142ana :<\/li>\n<\/ul>\n<p>Paw\u0142a Kowalczyka<\/p>\n<p>(oczekujemy na\u00a0wyniki)<\/p>\n","protected":false},"excerpt":{"rendered":"<p>Nasi uczniowie w\u00a0gminnych zawodach zdobyli nast\u0119puj\u0105ce miejsca: III miejsce w\u00a0halowej pi\u0142ce no\u017cnej dziewcz\u0105t III miejsce w\u00a0halowej pi\u0142ce no\u017cnej ch\u0142opc\u00f3w II miejsce w\u00a0gminnych zawodach sportowych w\u00a0mini pi\u0142ce siatkowej dziewczyn III miejsce w\u00a0indywidualnych rozgrywkach w\u00a0tenisa sto\u0142owego dziewcz\u0105t : Aleksandra Dawiec II miejsce w\u00a0dru\u017cynowych rozgrywkach w\u00a0tenisa sto\u0142owego dziewcz\u0105t &nbsp; 19.10.2015r. \u201eTematyczny Konkurs Historyczny\u201d 3 uczni\u00f3w bra\u0142o udzia\u0142, 3 [&hellip;]<\/p>\n","protected":false},"author":1,"featured_media":0,"parent":0,"menu_order":0,"comment_status":"closed","ping_status":"open","template":"","meta":{"ngg_post_thumbnail":0,"footnotes":""},"class_list":["post-35806","page","type-page","status-publish","hentry"],"_links":{"self":[{"href":"https:\/\/sp1lubomierz.pl\/index.php?rest_route=\/wp\/v2\/pages\/35806","targetHints":{"allow":["GET"]}}],"collection":[{"href":"https:\/\/sp1lubomierz.pl\/index.php?rest_route=\/wp\/v2\/pages"}],"about":[{"href":"https:\/\/sp1lubomierz.pl\/index.php?rest_route=\/wp\/v2\/types\/page"}],"author":[{"embeddable":true,"href":"https:\/\/sp1lubomierz.pl\/index.php?rest_route=\/wp\/v2\/users\/1"}],"replies":[{"embeddable":true,"href":"https:\/\/sp1lubomierz.pl\/index.php?rest_route=%2Fwp%2Fv2%2Fcomments&post=35806"}],"version-history":[{"count":1,"href":"https:\/\/sp1lubomierz.pl\/index.php?rest_route=\/wp\/v2\/pages\/35806\/revisions"}],"predecessor-version":[{"id":35807,"href":"https:\/\/sp1lubomierz.pl\/index.php?rest_route=\/wp\/v2\/pages\/35806\/revisions\/35807"}],"wp:attachment":[{"href":"https:\/\/sp1lubomierz.pl\/index.php?rest_route=%2Fwp%2Fv2%2Fmedia&parent=35806"}],"curies":[{"name":"wp","href":"https:\/\/api.w.org\/{rel}","templated":true}]}}