{"id":35840,"date":"2021-10-14T18:16:51","date_gmt":"2021-10-14T16:16:51","guid":{"rendered":"http:\/\/sp1lubomierz.pl\/?page_id=35840"},"modified":"2021-10-14T18:16:51","modified_gmt":"2021-10-14T16:16:51","slug":"osiagniecia-uczniow-w-roku-szkolnym-20192020","status":"publish","type":"page","link":"https:\/\/sp1lubomierz.pl\/?page_id=35840","title":{"rendered":"Osi\u0105gni\u0119cia uczni\u00f3w w roku szkolnym 2019\/2020"},"content":{"rendered":"<p><strong>Zawody sportowe:<\/strong><\/p>\n<table width=\"112%\">\n<tbody>\n<tr>\n<td width=\"4%\">LP<\/td>\n<td width=\"25%\">TEMAT KONKURSU<\/td>\n<td width=\"19%\">ETAP<\/td>\n<td width=\"9%\">MIEJSCE<\/td>\n<td width=\"9%\">liczba przygot.<\/p>\n<p>uczni\u00f3w<\/td>\n<td width=\"31%\">Uczniowie<\/p>\n<p>&nbsp;<\/td>\n<\/tr>\n<tr>\n<td width=\"4%\"><\/td>\n<td width=\"25%\">Unihokej dziewcz\u0105t kl. VII-VIII<\/td>\n<td width=\"19%\">Gminne zawody sportowe<\/td>\n<td width=\"9%\">IV<\/td>\n<td width=\"9%\">7<\/td>\n<td width=\"31%\">K. Babu\u015bka, A. Szczepanik,M. Z\u0142ydach, M. Kuczaj, M. Wojciarczyk.N. W\u0105cha\u0142a, E.Wojtyczka<\/td>\n<\/tr>\n<tr>\n<td width=\"4%\"><\/td>\n<td width=\"25%\">Unihokej ch\u0142op\u00f3w kl. VII-VIII<\/td>\n<td width=\"19%\">Gminne zawody sportowe<\/td>\n<td width=\"9%\">II<\/td>\n<td width=\"9%\">7<\/td>\n<td width=\"31%\">M. Babu\u015bka, \u0141. Kaim, K. Zapa\u0142a, M. Palac, P. Wojtyczka, K. Kowalczyk, P. Kacik<\/td>\n<\/tr>\n<tr>\n<td width=\"4%\"><\/td>\n<td width=\"25%\">Unihokej ch\u0142op\u00f3w kl. VII-VIII<\/td>\n<td width=\"19%\">Powiatowe zawody sportowe<\/td>\n<td width=\"9%\">I<\/td>\n<td width=\"9%\">9<\/td>\n<td width=\"31%\">M. Babu\u015bka, \u0141. Kaim, K. Zapa\u0142a, M. Palac, P. Wojtyczka, K. Kowalczyk, P. Kacik,<\/td>\n<\/tr>\n<tr>\n<td width=\"4%\"><\/td>\n<td width=\"25%\">Unihokej ch\u0142op\u00f3w kl. VII-VIII<\/td>\n<td width=\"19%\">Rejonowe zawody sportowe<\/td>\n<td width=\"9%\">III<\/td>\n<td width=\"9%\">10<\/td>\n<td width=\"31%\">M. Babu\u015bka, \u0141. Kaim, K. Zapa\u0142a, M. Palac, P. Wojtyczka, P. Kacik, O. Karah Moustafa, P. Baran, J. Kowalczyk<\/td>\n<\/tr>\n<tr>\n<td width=\"4%\"><\/td>\n<td width=\"25%\">Unihokej ch\u0142op\u00f3w kl. VII-VIII<\/td>\n<td width=\"19%\">Wojew\u00f3dzkie zawody sportowe<\/td>\n<td width=\"9%\">III<\/td>\n<td width=\"9%\">11<\/td>\n<td width=\"31%\">M. Babu\u015bka, \u0141. Kaim, K. Zapa\u0142a, M. Palac, P. Wojtyczka, K. Kowalczyk, P. Kacik, O. Karah Moustafa, P. Baran, J. Kowalczyk<\/td>\n<\/tr>\n<tr>\n<td width=\"4%\"><\/td>\n<td width=\"25%\">Rugby dziewcz\u0105t i ch\u0142op\u00f3w kl. V<\/td>\n<td width=\"19%\">Rejonowe zawody sportowe<\/td>\n<td width=\"9%\">IV<\/td>\n<td width=\"9%\">8<\/td>\n<td width=\"31%\">K. Adamczyk, R. Dawiec, K. G\u0142uch, M. G\u0142uch, W. Jarosik, O, Kuli\u015b,K. Palac, A. Wysopal<\/td>\n<\/tr>\n<tr>\n<td width=\"4%\"><\/td>\n<td width=\"25%\">Rugby dziewcz\u0105t i ch\u0142op\u00f3w kl. IV<\/td>\n<td width=\"19%\">Rejonowe zawody sportowe<\/td>\n<td width=\"9%\">I<\/td>\n<td width=\"9%\">8<\/td>\n<td width=\"31%\">B. Kacik, M. Kaim, M.Kap\u0142oniak, H. Malarz, A. Zasadni, M. Potacza\u0142, W. Kuczaj, M. Obajtek<\/td>\n<\/tr>\n<tr>\n<td width=\"4%\"><\/td>\n<td width=\"25%\">Rugby dziewcz\u0105t i ch\u0142op\u00f3w kl. IV<\/td>\n<td width=\"19%\">Wojew\u00f3dzkie zawody sportowe<\/td>\n<td width=\"9%\">II<\/td>\n<td width=\"9%\">8<\/td>\n<td width=\"31%\">B. Kacik, M. Kaim, M.Kap\u0142oniak, H. Malarz, A. Zasadni, M. Potacza\u0142, W. Kuczaj, M. Obajtek<\/td>\n<\/tr>\n<tr>\n<td width=\"4%\"><\/td>\n<td width=\"25%\">Koszyk\u00f3wka 3&#215;3 dziewcz\u0105t \u00a0 kl. V<\/td>\n<td width=\"19%\">Gminne zawody sportowe<\/td>\n<td width=\"9%\">IV<\/td>\n<td width=\"9%\">4<\/td>\n<td width=\"31%\">E. Z\u0142ydach, A. Wawrzacz, R. Dawiec, W. Jarosik<\/td>\n<\/tr>\n<tr>\n<td width=\"4%\"><\/td>\n<td width=\"25%\">Koszyk\u00f3wka 3&#215;3 ch\u0142op\u00f3w kl. V<\/td>\n<td width=\"19%\">Gminne zawody sportowe<\/td>\n<td width=\"9%\">II<\/td>\n<td width=\"9%\">4<\/td>\n<td width=\"31%\">B. Kacik, M. Potaczek A. Zasadni,<\/p>\n<p>K. Palac, P. Nieckula<\/td>\n<\/tr>\n<tr>\n<td width=\"4%\"><\/td>\n<td width=\"25%\">Koszyk\u00f3wka 3&#215;3 dziewcz\u0105t kl. VII<\/td>\n<td width=\"19%\">Gminne zawody sportowe<\/td>\n<td width=\"9%\">II<\/td>\n<td width=\"9%\">4<\/td>\n<td width=\"31%\">K. Babu\u015bka, N. Z\u0142ydach, A. Kaim, W. Ko\u0142odziejczyk<\/td>\n<\/tr>\n<tr>\n<td width=\"4%\"><\/td>\n<td width=\"25%\">Koszyk\u00f3wka 3&#215;3 ch\u0142op\u00f3w kl. VII<\/td>\n<td width=\"19%\">Gminne zawody sportowe<\/td>\n<td width=\"9%\">II<\/td>\n<td width=\"9%\">4<\/td>\n<td width=\"31%\">M. Babu\u015bka, \u0141. Kaim, K. Zapa\u0142a, M. Palac<\/td>\n<\/tr>\n<tr>\n<td width=\"4%\"><\/td>\n<td width=\"25%\">Pi\u0142ka siatkowa dziewcz\u0105t kl. VII-VIII<\/td>\n<td width=\"19%\">Gminne zawody sportowe<\/td>\n<td width=\"9%\">III<\/td>\n<td width=\"9%\">10<\/td>\n<td width=\"31%\">K. Babu\u015bka, N. Z\u0142ydach, A. Kaim, W. Ko\u0142odziejczyk, A. Szczepanik,M. Z\u0142ydach, M. Kuczaj, M. Wojciarczyk.N. W\u0105cha\u0142a, E.Wojtyczka<\/td>\n<\/tr>\n<tr>\n<td width=\"4%\"><\/td>\n<td width=\"25%\">Pi\u0142ka siatkowa ch\u0142opc\u00f3w kl. VII-VIII<\/td>\n<td width=\"19%\">Gminne zawody sportowe<\/td>\n<td width=\"9%\">II<\/td>\n<td width=\"9%\">10<\/td>\n<td width=\"31%\">M. Babu\u015bka, \u0141. Kaim, K. Zapa\u0142a, M. Palac, P. Wojtyczka, K. Kowalczyk, P. Kacik, O. Karah Moustafa, P. Baran, J. Kowalczyk, G. W\u0105cha\u0142a<\/td>\n<\/tr>\n<\/tbody>\n<\/table>\n<p><strong>\u00a0<\/strong><\/p>\n<p><strong>\u00a0<\/strong><\/p>\n<p><strong>\u00a0<\/strong><\/p>\n<p><strong>Inne konkursy:<\/strong><\/p>\n<table>\n<tbody>\n<tr>\n<td width=\"123\">Imi\u0119 i nazwisko<\/td>\n<td width=\"123\">Imi\u0119 i nazwisko n-la prowadz\u0105cego ucznia<\/td>\n<td width=\"123\">Nazwa konkursu<\/td>\n<td width=\"123\">Osi\u0105gni\u0119cia (finalista, laureat)<\/td>\n<td width=\"123\">Etap<\/td>\n<\/tr>\n<tr>\n<td width=\"123\">O. Cebula III<\/p>\n<p>&nbsp;<\/p>\n<p>J. Kowalczyk III<\/p>\n<p>A. Dawiec III<\/p>\n<p>B. Czachor III<\/td>\n<td width=\"123\">K. Kolawa<\/td>\n<td width=\"123\">Logiczne my\u015blenie<\/td>\n<td width=\"123\">Laureat<\/p>\n<p>&nbsp;<\/p>\n<p>Laureat<\/p>\n<p>Wyr\u00f3\u017cnienie<\/p>\n<p>wyr\u00f3\u017cnienie<\/td>\n<td width=\"123\">Og\u00f3lnopol.<\/td>\n<\/tr>\n<tr>\n<td width=\"123\">M. Wojtyczka III<\/p>\n<p>P. Wojtyczka III<\/td>\n<td width=\"123\">K. Wojtyczka<\/td>\n<td width=\"123\">\u201eDobro ma moc\u201d<\/td>\n<td width=\"123\">I m.<\/td>\n<td width=\"123\">powiatowy<\/td>\n<\/tr>\n<tr>\n<td width=\"123\">D. Cebula VIII<\/p>\n<p>&nbsp;<\/p>\n<p>P. Baran VIII<\/td>\n<td width=\"123\">A. Ni\u017cnik<\/td>\n<td width=\"123\">Ma\u0142opolski Konkurs Chemiczny<\/td>\n<td width=\"123\">Finalista<\/p>\n<p>&nbsp;<\/p>\n<p>udzia\u0142<\/td>\n<td width=\"123\">Wojew\u00f3dzki<\/p>\n<p>&nbsp;<\/p>\n<p>rejonowy<\/td>\n<\/tr>\n<tr>\n<td width=\"123\">A. Jurkowska VII<\/p>\n<p>K. Kowalczyk VIII<\/p>\n<p>M. Kuczaj VIII<\/p>\n<p>J. Z\u0142ydaszyk VII<\/td>\n<td width=\"123\">M. Kawecka<\/td>\n<td width=\"123\">Ma\u0142opolski Konkurs J\u0119zyka Polskiego<\/td>\n<td width=\"123\">udzia\u0142<\/td>\n<td width=\"123\">rejonowy<\/td>\n<\/tr>\n<tr>\n<td width=\"123\">U. Kolibabka Va<\/p>\n<p>M. Obajtek Va<\/p>\n<p>Sz. Obajtek I<\/p>\n<p>B.Z\u0142ydaszyk Vb<\/p>\n<p>J. Zlydaszyk VII<\/p>\n<p>W. Kuczaj IV<\/p>\n<p>A. Jurkowska VII<\/td>\n<td width=\"123\">K. Wojtyczka<\/td>\n<td width=\"123\">Bezpiecznie na wsi. Nie ryzykujesz, gdy zwierz\u0119ta znasz i szanujesz.<\/td>\n<td width=\"123\">wyr\u00f3\u017cnienia<\/td>\n<td width=\"123\">powiatowy<\/td>\n<\/tr>\n<tr>\n<td width=\"123\">M.Ko\u0142odziejczyk II<\/td>\n<td width=\"123\">K. Franczyk<\/td>\n<td width=\"123\">Mi\u0119dzynarodowy \u00a0 Konkurs Matematyczny Kangur<\/td>\n<td width=\"123\">wynik bardzo dobry<\/td>\n<td width=\"123\">&nbsp;<\/td>\n<\/tr>\n<\/tbody>\n<\/table>\n<p><strong>\u00a0<\/strong><\/p>\n<p>&nbsp;<\/p>\n","protected":false},"excerpt":{"rendered":"<p>Zawody sportowe: LP TEMAT KONKURSU ETAP MIEJSCE liczba przygot. uczni\u00f3w Uczniowie &nbsp; Unihokej dziewcz\u0105t kl. VII-VIII Gminne zawody sportowe IV 7 K. Babu\u015bka, A. Szczepanik,M. Z\u0142ydach, M. Kuczaj, M. Wojciarczyk.N. W\u0105cha\u0142a, E.Wojtyczka Unihokej ch\u0142op\u00f3w kl. VII-VIII Gminne zawody sportowe II 7 M. Babu\u015bka, \u0141. Kaim, K. Zapa\u0142a, M. Palac, P. Wojtyczka, K. Kowalczyk, P. Kacik [&hellip;]<\/p>\n","protected":false},"author":1,"featured_media":0,"parent":0,"menu_order":0,"comment_status":"closed","ping_status":"open","template":"","meta":{"ngg_post_thumbnail":0,"footnotes":""},"class_list":["post-35840","page","type-page","status-publish","hentry"],"_links":{"self":[{"href":"https:\/\/sp1lubomierz.pl\/index.php?rest_route=\/wp\/v2\/pages\/35840","targetHints":{"allow":["GET"]}}],"collection":[{"href":"https:\/\/sp1lubomierz.pl\/index.php?rest_route=\/wp\/v2\/pages"}],"about":[{"href":"https:\/\/sp1lubomierz.pl\/index.php?rest_route=\/wp\/v2\/types\/page"}],"author":[{"embeddable":true,"href":"https:\/\/sp1lubomierz.pl\/index.php?rest_route=\/wp\/v2\/users\/1"}],"replies":[{"embeddable":true,"href":"https:\/\/sp1lubomierz.pl\/index.php?rest_route=%2Fwp%2Fv2%2Fcomments&post=35840"}],"version-history":[{"count":1,"href":"https:\/\/sp1lubomierz.pl\/index.php?rest_route=\/wp\/v2\/pages\/35840\/revisions"}],"predecessor-version":[{"id":35841,"href":"https:\/\/sp1lubomierz.pl\/index.php?rest_route=\/wp\/v2\/pages\/35840\/revisions\/35841"}],"wp:attachment":[{"href":"https:\/\/sp1lubomierz.pl\/index.php?rest_route=%2Fwp%2Fv2%2Fmedia&parent=35840"}],"curies":[{"name":"wp","href":"https:\/\/api.w.org\/{rel}","templated":true}]}}