{"id":36,"date":"2013-08-27T21:15:53","date_gmt":"2013-08-27T21:15:53","guid":{"rendered":"http:\/\/sp1lubomierz.pl\/?page_id=31"},"modified":"2025-06-27T08:13:23","modified_gmt":"2025-06-27T06:13:23","slug":"statut-szkoly","status":"publish","type":"page","link":"https:\/\/sp1lubomierz.pl\/?page_id=36","title":{"rendered":"Statut szko\u0142y"},"content":{"rendered":"<ul style=\"list-style-type: square;\">\n<li>\n<h3><a href=\"http:\/\/sp1lubomierz.pl\/wp-content\/uploads\/2025\/06\/STATUT-SP1-LUBOMIERZ.pdf\">Statut Szko\u0142y Podstawowej nr 1 im. \u015bw. J\u00f3zefa w Lubomierzu<\/a><\/h3>\n<\/li>\n<\/ul>\n","protected":false},"excerpt":{"rendered":"<p>Statut Szko\u0142y Podstawowej nr 1 im. \u015bw. J\u00f3zefa w Lubomierzu<\/p>\n","protected":false},"author":2,"featured_media":0,"parent":35,"menu_order":0,"comment_status":"closed","ping_status":"closed","template":"","meta":{"ngg_post_thumbnail":0,"footnotes":""},"class_list":["post-36","page","type-page","status-publish","hentry"],"_links":{"self":[{"href":"https:\/\/sp1lubomierz.pl\/index.php?rest_route=\/wp\/v2\/pages\/36","targetHints":{"allow":["GET"]}}],"collection":[{"href":"https:\/\/sp1lubomierz.pl\/index.php?rest_route=\/wp\/v2\/pages"}],"about":[{"href":"https:\/\/sp1lubomierz.pl\/index.php?rest_route=\/wp\/v2\/types\/page"}],"author":[{"embeddable":true,"href":"https:\/\/sp1lubomierz.pl\/index.php?rest_route=\/wp\/v2\/users\/2"}],"replies":[{"embeddable":true,"href":"https:\/\/sp1lubomierz.pl\/index.php?rest_route=%2Fwp%2Fv2%2Fcomments&post=36"}],"version-history":[{"count":6,"href":"https:\/\/sp1lubomierz.pl\/index.php?rest_route=\/wp\/v2\/pages\/36\/revisions"}],"predecessor-version":[{"id":48706,"href":"https:\/\/sp1lubomierz.pl\/index.php?rest_route=\/wp\/v2\/pages\/36\/revisions\/48706"}],"up":[{"embeddable":true,"href":"https:\/\/sp1lubomierz.pl\/index.php?rest_route=\/wp\/v2\/pages\/35"}],"wp:attachment":[{"href":"https:\/\/sp1lubomierz.pl\/index.php?rest_route=%2Fwp%2Fv2%2Fmedia&parent=36"}],"curies":[{"name":"wp","href":"https:\/\/api.w.org\/{rel}","templated":true}]}}