{"id":38,"date":"2013-08-27T21:16:46","date_gmt":"2013-08-27T21:16:46","guid":{"rendered":"http:\/\/sp1lubomierz.pl\/?page_id=35"},"modified":"2023-04-02T11:29:46","modified_gmt":"2023-04-02T09:29:46","slug":"patron","status":"publish","type":"page","link":"https:\/\/sp1lubomierz.pl\/?page_id=38","title":{"rendered":"Patron"},"content":{"rendered":"<h3 style=\"text-align: center;\">\u00a0 \u015aw. J\u00f3zef 0blubieniec Naj\u015bwi\u0119tszej Maryi Panny &#8211; Patron Szko\u0142y<\/h3>\n<p style=\"text-align: justify;\"><span style=\"font-size: medium;\"><a href=\"http:\/\/sp1lubomierz.pl\/wp-content\/uploads\/2013\/08\/IMG-20220117-WA0001.jpg\"><img loading=\"lazy\" decoding=\"async\" class=\"alignleft wp-image-36989 size-medium\" src=\"http:\/\/sp1lubomierz.pl\/wp-content\/uploads\/2013\/08\/IMG-20220117-WA0001-300x300.jpg\" alt=\"IMG-20220117-WA0001\" width=\"300\" height=\"300\" srcset=\"https:\/\/sp1lubomierz.pl\/wp-content\/uploads\/2013\/08\/IMG-20220117-WA0001-300x300.jpg 300w, https:\/\/sp1lubomierz.pl\/wp-content\/uploads\/2013\/08\/IMG-20220117-WA0001-150x150.jpg 150w, https:\/\/sp1lubomierz.pl\/wp-content\/uploads\/2013\/08\/IMG-20220117-WA0001-229x230.jpg 229w, https:\/\/sp1lubomierz.pl\/wp-content\/uploads\/2013\/08\/IMG-20220117-WA0001.jpg 720w\" sizes=\"auto, (max-width: 300px) 100vw, 300px\" \/><\/a>\u017bycie \u015bw. J\u00f3zefa znamy z Pisma \u015awi\u0119tego. Wspominaj\u0105 o nim Ewangeli\u015bci Mateusz i \u0141ukasz, gdy opisuj\u0105 dzieci\u0144stwo Pana Jezusa. \u015awi\u0119ty J\u00f3zef by\u0142 cz\u0142owiekiem prostym, skromnym i ubogim cho\u0107 pochodzi\u0142 z kr\u00f3lewskiego rodu Dawida. Mieszka\u0142 w ma\u0142ym galilejskim miasteczku Nazaret, gdzie wykonywa\u0142 zaw\u00f3d cie\u015bli. Nie posiada\u0142 nic z tego, co \u015bwiat ceni. Pomimo ub\u00f3stwa by\u0142 najbogatszym z wszystkich ludzi. W\u0142a\u015bnie J\u00f3zefowi B\u00f3g powierzy\u0142 w opiek\u0119 najwa\u017cniejsze i najdro\u017csze Osoby; Swego Jednorodzonego Syna Jezusa i Jego Matk\u0119 Maryj\u0119. Nikomu z ludzi nie by\u0142o dane takie wyr\u00f3\u017cnienie od Boga.<\/span><br \/><span style=\"font-size: medium;\"> Gdy by\u0142 zar\u0119czony z Maryj\u0105, \u00a0przysz\u0142o mu zmierzy\u0107 si\u0119 z wielk\u0105 tajemnic\u0105 cudownego pocz\u0119cia Jezusa. W\u00f3wczas J\u00f3zef nie kieruje si\u0119 w\u0142asn\u0105 m\u0105dro\u015bci\u0105 ale szuka odpowiedzi w S\u0142owie Boga, ca\u0142kowicie poddaje si\u0119 Jego woli. Na pierwszym miejscu stawia dobro drugiej osoby \u2013 Maryi. Us\u0142ysza\u0142 przecie\u017c odpowied\u017a: Nie b\u00f3j si\u0119 przyj\u0105\u0107 Maryi i jej Syna. Podporz\u0105dkowanie si\u0119 Bo\u017cym zamiarom musia\u0142o go wiele kosztowa\u0107. Tak jak ka\u017cdy cz\u0142owiek mia\u0142 swoje plany, swoje aspiracje. Przyj\u0119cie woli Bo\u017cej i rezygnacja z w\u0142asnych d\u0105\u017ce\u0144, jest ofiar\u0105. Prostota duszy J\u00f3zefa polega\u0142a na odwa\u017cnym i roztropnym rozwi\u0105zywaniu problem\u00f3w, \u00a0\u015bwiadczy\u0142a o jego m\u0105dro\u015bci. \u015awi\u0119ty J\u00f3zef jest wzorem dla narzeczonych, kt\u00f3rym pragnie powiedzie\u0107, by nie bali si\u0119 wprowadzi\u0107 w swoje \u017cycie Jezusa i nauki Ko\u015bcio\u0142a. W\u0142a\u015bnie tak B\u00f3g pragnie zbli\u017cy\u0107 si\u0119 do cz\u0142owieka. <\/span><br \/><span style=\"font-size: medium;\"> Zanim jeszcze urodzi\u0142 si\u0119 Jezus, ukaza\u0142o si\u0119 rozporz\u0105dzenie cesarza Augusta o spisie ludno\u015bci. Ka\u017cdy mieszkaniec by\u0142 spisywany w miejscu swego urodzenia, wiec J\u00f3zef uda\u0142 si\u0119 z Maryj\u0105 w podr\u00f3\u017c do Betlejem , sk\u0105d pochodzi\u0142. Gdy dotarli na miejsce, Maryja urodzi\u0142a Jezusa i po\u0142o\u017cy\u0142a w \u017c\u0142obie, gdy\u017c nie przyj\u0119to ich w gospodzie. \u015awi\u0119ty J\u00f3zef by\u0142 \u015bwiadkiem pok\u0142onu pasterzy. Po o\u015bmiu dniach obrzeza\u0142 Dzieci\u0119, a potem zani\u00f3s\u0142 do Jerozolimy, by przedstawi\u0107 Je Panu i z\u0142o\u017cy\u0107 ofiar\u0119 wykupuj\u0105c\u0105. Z\u0142o\u017cyli ofiar\u0119 ubogich \u2013 par\u0119 synogarlic lub dwa go\u0142\u0119bie, co wskazywa\u0142o, \u017ce nie byli zamo\u017cni.<\/span><br \/><span style=\"font-size: medium;\"> Ewangelista Mateusz zrelacjonowa\u0142 pok\u0142on M\u0119drc\u00f3w ze Wschodu. Podczas ich wizyty w stajence J\u00f3zef otrzyma\u0142 we \u015bnie nakaz natychmiastowego udania si\u0119 do Egiptu. W\u0119druje d\u0142ug\u0105 drog\u0105 do obcego kraju, by chroni\u0107 \u017cycie Jezusa, dar Boga. Czyni wszystko tak, jak B\u00f3g mu poleci\u0142. <\/span><br \/><span style=\"font-size: medium;\"> Powr\u00f3cili dopiero wtedy, gdy \u00a0po kolejnym \u015bnie J\u00f3zef dowiedzia\u0142 si\u0119 od anio\u0142a, \u017ce Herod nie \u017cyje. Osiedlili si\u0119 w Nazarecie. \u015awi\u0119ty \u0141ukasz wspomnia\u0142 \u00a0J\u00f3zefa w jeszcze jednym wydarzeniu. Gdy Jezus osi\u0105gn\u0105\u0142 wiek dwunastu lat, pierwszym miejscem, do kt\u00f3rego zabra\u0142 Go J\u00f3zef, by\u0142a \u015awi\u0105tynia Jerozolimska. Wyruszyli razem, by jak nakazywa\u0142a tradycja, celebrowa\u0107 \u015bwi\u0119to Paschy. Jezus od\u0142\u0105czy\u0142 si\u0119 od rodzic\u00f3w i zosta\u0142 po trzech dniach poszukiwa\u0144 odnaleziony w \u015awi\u0105tyni. O dalszym \u017cyciu J\u00f3zefa ewangelie milcz\u0105. <\/span><br \/><span style=\"font-size: medium;\">Prawdopodobnie zmar\u0142 wcze\u015bnie, jeszcze nim Jezus rozpocz\u0105\u0142 swe publiczne nauczanie.<\/span><br \/><span style=\"font-size: medium;\"> W Pi\u015bmie \u015awi\u0119tym nie znajdziemy \u017cadnego s\u0142owa, kt\u00f3re by \u00a0J\u00f3zef wypowiedzia\u0142, dlatego nazywany jest milcz\u0105cym \u015bwi\u0119tym. \u015awi\u0119ty J\u00f3zef kocha\u0142 milczenie, poniewa\u017c pragn\u0105\u0142 przebywa\u0107 przed obliczem Boga. Kiedy B\u00f3g go poucza za po\u015brednictwem anio\u0142\u00f3w, s\u0142ucha i wype\u0142nia rozkaz w milczeniu. To w\u0142a\u015bnie milczenie pozwoli\u0142o mu razem z Maryj\u0105 zachowywa\u0107 w sercu i rozwa\u017ca\u0107 tajemnice, kt\u00f3rych by\u0142 \u015bwiadkiem.<\/span><br \/><span style=\"font-size: medium;\"> O \u015bw. J\u00f3zefie m\u00f3wimy, \u017ce jest G\u0142ow\u0105 Naj\u015bwi\u0119tszej Rodziny i Opiekunem Jezusa. Uczy\u0142 go codziennego \u017cycia, pracy, rozmowy, spotkania z innymi lud\u017ami. K\u0142ad\u0142 fundament cz\u0142owiecze\u0144stwa Jezusa. Z jego przyk\u0142adu mog\u0105 czerpa\u0107 nauk\u0119 \u017cyciow\u0105 zw\u0142aszcza ci, kt\u00f3rzy w rodzinie, w szkole i w Ko\u015bciele pe\u0142nia rol\u0119 ojc\u00f3w i przewodnik\u00f3w. Uczy i\u015b\u0107 razem z dzieckiem ku dojrza\u0142o\u015bci. Odkrywa\u0107 przed nim s\u0142owo Boga, modlitw\u0119, liturgi\u0119, wsp\u00f3lnot\u0119 Ko\u015bcio\u0142a. Uczy prowadzi\u0107 \u015bcie\u017ck\u0105 wiary i wiedzy. Pomaga\u0107 dziecku odkry\u0107 jego powo\u0142anie. Przygotowa\u0107 do samodzielnego \u017cycia, a jednocze\u015bnie pozwoli\u0107 mu odkry\u0107 to, czego oczekuje od niego B\u00f3g. <\/span><br \/><span style=\"font-size: medium;\"> Jego posta\u0107, \u00a0uczy wszystkich jak post\u0119powa\u0107, by by\u0107: sprawiedliwym, czystym, pokornym, ofiarnym, pracowitym, \u017cyczliwym, odpowiedzialnym, opieku\u0144czym, dobrym, cichym, skromnym i wiernym, jak pi\u0119knie kocha\u0107 i mie\u0107 serce wype\u0142nione pokojem.<\/span><br \/><span style=\"font-size: medium;\"> W kalendarzu liturgicznym dni jego \u015bwi\u0119ta to 19 marca oraz 1 maja. Jest Patronem Ko\u015bcio\u0142a \u00a0powszechnego, licznych kraj\u00f3w miast i zawod\u00f3w. <\/span><br \/><span style=\"font-size: medium;\"> \u015awi\u0119ty J\u00f3zef jest przedstawiany z Dzieci\u0105tkiem na r\u0119ku, lili\u0105 w d\u0142oni. Jego atrybuty to narz\u0119dzia ciesielskie \u2013 siekiera, pi\u0142a, warsztat stolarski oraz buk\u0142ak na wod\u0119.<\/span><br \/><span style=\"font-size: medium;\"> Wielu ludzi do\u015bwiadcza szczeg\u00f3lnej opieki \u015bw. J\u00f3zefa i dzi\u0119ki jego wstawiennictwu u Boga otrzymuje wiele \u0142ask. My te\u017c pro\u015bmy go o \u0142aski modlitw\u0105 \u015bw. Bernarda ze Sieny:<\/span><br \/><em><span style=\"font-size: medium;\">Pomnij przeto na nas \u015bw. J\u00f3zefie, i twoimi modlitwami wstawiaj si\u0119 u tego, kt\u00f3ry uchodzi\u0142 za twojego Syna. Spraw tak\u017ce, aby \u0142askawa dla nas by\u0142a twoja Oblubienica Naj\u015bwi\u0119tsza Maryja Dziewica, Matka Tego, kt\u00f3ry z Ojcem i Duchem \u015awi\u0119tym \u017cyje i kr\u00f3luje na wieki wiek\u00f3w. Amen.<\/span><\/em><\/p>\n<p style=\"text-align: right;\"><span style=\"font-size: medium;\">red. s. El\u017cbieta Ciebiera<br \/>s. Anna Laska<\/span><\/p>\n<p>\u0179r\u00f3d\u0142o grafiki:<\/p>\n\n\n<p><a href=\"https:\/\/www.mikemartinezsj.com\/year-of-st-joseph-resources?fbclid=IwAR14xxkmbb_X3KXB9A2tWGSegVt57vTIB-TZyvUEviE9JK2bpFaV3i5fsK4\">https:\/\/www.mikemartinezsj.com\/year-of-st-joseph-resources?fbclid=IwAR14xxkmbb_X3KXB9A2tWGSegVt57vTIB-TZyvUEviE9JK2bpFaV3i5fsK4<\/a><\/p>\n","protected":false},"excerpt":{"rendered":"<p>\u00a0 \u015aw. J\u00f3zef 0blubieniec Naj\u015bwi\u0119tszej Maryi Panny &#8211; Patron Szko\u0142y \u017bycie \u015bw. J\u00f3zefa znamy z Pisma \u015awi\u0119tego. Wspominaj\u0105 o nim Ewangeli\u015bci Mateusz i \u0141ukasz, gdy opisuj\u0105 dzieci\u0144stwo Pana Jezusa. \u015awi\u0119ty J\u00f3zef by\u0142 cz\u0142owiekiem prostym, skromnym i ubogim cho\u0107 pochodzi\u0142 z kr\u00f3lewskiego rodu Dawida. Mieszka\u0142 w ma\u0142ym galilejskim miasteczku Nazaret, gdzie wykonywa\u0142 zaw\u00f3d cie\u015bli. Nie posiada\u0142 [&hellip;]<\/p>\n","protected":false},"author":2,"featured_media":0,"parent":33,"menu_order":3,"comment_status":"closed","ping_status":"closed","template":"","meta":{"ngg_post_thumbnail":0,"footnotes":""},"class_list":["post-38","page","type-page","status-publish","hentry"],"_links":{"self":[{"href":"https:\/\/sp1lubomierz.pl\/index.php?rest_route=\/wp\/v2\/pages\/38","targetHints":{"allow":["GET"]}}],"collection":[{"href":"https:\/\/sp1lubomierz.pl\/index.php?rest_route=\/wp\/v2\/pages"}],"about":[{"href":"https:\/\/sp1lubomierz.pl\/index.php?rest_route=\/wp\/v2\/types\/page"}],"author":[{"embeddable":true,"href":"https:\/\/sp1lubomierz.pl\/index.php?rest_route=\/wp\/v2\/users\/2"}],"replies":[{"embeddable":true,"href":"https:\/\/sp1lubomierz.pl\/index.php?rest_route=%2Fwp%2Fv2%2Fcomments&post=38"}],"version-history":[{"count":10,"href":"https:\/\/sp1lubomierz.pl\/index.php?rest_route=\/wp\/v2\/pages\/38\/revisions"}],"predecessor-version":[{"id":42555,"href":"https:\/\/sp1lubomierz.pl\/index.php?rest_route=\/wp\/v2\/pages\/38\/revisions\/42555"}],"up":[{"embeddable":true,"href":"https:\/\/sp1lubomierz.pl\/index.php?rest_route=\/wp\/v2\/pages\/33"}],"wp:attachment":[{"href":"https:\/\/sp1lubomierz.pl\/index.php?rest_route=%2Fwp%2Fv2%2Fmedia&parent=38"}],"curies":[{"name":"wp","href":"https:\/\/api.w.org\/{rel}","templated":true}]}}