{"id":39,"date":"2013-08-27T21:17:10","date_gmt":"2013-08-27T19:17:10","guid":{"rendered":"http:\/\/sp1lubomierz.pl\/?page_id=37"},"modified":"2026-02-19T12:38:14","modified_gmt":"2026-02-19T11:38:14","slug":"plan-lekcji","status":"publish","type":"page","link":"https:\/\/sp1lubomierz.pl\/?page_id=39","title":{"rendered":"Plan lekcji"},"content":{"rendered":"<p style=\"text-align: center;\"><strong><span style=\"font-size: medium;\"><span style=\"color: #ff0000;\">AKTUALNY PLAN LEKCJI NA ROK SZKOLNY 2025\/2026<br \/>\n<\/span><\/span><span style=\"font-size: medium;\">obowi\u0105zuj\u0105cy w Szkole Podstawowej nr 1 im. \u015bw. J\u00f3zefa w Lubomierzu<br \/>\nod dnia 16 lutego 2026r. <\/span><\/strong><\/p>\n<p style=\"text-align: center;\"><strong><span style=\"font-size: medium;\">Zobacz:<\/span><\/strong><\/p>\n<h1 style=\"text-align: center;\"><a href=\"http:\/\/sp1lubomierz.pl\/wp-content\/uploads\/2026\/02\/Podz-godz-Kl-16.02.26r-2.pdf\">Plan Lekcji dla klas I-VIII 2025_2026<\/a><\/h1>\n<h1 style=\"text-align: center;\"><a href=\"http:\/\/sp1lubomierz.pl\/wp-content\/uploads\/2025\/09\/0-Podz-godz-15.09.25-r.pdf\">Podzia\u0142 godzin oddzia\u0142y przedszkolne 2025-2026<\/a><\/h1>\n<h2 style=\"text-align: center;\">&nbsp;<\/h2>\n<h2 style=\"text-align: left;\">&nbsp;<\/h2>\n","protected":false},"excerpt":{"rendered":"<p>AKTUALNY PLAN LEKCJI NA ROK SZKOLNY 2025\/2026 obowi\u0105zuj\u0105cy w Szkole Podstawowej nr 1 im. \u015bw. J\u00f3zefa w Lubomierzu od dnia 16 lutego 2026r. Zobacz: Plan Lekcji dla klas I-VIII 2025_2026 Podzia\u0142 godzin oddzia\u0142y przedszkolne 2025-2026 &nbsp; &nbsp;<\/p>\n","protected":false},"author":2,"featured_media":0,"parent":33,"menu_order":11,"comment_status":"open","ping_status":"open","template":"","meta":{"ngg_post_thumbnail":0,"footnotes":""},"class_list":["post-39","page","type-page","status-publish","hentry"],"_links":{"self":[{"href":"https:\/\/sp1lubomierz.pl\/index.php?rest_route=\/wp\/v2\/pages\/39","targetHints":{"allow":["GET"]}}],"collection":[{"href":"https:\/\/sp1lubomierz.pl\/index.php?rest_route=\/wp\/v2\/pages"}],"about":[{"href":"https:\/\/sp1lubomierz.pl\/index.php?rest_route=\/wp\/v2\/types\/page"}],"author":[{"embeddable":true,"href":"https:\/\/sp1lubomierz.pl\/index.php?rest_route=\/wp\/v2\/users\/2"}],"replies":[{"embeddable":true,"href":"https:\/\/sp1lubomierz.pl\/index.php?rest_route=%2Fwp%2Fv2%2Fcomments&post=39"}],"version-history":[{"count":59,"href":"https:\/\/sp1lubomierz.pl\/index.php?rest_route=\/wp\/v2\/pages\/39\/revisions"}],"predecessor-version":[{"id":49412,"href":"https:\/\/sp1lubomierz.pl\/index.php?rest_route=\/wp\/v2\/pages\/39\/revisions\/49412"}],"up":[{"embeddable":true,"href":"https:\/\/sp1lubomierz.pl\/index.php?rest_route=\/wp\/v2\/pages\/33"}],"wp:attachment":[{"href":"https:\/\/sp1lubomierz.pl\/index.php?rest_route=%2Fwp%2Fv2%2Fmedia&parent=39"}],"curies":[{"name":"wp","href":"https:\/\/api.w.org\/{rel}","templated":true}]}}