{"id":40,"date":"2013-08-27T21:17:49","date_gmt":"2013-08-27T19:17:49","guid":{"rendered":"http:\/\/sp1lubomierz.pl\/?page_id=39"},"modified":"2025-09-19T14:27:37","modified_gmt":"2025-09-19T12:27:37","slug":"dla-rodzicow","status":"publish","type":"page","link":"https:\/\/sp1lubomierz.pl\/?page_id=40","title":{"rendered":"Rodzice"},"content":{"rendered":"<h2 style=\"text-align: center;\"><a href=\"http:\/\/sp1lubomierz.pl\/wp-content\/uploads\/2024\/01\/PROCEDURA-ZWALNIANIA-UCZNI\u00d3W-W-CZASIE-ZAJ\u0118\u0106-LEKCYJNYCH.pdf\">Procedura zwalniania uczni\u00f3w w czasie zaj\u0119\u0107 lekcyjnych + Za\u0142\u0105cznik nr 1<\/a><\/h2>\n<h2 style=\"text-align: center;\"><a href=\"http:\/\/sp1lubomierz.pl\/?p=34122\">Karty zapisu<\/a><\/h2>\n<h2 style=\"text-align: center;\"><a title=\"Wz\u00f3r usprawiedliwienia\" href=\"http:\/\/sp1lubomierz.pl\/?page_id=23376\">Wz\u00f3r usprawiedliwienia <\/a><\/h2>\n<h2 style=\"text-align: center;\"><a href=\"http:\/\/sp1lubomierz.pl\/?page_id=20796\">Wniosek\/ Polisa NNW<\/a><\/h2>\n<h2 style=\"text-align: center;\"><a href=\"https:\/\/www.gov.pl\/web\/edukacja\/kalendarz-roku-szkolnego-20252026\"><strong>Kalendarz roku szkolnego 2025\/2026<\/strong><\/a><\/h2>\n<h2 style=\"text-align: center;\"><a href=\"https:\/\/www.cke.edu.pl\/egzamin-osmoklasisty\/o-egzaminie\/\">Informacja o egzaminie \u00f3smoklasisty<\/a><\/h2>\n<h2 style=\"text-align: center;\"><a href=\"http:\/\/sp1lubomierz.pl\/wp-content\/uploads\/2013\/08\/Przeci\u0105\u017cone-plecaki-uczni\u00f3w.docx\">Przeci\u0105\u017cone plecaki uczni\u00f3w<\/a><\/h2>\n<h2 style=\"text-align: center;\"><a href=\"http:\/\/sp1lubomierz.pl\/?page_id=47\">Dodatkowe dni wolne<\/a><\/h2>\n<h2 style=\"text-align: center;\"><a href=\"http:\/\/sp1lubomierz.pl\/?page_id=35373\">Sk\u0142ad Rady Rodzic\u00f3w<\/a><\/h2>\n<h2 style=\"text-align: center;\"><a href=\"http:\/\/sp1lubomierz.pl\/wp-content\/uploads\/2024\/12\/Regulamin-Rady-Rodzicow.pdf\">Regulamin Rady Rodzic\u00f3w<\/a><\/h2>\n<p>&nbsp;<\/p>\n","protected":false},"excerpt":{"rendered":"<p>Procedura zwalniania uczni\u00f3w w czasie zaj\u0119\u0107 lekcyjnych + Za\u0142\u0105cznik nr 1 Karty zapisu Wz\u00f3r usprawiedliwienia Wniosek\/ Polisa NNW Kalendarz roku szkolnego 2025\/2026 Informacja o egzaminie \u00f3smoklasisty Przeci\u0105\u017cone plecaki uczni\u00f3w Dodatkowe dni wolne Sk\u0142ad Rady Rodzic\u00f3w Regulamin Rady Rodzic\u00f3w &nbsp;<\/p>\n","protected":false},"author":2,"featured_media":0,"parent":0,"menu_order":6,"comment_status":"open","ping_status":"open","template":"","meta":{"ngg_post_thumbnail":0,"footnotes":""},"class_list":["post-40","page","type-page","status-publish","hentry"],"_links":{"self":[{"href":"https:\/\/sp1lubomierz.pl\/index.php?rest_route=\/wp\/v2\/pages\/40","targetHints":{"allow":["GET"]}}],"collection":[{"href":"https:\/\/sp1lubomierz.pl\/index.php?rest_route=\/wp\/v2\/pages"}],"about":[{"href":"https:\/\/sp1lubomierz.pl\/index.php?rest_route=\/wp\/v2\/types\/page"}],"author":[{"embeddable":true,"href":"https:\/\/sp1lubomierz.pl\/index.php?rest_route=\/wp\/v2\/users\/2"}],"replies":[{"embeddable":true,"href":"https:\/\/sp1lubomierz.pl\/index.php?rest_route=%2Fwp%2Fv2%2Fcomments&post=40"}],"version-history":[{"count":73,"href":"https:\/\/sp1lubomierz.pl\/index.php?rest_route=\/wp\/v2\/pages\/40\/revisions"}],"predecessor-version":[{"id":48856,"href":"https:\/\/sp1lubomierz.pl\/index.php?rest_route=\/wp\/v2\/pages\/40\/revisions\/48856"}],"wp:attachment":[{"href":"https:\/\/sp1lubomierz.pl\/index.php?rest_route=%2Fwp%2Fv2%2Fmedia&parent=40"}],"curies":[{"name":"wp","href":"https:\/\/api.w.org\/{rel}","templated":true}]}}