{"id":40155,"date":"2022-09-02T05:51:56","date_gmt":"2022-09-02T03:51:56","guid":{"rendered":"http:\/\/sp1lubomierz.pl\/?page_id=40155"},"modified":"2023-06-06T08:17:24","modified_gmt":"2023-06-06T06:17:24","slug":"rok-szkolny-20222023","status":"publish","type":"page","link":"https:\/\/sp1lubomierz.pl\/?page_id=40155","title":{"rendered":"Rok szkolny 2022\/2023"},"content":{"rendered":"<h2 style=\"text-align: center;\"><a href=\"http:\/\/sp1lubomierz.pl\/?page_id=40158\">Wrzesie\u0144 2022<\/a><\/h2>\n<h2 style=\"text-align: center;\"><a href=\"http:\/\/sp1lubomierz.pl\/?page_id=40369\">Pa\u017adziernik 2022<\/a><\/h2>\n<h2 style=\"text-align: center;\"><a href=\"http:\/\/sp1lubomierz.pl\/?page_id=41308\">Listopad 2022<\/a><\/h2>\n<h2 style=\"text-align: center;\"><a href=\"http:\/\/sp1lubomierz.pl\/?page_id=41874\">Grudzie\u0144 2022<\/a><\/h2>\n<h2 style=\"text-align: center;\"><a href=\"http:\/\/sp1lubomierz.pl\/?page_id=42026\">Stycze\u0144 2023<\/a><\/h2>\n<h2 style=\"text-align: center;\"><a href=\"http:\/\/sp1lubomierz.pl\/?page_id=42205\">Luty 2023<\/a><\/h2>\n<h2 style=\"text-align: center;\"><a href=\"http:\/\/sp1lubomierz.pl\/?page_id=42394\">Marzec 2023<\/a><\/h2>\n<h2 style=\"text-align: center;\"><a href=\"http:\/\/sp1lubomierz.pl\/?page_id=42590\">Kwiecie\u0144 2023<\/a><\/h2>\n<h2 style=\"text-align: center;\"><a href=\"http:\/\/sp1lubomierz.pl\/?page_id=42853\">Maj 2023<\/a><\/h2>\n<h2 style=\"text-align: center;\"><a href=\"http:\/\/sp1lubomierz.pl\/?page_id=42966\">Czerwiec 2023<\/a><\/h2>\n","protected":false},"excerpt":{"rendered":"<p>Wrzesie\u0144 2022 Pa\u017adziernik 2022 Listopad 2022 Grudzie\u0144 2022 Stycze\u0144 2023 Luty 2023 Marzec 2023 Kwiecie\u0144 2023 Maj 2023 Czerwiec 2023<\/p>\n","protected":false},"author":1,"featured_media":0,"parent":0,"menu_order":0,"comment_status":"closed","ping_status":"open","template":"","meta":{"ngg_post_thumbnail":0,"footnotes":""},"class_list":["post-40155","page","type-page","status-publish","hentry"],"_links":{"self":[{"href":"https:\/\/sp1lubomierz.pl\/index.php?rest_route=\/wp\/v2\/pages\/40155","targetHints":{"allow":["GET"]}}],"collection":[{"href":"https:\/\/sp1lubomierz.pl\/index.php?rest_route=\/wp\/v2\/pages"}],"about":[{"href":"https:\/\/sp1lubomierz.pl\/index.php?rest_route=\/wp\/v2\/types\/page"}],"author":[{"embeddable":true,"href":"https:\/\/sp1lubomierz.pl\/index.php?rest_route=\/wp\/v2\/users\/1"}],"replies":[{"embeddable":true,"href":"https:\/\/sp1lubomierz.pl\/index.php?rest_route=%2Fwp%2Fv2%2Fcomments&post=40155"}],"version-history":[{"count":11,"href":"https:\/\/sp1lubomierz.pl\/index.php?rest_route=\/wp\/v2\/pages\/40155\/revisions"}],"predecessor-version":[{"id":42968,"href":"https:\/\/sp1lubomierz.pl\/index.php?rest_route=\/wp\/v2\/pages\/40155\/revisions\/42968"}],"wp:attachment":[{"href":"https:\/\/sp1lubomierz.pl\/index.php?rest_route=%2Fwp%2Fv2%2Fmedia&parent=40155"}],"curies":[{"name":"wp","href":"https:\/\/api.w.org\/{rel}","templated":true}]}}