{"id":40337,"date":"2022-10-04T14:09:49","date_gmt":"2022-10-04T12:09:49","guid":{"rendered":"http:\/\/sp1lubomierz.pl\/?page_id=40337"},"modified":"2023-06-22T00:36:58","modified_gmt":"2023-06-21T22:36:58","slug":"bo-w-przedszkolu-fajnie-jest-2","status":"publish","type":"page","link":"https:\/\/sp1lubomierz.pl\/?page_id=40337","title":{"rendered":"Bo w przedszkolu fajnie jest"},"content":{"rendered":"\n<h2 class=\"wp-block-heading\" style=\"text-align:center\">Dzie\u0144 Rodziny<\/h2>\n\n\n<p style=\"text-align: justify;\">Dzie\u0144 Rodziny to dzie\u0144 wyj\u0105tkowy, pe\u0142en \u017cycze\u0144, u\u015bmiech\u00f3w, rado\u015bci, ale i niespodzianek \u2026<\/p>\n<p style=\"text-align: justify;\">W Naszym Przedszkolu r\u00f3wnie\u017c nie zabrak\u0142o atrakcji, wybrali\u015bmy si\u0119 wsp\u00f3lnie z rodzicami&nbsp; na pole biwakowe na polanie Trusi\u00f3wka. Dzieci rozpocz\u0119\u0142y \u015bwi\u0119towanie od zabawy w podchody. Mali poszukiwacze skarb\u00f3w, z wielkim zapa\u0142em odnajdywali kolejne wskaz\u00f3wki, a\u017c wreszcie odkryli tajemnicz\u0105 skrzyni\u0119 z niespodziank\u0105. Tego dnia nie zabrak\u0142o wsp\u00f3lnych zabaw muzyczno-ruchowych. Jak zawsze wzbudzi\u0142y one olbrzymie emocje i wybuchy salw \u015bmiechu. Przedszkolaki mog\u0142y r\u00f3wnie\u017c namalowa\u0107 na foli swoje marzenia lub po prostu artystycznie si\u0119 wyszale\u0107. Najwi\u0119cej rado\u015bci sprawi\u0142a najm\u0142odszym zabawa na zje\u017cd\u017calni dmuchanej, malowanie tatua\u017cy, a tak\u017ce modelowanie balon\u00f3w. Przedszkolaki ch\u0119tnie cz\u0119stowa\u0142y si\u0119 popcornem i ciasteczkami. Na rodzic\u00f3w czeka\u0142a mi\u0142a niespodzianka przygotowana przez dzieci \u2013 wyst\u0119p artystyczny i upominek. W tym wspania\u0142ym dniu znalaz\u0142 si\u0119 r\u00f3wnie\u017c czas na kr\u00f3tki odpoczynek i posilenie si\u0119 kie\u0142bask\u0105 z grilla. To by\u0142 wspania\u0142y dzie\u0144, pe\u0142en mi\u0142o\u015bci i wsp\u00f3lnej zabawy!<\/p>\n<p style=\"text-align: right;\">red. Anna Ko\u0142odziejczyk<br>Renata Ogiela<br>Agnieszka W\u0105cha\u0142a<br>Zuzanna Wojtyczka<\/p>\n\n\n<figure class=\"wp-block-embed-youtube wp-block-embed is-type-video is-provider-youtube wp-embed-aspect-4-3 wp-has-aspect-ratio\"><div class=\"wp-block-embed__wrapper\">\n<iframe loading=\"lazy\" title=\"Dzie\u0144 Rodziny\" width=\"500\" height=\"375\" src=\"https:\/\/www.youtube.com\/embed\/fuQYb4-JSQI?feature=oembed\" frameborder=\"0\" allow=\"accelerometer; autoplay; clipboard-write; encrypted-media; gyroscope; picture-in-picture; web-share\" referrerpolicy=\"strict-origin-when-cross-origin\" allowfullscreen><\/iframe>\n<\/div><\/figure>\n\n\n<h2 style=\"text-align: center;\"><a title=\"Permanent Link to Wyniki Powiatowego Konkursu Plastycznego pt.&nbsp;\u201eSk\u0105d si\u0119 bior\u0105 produkty ekologiczne?\u201d\" href=\"http:\/\/sp1lubomierz.pl\/?p=41900\" rel=\"bookmark\">Wyniki Powiatowego Konkursu Plastycznego pt.&nbsp;\u201eSk\u0105d si\u0119 bior\u0105 produkty ekologiczne?\u201d<\/a><\/h2>\n<h4 style=\"text-align: center;\"><a href=\"http:\/\/sp1lubomierz.pl\/wp-content\/uploads\/2022\/12\/319996739_1205435200378924_5954541828260750684_n.jpg\"><img loading=\"lazy\" decoding=\"async\" class=\"aligncenter wp-image-41907 size-medium\" src=\"http:\/\/sp1lubomierz.pl\/wp-content\/uploads\/2022\/12\/319996739_1205435200378924_5954541828260750684_n-300x192.jpg\" alt=\"\" width=\"300\" height=\"192\" srcset=\"https:\/\/sp1lubomierz.pl\/wp-content\/uploads\/2022\/12\/319996739_1205435200378924_5954541828260750684_n-300x192.jpg 300w, https:\/\/sp1lubomierz.pl\/wp-content\/uploads\/2022\/12\/319996739_1205435200378924_5954541828260750684_n-768x491.jpg 768w, https:\/\/sp1lubomierz.pl\/wp-content\/uploads\/2022\/12\/319996739_1205435200378924_5954541828260750684_n-360x230.jpg 360w, https:\/\/sp1lubomierz.pl\/wp-content\/uploads\/2022\/12\/319996739_1205435200378924_5954541828260750684_n.jpg 800w\" sizes=\"auto, (max-width: 300px) 100vw, 300px\" \/><\/a><\/h4>\n<p style=\"text-align: center;\"><strong>~~~~~~~~~~~~~~~~~~~~~~~~~~<\/strong><\/p>\n<h2 style=\"text-align: center;\"><strong>Bezpieczny przedszkolak na drodze<\/strong><\/h2>\n<p style=\"text-align: justify;\">21 pa\u017adziernika dzieci z oddzia\u0142\u00f3w przedszkolnych uczestniczyli w spotkaniu z funkcjonariuszem Zespo\u0142u ds. Nieletnich i Patologii Komendy Powiatowej Policji w Limanowej m\u0142. asp. Dariuszem Cib\u0105.<\/p>\n<p style=\"text-align: justify;\">Pan policjant przypomnia\u0142 przedszkolakom najwa\u017cniejsze zasady dotycz\u0105ce bezpiecznego poruszania si\u0119 po drogach, o prawid\u0142owym przechodzeniu przez ulic\u0119, w\u0142a\u015bciwym zachowaniu si\u0119 na przej\u015bciach dla pieszych, konieczno\u015bci u\u017cywania fotelik\u00f3w i zapinania pas\u00f3w podczas jazdy samochodem oraz zach\u0119ci\u0142 do noszenia element\u00f3w odblaskowych. Nast\u0119pnie wyt\u0142umaczy\u0142 jak nale\u017cy zachowa\u0107 si\u0119 w kontaktach z obcymi lud\u017ami, jak dba\u0107 o bezpiecze\u0144stwo w\u0142asne i innych oraz do kogo zwraca\u0107 si\u0119 o pomoc w sytuacji zagro\u017cenia.<\/p>\n<p style=\"text-align: right;\">red. Agnieszka W\u0105cha\u0142a<\/p>\n<p style=\"text-align: left;\"><p>Invalid Displayed Gallery<\/p><\/p>\n<p style=\"text-align: center;\"><strong>~~~~~~~~~~~~~~~~~~~~~~~~~~~~~~~~~~~~~~~~~<\/strong><\/p>\n<h2 style=\"text-align: center;\"><strong>Poznajemy prac\u0119 stra\u017caka<\/strong><\/h2>\n<p style=\"text-align: justify;\">Jednym z cel\u00f3w podstawy programowej wychowania przedszkolnego jest wdra\u017canie dzieci do dba\u0142o\u015bci o bezpiecze\u0144stwo w\u0142asne oraz innych. 12 pa\u017adziernika dzieci z oddzia\u0142\u00f3w przedszkolnych odwiedzi\u0142 Pan Pawe\u0142 Hybel pracownik Pa\u0144stwowej Stra\u017cy Po\u017carnej w Limanowej.<\/p>\n<p>Wizyta pana Paw\u0142a wzbudzi\u0142a ogromne zainteresowanie dzieci. W trakcie spotkania przedszkolaki zaznajomili si\u0119 prac\u0105 zawodow\u0105 stra\u017cak\u00f3w, przestrzeganiem zakaz\u00f3w, zachowaniem bezpiecze\u0144stwa w czasie po\u017caru, burzy oraz wypadku. Dzieci dowiedzia\u0142y si\u0119 w jakich okoliczno\u015bciach mo\u017cna wzywa\u0107 stra\u017c po\u017carn\u0105, \u017ce stra\u017cacy nie tylko gasz\u0105 po\u017cary, ale r\u00f3wnie\u017c s\u0105 wzywani do wypadk\u00f3w samochodowych, do zalanych dom\u00f3w, powalonych drzew, a tak\u017ce ratuj\u0105 zwierz\u0119ta.<\/p>\n<p>Wiedza, kt\u00f3r\u0105 dzieci naby\u0142y utrwalana b\u0119dzie przy ka\u017cdej okazji podczas zaj\u0119\u0107, by nabra\u0142y pewno\u015bci siebie w trudnych sytuacjach i mog\u0142y udzieli\u0107 pomocy sobie i innym. Dzi\u0119ki takim spotkaniom dzieci wiedz\u0105, jak dba\u0107 o bezpiecze\u0144stwo swoje i innych, zaznajamiaj\u0105 si\u0119 z sytuacjami, w kt\u00f3rych nale\u017cy korzysta\u0107 z numer\u00f3w alarmowych. Przedszkolaki utrwali\u0142y sobie numer telefonu do Stra\u017cy Po\u017carnej \u2013 998 i numer alarmowy \u2013 112.\n<\/p>\n<p style=\"text-align: right;\">red. Agnieszka W\u0105cha\u0142a<\/p>\n<p style=\"text-align: left;\"><p>Invalid Displayed Gallery<\/p><\/p>\n<p style=\"text-align: center;\"><strong>~~~~~~~~~~~~~~~~~~~~~~~~~~~~~~~~~~~~~~~~~<\/strong><\/p>\n<h2 style=\"text-align: center;\"><strong>Z wizyt\u0105 w bibliotece<\/strong><\/h2>\n<p style=\"text-align: justify;\">Wiek przedszkolny jest doskona\u0142ym okresem na rozbudzanie w\u015br\u00f3d najm\u0142odszych zainteresowa\u0144 czytelniczych. 3 pa\u017adziernika przedszkolaki wybra\u0142y si\u0119 do biblioteki szkolnej. Celem wizyty by\u0142o przybli\u017cenie dzieciom zawodu bibliotekarza i funkcjonowania biblioteki, poznanie zasad korzystania z ksi\u0105\u017cek.<\/p>\n<p style=\"text-align: justify;\">Spotkanie rozpocz\u0119\u0142o si\u0119 od zapoznania dzieci z zasadami zachowania si\u0119 w bibliotece. Nast\u0119pnie pani Gra\u017cynka, w ciekawy spos\u00f3b opowiedzia\u0142a uczniom o swojej pracy. Om\u00f3wi\u0142a zasady korzystania z biblioteki i przedstawi\u0142a najciekawszy ksi\u0119gozbi\u00f3r dla najm\u0142odszych. Przedszkolaki z zainteresowaniem wys\u0142uchali wszystkich informacji, a tak\u017ce opowiada\u0144 czytanych przez pani\u0105 Gra\u017cynk\u0119.<\/p>\n<p style=\"text-align: right;\">red. Agnieszka W\u0105cha\u0142a<\/p>\n<p style=\"text-align: left;\"><p>Invalid Displayed Gallery<\/p><\/p>\n<p style=\"text-align: center;\">&nbsp;&nbsp;<strong>~~~~~~~~~~~~~~~~~~~~~~~~~~~~~~~~~~~~~~~~~<\/strong><\/p>\n<h3 style=\"text-align: center;\">Konkurs plastyczny na lapbooka pt. <strong>\u201eBohaterowie przedszkolnej biblioteczki\u201d<\/strong><\/h3>\n<p style=\"text-align: left;\">3 listopada 2022r. w naszych oddzia\u0142ach przedszkolnych odby\u0142o si\u0119 uroczyste rozstrzygni\u0119cie konkursu plastycznego na lapbooka pt. <strong>\u201eBohaterowie przedszkolnej biblioteczki\u201d<\/strong> Konkurs zosta\u0142 zorganizowany w ramach realizacji za\u0142o\u017ce\u0144 \u201eNarodowego Programu Rozwoju czytelnictwa 2.0. na lata 2021-2025\u201d.<\/p>\n<p style=\"text-align: left;\">Celem konkursu by\u0142o:<br>\n1. Popularyzacja czytelnictwa w\u015br\u00f3d dzieci.<br>\n2. Rozwijanie wyobra\u017ani oraz umiej\u0119tno\u015bci wypowiedzi artystycznej.<br>\n3. Rozwijanie kreatywno\u015bci i tw\u00f3rczo\u015bci plastycznej w\u015br\u00f3d dzieci.<br>\n4. Budzenie wra\u017cliwo\u015bci estetycznej.<br>\n5. Doskonalenie my\u015blenia logicznego i \u0142\u0105czenia fakt\u00f3w.<br>\n6. W\u0142\u0105czenie si\u0119 w realizacj\u0119 za\u0142o\u017ce\u0144 \u201eNarodowego Programu Rozwoju Czytelnictwa 2.0. na lata 2021-2025\u201d.<\/p>\n<p style=\"text-align: left;\">W konkursie plastycznym wzi\u0119\u0142o udzia\u0142 15 dzieci. Jury w sk\u0142adzie: p. Ma\u0142gorzata Kawecka &#8211; polonistka, p. Dorota W\u0119gielska &#8211; polonistka oraz p. Natalia Kuziel \u2013 nauczyciel j\u0119zyk\u00f3w obcych, wy\u0142oni\u0142o nast\u0119puj\u0105cych zwyci\u0119zc\u00f3w:<\/p>\n<p style=\"text-align: left;\">I miejsce \u2013 Leon Jania (gr. Dzielne Smerfy)<br>\nII miejsce \u2013 Gabriela i Zuzanna Foks (gr. \u015awiat Szkrab\u00f3w)<br>\nIII miejsce \u2013 Nikola Kacik (gr. M\u0105dre S\u00f3wki)<br>\nIII miejsce \u2013 Filip Wojtyczzka (gr. Dzielne Smerfy)<\/p>\n<p style=\"text-align: left;\">Wyr\u00f3\u017cnienia: Kornelia Kuczaj, Anna Kowalczyk, Anna Ogiela, Kinga Malarz, Joanna Z\u0142ydaszyk, Antoni Wojtyczka, Jakub Krzysztof, Oliwia Potaczek, Maksymilian Nowakowski, Maja Kowalczyk, Franciszek Ko\u0142odziejczyk.<\/p>\n<p style=\"text-align: left;\">Dzieci otrzyma\u0142y dyplomy oraz nagrody rzeczowe. Praca, kt\u00f3ra otrzyma\u0142a I miejsce zostanie wys\u0142ana na konkurs o tej samej tematyce, kt\u00f3rego organizatorem jest Pedagogiczna Biblioteka Wojew\u00f3dzka w Nowym S\u0105czu &#8211; Filia w Limanowej.<\/p>\n<p style=\"text-align: left;\">Serdecznie gratulujemy!!!<\/p>\n<p style=\"text-align: right;\">&nbsp;red. Renata Ogiela<\/p>\n<p style=\"text-align: center;\">&nbsp;<strong>~~~~~~~~~~~~~~~~~~~~~~~~~~~~~~~~~~~~~~~~~<\/strong><\/p>\n<h3 style=\"text-align: center;\">Wycieczka do&nbsp;pracowni reklamy PR-PRINT<\/h3>\n<p style=\"text-align: justify;\">26 pa\u017adziernika nasze oddzia\u0142y przedszkolne wybra\u0142y si\u0119 na wycieczk\u0119 do pracowni reklamy PR-PRINT w Lubomierzu w ramach doradztwa zawodowego realizowanego w naszym przedszkolu. Na miejsce naszej podr\u00f3\u017cy dotarli\u015bmy autokarem, gdzie czekali na nas w\u0142a\u015bciciele firmy. G\u0142\u00f3wnym celem wycieczki by\u0142o zapoznanie z pracowni\u0105 reklamy oraz prac\u0105 wykonywan\u0105 przez grafik\u00f3w komputerowych. Dzieci po raz pierwszy mog\u0142y zobaczy\u0107 profesjonalne i nowoczesne maszyny poligraficzne. Wielko\u015b\u0107 urz\u0105dze\u0144 wzbudzi\u0142y u przedszkolak\u00f3w podziw i zdziwienie. Wszyscy z zaciekawieniem bacznie obserwowali prac\u0119 Pani Stanis\u0142awy oraz Pana Grzegorza podczas procesu powstawania naklejek z logo naszych oddzia\u0142\u00f3w przedszkolnych, podczas pracy lasera CO2 oraz frezarki s\u0142u\u017c\u0105cych do wygrawerowania i ci\u0119cia r\u00f3\u017cnego rodzaju materia\u0142u. Ostatnim miejscem w pracowni by\u0142 pokaz prasy termotransferowej tzn. urz\u0105dzenia, kt\u00f3re s\u0142u\u017cy do przeniesienia grafiki na wybrany materia\u0142. Dzi\u0119ki niej ka\u017cdy przedszkolak m\u00f3g\u0142 bra\u0107 udzia\u0142 w procesie personalizacji koszulek. Po zako\u0144czeniu pracy wszyscy otrzymali w prezencie koszulk\u0119 ze swoim imieniem wykonanej podczas naszej wizyty oraz wspania\u0142e kolorowe naklejki. Przedszkolaki wr\u00f3cili zadowoleni z baga\u017cem nowej wiedzy i do\u015bwiadcze\u0144.<\/p>\n<p style=\"text-align: justify;\">Serdecznie dzi\u0119kujemy Pani Stanis\u0142awie oraz Panu Grzegorzowi za mi\u0142e przyj\u0119cie i oprowadzenie wycieczki, a tak\u017ce za sympatyczn\u0105 atmosfer\u0119.<\/p>\n<p style=\"text-align: right;\">red. Renata Ogiela<\/p>\n<p style=\"text-align: left;\"><p>Invalid Displayed Gallery<\/p><\/p>\n<p style=\"text-align: center;\"><strong>~~~~~~~~~~~~~~~~~~~~~~~~~~~~~~~~~~~~~~~~~<\/strong><\/p>\n<h3 style=\"text-align: left;\"><strong><p>Invalid Displayed Gallery<\/p><\/strong><\/h3>\n<p style=\"text-align: left;\"><strong>~~~~~~~~~~~~~~~~~~~~~~~~~~~~~~~~~~~~~~~~~<\/strong><\/p>\n<h3 style=\"text-align: center;\">Barber w naszym przedszkolu \u2013 w ramach doradztwa zawodowego<\/h3>\n<p style=\"text-align: justify;\">Doros\u0142ym wizyta u fryzjera kojarzy si\u0119 z przyjemno\u015bci\u0105 \u2013 masa\u017cem g\u0142owy i chwil\u0105 relaksu. Efektem jest wspania\u0142a fryzura i dobre samopoczucie. Zupe\u0142nie inne zdanie mog\u0105 mie\u0107 na ten temat dzieci. Bywa, \u017ce w wieku przedszkolnym s\u0105 przekonane o tym, \u017ce obcinanie w\u0142os\u00f3w boli \u2013 skoro rozczesywanie nie jest przyjemne, to jakie ma by\u0107 ci\u0119cie? W tym tygodniu mieli\u015bmy te\u017c przyjemno\u015b\u0107 go\u015bci\u0107 mam\u0119 Oliwki , kt\u00f3ra przybli\u017cy\u0142a dzieciom zaw\u00f3d barbera, opowiedzia\u0142a o ro\u017cnych akcesoriach i narz\u0119dziach potrzebnych do tej pracy. Na zako\u0144czenie pokazu, na g\u0142owach dzieci \u201d jak prawdziwy magik\u201d wyczarowa\u0142a fantazyjne fryzury. Dla przedszkolak\u00f3w by\u0142a to bardzo wa\u017cna i cenna lekcja, gdy\u017c mia\u0142y okazj\u0119 podpatrze\u0107 trudn\u0105, wymagaj\u0105c\u0105 precyzji i cierpliwo\u015bci prac\u0119 barbera. Dzi\u0119kujemy bardzo Pani Kasi za po\u015bwi\u0119cony czas, i pi\u0119kne fryzury.<\/p>\n<p style=\"text-align: right;\">&nbsp;red. Renata Ogiela<\/p>\n<p style=\"text-align: left;\"><p>Invalid Displayed Gallery<\/p><\/p>\n<p style=\"text-align: left;\"><strong>~~~~~~~~~~~~~~~~~~~~~~~~~~~~~~~~~~~~~~~~~<\/strong><\/p>\n<p style=\"text-align: left;\"><p>Invalid Displayed Gallery<\/p><\/p>\n<p style=\"text-align: left;\"><p>Invalid Displayed Gallery<\/p><\/p>\n<p style=\"text-align: left;\"><\/p>","protected":false},"excerpt":{"rendered":"<p>Dzie\u0144 Rodziny Dzie\u0144 Rodziny to dzie\u0144 wyj\u0105tkowy, pe\u0142en \u017cycze\u0144, u\u015bmiech\u00f3w, rado\u015bci, ale i niespodzianek \u2026 W Naszym Przedszkolu r\u00f3wnie\u017c nie zabrak\u0142o atrakcji, wybrali\u015bmy si\u0119 wsp\u00f3lnie z rodzicami&nbsp; na pole biwakowe na polanie Trusi\u00f3wka. Dzieci rozpocz\u0119\u0142y \u015bwi\u0119towanie od zabawy w podchody. Mali poszukiwacze skarb\u00f3w, z wielkim zapa\u0142em odnajdywali kolejne wskaz\u00f3wki, a\u017c wreszcie odkryli tajemnicz\u0105 skrzyni\u0119 z [&hellip;]<\/p>\n","protected":false},"author":1,"featured_media":0,"parent":0,"menu_order":0,"comment_status":"closed","ping_status":"open","template":"","meta":{"ngg_post_thumbnail":0,"footnotes":""},"class_list":["post-40337","page","type-page","status-publish","hentry"],"_links":{"self":[{"href":"https:\/\/sp1lubomierz.pl\/index.php?rest_route=\/wp\/v2\/pages\/40337","targetHints":{"allow":["GET"]}}],"collection":[{"href":"https:\/\/sp1lubomierz.pl\/index.php?rest_route=\/wp\/v2\/pages"}],"about":[{"href":"https:\/\/sp1lubomierz.pl\/index.php?rest_route=\/wp\/v2\/types\/page"}],"author":[{"embeddable":true,"href":"https:\/\/sp1lubomierz.pl\/index.php?rest_route=\/wp\/v2\/users\/1"}],"replies":[{"embeddable":true,"href":"https:\/\/sp1lubomierz.pl\/index.php?rest_route=%2Fwp%2Fv2%2Fcomments&post=40337"}],"version-history":[{"count":23,"href":"https:\/\/sp1lubomierz.pl\/index.php?rest_route=\/wp\/v2\/pages\/40337\/revisions"}],"predecessor-version":[{"id":43166,"href":"https:\/\/sp1lubomierz.pl\/index.php?rest_route=\/wp\/v2\/pages\/40337\/revisions\/43166"}],"wp:attachment":[{"href":"https:\/\/sp1lubomierz.pl\/index.php?rest_route=%2Fwp%2Fv2%2Fmedia&parent=40337"}],"curies":[{"name":"wp","href":"https:\/\/api.w.org\/{rel}","templated":true}]}}