{"id":41301,"date":"2022-11-16T20:09:27","date_gmt":"2022-11-16T19:09:27","guid":{"rendered":"http:\/\/sp1lubomierz.pl\/?page_id=41301"},"modified":"2022-12-12T19:40:19","modified_gmt":"2022-12-12T18:40:19","slug":"do-biegu-gotowi-start","status":"publish","type":"page","link":"https:\/\/sp1lubomierz.pl\/?page_id=41301","title":{"rendered":"Do biegu, gotowi, start!"},"content":{"rendered":"<p style=\"text-align: justify;\">7 grudnia 2022r. mieli\u015bmy zaszczyt go\u015bci\u0107 w naszym przedszkolu instruktora i trenera Aikido Aikikai Pana Tadeusza Kordeczk\u0119. To spotkanie zosta\u0142o zrealizowane w ramach innowacji realizowanej w oddziale przedszkolnym 0C pt. \u201eDo biegu, gotowi, start!\u201d oraz w ramach realizowanych temat\u00f3w &#8222;Poznajemy prac\u0119 ludzi r\u00f3\u017cnych zawod\u00f3w&#8221;. Pan Tadeusz poprowadzi\u0142 trening dla dzieci. Rol\u0105 trenera by\u0142o wsparcie dzieci w celu zach\u0119cania ich do podejmowania aktywno\u015bci fizycznej, pokazywanie im mo\u017cliwo\u015bci, by mogli odkrywa\u0107 w\u0142asne pasje, zainteresowania i talenty. Niezwykle przyjazne podej\u015bcie instruktora do dzieci przyczyni\u0142o si\u0119, \u017ce ch\u0119tnie bra\u0142y udzia\u0142 w elementach treningowych. To spotkanie wzbudzi\u0142o niezwyk\u0142e zainteresowanie w\u015br\u00f3d przedszkolak\u00f3w tym rodzajem sportu oraz wiedz\u0105 o kulturze japo\u0144skiej.<br \/>Dzi\u0119kujemy Panu Tadeuszowi za zapoznanie ze sztuk\u0105 Aikido oraz za przeprowadzenie ciekawych zaj\u0119\u0107 edukacyjnych.<\/p>\n<p>red. Renata Ogiela<\/p>\n\n\n<figure class=\"wp-block-video\"><video controls src=\"http:\/\/sp1lubomierz.pl\/wp-content\/uploads\/2022\/12\/VID-20221208-WA0001.mp4\"><\/video><\/figure>\n\n\n\n<p><a href=\"https:\/\/www.youtube.com\/shorts\/TSRYZPu6ExY\">t<\/a><\/p>\n","protected":false},"excerpt":{"rendered":"<p>7 grudnia 2022r. mieli\u015bmy zaszczyt go\u015bci\u0107 w naszym przedszkolu instruktora i trenera Aikido Aikikai Pana Tadeusza Kordeczk\u0119. To spotkanie zosta\u0142o zrealizowane w ramach innowacji realizowanej w oddziale przedszkolnym 0C pt. \u201eDo biegu, gotowi, start!\u201d oraz w ramach realizowanych temat\u00f3w &#8222;Poznajemy prac\u0119 ludzi r\u00f3\u017cnych zawod\u00f3w&#8221;. Pan Tadeusz poprowadzi\u0142 trening dla dzieci. Rol\u0105 trenera by\u0142o wsparcie dzieci [&hellip;]<\/p>\n","protected":false},"author":1,"featured_media":0,"parent":0,"menu_order":0,"comment_status":"closed","ping_status":"open","template":"","meta":{"ngg_post_thumbnail":0,"footnotes":""},"class_list":["post-41301","page","type-page","status-publish","hentry"],"_links":{"self":[{"href":"https:\/\/sp1lubomierz.pl\/index.php?rest_route=\/wp\/v2\/pages\/41301","targetHints":{"allow":["GET"]}}],"collection":[{"href":"https:\/\/sp1lubomierz.pl\/index.php?rest_route=\/wp\/v2\/pages"}],"about":[{"href":"https:\/\/sp1lubomierz.pl\/index.php?rest_route=\/wp\/v2\/types\/page"}],"author":[{"embeddable":true,"href":"https:\/\/sp1lubomierz.pl\/index.php?rest_route=\/wp\/v2\/users\/1"}],"replies":[{"embeddable":true,"href":"https:\/\/sp1lubomierz.pl\/index.php?rest_route=%2Fwp%2Fv2%2Fcomments&post=41301"}],"version-history":[{"count":4,"href":"https:\/\/sp1lubomierz.pl\/index.php?rest_route=\/wp\/v2\/pages\/41301\/revisions"}],"predecessor-version":[{"id":41811,"href":"https:\/\/sp1lubomierz.pl\/index.php?rest_route=\/wp\/v2\/pages\/41301\/revisions\/41811"}],"wp:attachment":[{"href":"https:\/\/sp1lubomierz.pl\/index.php?rest_route=%2Fwp%2Fv2%2Fmedia&parent=41301"}],"curies":[{"name":"wp","href":"https:\/\/api.w.org\/{rel}","templated":true}]}}