{"id":43,"date":"2013-08-27T21:18:25","date_gmt":"2013-08-27T19:18:25","guid":{"rendered":"http:\/\/sp1lubomierz.pl\/?page_id=43"},"modified":"2024-09-25T12:01:36","modified_gmt":"2024-09-25T10:01:36","slug":"galeria","status":"publish","type":"page","link":"https:\/\/sp1lubomierz.pl\/?page_id=43","title":{"rendered":"Galeria"},"content":{"rendered":"<p style=\"text-align: center;\"><span style=\"font-size: large;\">Zapraszamy do obejrzenia zdj\u0119\u0107 w poszczeg\u00f3lnych zak\u0142adkach &#8222;Galerii&#8221;:<\/span><\/p>\n<p style=\"text-align: center;\"><strong><a href=\"http:\/\/sp1lubomierz.pl\/?page_id=45274\"><span style=\"font-size: large;\">Nasza szko\u0142a z lotu ptaka<\/span><\/a><\/strong><\/p>\n<p style=\"text-align: center;\"><strong><span style=\"font-size: large;\"><a class=\"wp-gallery\" href=\"http:\/\/sp1lubomierz.pl\/?page_id=212\" target=\"_blank\" rel=\"noopener noreferrer\">Szko\u0142a w obiektywie<\/a><\/span><\/strong><\/p>\n<p style=\"text-align: center;\"><a href=\"http:\/\/sp1lubomierz.pl\/?page_id=1925\"><span style=\"font-size: large;\">Rok szkolny 2013\/2014<\/span><\/a><\/p>\n<p style=\"text-align: center;\"><a href=\"http:\/\/sp1lubomierz.pl\/?page_id=4699\"><span style=\"font-size: large;\">Rok szkolny 2014\/2015 <\/span><\/a><\/p>\n<p style=\"text-align: center;\"><a href=\"http:\/\/sp1lubomierz.pl\/?page_id=9572\"><span style=\"font-size: large;\">Rok szkolny 2015\/2016 <\/span><\/a><\/p>\n<p style=\"text-align: center;\"><a href=\"http:\/\/sp1lubomierz.pl\/?page_id=15061\"><span style=\"font-size: large;\">Rok szkolny 2016\/2017 <\/span><\/a><\/p>\n<p style=\"text-align: center;\"><a href=\"http:\/\/sp1lubomierz.pl\/?page_id=20826\"><span style=\"font-size: large;\">Rok szkolny 2017\/2018 <\/span><\/a><\/p>\n<p style=\"text-align: center;\"><a href=\"http:\/\/sp1lubomierz.pl\/?page_id=25848\"><span style=\"font-size: large;\">Rok szkolny 2018\/2019 <\/span><\/a><\/p>\n<p style=\"text-align: center;\"><a href=\"http:\/\/sp1lubomierz.pl\/?page_id=30091\"><span style=\"font-size: large;\">Rok szkolny 2019\/2020 <\/span><\/a><\/p>\n<p style=\"text-align: center;\"><a href=\"http:\/\/sp1lubomierz.pl\/?page_id=32674\"><span style=\"font-size: large;\">Rok szkolny 2020\/2021<\/span><\/a><\/p>\n<p style=\"text-align: center;\"><a href=\"http:\/\/sp1lubomierz.pl\/?page_id=35209\"><span style=\"font-size: large;\">Rok szkolny 2021\/202<\/span><span style=\"font-size: large;\">2<\/span><\/a><\/p>\n<p style=\"text-align: center;\"><a href=\"http:\/\/sp1lubomierz.pl\/?page_id=40155\"><span style=\"font-size: large;\">Rok szkolny 2022\/2023<\/span><\/a><\/p>\n<p><a href=\"http:\/\/sp1lubomierz.pl\/?page_id=35209\">\u00a0<\/a><\/p>\n","protected":false},"excerpt":{"rendered":"<p>Zapraszamy do obejrzenia zdj\u0119\u0107 w poszczeg\u00f3lnych zak\u0142adkach &#8222;Galerii&#8221;: Nasza szko\u0142a z lotu ptaka Szko\u0142a w obiektywie Rok szkolny 2013\/2014 Rok szkolny 2014\/2015 Rok szkolny 2015\/2016 Rok szkolny 2016\/2017 Rok szkolny 2017\/2018 Rok szkolny 2018\/2019 Rok szkolny 2019\/2020 Rok szkolny 2020\/2021 Rok szkolny 2021\/2022 Rok szkolny 2022\/2023 \u00a0<\/p>\n","protected":false},"author":2,"featured_media":0,"parent":0,"menu_order":9,"comment_status":"open","ping_status":"open","template":"","meta":{"ngg_post_thumbnail":0,"footnotes":""},"class_list":["post-43","page","type-page","status-publish","hentry"],"_links":{"self":[{"href":"https:\/\/sp1lubomierz.pl\/index.php?rest_route=\/wp\/v2\/pages\/43","targetHints":{"allow":["GET"]}}],"collection":[{"href":"https:\/\/sp1lubomierz.pl\/index.php?rest_route=\/wp\/v2\/pages"}],"about":[{"href":"https:\/\/sp1lubomierz.pl\/index.php?rest_route=\/wp\/v2\/types\/page"}],"author":[{"embeddable":true,"href":"https:\/\/sp1lubomierz.pl\/index.php?rest_route=\/wp\/v2\/users\/2"}],"replies":[{"embeddable":true,"href":"https:\/\/sp1lubomierz.pl\/index.php?rest_route=%2Fwp%2Fv2%2Fcomments&post=43"}],"version-history":[{"count":22,"href":"https:\/\/sp1lubomierz.pl\/index.php?rest_route=\/wp\/v2\/pages\/43\/revisions"}],"predecessor-version":[{"id":47195,"href":"https:\/\/sp1lubomierz.pl\/index.php?rest_route=\/wp\/v2\/pages\/43\/revisions\/47195"}],"wp:attachment":[{"href":"https:\/\/sp1lubomierz.pl\/index.php?rest_route=%2Fwp%2Fv2%2Fmedia&parent=43"}],"curies":[{"name":"wp","href":"https:\/\/api.w.org\/{rel}","templated":true}]}}