{"id":45274,"date":"2024-01-05T10:04:20","date_gmt":"2024-01-05T09:04:20","guid":{"rendered":"http:\/\/sp1lubomierz.pl\/?page_id=45274"},"modified":"2024-01-05T10:06:16","modified_gmt":"2024-01-05T09:06:16","slug":"nasza-szkola-z-lotu-ptaka-2","status":"publish","type":"page","link":"https:\/\/sp1lubomierz.pl\/?page_id=45274","title":{"rendered":"Nasza szko\u0142a z lotu ptaka"},"content":{"rendered":"<p>Jak wygl\u0105da Nasza szko\u0142a z lotu ptaka?<br \/>\nMo\u017cecie przekona\u0107 si\u0119 ogl\u0105daj\u0105c poni\u017csze zdj\u0119cia wykonane 04.01.2024 roku przez p. Monik\u0119 Z\u0142ydaszyk.<\/p>\n\n\t\t<style type=\"text\/css\">\n\t\t\t#gallery-1 {\n\t\t\t\tmargin: auto;\n\t\t\t}\n\t\t\t#gallery-1 .gallery-item {\n\t\t\t\tfloat: left;\n\t\t\t\tmargin-top: 10px;\n\t\t\t\ttext-align: center;\n\t\t\t\twidth: 50%;\n\t\t\t}\n\t\t\t#gallery-1 img {\n\t\t\t\tborder: 2px solid #cfcfcf;\n\t\t\t}\n\t\t\t#gallery-1 .gallery-caption {\n\t\t\t\tmargin-left: 0;\n\t\t\t}\n\t\t\t\/* see gallery_shortcode() in wp-includes\/media.php *\/\n\t\t<\/style>\n\t\t<div id='gallery-1' class='gallery galleryid-45274 gallery-columns-2 gallery-size-large'><dl class='gallery-item'>\n\t\t\t<dt class='gallery-icon landscape'>\n\t\t\t\t<a href='https:\/\/sp1lubomierz.pl\/wp-content\/uploads\/2024\/01\/t\u0142o.jpeg'><img loading=\"lazy\" decoding=\"async\" width=\"1024\" height=\"646\" src=\"https:\/\/sp1lubomierz.pl\/wp-content\/uploads\/2024\/01\/t\u0142o-1024x646.jpeg\" class=\"attachment-large size-large\" alt=\"\" srcset=\"https:\/\/sp1lubomierz.pl\/wp-content\/uploads\/2024\/01\/t\u0142o-1024x646.jpeg 1024w, https:\/\/sp1lubomierz.pl\/wp-content\/uploads\/2024\/01\/t\u0142o-300x189.jpeg 300w, https:\/\/sp1lubomierz.pl\/wp-content\/uploads\/2024\/01\/t\u0142o-768x484.jpeg 768w, https:\/\/sp1lubomierz.pl\/wp-content\/uploads\/2024\/01\/t\u0142o-365x230.jpeg 365w, https:\/\/sp1lubomierz.pl\/wp-content\/uploads\/2024\/01\/t\u0142o.jpeg 1142w\" sizes=\"auto, (max-width: 1024px) 100vw, 1024px\" \/><\/a>\n\t\t\t<\/dt><\/dl><dl class='gallery-item'>\n\t\t\t<dt class='gallery-icon landscape'>\n\t\t\t\t<a href='https:\/\/sp1lubomierz.pl\/wp-content\/uploads\/2024\/01\/111-1.jpeg'><img loading=\"lazy\" decoding=\"async\" width=\"1024\" height=\"576\" src=\"https:\/\/sp1lubomierz.pl\/wp-content\/uploads\/2024\/01\/111-1-1024x576.jpeg\" class=\"attachment-large size-large\" alt=\"\" srcset=\"https:\/\/sp1lubomierz.pl\/wp-content\/uploads\/2024\/01\/111-1-1024x576.jpeg 1024w, https:\/\/sp1lubomierz.pl\/wp-content\/uploads\/2024\/01\/111-1-300x169.jpeg 300w, https:\/\/sp1lubomierz.pl\/wp-content\/uploads\/2024\/01\/111-1-768x432.jpeg 768w, https:\/\/sp1lubomierz.pl\/wp-content\/uploads\/2024\/01\/111-1-409x230.jpeg 409w, https:\/\/sp1lubomierz.pl\/wp-content\/uploads\/2024\/01\/111-1.jpeg 1280w\" sizes=\"auto, (max-width: 1024px) 100vw, 1024px\" \/><\/a>\n\t\t\t<\/dt><\/dl><br style=\"clear: both\" \/><dl class='gallery-item'>\n\t\t\t<dt class='gallery-icon landscape'>\n\t\t\t\t<a href='https:\/\/sp1lubomierz.pl\/wp-content\/uploads\/2024\/01\/image19.jpeg'><img loading=\"lazy\" decoding=\"async\" width=\"1024\" height=\"576\" src=\"https:\/\/sp1lubomierz.pl\/wp-content\/uploads\/2024\/01\/image19-1024x576.jpeg\" class=\"attachment-large size-large\" alt=\"\" srcset=\"https:\/\/sp1lubomierz.pl\/wp-content\/uploads\/2024\/01\/image19-1024x576.jpeg 1024w, https:\/\/sp1lubomierz.pl\/wp-content\/uploads\/2024\/01\/image19-300x169.jpeg 300w, https:\/\/sp1lubomierz.pl\/wp-content\/uploads\/2024\/01\/image19-768x432.jpeg 768w, https:\/\/sp1lubomierz.pl\/wp-content\/uploads\/2024\/01\/image19-409x230.jpeg 409w, https:\/\/sp1lubomierz.pl\/wp-content\/uploads\/2024\/01\/image19.jpeg 1280w\" sizes=\"auto, (max-width: 1024px) 100vw, 1024px\" \/><\/a>\n\t\t\t<\/dt><\/dl><dl class='gallery-item'>\n\t\t\t<dt class='gallery-icon landscape'>\n\t\t\t\t<a href='https:\/\/sp1lubomierz.pl\/wp-content\/uploads\/2024\/01\/image16.jpeg'><img loading=\"lazy\" decoding=\"async\" width=\"1024\" height=\"576\" src=\"https:\/\/sp1lubomierz.pl\/wp-content\/uploads\/2024\/01\/image16-1024x576.jpeg\" class=\"attachment-large size-large\" alt=\"\" srcset=\"https:\/\/sp1lubomierz.pl\/wp-content\/uploads\/2024\/01\/image16-1024x576.jpeg 1024w, https:\/\/sp1lubomierz.pl\/wp-content\/uploads\/2024\/01\/image16-300x169.jpeg 300w, https:\/\/sp1lubomierz.pl\/wp-content\/uploads\/2024\/01\/image16-768x432.jpeg 768w, https:\/\/sp1lubomierz.pl\/wp-content\/uploads\/2024\/01\/image16-409x230.jpeg 409w, https:\/\/sp1lubomierz.pl\/wp-content\/uploads\/2024\/01\/image16.jpeg 1280w\" sizes=\"auto, (max-width: 1024px) 100vw, 1024px\" \/><\/a>\n\t\t\t<\/dt><\/dl><br style=\"clear: both\" \/><dl class='gallery-item'>\n\t\t\t<dt class='gallery-icon landscape'>\n\t\t\t\t<a href='https:\/\/sp1lubomierz.pl\/wp-content\/uploads\/2024\/01\/image15.jpeg'><img loading=\"lazy\" decoding=\"async\" width=\"1024\" height=\"576\" src=\"https:\/\/sp1lubomierz.pl\/wp-content\/uploads\/2024\/01\/image15-1024x576.jpeg\" class=\"attachment-large size-large\" alt=\"\" srcset=\"https:\/\/sp1lubomierz.pl\/wp-content\/uploads\/2024\/01\/image15-1024x576.jpeg 1024w, https:\/\/sp1lubomierz.pl\/wp-content\/uploads\/2024\/01\/image15-300x169.jpeg 300w, https:\/\/sp1lubomierz.pl\/wp-content\/uploads\/2024\/01\/image15-768x432.jpeg 768w, https:\/\/sp1lubomierz.pl\/wp-content\/uploads\/2024\/01\/image15-409x230.jpeg 409w, https:\/\/sp1lubomierz.pl\/wp-content\/uploads\/2024\/01\/image15.jpeg 1280w\" sizes=\"auto, (max-width: 1024px) 100vw, 1024px\" \/><\/a>\n\t\t\t<\/dt><\/dl><dl class='gallery-item'>\n\t\t\t<dt class='gallery-icon landscape'>\n\t\t\t\t<a href='https:\/\/sp1lubomierz.pl\/wp-content\/uploads\/2024\/01\/image8.jpeg'><img loading=\"lazy\" decoding=\"async\" width=\"1024\" height=\"576\" src=\"https:\/\/sp1lubomierz.pl\/wp-content\/uploads\/2024\/01\/image8-1024x576.jpeg\" class=\"attachment-large size-large\" alt=\"\" srcset=\"https:\/\/sp1lubomierz.pl\/wp-content\/uploads\/2024\/01\/image8-1024x576.jpeg 1024w, https:\/\/sp1lubomierz.pl\/wp-content\/uploads\/2024\/01\/image8-300x169.jpeg 300w, https:\/\/sp1lubomierz.pl\/wp-content\/uploads\/2024\/01\/image8-768x432.jpeg 768w, https:\/\/sp1lubomierz.pl\/wp-content\/uploads\/2024\/01\/image8-409x230.jpeg 409w, https:\/\/sp1lubomierz.pl\/wp-content\/uploads\/2024\/01\/image8.jpeg 1280w\" sizes=\"auto, (max-width: 1024px) 100vw, 1024px\" \/><\/a>\n\t\t\t<\/dt><\/dl><br style=\"clear: both\" \/><dl class='gallery-item'>\n\t\t\t<dt class='gallery-icon landscape'>\n\t\t\t\t<a href='https:\/\/sp1lubomierz.pl\/wp-content\/uploads\/2024\/01\/image6.jpeg'><img loading=\"lazy\" decoding=\"async\" width=\"1024\" height=\"576\" src=\"https:\/\/sp1lubomierz.pl\/wp-content\/uploads\/2024\/01\/image6-1024x576.jpeg\" class=\"attachment-large size-large\" alt=\"\" srcset=\"https:\/\/sp1lubomierz.pl\/wp-content\/uploads\/2024\/01\/image6-1024x576.jpeg 1024w, https:\/\/sp1lubomierz.pl\/wp-content\/uploads\/2024\/01\/image6-300x169.jpeg 300w, https:\/\/sp1lubomierz.pl\/wp-content\/uploads\/2024\/01\/image6-768x432.jpeg 768w, https:\/\/sp1lubomierz.pl\/wp-content\/uploads\/2024\/01\/image6-409x230.jpeg 409w, https:\/\/sp1lubomierz.pl\/wp-content\/uploads\/2024\/01\/image6.jpeg 1280w\" sizes=\"auto, (max-width: 1024px) 100vw, 1024px\" \/><\/a>\n\t\t\t<\/dt><\/dl><dl class='gallery-item'>\n\t\t\t<dt class='gallery-icon landscape'>\n\t\t\t\t<a href='https:\/\/sp1lubomierz.pl\/wp-content\/uploads\/2024\/01\/image5.jpeg'><img loading=\"lazy\" decoding=\"async\" width=\"1024\" height=\"418\" src=\"https:\/\/sp1lubomierz.pl\/wp-content\/uploads\/2024\/01\/image5-1024x418.jpeg\" class=\"attachment-large size-large\" alt=\"\" srcset=\"https:\/\/sp1lubomierz.pl\/wp-content\/uploads\/2024\/01\/image5-1024x418.jpeg 1024w, https:\/\/sp1lubomierz.pl\/wp-content\/uploads\/2024\/01\/image5-300x122.jpeg 300w, https:\/\/sp1lubomierz.pl\/wp-content\/uploads\/2024\/01\/image5-768x313.jpeg 768w, https:\/\/sp1lubomierz.pl\/wp-content\/uploads\/2024\/01\/image5-540x220.jpeg 540w, https:\/\/sp1lubomierz.pl\/wp-content\/uploads\/2024\/01\/image5.jpeg 1231w\" sizes=\"auto, (max-width: 1024px) 100vw, 1024px\" \/><\/a>\n\t\t\t<\/dt><\/dl><br style=\"clear: both\" \/><dl class='gallery-item'>\n\t\t\t<dt class='gallery-icon landscape'>\n\t\t\t\t<a href='https:\/\/sp1lubomierz.pl\/wp-content\/uploads\/2024\/01\/image3.jpeg'><img loading=\"lazy\" decoding=\"async\" width=\"1024\" height=\"576\" src=\"https:\/\/sp1lubomierz.pl\/wp-content\/uploads\/2024\/01\/image3-1024x576.jpeg\" class=\"attachment-large size-large\" alt=\"\" srcset=\"https:\/\/sp1lubomierz.pl\/wp-content\/uploads\/2024\/01\/image3-1024x576.jpeg 1024w, https:\/\/sp1lubomierz.pl\/wp-content\/uploads\/2024\/01\/image3-300x169.jpeg 300w, https:\/\/sp1lubomierz.pl\/wp-content\/uploads\/2024\/01\/image3-768x432.jpeg 768w, https:\/\/sp1lubomierz.pl\/wp-content\/uploads\/2024\/01\/image3-409x230.jpeg 409w, https:\/\/sp1lubomierz.pl\/wp-content\/uploads\/2024\/01\/image3.jpeg 1280w\" sizes=\"auto, (max-width: 1024px) 100vw, 1024px\" \/><\/a>\n\t\t\t<\/dt><\/dl><dl class='gallery-item'>\n\t\t\t<dt class='gallery-icon landscape'>\n\t\t\t\t<a href='https:\/\/sp1lubomierz.pl\/wp-content\/uploads\/2024\/01\/image2.jpeg'><img loading=\"lazy\" decoding=\"async\" width=\"772\" height=\"720\" src=\"https:\/\/sp1lubomierz.pl\/wp-content\/uploads\/2024\/01\/image2.jpeg\" class=\"attachment-large size-large\" alt=\"\" srcset=\"https:\/\/sp1lubomierz.pl\/wp-content\/uploads\/2024\/01\/image2.jpeg 772w, https:\/\/sp1lubomierz.pl\/wp-content\/uploads\/2024\/01\/image2-300x280.jpeg 300w, https:\/\/sp1lubomierz.pl\/wp-content\/uploads\/2024\/01\/image2-768x716.jpeg 768w, https:\/\/sp1lubomierz.pl\/wp-content\/uploads\/2024\/01\/image2-247x230.jpeg 247w\" sizes=\"auto, (max-width: 772px) 100vw, 772px\" \/><\/a>\n\t\t\t<\/dt><\/dl><br style=\"clear: both\" \/><dl class='gallery-item'>\n\t\t\t<dt class='gallery-icon landscape'>\n\t\t\t\t<a href='https:\/\/sp1lubomierz.pl\/wp-content\/uploads\/2024\/01\/111.jpeg'><img loading=\"lazy\" decoding=\"async\" width=\"1024\" height=\"576\" src=\"https:\/\/sp1lubomierz.pl\/wp-content\/uploads\/2024\/01\/111-1024x576.jpeg\" class=\"attachment-large size-large\" alt=\"\" srcset=\"https:\/\/sp1lubomierz.pl\/wp-content\/uploads\/2024\/01\/111-1024x576.jpeg 1024w, https:\/\/sp1lubomierz.pl\/wp-content\/uploads\/2024\/01\/111-300x169.jpeg 300w, https:\/\/sp1lubomierz.pl\/wp-content\/uploads\/2024\/01\/111-768x432.jpeg 768w, https:\/\/sp1lubomierz.pl\/wp-content\/uploads\/2024\/01\/111-409x230.jpeg 409w, https:\/\/sp1lubomierz.pl\/wp-content\/uploads\/2024\/01\/111.jpeg 1280w\" sizes=\"auto, (max-width: 1024px) 100vw, 1024px\" \/><\/a>\n\t\t\t<\/dt><\/dl>\n\t\t\t<br style='clear: both' \/>\n\t\t<\/div>\n\n","protected":false},"excerpt":{"rendered":"<p>Jak wygl\u0105da Nasza szko\u0142a z lotu ptaka? Mo\u017cecie przekona\u0107 si\u0119 ogl\u0105daj\u0105c poni\u017csze zdj\u0119cia wykonane 04.01.2024 roku przez p. Monik\u0119 Z\u0142ydaszyk.<\/p>\n","protected":false},"author":1,"featured_media":0,"parent":0,"menu_order":0,"comment_status":"closed","ping_status":"closed","template":"","meta":{"ngg_post_thumbnail":0,"footnotes":""},"class_list":["post-45274","page","type-page","status-publish","hentry"],"_links":{"self":[{"href":"https:\/\/sp1lubomierz.pl\/index.php?rest_route=\/wp\/v2\/pages\/45274","targetHints":{"allow":["GET"]}}],"collection":[{"href":"https:\/\/sp1lubomierz.pl\/index.php?rest_route=\/wp\/v2\/pages"}],"about":[{"href":"https:\/\/sp1lubomierz.pl\/index.php?rest_route=\/wp\/v2\/types\/page"}],"author":[{"embeddable":true,"href":"https:\/\/sp1lubomierz.pl\/index.php?rest_route=\/wp\/v2\/users\/1"}],"replies":[{"embeddable":true,"href":"https:\/\/sp1lubomierz.pl\/index.php?rest_route=%2Fwp%2Fv2%2Fcomments&post=45274"}],"version-history":[{"count":3,"href":"https:\/\/sp1lubomierz.pl\/index.php?rest_route=\/wp\/v2\/pages\/45274\/revisions"}],"predecessor-version":[{"id":45280,"href":"https:\/\/sp1lubomierz.pl\/index.php?rest_route=\/wp\/v2\/pages\/45274\/revisions\/45280"}],"wp:attachment":[{"href":"https:\/\/sp1lubomierz.pl\/index.php?rest_route=%2Fwp%2Fv2%2Fmedia&parent=45274"}],"curies":[{"name":"wp","href":"https:\/\/api.w.org\/{rel}","templated":true}]}}