{"id":45871,"date":"2024-03-13T20:05:20","date_gmt":"2024-03-13T19:05:20","guid":{"rendered":"http:\/\/sp1lubomierz.pl\/?page_id=45871"},"modified":"2026-03-04T10:37:49","modified_gmt":"2026-03-04T09:37:49","slug":"pedagog","status":"publish","type":"page","link":"https:\/\/sp1lubomierz.pl\/?page_id=45871","title":{"rendered":"Pedagog"},"content":{"rendered":"<p><a href=\"http:\/\/sp1lubomierz.pl\/wp-content\/uploads\/2026\/03\/pedagog1.jpg\"><img loading=\"lazy\" decoding=\"async\" class=\"aligncenter size-large wp-image-49440\" src=\"http:\/\/sp1lubomierz.pl\/wp-content\/uploads\/2026\/03\/pedagog1-1024x513.jpg\" alt=\"Informacja dla uczni\u00f3w o mo\u017cliwo\u015bci skorzystania z pomocy pedagoga szkolnego i pedagoga specjalnego. Ucze\u0144 mo\u017ce zwr\u00f3ci\u0107 si\u0119 o pomoc, gdy ma trudno\u015bci w nauce i nie wie jak sobie z nimi poradzi\u0107, czuje si\u0119 smutny, samotny lub co\u015b go martwi, ma problemy w relacjach z kolegami lub kole\u017cankami, do\u015bwiadcza przemocy, wy\u015bmiewania lub odrzucenia, trudno mu radzi\u0107 sobie z emocjami takimi jak z\u0142o\u015b\u0107 lub stres, ma trudn\u0105 sytuacj\u0119 w domu i potrzebuje wsparcia, potrzebuje pomocy w dostosowaniu wymaga\u0144 edukacyjnych lub chce po prostu z kim\u015b porozmawia\u0107 w bezpiecznej atmosferze. Informacja: nie musisz radzi\u0107 sobie sam, pedagog jest po to, aby Ci pom\u00f3c. Godziny pracy pedagoga szkolnego mgr Anna Babu\u015bka: poniedzia\u0142ek 8:30\u201312:30, pi\u0105tek 7:30\u20139:30, kontakt mailowy o.ania@vp.pl\n. Godziny pracy pedagoga specjalnego mgr Joanna Piekarczyk: poniedzia\u0142ek 7:00\u201311:00, \u015broda 8:30\u201312:30, pi\u0105tek 7:00\u201310:00, kontakt mailowy pedagog.spllubomierz@op.pl\n.\" width=\"1024\" height=\"513\" srcset=\"https:\/\/sp1lubomierz.pl\/wp-content\/uploads\/2026\/03\/pedagog1-1024x513.jpg 1024w, https:\/\/sp1lubomierz.pl\/wp-content\/uploads\/2026\/03\/pedagog1-300x150.jpg 300w, https:\/\/sp1lubomierz.pl\/wp-content\/uploads\/2026\/03\/pedagog1-768x385.jpg 768w, https:\/\/sp1lubomierz.pl\/wp-content\/uploads\/2026\/03\/pedagog1-1536x769.jpg 1536w, https:\/\/sp1lubomierz.pl\/wp-content\/uploads\/2026\/03\/pedagog1-2048x1026.jpg 2048w, https:\/\/sp1lubomierz.pl\/wp-content\/uploads\/2026\/03\/pedagog1-459x230.jpg 459w\" sizes=\"auto, (max-width: 1024px) 100vw, 1024px\" \/><\/a><a href=\"http:\/\/sp1lubomierz.pl\/wp-content\/uploads\/2026\/03\/pedagog2.jpg\"><img loading=\"lazy\" decoding=\"async\" class=\"aligncenter size-large wp-image-49439\" src=\"http:\/\/sp1lubomierz.pl\/wp-content\/uploads\/2026\/03\/pedagog2-1024x511.jpg\" alt=\"Plakat informacyjny przedstawiaj\u0105cy g\u0142\u00f3wne zadania pedagoga szkolnego i pedagoga specjalnego. Wsparcie uczni\u00f3w: pomoc w radzeniu sobie z trudno\u015bciami w nauce, problemami emocjonalnymi, spo\u0142ecznymi i wychowawczymi. Pedagog specjalny wspiera uczni\u00f3w ze specjalnymi potrzebami edukacyjnymi, dostosowuj\u0105c metody pracy do ich mo\u017cliwo\u015bci oraz zalece\u0144 zawartych w orzeczeniach i opiniach. Doradztwo dla rodzic\u00f3w: udzielanie wskaz\u00f3wek dotycz\u0105cych wychowania oraz rozwi\u0105zywania trudno\u015bci edukacyjnych i rozwojowych dziecka, informowanie o dost\u0119pnych formach pomocy i wsparcia specjalistycznego. Wsp\u00f3\u0142praca z nauczycielami: rozpoznawanie potrzeb uczni\u00f3w, dostosowanie wymaga\u0144 edukacyjnych, pomoc w opracowywaniu i realizacji indywidualnych program\u00f3w edukacyjno-terapeutycznych IPET oraz innych form pomocy psychologiczno-pedagogicznej. Dzia\u0142ania profilaktyczne i interwencyjne: zapobieganie problemom wychowawczym, trudno\u015bciom w nauce, przemocy r\u00f3wie\u015bniczej oraz wykluczeniu spo\u0142ecznemu, podejmowanie interwencji w sytuacjach kryzysowych. Prowadzenie zaj\u0119\u0107 specjalistycznych i edukacyjnych rozwijaj\u0105cych kompetencje emocjonalno-spo\u0142eczne, umiej\u0119tno\u015bci uczenia si\u0119 oraz zaj\u0119\u0107 terapeutycznych w przypadku pedagoga specjalnego. Wsp\u00f3\u0142praca z innymi specjalistami: wsp\u00f3\u0142dzia\u0142anie z psychologiem, logoped\u0105, terapeutami oraz instytucjami wspieraj\u0105cymi rodzin\u0119\" width=\"1024\" height=\"511\" srcset=\"https:\/\/sp1lubomierz.pl\/wp-content\/uploads\/2026\/03\/pedagog2-1024x511.jpg 1024w, https:\/\/sp1lubomierz.pl\/wp-content\/uploads\/2026\/03\/pedagog2-300x150.jpg 300w, https:\/\/sp1lubomierz.pl\/wp-content\/uploads\/2026\/03\/pedagog2-768x383.jpg 768w, https:\/\/sp1lubomierz.pl\/wp-content\/uploads\/2026\/03\/pedagog2-1536x767.jpg 1536w, https:\/\/sp1lubomierz.pl\/wp-content\/uploads\/2026\/03\/pedagog2-2048x1022.jpg 2048w, https:\/\/sp1lubomierz.pl\/wp-content\/uploads\/2026\/03\/pedagog2-461x230.jpg 461w\" sizes=\"auto, (max-width: 1024px) 100vw, 1024px\" \/><\/a><a href=\"http:\/\/sp1lubomierz.pl\/wp-content\/uploads\/2026\/03\/pedagog3.jpg\"><img loading=\"lazy\" decoding=\"async\" class=\"aligncenter size-large wp-image-49438\" src=\"http:\/\/sp1lubomierz.pl\/wp-content\/uploads\/2026\/03\/pedagog3-1024x513.jpg\" alt=\"Informacja dla rodzic\u00f3w od pedagoga szkolnego i pedagoga specjalnego. Tre\u015b\u0107: Drodzy Rodzice. Jako pedagog szkolny oraz pedagog specjalny jeste\u015bmy do Pa\u0144stwa dyspozycji, aby wspiera\u0107 Was oraz Wasze dzieci w sprawach zwi\u0105zanych z edukacj\u0105, wychowaniem i rozwojem. Naszym celem jest tworzenie jak najlepszych warunk\u00f3w do nauki oraz wspieranie dzieci w pokonywaniu trudno\u015bci edukacyjnych, emocjonalnych i spo\u0142ecznych. S\u0142u\u017cymy pomoc\u0105 w zakresie problem\u00f3w w nauce, trudno\u015bci wychowawczych, relacji r\u00f3wie\u015bniczych oraz w kwestiach zwi\u0105zanych ze specjalnymi potrzebami edukacyjnymi. Je\u015bli maj\u0105 Pa\u0144stwo pytania, w\u0105tpliwo\u015bci lub potrzebuj\u0105 porady, zach\u0119camy do kontaktu podczas spotkania osobistego lub drog\u0105 mailow\u0105. Ka\u017cda sprawa jest dla nas wa\u017cna i traktowana z pe\u0142nym szacunkiem oraz poufno\u015bci\u0105. Wsp\u00f3\u0142pracuj\u0105c, mo\u017cemy skutecznie wspiera\u0107 rozw\u00f3j i dobro Pa\u0144stwa dzieci oraz wsp\u00f3lnie rozwi\u0105zywa\u0107 pojawiaj\u0105ce si\u0119 trudno\u015bci. Podpis: pedagog szkolny mgr Anna Babu\u015bka oraz pedagog specjalny mgr Joanna Piekarczyk.\" width=\"1024\" height=\"513\" srcset=\"https:\/\/sp1lubomierz.pl\/wp-content\/uploads\/2026\/03\/pedagog3-1024x513.jpg 1024w, https:\/\/sp1lubomierz.pl\/wp-content\/uploads\/2026\/03\/pedagog3-300x150.jpg 300w, https:\/\/sp1lubomierz.pl\/wp-content\/uploads\/2026\/03\/pedagog3-768x385.jpg 768w, https:\/\/sp1lubomierz.pl\/wp-content\/uploads\/2026\/03\/pedagog3-1536x770.jpg 1536w, https:\/\/sp1lubomierz.pl\/wp-content\/uploads\/2026\/03\/pedagog3-2048x1027.jpg 2048w, https:\/\/sp1lubomierz.pl\/wp-content\/uploads\/2026\/03\/pedagog3-459x230.jpg 459w\" sizes=\"auto, (max-width: 1024px) 100vw, 1024px\" \/><\/a><\/p>\n","protected":false},"excerpt":{"rendered":"","protected":false},"author":1,"featured_media":0,"parent":0,"menu_order":0,"comment_status":"closed","ping_status":"closed","template":"","meta":{"ngg_post_thumbnail":0,"footnotes":""},"class_list":["post-45871","page","type-page","status-publish","hentry"],"_links":{"self":[{"href":"https:\/\/sp1lubomierz.pl\/index.php?rest_route=\/wp\/v2\/pages\/45871","targetHints":{"allow":["GET"]}}],"collection":[{"href":"https:\/\/sp1lubomierz.pl\/index.php?rest_route=\/wp\/v2\/pages"}],"about":[{"href":"https:\/\/sp1lubomierz.pl\/index.php?rest_route=\/wp\/v2\/types\/page"}],"author":[{"embeddable":true,"href":"https:\/\/sp1lubomierz.pl\/index.php?rest_route=\/wp\/v2\/users\/1"}],"replies":[{"embeddable":true,"href":"https:\/\/sp1lubomierz.pl\/index.php?rest_route=%2Fwp%2Fv2%2Fcomments&post=45871"}],"version-history":[{"count":14,"href":"https:\/\/sp1lubomierz.pl\/index.php?rest_route=\/wp\/v2\/pages\/45871\/revisions"}],"predecessor-version":[{"id":49441,"href":"https:\/\/sp1lubomierz.pl\/index.php?rest_route=\/wp\/v2\/pages\/45871\/revisions\/49441"}],"wp:attachment":[{"href":"https:\/\/sp1lubomierz.pl\/index.php?rest_route=%2Fwp%2Fv2%2Fmedia&parent=45871"}],"curies":[{"name":"wp","href":"https:\/\/api.w.org\/{rel}","templated":true}]}}