{"id":46192,"date":"2024-05-06T09:40:38","date_gmt":"2024-05-06T07:40:38","guid":{"rendered":"http:\/\/sp1lubomierz.pl\/?page_id=46192"},"modified":"2025-09-18T14:45:26","modified_gmt":"2025-09-18T12:45:26","slug":"logopeda","status":"publish","type":"page","link":"https:\/\/sp1lubomierz.pl\/?page_id=46192","title":{"rendered":"Logopeda"},"content":{"rendered":"<p style=\"text-align: center;\"><strong>Logopeda:<\/strong> mgr Dorota Wcis\u0142o<\/p>\n<p style=\"text-align: center;\"><strong>Kontakt:<br><\/strong>e-mail: dor.paj@gmail.com<\/p>\n<p class=\"html-h1 xe8uvvx xdj266r x11i5rnm xat24cr x1mh8g0r xexx8yu x4uap5 x18d9i69 xkhd6sd x1vvkbs x1heor9g x1qlqyl8 x1pd3egz x1a2a7pz\" style=\"text-align: center;\"><span style=\"font-size: 12pt;\"><strong>Logopeda Rytm Mowy&nbsp;<\/strong><br>Zach\u0119cam do obserwacji profilu na <span style=\"color: #0000ff;\"><a style=\"color: #0000ff;\" href=\"https:\/\/www.facebook.com\/profile.php?id=100083200397066\">Facebooku<\/a><\/span>, na kt\u00f3rym mo\u017cna znale\u017a\u0107 najnowsze informacje, porady i inspiracje dotycz\u0105ce poprawy wymowy oraz \u0107wicze\u0144 logopedycznych.<\/span><\/p>\n<p><a href=\"http:\/\/sp1lubomierz.pl\/wp-content\/uploads\/2024\/05\/Logopeda.jpg\"><img loading=\"lazy\" decoding=\"async\" class=\"aligncenter size-full wp-image-46197\" src=\"http:\/\/sp1lubomierz.pl\/wp-content\/uploads\/2024\/05\/Logopeda.jpg\" alt=\"\" width=\"940\" height=\"788\" srcset=\"https:\/\/sp1lubomierz.pl\/wp-content\/uploads\/2024\/05\/Logopeda.jpg 940w, https:\/\/sp1lubomierz.pl\/wp-content\/uploads\/2024\/05\/Logopeda-300x251.jpg 300w, https:\/\/sp1lubomierz.pl\/wp-content\/uploads\/2024\/05\/Logopeda-768x644.jpg 768w, https:\/\/sp1lubomierz.pl\/wp-content\/uploads\/2024\/05\/Logopeda-274x230.jpg 274w\" sizes=\"auto, (max-width: 940px) 100vw, 940px\" \/><\/a><a href=\"http:\/\/sp1lubomierz.pl\/wp-content\/uploads\/2024\/05\/Logopeda-1.jpg\"><img loading=\"lazy\" decoding=\"async\" class=\"aligncenter size-full wp-image-46201\" src=\"http:\/\/sp1lubomierz.pl\/wp-content\/uploads\/2024\/05\/Logopeda-1.jpg\" alt=\"\" width=\"940\" height=\"788\" srcset=\"https:\/\/sp1lubomierz.pl\/wp-content\/uploads\/2024\/05\/Logopeda-1.jpg 940w, https:\/\/sp1lubomierz.pl\/wp-content\/uploads\/2024\/05\/Logopeda-1-300x251.jpg 300w, https:\/\/sp1lubomierz.pl\/wp-content\/uploads\/2024\/05\/Logopeda-1-768x644.jpg 768w, https:\/\/sp1lubomierz.pl\/wp-content\/uploads\/2024\/05\/Logopeda-1-274x230.jpg 274w\" sizes=\"auto, (max-width: 940px) 100vw, 940px\" \/><\/a><a href=\"http:\/\/sp1lubomierz.pl\/wp-content\/uploads\/2024\/05\/Logopeda-2.jpg\"><img loading=\"lazy\" decoding=\"async\" class=\"aligncenter size-full wp-image-46198\" src=\"http:\/\/sp1lubomierz.pl\/wp-content\/uploads\/2024\/05\/Logopeda-2.jpg\" alt=\"\" width=\"940\" height=\"788\" srcset=\"https:\/\/sp1lubomierz.pl\/wp-content\/uploads\/2024\/05\/Logopeda-2.jpg 940w, https:\/\/sp1lubomierz.pl\/wp-content\/uploads\/2024\/05\/Logopeda-2-300x251.jpg 300w, https:\/\/sp1lubomierz.pl\/wp-content\/uploads\/2024\/05\/Logopeda-2-768x644.jpg 768w, https:\/\/sp1lubomierz.pl\/wp-content\/uploads\/2024\/05\/Logopeda-2-274x230.jpg 274w\" sizes=\"auto, (max-width: 940px) 100vw, 940px\" \/><\/a><a href=\"http:\/\/sp1lubomierz.pl\/wp-content\/uploads\/2024\/05\/Logopeda-3.jpg\"><img loading=\"lazy\" decoding=\"async\" class=\"aligncenter size-full wp-image-46202\" src=\"http:\/\/sp1lubomierz.pl\/wp-content\/uploads\/2024\/05\/Logopeda-3.jpg\" alt=\"\" width=\"940\" height=\"788\" srcset=\"https:\/\/sp1lubomierz.pl\/wp-content\/uploads\/2024\/05\/Logopeda-3.jpg 940w, https:\/\/sp1lubomierz.pl\/wp-content\/uploads\/2024\/05\/Logopeda-3-300x251.jpg 300w, https:\/\/sp1lubomierz.pl\/wp-content\/uploads\/2024\/05\/Logopeda-3-768x644.jpg 768w, https:\/\/sp1lubomierz.pl\/wp-content\/uploads\/2024\/05\/Logopeda-3-274x230.jpg 274w\" sizes=\"auto, (max-width: 940px) 100vw, 940px\" \/><\/a><a href=\"http:\/\/sp1lubomierz.pl\/wp-content\/uploads\/2024\/05\/Logopeda-5.jpg\"><img loading=\"lazy\" decoding=\"async\" class=\"aligncenter size-full wp-image-46204\" src=\"http:\/\/sp1lubomierz.pl\/wp-content\/uploads\/2024\/05\/Logopeda-5.jpg\" alt=\"\" width=\"940\" height=\"788\" srcset=\"https:\/\/sp1lubomierz.pl\/wp-content\/uploads\/2024\/05\/Logopeda-5.jpg 940w, https:\/\/sp1lubomierz.pl\/wp-content\/uploads\/2024\/05\/Logopeda-5-300x251.jpg 300w, https:\/\/sp1lubomierz.pl\/wp-content\/uploads\/2024\/05\/Logopeda-5-768x644.jpg 768w, https:\/\/sp1lubomierz.pl\/wp-content\/uploads\/2024\/05\/Logopeda-5-274x230.jpg 274w\" sizes=\"auto, (max-width: 940px) 100vw, 940px\" \/><\/a> <a href=\"http:\/\/sp1lubomierz.pl\/wp-content\/uploads\/2024\/05\/Logopeda-6.jpg\"><img loading=\"lazy\" decoding=\"async\" class=\"aligncenter size-full wp-image-46199\" src=\"http:\/\/sp1lubomierz.pl\/wp-content\/uploads\/2024\/05\/Logopeda-6.jpg\" alt=\"\" width=\"940\" height=\"788\" srcset=\"https:\/\/sp1lubomierz.pl\/wp-content\/uploads\/2024\/05\/Logopeda-6.jpg 940w, https:\/\/sp1lubomierz.pl\/wp-content\/uploads\/2024\/05\/Logopeda-6-300x251.jpg 300w, https:\/\/sp1lubomierz.pl\/wp-content\/uploads\/2024\/05\/Logopeda-6-768x644.jpg 768w, https:\/\/sp1lubomierz.pl\/wp-content\/uploads\/2024\/05\/Logopeda-6-274x230.jpg 274w\" sizes=\"auto, (max-width: 940px) 100vw, 940px\" \/><\/a> <a href=\"http:\/\/sp1lubomierz.pl\/wp-content\/uploads\/2024\/05\/Logopeda.jpg\"><img loading=\"lazy\" decoding=\"async\" class=\"aligncenter size-full wp-image-46197\" src=\"http:\/\/sp1lubomierz.pl\/wp-content\/uploads\/2024\/05\/Logopeda.jpg\" alt=\"\" width=\"940\" height=\"788\" srcset=\"https:\/\/sp1lubomierz.pl\/wp-content\/uploads\/2024\/05\/Logopeda.jpg 940w, https:\/\/sp1lubomierz.pl\/wp-content\/uploads\/2024\/05\/Logopeda-300x251.jpg 300w, https:\/\/sp1lubomierz.pl\/wp-content\/uploads\/2024\/05\/Logopeda-768x644.jpg 768w, https:\/\/sp1lubomierz.pl\/wp-content\/uploads\/2024\/05\/Logopeda-274x230.jpg 274w\" sizes=\"auto, (max-width: 940px) 100vw, 940px\" \/><\/a><\/p>\n\n\n<p><\/p>\n","protected":false},"excerpt":{"rendered":"<p>Logopeda: mgr Dorota Wcis\u0142o Kontakt:e-mail: dor.paj@gmail.com Logopeda Rytm Mowy&nbsp;Zach\u0119cam do obserwacji profilu na Facebooku, na kt\u00f3rym mo\u017cna znale\u017a\u0107 najnowsze informacje, porady i inspiracje dotycz\u0105ce poprawy wymowy oraz \u0107wicze\u0144 logopedycznych.<\/p>\n","protected":false},"author":1,"featured_media":0,"parent":0,"menu_order":0,"comment_status":"closed","ping_status":"closed","template":"","meta":{"ngg_post_thumbnail":0,"footnotes":""},"class_list":["post-46192","page","type-page","status-publish","hentry"],"_links":{"self":[{"href":"https:\/\/sp1lubomierz.pl\/index.php?rest_route=\/wp\/v2\/pages\/46192","targetHints":{"allow":["GET"]}}],"collection":[{"href":"https:\/\/sp1lubomierz.pl\/index.php?rest_route=\/wp\/v2\/pages"}],"about":[{"href":"https:\/\/sp1lubomierz.pl\/index.php?rest_route=\/wp\/v2\/types\/page"}],"author":[{"embeddable":true,"href":"https:\/\/sp1lubomierz.pl\/index.php?rest_route=\/wp\/v2\/users\/1"}],"replies":[{"embeddable":true,"href":"https:\/\/sp1lubomierz.pl\/index.php?rest_route=%2Fwp%2Fv2%2Fcomments&post=46192"}],"version-history":[{"count":9,"href":"https:\/\/sp1lubomierz.pl\/index.php?rest_route=\/wp\/v2\/pages\/46192\/revisions"}],"predecessor-version":[{"id":48843,"href":"https:\/\/sp1lubomierz.pl\/index.php?rest_route=\/wp\/v2\/pages\/46192\/revisions\/48843"}],"wp:attachment":[{"href":"https:\/\/sp1lubomierz.pl\/index.php?rest_route=%2Fwp%2Fv2%2Fmedia&parent=46192"}],"curies":[{"name":"wp","href":"https:\/\/api.w.org\/{rel}","templated":true}]}}