{"id":4699,"date":"2014-11-12T20:46:20","date_gmt":"2014-11-12T20:46:20","guid":{"rendered":"http:\/\/sp1lubomierz.pl\/?page_id=4699"},"modified":"2015-06-05T09:41:43","modified_gmt":"2015-06-05T09:41:43","slug":"rok-szkolny-20142015","status":"publish","type":"page","link":"https:\/\/sp1lubomierz.pl\/?page_id=4699","title":{"rendered":"Rok szkolny 2014\/2015"},"content":{"rendered":"<h3 style=\"text-align: center;\"><a href=\"http:\/\/sp1lubomierz.pl\/?page_id=3710\">Wrzesie\u0144 2014<\/a><\/h3>\n<h3 style=\"text-align: center;\"><a href=\"http:\/\/sp1lubomierz.pl\/?page_id=4079\">Pa\u017adziernik 2014<\/a><\/h3>\n<h3 style=\"text-align: center;\"><a href=\"http:\/\/sp1lubomierz.pl\/?page_id=4695\">Listopad 2014<\/a><\/h3>\n<h3 style=\"text-align: center;\"><a href=\"http:\/\/sp1lubomierz.pl\/?page_id=5066\">Grudzie\u0144 2014<\/a><\/h3>\n<h3 style=\"text-align: center;\"><a href=\"http:\/\/sp1lubomierz.pl\/?page_id=5711\">Stycze\u0144 2015<\/a><\/h3>\n<h3 style=\"text-align: center;\"><a href=\"http:\/\/sp1lubomierz.pl\/?page_id=6054\">Luty 2015<\/a><\/h3>\n<h3 style=\"text-align: center;\"><a href=\"http:\/\/sp1lubomierz.pl\/?page_id=6838\">Marzec 2015<\/a><\/h3>\n<h3 style=\"text-align: center;\"><a href=\"http:\/\/sp1lubomierz.pl\/?page_id=7429\">Kwiecie\u0144 2015<\/a><\/h3>\n<h3 style=\"text-align: center;\"><a href=\"http:\/\/sp1lubomierz.pl\/?page_id=8144\">Maj 2015 <\/a><\/h3>\n<h3 style=\"text-align: center;\"><a href=\"http:\/\/sp1lubomierz.pl\/?page_id=8690\">Czerwiec 2015<\/a><\/h3>\n","protected":false},"excerpt":{"rendered":"<p>Wrzesie\u0144 2014 Pa\u017adziernik 2014 Listopad 2014 Grudzie\u0144 2014 Stycze\u0144 2015 Luty 2015 Marzec 2015 Kwiecie\u0144 2015 Maj 2015 Czerwiec 2015<\/p>\n","protected":false},"author":1,"featured_media":0,"parent":0,"menu_order":0,"comment_status":"closed","ping_status":"open","template":"","meta":{"ngg_post_thumbnail":0,"footnotes":""},"class_list":["post-4699","page","type-page","status-publish","hentry"],"_links":{"self":[{"href":"https:\/\/sp1lubomierz.pl\/index.php?rest_route=\/wp\/v2\/pages\/4699","targetHints":{"allow":["GET"]}}],"collection":[{"href":"https:\/\/sp1lubomierz.pl\/index.php?rest_route=\/wp\/v2\/pages"}],"about":[{"href":"https:\/\/sp1lubomierz.pl\/index.php?rest_route=\/wp\/v2\/types\/page"}],"author":[{"embeddable":true,"href":"https:\/\/sp1lubomierz.pl\/index.php?rest_route=\/wp\/v2\/users\/1"}],"replies":[{"embeddable":true,"href":"https:\/\/sp1lubomierz.pl\/index.php?rest_route=%2Fwp%2Fv2%2Fcomments&post=4699"}],"version-history":[{"count":13,"href":"https:\/\/sp1lubomierz.pl\/index.php?rest_route=\/wp\/v2\/pages\/4699\/revisions"}],"predecessor-version":[{"id":8695,"href":"https:\/\/sp1lubomierz.pl\/index.php?rest_route=\/wp\/v2\/pages\/4699\/revisions\/8695"}],"wp:attachment":[{"href":"https:\/\/sp1lubomierz.pl\/index.php?rest_route=%2Fwp%2Fv2%2Fmedia&parent=4699"}],"curies":[{"name":"wp","href":"https:\/\/api.w.org\/{rel}","templated":true}]}}