{"id":47,"date":"2013-08-27T21:19:07","date_gmt":"2013-08-27T19:19:07","guid":{"rendered":"http:\/\/sp1lubomierz.pl\/?page_id=47"},"modified":"2025-09-10T13:52:56","modified_gmt":"2025-09-10T11:52:56","slug":"dni-wolne","status":"publish","type":"page","link":"https:\/\/sp1lubomierz.pl\/?page_id=47","title":{"rendered":"Dodatkowe dni wolne w roku szkolnym 2025\/2026"},"content":{"rendered":"<p style=\"text-align: center;\"><strong>Uchwa\u0142a nr 3\/2025\/2026<br \/>\n<\/strong><strong>z dnia 28 sierpnia 2025 roku<\/strong><\/p>\n<p style=\"text-align: justify;\"><strong>&nbsp;<\/strong>Dyrektora Szko\u0142y Podstawowej nr 1 im. \u015bw. J\u00f3zefa w Lubomierzu w sprawie ustalenia dodatkowych dni wolnych od zaj\u0119\u0107 dydaktyczno-wychowawczych w roku szkolnym 2025\/2026.<\/p>\n<p style=\"text-align: justify;\"><em>Podstawa prawna: \u00a7 5 ust. 1-3 rozporz\u0105dzenia Ministra Edukacji Narodowej i Sportu z dnia 11 sierpnia 2017 roku w sprawie organizacji roku szkolnego, \u00a7 4 ust. 1-3 rozporz\u0105dzenia Ministra Kultury z dnia 20 listopada 2017 r. w sprawie organizacji roku szkolnego w publicznych szko\u0142ach i plac\u00f3wkach artystycznych.<br \/>\n<\/em>Dyrektor Szko\u0142y ustala w roku szkolnym 2025\/2026 dodatkowe dni wolne od zaj\u0119\u0107 dydaktycznych w wymiarze 8 dni tj.:<\/p>\n<ul>\n<li>31 pa\u017adziernika 2025 r.<\/li>\n<li>10 listopada 2025 r.<\/li>\n<li>2 stycznia 2026 r.<\/li>\n<li>1 kwietnia 2026 r.<\/li>\n<li>11 maja 2026 r.<\/li>\n<li>12 maja 2026 r<\/li>\n<li>13 maja 2026 r.<\/li>\n<li>5 czerwca 2026 r.<\/li>\n<\/ul>\n<ul>\n<li style=\"list-style-type: none;\">&nbsp;<\/li>\n<\/ul>\n<ul>\n<li style=\"list-style-type: none;\">\n<ul>\n<li style=\"list-style-type: none;\">&nbsp;<\/li>\n<\/ul>\n<\/li>\n<\/ul>\n<p style=\"text-align: center;\">&nbsp;<\/p>\n","protected":false},"excerpt":{"rendered":"<p>Uchwa\u0142a nr 3\/2025\/2026 z dnia 28 sierpnia 2025 roku &nbsp;Dyrektora Szko\u0142y Podstawowej nr 1 im. \u015bw. J\u00f3zefa w Lubomierzu w sprawie ustalenia dodatkowych dni wolnych od zaj\u0119\u0107 dydaktyczno-wychowawczych w roku szkolnym 2025\/2026. Podstawa prawna: \u00a7 5 ust. 1-3 rozporz\u0105dzenia Ministra Edukacji Narodowej i Sportu z dnia 11 sierpnia 2017 roku w sprawie organizacji roku szkolnego, [&hellip;]<\/p>\n","protected":false},"author":2,"featured_media":0,"parent":40,"menu_order":0,"comment_status":"open","ping_status":"open","template":"","meta":{"ngg_post_thumbnail":0,"footnotes":""},"class_list":["post-47","page","type-page","status-publish","hentry"],"_links":{"self":[{"href":"https:\/\/sp1lubomierz.pl\/index.php?rest_route=\/wp\/v2\/pages\/47","targetHints":{"allow":["GET"]}}],"collection":[{"href":"https:\/\/sp1lubomierz.pl\/index.php?rest_route=\/wp\/v2\/pages"}],"about":[{"href":"https:\/\/sp1lubomierz.pl\/index.php?rest_route=\/wp\/v2\/types\/page"}],"author":[{"embeddable":true,"href":"https:\/\/sp1lubomierz.pl\/index.php?rest_route=\/wp\/v2\/users\/2"}],"replies":[{"embeddable":true,"href":"https:\/\/sp1lubomierz.pl\/index.php?rest_route=%2Fwp%2Fv2%2Fcomments&post=47"}],"version-history":[{"count":39,"href":"https:\/\/sp1lubomierz.pl\/index.php?rest_route=\/wp\/v2\/pages\/47\/revisions"}],"predecessor-version":[{"id":48804,"href":"https:\/\/sp1lubomierz.pl\/index.php?rest_route=\/wp\/v2\/pages\/47\/revisions\/48804"}],"up":[{"embeddable":true,"href":"https:\/\/sp1lubomierz.pl\/index.php?rest_route=\/wp\/v2\/pages\/40"}],"wp:attachment":[{"href":"https:\/\/sp1lubomierz.pl\/index.php?rest_route=%2Fwp%2Fv2%2Fmedia&parent=47"}],"curies":[{"name":"wp","href":"https:\/\/api.w.org\/{rel}","templated":true}]}}