{"id":47021,"date":"2024-08-22T09:16:27","date_gmt":"2024-08-22T07:16:27","guid":{"rendered":"http:\/\/sp1lubomierz.pl\/?page_id=47021"},"modified":"2025-10-28T12:38:02","modified_gmt":"2025-10-28T11:38:02","slug":"bo-w-przedszkolu-fajnie-jest-5","status":"publish","type":"page","link":"https:\/\/sp1lubomierz.pl\/?page_id=47021","title":{"rendered":"Bo w przedszkolu fajnie jest"},"content":{"rendered":"<h3 style=\"text-align: center;\"><strong>Przedszkolaki w Smoczej Osadzie<\/strong><\/h3>\n<p style=\"text-align: left;\"><a href=\"http:\/\/sp1lubomierz.pl\/wp-content\/uploads\/2025\/10\/2244-scaled.jpg\"><img loading=\"lazy\" decoding=\"async\" class=\"alignleft size-thumbnail wp-image-48968\" src=\"http:\/\/sp1lubomierz.pl\/wp-content\/uploads\/2025\/10\/2244-150x150.jpg\" alt=\"Grupa przedszkolak\u00f3w pozuje do wsp\u00f3lnego zdj\u0119cia na tle du\u017cego tipi. Dzieci stoj\u0105 na trawie, machaj\u0105 i u\u015bmiechaj\u0105 si\u0119 do obiektywu. W tle wida\u0107 jesienne drzewa i b\u0142\u0119kitne niebo.\" width=\"150\" height=\"150\"><\/a>W czwartek, 23 pa\u017adziernika, dzieci z oddzia\u0142u przedszkolnego uczestniczy\u0142y w wyj\u0105tkowej wycieczce do Smoczej Osady w \u017bbikowicach. To malownicze miejsce po\u0142o\u017cone w\u015br\u00f3d natury sta\u0142o si\u0119 scen\u0105 wielu radosnych aktywno\u015bci, kt\u00f3re na d\u0142ugo pozostan\u0105 w pami\u0119ci najm\u0142odszych uczestnik\u00f3w. Program pobytu obfitowa\u0142 w atrakcje dostosowane do wieku dzieci. Przedszkolaki mia\u0142y okazj\u0119 karmi\u0107 zwierz\u0119ta gospodarskie, wzi\u0105\u0107 udzia\u0142 w emocjonuj\u0105cej zabawie w przeci\u0105ganie liny, a tak\u017ce odkrywa\u0107 zakamarki kukurydzianego labiryntu, kt\u00f3ry wzbudzi\u0142 wiele rado\u015bci i \u015bmiechu.Po intensywnych aktywno\u015bciach na \u015bwie\u017cym powietrzu przyszed\u0142 czas na chwil\u0119 odpoczynku i wsp\u00f3lny posi\u0142ek. Dzieci z apetytem zjad\u0142y domowy ros\u00f3\u0142 i \u015bwie\u017ce ciasto dro\u017cd\u017cowe, kt\u00f3re by\u0142y pysznym zwie\u0144czeniem dnia.<br>Wycieczka do Smoczej Osady by\u0142a nie tylko okazj\u0105 do dobrej zabawy, ale r\u00f3wnie\u017c do integracji i nauki poprzez kontakt z natur\u0105.<\/p>\n<p style=\"text-align: center;\">\ud83d\udcfd\ufe0f <strong data-start=\"118\" data-end=\"188\">Zach\u0119camy do obejrzenia naszej rolki z wycieczki do Smoczej Osady! <\/strong><a href=\"https:\/\/www.facebook.com\/share\/v\/17CdznY7z1\/\">https:\/\/www.facebook.com\/share\/v\/17CdznY7z1\/<\/a><\/p>\n<p style=\"text-align: right;\">red. A. Ko\u0142odziejczyk<\/p>\n\n\t\t<style type=\"text\/css\">\n\t\t\t#gallery-1 {\n\t\t\t\tmargin: auto;\n\t\t\t}\n\t\t\t#gallery-1 .gallery-item {\n\t\t\t\tfloat: left;\n\t\t\t\tmargin-top: 10px;\n\t\t\t\ttext-align: center;\n\t\t\t\twidth: 33%;\n\t\t\t}\n\t\t\t#gallery-1 img {\n\t\t\t\tborder: 2px solid #cfcfcf;\n\t\t\t}\n\t\t\t#gallery-1 .gallery-caption {\n\t\t\t\tmargin-left: 0;\n\t\t\t}\n\t\t\t\/* see gallery_shortcode() in wp-includes\/media.php *\/\n\t\t<\/style>\n\t\t<div id='gallery-1' class='gallery galleryid-47021 gallery-columns-3 gallery-size-thumbnail'><dl class='gallery-item'>\n\t\t\t<dt class='gallery-icon portrait'>\n\t\t\t\t<a href='https:\/\/sp1lubomierz.pl\/wp-content\/uploads\/2025\/10\/2215-scaled.jpg'><img loading=\"lazy\" decoding=\"async\" width=\"150\" height=\"150\" src=\"https:\/\/sp1lubomierz.pl\/wp-content\/uploads\/2025\/10\/2215-150x150.jpg\" class=\"attachment-thumbnail size-thumbnail\" alt=\"Dzieci pozuj\u0105 na i wok\u00f3\u0142 kolorowej, niebiesko-pomara\u0144czowej figury smoka. W tle rozci\u0105ga si\u0119 g\u00f3rski krajobraz z boiskami i zabudowaniami. Dzieci siedz\u0105 i stoj\u0105, u\u015bmiechaj\u0105c si\u0119 do zdj\u0119cia.\" \/><\/a>\n\t\t\t<\/dt><\/dl><dl class='gallery-item'>\n\t\t\t<dt class='gallery-icon portrait'>\n\t\t\t\t<a href='https:\/\/sp1lubomierz.pl\/wp-content\/uploads\/2025\/10\/2204-scaled.jpg'><img loading=\"lazy\" decoding=\"async\" width=\"150\" height=\"150\" src=\"https:\/\/sp1lubomierz.pl\/wp-content\/uploads\/2025\/10\/2204-150x150.jpg\" class=\"attachment-thumbnail size-thumbnail\" alt=\"Grupa przedszkolak\u00f3w spaceruje przez labirynt z wysokich \u0142odyg kukurydzy. Dzieci s\u0105 u\u015bmiechni\u0119te, ubrane w ciep\u0142e ubrania, otoczone \u015bcian\u0105 suchych ro\u015blin.\" \/><\/a>\n\t\t\t<\/dt><\/dl><dl class='gallery-item'>\n\t\t\t<dt class='gallery-icon portrait'>\n\t\t\t\t<a href='https:\/\/sp1lubomierz.pl\/wp-content\/uploads\/2025\/10\/2236-scaled.jpg'><img loading=\"lazy\" decoding=\"async\" width=\"150\" height=\"150\" src=\"https:\/\/sp1lubomierz.pl\/wp-content\/uploads\/2025\/10\/2236-150x150.jpg\" class=\"attachment-thumbnail size-thumbnail\" alt=\"Czworo dzieci bawi si\u0119 na zielonej \u0142\u0105ce, jad\u0105c na zielonym plastikowym traktorze z przyczepk\u0105. W tle wida\u0107 snopki s\u0142omy, tipi oraz zabawkowego smoka pomara\u0144czowego koloru.\" \/><\/a>\n\t\t\t<\/dt><\/dl><br style=\"clear: both\" \/>\n\t\t<\/div>\n\n<p style=\"text-align: right;\">&nbsp;<\/p>\n<h1>Gofrowe Fantazje \u2013 s\u0142odka przygoda przedszkolak\u00f3w<\/h1>\n<p data-start=\"103\" data-end=\"251\"><a href=\"http:\/\/sp1lubomierz.pl\/wp-content\/uploads\/2025\/09\/20250929_115511-scaled.jpg\"><img loading=\"lazy\" decoding=\"async\" class=\"alignleft size-thumbnail wp-image-48895\" src=\"http:\/\/sp1lubomierz.pl\/wp-content\/uploads\/2025\/09\/20250929_115511-150x150.jpg\" alt=\"Grupa przedszkolak\u00f3w pozuje wsp\u00f3lnie na tle napisu \u201eSala Zabaw Orkanolandia\u201d. Dzieci u\u015bmiechaj\u0105 si\u0119 i pozuj\u0105 w dw\u00f3ch rz\u0119dach \u2013 cz\u0119\u015b\u0107 siedzi, a cz\u0119\u015b\u0107 stoi.\" width=\"150\" height=\"150\"><\/a>29 wrze\u015bnia nasze przedszkolaki wybra\u0142y si\u0119 na wyj\u0105tkow\u0105 wycieczk\u0119 do Restauracji Orkanova, aby wzi\u0105\u0107 udzia\u0142 w warsztatach \u201eGofrowe Fantazje\u201d. Dzieci z ogromnym zaanga\u017cowaniem dekorowa\u0142y swoje gofry \u2013 jedne pe\u0142ne owoc\u00f3w, inne zatopione w czekoladzie i kolorowych posypkach. Ka\u017cdy ma\u0142y cukiernik m\u00f3g\u0142 poczu\u0107 si\u0119 jak prawdziwy mistrz kuchni. Najwi\u0119ksz\u0105 rado\u015bci\u0105 by\u0142o oczywi\u015bcie wsp\u00f3lne zjedzenie w\u0142asnor\u0119cznie ozdobionych smako\u0142yk\u00f3w \u2013 smakowa\u0142y wybornie! Po kulinarnych emocjach przyszed\u0142 czas na zabaw\u0119. Przedszkolaki sp\u0119dzi\u0142y czas w sali zabaw Orkanolandia, korzystaj\u0105c z licznych atrakcji. By\u0142y \u015bmiechy, biegi, zje\u017cd\u017calnie i mn\u00f3stwo dzieci\u0119cej energii.<\/p>\n<p data-start=\"773\" data-end=\"904\">Wycieczka okaza\u0142a si\u0119 pe\u0142na rado\u015bci, smak\u00f3w i niezapomnianych chwil, kt\u00f3re na d\u0142ugo pozostan\u0105 w pami\u0119ci najm\u0142odszych uczestnik\u00f3w.<br><a href=\"http:\/\/sp1lubomierz.pl\/wp-content\/uploads\/2025\/09\/1000059812-scaled.jpg\"><img loading=\"lazy\" decoding=\"async\" class=\"alignleft size-thumbnail wp-image-48896\" src=\"http:\/\/sp1lubomierz.pl\/wp-content\/uploads\/2025\/09\/1000059812-150x150.jpg\" alt=\"dzieci przy stole, przed nimi talerze z udekorowanymi goframi. Gofry pokryte s\u0105 bit\u0105 \u015bmietan\u0105, owocami, piankami i kolorowymi posypkami.\" width=\"150\" height=\"150\"><\/a> <a href=\"http:\/\/sp1lubomierz.pl\/wp-content\/uploads\/2025\/09\/1000059809-scaled.jpg\"><img loading=\"lazy\" decoding=\"async\" class=\"alignleft size-thumbnail wp-image-48894\" src=\"http:\/\/sp1lubomierz.pl\/wp-content\/uploads\/2025\/09\/1000059809-150x150.jpg\" alt=\"Na zdj\u0119ciu wida\u0107 ch\u0142opca siedz\u0105cego przy stole. Ma kr\u00f3tkie w\u0142osy i zielon\u0105 koszulk\u0119, patrzy w stron\u0119 aparatu z lekkim u\u015bmiechem. Przed nim, na bia\u0142ym talerzu, le\u017cy gofr udekorowany bit\u0105 \u015bmietan\u0105, kawa\u0142kami owoc\u00f3w, kolorowymi posypkami oraz piank\u0105 marshmallow\" width=\"150\" height=\"150\"><\/a> <a href=\"http:\/\/sp1lubomierz.pl\/wp-content\/uploads\/2025\/09\/1000059810-scaled.jpg\"><img loading=\"lazy\" decoding=\"async\" class=\"alignleft size-thumbnail wp-image-48893\" src=\"http:\/\/sp1lubomierz.pl\/wp-content\/uploads\/2025\/09\/1000059810-150x150.jpg\" alt=\"Dziewczynka w niebieskiej koszulce siedzi przy stole, obok talerz z gofrem udekorowanym bit\u0105 \u015bmietan\u0105, owocami i posypk\u0105.\" width=\"150\" height=\"150\"><\/a> <a href=\"http:\/\/sp1lubomierz.pl\/wp-content\/uploads\/2025\/09\/1000059777-scaled.jpg\"><img loading=\"lazy\" decoding=\"async\" class=\"alignleft size-thumbnail wp-image-48892\" src=\"http:\/\/sp1lubomierz.pl\/wp-content\/uploads\/2025\/09\/1000059777-150x150.jpg\" alt=\"dw\u00f3ch ch\u0142opc\u00f3w jedzie ma\u0142ymi plastikowymi samochodami \u2013 jeden zielonym z dinozaurem, drugi czarnym z u\u015bmiechni\u0119t\u0105 buzi\u0105 na przodzie.\" width=\"150\" height=\"150\"><\/a> <a href=\"http:\/\/sp1lubomierz.pl\/wp-content\/uploads\/2025\/09\/1000059776-scaled.jpg\"><img loading=\"lazy\" decoding=\"async\" class=\"alignleft size-thumbnail wp-image-48891\" src=\"http:\/\/sp1lubomierz.pl\/wp-content\/uploads\/2025\/09\/1000059776-150x150.jpg\" alt=\"Dziewczynka w bia\u0142ej koszulce i spodniach w panterk\u0119 siedzi u\u015bmiechni\u0119ta w zielonym pontonie na zje\u017cd\u017calni w sali zabaw.\" width=\"150\" height=\"150\"><\/a><\/p>\n<h1>Wycieczka Przedszkolak\u00f3w do Teatru Lalek Rabcio w Rabce- Zdroju<\/h1>\n<p><a href=\"http:\/\/sp1lubomierz.pl\/wp-content\/uploads\/2025\/03\/483227845_650342077409425_5500849400265513978_n.jpg\"><img loading=\"lazy\" decoding=\"async\" class=\"alignleft size-thumbnail wp-image-48208\" src=\"http:\/\/sp1lubomierz.pl\/wp-content\/uploads\/2025\/03\/483227845_650342077409425_5500849400265513978_n-150x150.jpg\" alt=\"\" width=\"150\" height=\"150\"><\/a>11 marca dzieci z oddzia\u0142\u00f3w przedszkolnych wybra\u0142y si\u0119 na wycieczk\u0119 autokarow\u0105 do Teatru Lalek \u201eRabcio\u201d w Rabce-Zdroju, gdzie obejrza\u0142y spektakl pt. \u201eKarius i Baktus\u201d. Od samego rana w\u015br\u00f3d przedszkolak\u00f3w panowa\u0142o wielkie podekscytowanie na my\u015bl o teatralnej przygodzie. Po dotarciu na miejsce aktorzy serdecznie nas powitali i zaprosili do sali widowiskowej. Przedstawienie opowiada\u0142o histori\u0119 ch\u0142opca Marka, kt\u00f3ry uwielbia s\u0142odycze, oraz dw\u00f3ch psotnych bakterii \u2013 Kariusa i Baktusa \u2013 zamieszkuj\u0105cych jego z\u0119by. Dzi\u0119ki barwnej scenografii, efektom \u015bwietlnym i d\u017awi\u0119kowym dzieci przenios\u0142y si\u0119 w niezwyk\u0142y \u015bwiat pe\u0142en emocji i humoru. Spektakl w przyst\u0119pny i zabawny spos\u00f3b przypomnia\u0142 ma\u0142ym widzom, jak wa\u017cna jest higiena jamy ustnej. Przedszkolaki z du\u017cym zaanga\u017cowaniem \u015bledzi\u0142y losy bohater\u00f3w, a po zako\u0144czeniu przedstawienia jednog\u0142o\u015bnie obieca\u0142y, \u017ce zawsze b\u0119d\u0105 dba\u0107 o swoje z\u0119by. Pe\u0142ni wra\u017ce\u0144 i w doskona\u0142ych humorach wr\u00f3cili\u015bmy do przedszkola. To by\u0142a niezapomniana wycieczka, kt\u00f3ra na d\u0142ugo pozostanie w pami\u0119ci dzieci!<\/p>\n<h2 style=\"text-align: center;\">Miko\u0142ajki w oddzia\u0142ach przedszkolnych&nbsp;<\/h2>\n<h2 style=\"text-align: center;\"><span style=\"background-color: #0000ff;\"><a style=\"background-color: #0000ff;\" href=\"https:\/\/sp1lubomierz.pl\/?p=47698\">https:\/\/sp1lubomierz.pl\/?p=47698<\/a><\/span><\/h2>\n<h2 style=\"text-align: center;\">Zabawa Andrzejkowa Przedszkolak\u00f3w<\/h2>\n<p style=\"text-align: justify;\">27 listopada w sali zabaw \u201eNibylandia\u201d w \u0141\u0105cku odby\u0142a si\u0119 Zabawa Andrzejkowa dla przedszkolak\u00f3w, kt\u00f3ra dostarczy\u0142a dzieciom mn\u00f3stwa rado\u015bci i \u015bwietnej zabawy. Przedszkolaki sp\u0119dzi\u0142y czas na wsp\u00f3lnych ta\u0144cach prowadzonych przez profesjonaln\u0105 tancerk\u0119, kt\u00f3ra zadba\u0142a o to, by ka\u017cdy maluch m\u00f3g\u0142 poczu\u0107 si\u0119 swobodnie na parkiecie i \u015bwietnie si\u0119 bawi\u0107. W trakcie wydarzenia dzieci mia\u0142y okazj\u0119 cz\u0119stowa\u0107 si\u0119 przek\u0105skami i korzysta\u0107 z nielimitowanych napoj\u00f3w, takich jak lemoniada i woda, co pozwoli\u0142o im nabra\u0107 si\u0142 do dalszej aktywno\u015bci. Ciekawym elementem by\u0142y wr\u00f3\u017cby andrzejkowe, kt\u00f3re wprowadzi\u0142y dzieci w \u015bwiat tradycji zwi\u0105zanych z tym wyj\u0105tkowym dniem. Zabawa by\u0142a pe\u0142na \u015bmiechu, ta\u0144ca i rado\u015bci, a dzieci wr\u00f3ci\u0142y do domu zadowolone i pe\u0142ne pozytywnych wra\u017ce\u0144. R\u00f3wnie\u017c tego dnia w oddziale przedszkolnym 0a odby\u0142a si\u0119 wyj\u0105tkowa zabawa andrzejkowa, kt\u00f3ra dostarczy\u0142a dzieciom mn\u00f3stwo rado\u015bci i niezapomnianych wra\u017ce\u0144. Najm\u0142odsi mieli okazj\u0119, spotka\u0107 ulubione postacie \u2013 \u015awink\u0119 Pepp\u0119 i Marschala z Psiego Patrolu! Go\u015bcie specjalni wywo\u0142ali ogromny entuzjazm w\u015br\u00f3d dzieci. Wsp\u00f3lne ta\u0144ce, zabawy oraz mo\u017cliwo\u015b\u0107 zrobienia zdj\u0119\u0107 z ulubionymi bohaterami by\u0142y najwi\u0119ksz\u0105 atrakcj\u0105 tego dnia. Wszystko to odby\u0142o si\u0119 w radosnej atmosferze, pe\u0142nej \u015bmiechu i dobrej zabawy. <br>Dzi\u0119kujemy rodzicom , kt\u00f3rzy zaanga\u017cowali si\u0119 w przygotowanie balon\u00f3w oraz pocz\u0119stunku dla dzieci.<\/p>\n<p style=\"text-align: center;\"><span style=\"color: #0000ff;\"><a style=\"color: #0000ff;\" href=\"https:\/\/sp1lubomierz.pl\/?page_id=47625\">GALERIA ZDJ\u0118\u0106<\/a><\/span><\/p>\n<p><iframe loading=\"lazy\" title=\"Andrzejki 2024\" width=\"500\" height=\"375\" src=\"https:\/\/www.youtube.com\/embed\/3XlqCKvW9-Q?feature=oembed\" frameborder=\"0\" allow=\"accelerometer; autoplay; clipboard-write; encrypted-media; gyroscope; picture-in-picture; web-share\" referrerpolicy=\"strict-origin-when-cross-origin\" allowfullscreen><\/iframe><\/p>\n<h2>&nbsp;<\/h2>\n<h2 style=\"text-align: center;\">Warsztaty paleontologiczne<\/h2>\n<p style=\"text-align: justify;\">Dnia 13 listopada 2024 r. w naszym przedszkolu odby\u0142y si\u0119 wyj\u0105tkowe warsztaty paleontologiczne, w kt\u00f3rych udzia\u0142 wzi\u0119\u0142y zar\u00f3wno nasze przedszkolaki, jak i dzieci z klas 1-3. By\u0142o to wydarzenie pe\u0142ne emocji, wiedzy i kreatywnej zabawy! Ju\u017c od samego pocz\u0105tku dzieci zosta\u0142y wprowadzone w fascynuj\u0105cy \u015bwiat prehistorii. Zaj\u0119cia rozpocz\u0119\u0142y si\u0119 interaktywn\u0105 opowie\u015bci\u0105 o pocz\u0105tkach \u017cycia na Ziemi. Mali uczestnicy mogli pozna\u0107, jak wygl\u0105da\u0142y pierwsze formy \u017cycia, jak powsta\u0142y dinozaury oraz jakie zmiany zachodzi\u0142y na naszej planecie przez miliony lat. Dzi\u0119ki atrakcyjnej i interaktywnej formie przekazu dzieci ch\u0119tnie zadawa\u0142y pytania i dzieli\u0142y si\u0119 swoimi spostrze\u017ceniami. Ka\u017cde dziecko otrzyma\u0142o w\u0142asn\u0105 figurk\u0119 dinozaura, do samodzielnego ozdobienia. Kolorowe modele dinozaur\u00f3w z pewno\u015bci\u0105 b\u0119d\u0105 pi\u0119kn\u0105 pami\u0105tk\u0105 tego wyj\u0105tkowego dnia. Nie zabrak\u0142o r\u00f3wnie\u017c naukowych atrakcji! Dzieci mog\u0142y poczu\u0107 si\u0119 jak prawdziwi badacze, uczestnicz\u0105c w eksperymentach zwi\u0105zanych z wulkanologi\u0105. Dzi\u0119ki temu pozna\u0142y zasady dzia\u0142ania wulkan\u00f3w i mog\u0142y zobaczy\u0107, jak wybucha miniaturowy wulkan, co wywo\u0142a\u0142o ogromne zainteresowanie i u\u015bmiechy na twarzach uczestnik\u00f3w.<br>To by\u0142a niezapomniana lekcja historii Ziemi i \u015bwietna zabawa! Warsztaty te nie tylko rozbudzi\u0142y ciekawo\u015b\u0107 naszych podopiecznych, ale tak\u017ce pozwoli\u0142y im kreatywnie sp\u0119dzi\u0107 czas.<\/p>\n<p><iframe loading=\"lazy\" title=\"27 listopada 2024\" width=\"422\" height=\"750\" src=\"https:\/\/www.youtube.com\/embed\/7uPDgUTt2r8?feature=oembed\" frameborder=\"0\" allow=\"accelerometer; autoplay; clipboard-write; encrypted-media; gyroscope; picture-in-picture; web-share\" referrerpolicy=\"strict-origin-when-cross-origin\" allowfullscreen><\/iframe><\/p>\n<h2 style=\"text-align: center;\">Jesienny Kiermasz &#8222;Pomara\u0144czowy Tydzie\u0144&#8221;<\/h2>\n<p style=\"text-align: justify;\"><a href=\"http:\/\/sp1lubomierz.pl\/wp-content\/uploads\/2024\/10\/20241017_082946-1-1.jpg\"><img loading=\"lazy\" decoding=\"async\" class=\"alignleft size-thumbnail wp-image-47425\" src=\"http:\/\/sp1lubomierz.pl\/wp-content\/uploads\/2024\/10\/20241017_082946-1-1-150x150.jpg\" alt=\"\" width=\"150\" height=\"150\"><\/a>W minionym tygodniu, w naszej szkole odby\u0142 si\u0119 wyj\u0105tkowy kiermasz pod has\u0142em \u201ePomara\u0144czowy Tydzie\u0144\u201d, zorganizowany przez Panie z oddzia\u0142\u00f3w przedszkolnych. Wydarzenie to, nawi\u0105zuj\u0105ce do jesiennej aury, zachwyci\u0142o zar\u00f3wno dzieci, jak i doros\u0142ych. Pomara\u0144czowy motyw przewodni nie tylko przywo\u0142ywa\u0142 na my\u015bl jesie\u0144, ale r\u00f3wnie\u017c podkre\u015bla\u0142 zdrowotne walory oferowanych przek\u0105sek.<br>Na kiermaszu mo\u017cna by\u0142o spr\u00f3bowa\u0107 rozmaitych, zdrowych smako\u0142yk\u00f3w, przygotowanych z my\u015bl\u0105 o najm\u0142odszych i ich rodzicach. W\u015br\u00f3d nich znalaz\u0142y si\u0119 mi\u0119dzy innymi ciasta z marchewki i dyni, kt\u00f3re cieszy\u0142y si\u0119 du\u017cym zainteresowaniem. Wszyscy mogli r\u00f3wnie\u017c delektowa\u0107 si\u0119 tostami i goframi z d\u017cemem z dyni i mango, a tak\u017ce galaretkami z brzoskwiniami, kt\u00f3re przyci\u0105ga\u0142y uwag\u0119 swoim wygl\u0105dem i \u015bwie\u017co\u015bci\u0105. Popularno\u015bci\u0105 cieszy\u0142y si\u0119 r\u00f3wnie\u017c pomara\u0144czowe babeczki oraz zdrowe kanapeczki i tortille, kt\u00f3re nie tylko kusi\u0142y smakiem, ale r\u00f3wnie\u017c dostarcza\u0142y warto\u015bciowych sk\u0142adnik\u00f3w od\u017cywczych.<br>Zebrane podczas kiermaszu \u015brodki zostan\u0105 przekazane na potrzeby oddzia\u0142\u00f3w przedszkolnych.<\/p>\n<p><iframe loading=\"lazy\" title=\"Pomara\u0144czowy Tydzie\u0144\" width=\"500\" height=\"375\" src=\"https:\/\/www.youtube.com\/embed\/tnvmOheRngM?feature=oembed\" frameborder=\"0\" allow=\"accelerometer; autoplay; clipboard-write; encrypted-media; gyroscope; picture-in-picture; web-share\" referrerpolicy=\"strict-origin-when-cross-origin\" allowfullscreen><\/iframe><\/p>\n<h2 style=\"text-align: center;\"><strong>Wycieczka przedszkolak\u00f3w do restauracji Winner w Mszanie Dolnej<\/strong><\/h2>\n<p style=\"text-align: justify;\">16 i 17 pa\u017adziernika przedszkolaki uczestniczy\u0142y w wyj\u0105tkowej wycieczce do restauracji Winner, gdzie zorganizowano dla nich fascynuj\u0105ce warsztaty kulinarne. To wydarzenie by\u0142o nie tylko okazj\u0105 do smakowitej zabawy, ale tak\u017ce szans\u0105 na zdobycie nowych umiej\u0119tno\u015bci w profesjonalnej kuchni. Po przybyciu do restauracji m\u0142odych kucharzy powita\u0142a obs\u0142uga, kt\u00f3ra przygotowa\u0142a dla nich specjalnie zaaran\u017cowane stanowiska pracy. Ka\u017cde dziecko otrzyma\u0142o profesjonalny fartuch kucharski oraz czapk\u0119, co sprawi\u0142o, \u017ce poczu\u0142y si\u0119 jak prawdziwi szefowie kuchni. Kolorowe i starannie przygotowane stanowiska pe\u0142ne sk\u0142adnik\u00f3w i narz\u0119dzi kucharskich od razu wzbudzi\u0142y w maluchach ciekawo\u015b\u0107 i ekscytacj\u0119. G\u0142\u00f3wn\u0105 atrakcj\u0105 dnia by\u0142o w\u0142asnor\u0119czne przygotowywanie pizzy. Pod okiem do\u015bwiadczonego kucharza dzieci z rado\u015bci\u0105 zagniata\u0142y ciasto, ucz\u0105c si\u0119, jak rozci\u0105ga\u0107 je na idealn\u0105 wielko\u015b\u0107. Ka\u017cde z nich mia\u0142o szans\u0119 stworzy\u0107 pizz\u0119 wed\u0142ug w\u0142asnych upodoba\u0144 \u2013 wybieraj\u0105c ulubione sk\u0142adniki takie jak ser, pomidory, szynka, oliwki czy warzywa. Atmosfera by\u0142a pe\u0142na entuzjazmu, a mali kucharze z wielk\u0105 precyzj\u0105 uk\u0142adali dodatki na swoich pizzach, tworz\u0105c jedyne w swoim rodzaju kompozycje. Po zako\u0144czeniu etapu pieczenia pizz, dzieci przesz\u0142y do kolejnej cz\u0119\u015bci warsztat\u00f3w \u2013 przygotowywania domowej lemoniady. Rezultatem by\u0142y orze\u017awiaj\u0105ce napoje. Kiedy wszystkie pizze by\u0142y ju\u017c upieczone, dzieci zasiad\u0142y przy sto\u0142ach, by wreszcie skosztowa\u0107 owoc\u00f3w swojej pracy. Pizze, r\u00f3\u017cni\u0105ce si\u0119 sk\u0142adnikami, smakowa\u0142y wy\u015bmienicie, a m\u0142odzi kucharze z dum\u0105 cz\u0119stowali si\u0119 swoimi w\u0142asnymi wypiekami. Chrupi\u0105ce spody, aromatyczne sk\u0142adniki i \u015bwiadomo\u015b\u0107, \u017ce stworzyli to w\u0142asnymi r\u0119koma, sprawi\u0142y, \u017ce ten posi\u0142ek smakowa\u0142 jeszcze lepiej. Orze\u017awiaj\u0105ca lemoniada, r\u00f3wnie\u017c przygotowana samodzielnie, by\u0142a idealnym dope\u0142nieniem tego kulinarnego sukcesu.<\/p>\n<p><iframe loading=\"lazy\" title=\"M\u0105dre S\u00f3wki na warsztatach kulinarnych\" width=\"500\" height=\"375\" src=\"https:\/\/www.youtube.com\/embed\/DAKKRkrjOAc?feature=oembed\" frameborder=\"0\" allow=\"accelerometer; autoplay; clipboard-write; encrypted-media; gyroscope; picture-in-picture; web-share\" referrerpolicy=\"strict-origin-when-cross-origin\" allowfullscreen><\/iframe><\/p>\n<p><iframe loading=\"lazy\" title=\"Dzielne smerfy na warsztatach kulinarnych\" width=\"500\" height=\"375\" src=\"https:\/\/www.youtube.com\/embed\/dS2MMM9X0XU?feature=oembed\" frameborder=\"0\" allow=\"accelerometer; autoplay; clipboard-write; encrypted-media; gyroscope; picture-in-picture; web-share\" referrerpolicy=\"strict-origin-when-cross-origin\" allowfullscreen><\/iframe><\/p>\n<h2 style=\"text-align: center;\"><strong>Przedszkolaki na &#8222;Le\u015bnej wyprawie&#8221;<\/strong><\/h2>\n<div class=\"group\/conversation-turn relative flex w-full min-w-0 flex-col agent-turn\">\n<div class=\"flex-col gap-1 md:gap-3\">\n<div class=\"flex max-w-full flex-col flex-grow\">\n<div class=\"min-h-8 text-message flex w-full flex-col items-end gap-2 whitespace-normal break-words [.text-message+&amp;]:mt-5\" dir=\"auto\" data-message-author-role=\"assistant\" data-message-id=\"80ed9c60-8a1e-47a2-9044-ed92fa45ca9f\" data-message-model-slug=\"gpt-4o\">\n<div class=\"flex w-full flex-col gap-1 empty:hidden first:pt-[3px]\">\n<div class=\"markdown prose w-full break-words dark:prose-invert light\">\n<p style=\"text-align: justify;\"><a href=\"http:\/\/sp1lubomierz.pl\/wp-content\/uploads\/2024\/10\/Screenshot_20241013-134010_Gallery-1.jpg\"><img loading=\"lazy\" decoding=\"async\" class=\"alignleft size-thumbnail wp-image-47284\" src=\"http:\/\/sp1lubomierz.pl\/wp-content\/uploads\/2024\/10\/Screenshot_20241013-134010_Gallery-1-150x150.jpg\" alt=\"\" width=\"150\" height=\"150\"><\/a>9 pa\u017adziernika nasze przedszkolaki, pod opiek\u0105 wychowawczy\u0144, wybra\u0142y si\u0119 na fascynuj\u0105c\u0105 wycieczk\u0119 do pobliskiego lasu. Czeka\u0142o tam na nie wiele atrakcji, a g\u0142\u00f3wnym zamierzeniem wyprawy by\u0142o przybli\u017cenie dzieciom bogactwa le\u015bnego \u015bwiata \u2013 zar\u00f3wno fauny, jak i flory.<br>Podczas spaceru po lesie dzieci bra\u0142y udzia\u0142 w zaj\u0119ciach przygotowanych przez nauczycielki. W\u0119druj\u0105c po \u015bcie\u017cce edukacyjnej, mia\u0142y okazj\u0119 przyjrze\u0107 si\u0119 z bliska \u015bwiatu le\u015bnych mieszka\u0144c\u00f3w. Obserwuj\u0105c otaczaj\u0105c\u0105 przyrod\u0119, dzieci poznawa\u0142y ekosystem lasu, jego bogactwo ro\u015blinne i zwierz\u0119ce. Uczy\u0142y si\u0119, jak rozpoznawa\u0107 r\u00f3\u017cne gatunki drzew, owad\u00f3w i innych stworze\u0144, patrz\u0105c, s\u0142uchaj\u0105c i dotykaj\u0105c. W\u015br\u00f3d eksponat\u00f3w, kt\u00f3re wzbudzi\u0142y szczeg\u00f3lne zainteresowanie, znalaz\u0142y si\u0119 makiety zwierz\u0105t, grzyby, li\u015bcie, mrowisko, kora drzew oraz r\u00f3\u017cne ro\u015bliny i owady.<\/p>\n<\/div>\n<\/div>\n<\/div>\n<\/div>\n<\/div>\n<\/div>\n<p style=\"text-align: justify;\"><!--more-->Podczas wycieczki dzieci dowiedzia\u0142y si\u0119 tak\u017ce, jak dba\u0107 o las. Teraz doskonale wiedz\u0105, \u017ce nie wolno w nim zostawia\u0107 \u015bmieci, ha\u0142asowa\u0107, p\u0142oszy\u0107 zwierz\u0105t ani rozpala\u0107 ognisk. By\u0142o to wa\u017cne przypomnienie, jak mo\u017cemy wsp\u00f3lnie troszczy\u0107 si\u0119 o \u015brodowisko. Wspania\u0142a atmosfera i ciekawie przekazywana wiedza sprawi\u0142y, \u017ce dzieci wr\u00f3ci\u0142y pe\u0142ne rado\u015bci, wzbogacone o nowe do\u015bwiadczenia i wiedz\u0119 o lesie.<\/p>\n<p style=\"text-align: right;\">red. A. Kolodziejczyk<br>R. Ogiela<br>A.Babu\u015bka<br>A. W\u0105cha\u0142a<\/p>\n\n\n<figure class=\"wp-block-embed is-type-video is-provider-youtube wp-block-embed-youtube wp-embed-aspect-4-3 wp-has-aspect-ratio\"><div class=\"wp-block-embed__wrapper\">\n<iframe loading=\"lazy\" title=\"13 pa\u017adziernika 2024\" width=\"500\" height=\"375\" src=\"https:\/\/www.youtube.com\/embed\/ISQQbXBLwyc?feature=oembed\" frameborder=\"0\" allow=\"accelerometer; autoplay; clipboard-write; encrypted-media; gyroscope; picture-in-picture; web-share\" referrerpolicy=\"strict-origin-when-cross-origin\" allowfullscreen><\/iframe>\n<\/div><\/figure>\n","protected":false},"excerpt":{"rendered":"<p>Przedszkolaki w Smoczej Osadzie W czwartek, 23 pa\u017adziernika, dzieci z oddzia\u0142u przedszkolnego uczestniczy\u0142y w wyj\u0105tkowej wycieczce do Smoczej Osady w \u017bbikowicach. To malownicze miejsce po\u0142o\u017cone w\u015br\u00f3d natury sta\u0142o si\u0119 scen\u0105 wielu radosnych aktywno\u015bci, kt\u00f3re na d\u0142ugo pozostan\u0105 w pami\u0119ci najm\u0142odszych uczestnik\u00f3w. Program pobytu obfitowa\u0142 w atrakcje dostosowane do wieku dzieci. Przedszkolaki mia\u0142y okazj\u0119 karmi\u0107 zwierz\u0119ta [&hellip;]<\/p>\n","protected":false},"author":1,"featured_media":0,"parent":0,"menu_order":0,"comment_status":"closed","ping_status":"closed","template":"","meta":{"ngg_post_thumbnail":0,"footnotes":""},"class_list":["post-47021","page","type-page","status-publish","hentry"],"_links":{"self":[{"href":"https:\/\/sp1lubomierz.pl\/index.php?rest_route=\/wp\/v2\/pages\/47021","targetHints":{"allow":["GET"]}}],"collection":[{"href":"https:\/\/sp1lubomierz.pl\/index.php?rest_route=\/wp\/v2\/pages"}],"about":[{"href":"https:\/\/sp1lubomierz.pl\/index.php?rest_route=\/wp\/v2\/types\/page"}],"author":[{"embeddable":true,"href":"https:\/\/sp1lubomierz.pl\/index.php?rest_route=\/wp\/v2\/users\/1"}],"replies":[{"embeddable":true,"href":"https:\/\/sp1lubomierz.pl\/index.php?rest_route=%2Fwp%2Fv2%2Fcomments&post=47021"}],"version-history":[{"count":15,"href":"https:\/\/sp1lubomierz.pl\/index.php?rest_route=\/wp\/v2\/pages\/47021\/revisions"}],"predecessor-version":[{"id":48974,"href":"https:\/\/sp1lubomierz.pl\/index.php?rest_route=\/wp\/v2\/pages\/47021\/revisions\/48974"}],"wp:attachment":[{"href":"https:\/\/sp1lubomierz.pl\/index.php?rest_route=%2Fwp%2Fv2%2Fmedia&parent=47021"}],"curies":[{"name":"wp","href":"https:\/\/api.w.org\/{rel}","templated":true}]}}