{"id":47025,"date":"2024-08-22T09:17:27","date_gmt":"2024-08-22T07:17:27","guid":{"rendered":"http:\/\/sp1lubomierz.pl\/?page_id=47025"},"modified":"2024-08-22T09:19:18","modified_gmt":"2024-08-22T07:19:18","slug":"malo-lat-mam-chce-czytac-sam-4","status":"publish","type":"page","link":"https:\/\/sp1lubomierz.pl\/?page_id=47025","title":{"rendered":"Ma\u0142o lat mam, chc\u0119 czyta\u0107 sam"},"content":{"rendered":"<p style=\"text-align: justify;\">Innowacja pedagogiczna \u201e<em>Ma\u0142o lat mam, chc\u0119 czyta\u0107 sam\u201d \u2013 Czytanie metod\u0105 sylabow\u0105\u00a0<\/em>skierowana jest do\u00a0dzieci 5 letnich z\u00a0oddzia\u0142u przedszkolnego 0B. Innowacja ma na\u00a0celu zainspirowa\u0107 oraz\u00a0zach\u0119ci\u0107 dzieci, by\u00a0chcia\u0142y nauczy\u0107 si\u0119 czyta\u0107. Nauka czytania sylabami to\u00a0nauka przez zabaw\u0119,\u00a0 kt\u00f3ra\u00a0wyzwala u\u00a0dzieci pozytywne nastawienie do\u00a0czytania. Dzieci ucz\u0105 si\u0119 czyta\u0107 za\u00a0pomoc\u0105 sylab, kt\u00f3re poznaj\u0105 wielozmys\u0142owo. Zaj\u0119cia b\u0119d\u0105 odbywa\u0142y si\u0119 raz w\u00a0tygodniu w\u00a0wymiarze 30 minut. Bardzo wa\u017cna jest systematyczna praca, dlatego dzieci b\u0119d\u0105 doskonali\u0107 poznane sylaby w\u00a0domu, a\u00a0tak\u017ce codziennie na\u00a0zaj\u0119ciach w\u00a0przedszkolu. Innowacja b\u0119dzie realizowana od\u00a0pa\u017adziernika 2023 r. do\u00a0maja 2024 roku. Nauka czytania rozpoczyna si\u0119 od\u00a0poznania samog\u0142osek ustnych.<\/p>\n","protected":false},"excerpt":{"rendered":"<p>Innowacja pedagogiczna \u201eMa\u0142o lat mam, chc\u0119 czyta\u0107 sam\u201d \u2013 Czytanie metod\u0105 sylabow\u0105\u00a0skierowana jest do\u00a0dzieci 5 letnich z\u00a0oddzia\u0142u przedszkolnego 0B. Innowacja ma na\u00a0celu zainspirowa\u0107 oraz\u00a0zach\u0119ci\u0107 dzieci, by\u00a0chcia\u0142y nauczy\u0107 si\u0119 czyta\u0107. Nauka czytania sylabami to\u00a0nauka przez zabaw\u0119,\u00a0 kt\u00f3ra\u00a0wyzwala u\u00a0dzieci pozytywne nastawienie do\u00a0czytania. Dzieci ucz\u0105 si\u0119 czyta\u0107 za\u00a0pomoc\u0105 sylab, kt\u00f3re poznaj\u0105 wielozmys\u0142owo. Zaj\u0119cia b\u0119d\u0105 odbywa\u0142y si\u0119 raz w\u00a0tygodniu [&hellip;]<\/p>\n","protected":false},"author":1,"featured_media":0,"parent":0,"menu_order":0,"comment_status":"closed","ping_status":"closed","template":"","meta":{"ngg_post_thumbnail":0,"footnotes":""},"class_list":["post-47025","page","type-page","status-publish","hentry"],"_links":{"self":[{"href":"https:\/\/sp1lubomierz.pl\/index.php?rest_route=\/wp\/v2\/pages\/47025","targetHints":{"allow":["GET"]}}],"collection":[{"href":"https:\/\/sp1lubomierz.pl\/index.php?rest_route=\/wp\/v2\/pages"}],"about":[{"href":"https:\/\/sp1lubomierz.pl\/index.php?rest_route=\/wp\/v2\/types\/page"}],"author":[{"embeddable":true,"href":"https:\/\/sp1lubomierz.pl\/index.php?rest_route=\/wp\/v2\/users\/1"}],"replies":[{"embeddable":true,"href":"https:\/\/sp1lubomierz.pl\/index.php?rest_route=%2Fwp%2Fv2%2Fcomments&post=47025"}],"version-history":[{"count":2,"href":"https:\/\/sp1lubomierz.pl\/index.php?rest_route=\/wp\/v2\/pages\/47025\/revisions"}],"predecessor-version":[{"id":47028,"href":"https:\/\/sp1lubomierz.pl\/index.php?rest_route=\/wp\/v2\/pages\/47025\/revisions\/47028"}],"wp:attachment":[{"href":"https:\/\/sp1lubomierz.pl\/index.php?rest_route=%2Fwp%2Fv2%2Fmedia&parent=47025"}],"curies":[{"name":"wp","href":"https:\/\/api.w.org\/{rel}","templated":true}]}}