{"id":4738,"date":"2014-11-14T15:16:09","date_gmt":"2014-11-14T15:16:09","guid":{"rendered":"http:\/\/sp1lubomierz.pl\/?page_id=4738"},"modified":"2014-11-14T15:18:51","modified_gmt":"2014-11-14T15:18:51","slug":"wf-z-klasa","status":"publish","type":"page","link":"https:\/\/sp1lubomierz.pl\/?page_id=4738","title":{"rendered":"WF z Klas\u0105"},"content":{"rendered":"<p class=\"rtejustify\" style=\"text-align: justify;\">Nasza szko\u0142a bierze udzia\u0142 w programie <strong>WF z Klas\u0105, <\/strong>organizowanym przez Centrum Edukacji Obywatelskiej a realizowanym przy wsparciu \u201eGazety Wyborczej\u201d i portalu Sport.pl. Dzia\u0142ania finansuje Ministerstwo Sportu i Turystyki. Program jest obj\u0119ty honorowym patronatem Ministra Sportu i Turystyki, Ministra Zdrowia\u00a0oraz Minister Edukacji Narodowej. <strong><br \/>\n<\/strong><\/p>\n<p class=\"rtejustify\" style=\"text-align: center;\"><strong><a href=\"http:\/\/blogiceo.nq.pl\/lubomierz1\/\">Zobacz stron\u0119<\/a><\/strong><\/p>\n","protected":false},"excerpt":{"rendered":"<p>Nasza szko\u0142a bierze udzia\u0142 w programie WF z Klas\u0105, organizowanym przez Centrum Edukacji Obywatelskiej a realizowanym przy wsparciu \u201eGazety Wyborczej\u201d i portalu Sport.pl. Dzia\u0142ania finansuje Ministerstwo Sportu i Turystyki. Program jest obj\u0119ty honorowym patronatem Ministra Sportu i Turystyki, Ministra Zdrowia\u00a0oraz Minister Edukacji Narodowej. Zobacz stron\u0119<\/p>\n","protected":false},"author":1,"featured_media":0,"parent":0,"menu_order":0,"comment_status":"closed","ping_status":"open","template":"","meta":{"ngg_post_thumbnail":0,"footnotes":""},"class_list":["post-4738","page","type-page","status-publish","hentry"],"_links":{"self":[{"href":"https:\/\/sp1lubomierz.pl\/index.php?rest_route=\/wp\/v2\/pages\/4738","targetHints":{"allow":["GET"]}}],"collection":[{"href":"https:\/\/sp1lubomierz.pl\/index.php?rest_route=\/wp\/v2\/pages"}],"about":[{"href":"https:\/\/sp1lubomierz.pl\/index.php?rest_route=\/wp\/v2\/types\/page"}],"author":[{"embeddable":true,"href":"https:\/\/sp1lubomierz.pl\/index.php?rest_route=\/wp\/v2\/users\/1"}],"replies":[{"embeddable":true,"href":"https:\/\/sp1lubomierz.pl\/index.php?rest_route=%2Fwp%2Fv2%2Fcomments&post=4738"}],"version-history":[{"count":2,"href":"https:\/\/sp1lubomierz.pl\/index.php?rest_route=\/wp\/v2\/pages\/4738\/revisions"}],"predecessor-version":[{"id":4741,"href":"https:\/\/sp1lubomierz.pl\/index.php?rest_route=\/wp\/v2\/pages\/4738\/revisions\/4741"}],"wp:attachment":[{"href":"https:\/\/sp1lubomierz.pl\/index.php?rest_route=%2Fwp%2Fv2%2Fmedia&parent=4738"}],"curies":[{"name":"wp","href":"https:\/\/api.w.org\/{rel}","templated":true}]}}