{"id":48155,"date":"2025-02-26T20:48:16","date_gmt":"2025-02-26T19:48:16","guid":{"rendered":"https:\/\/sp1lubomierz.pl\/?page_id=48155"},"modified":"2026-03-25T09:23:16","modified_gmt":"2026-03-25T08:23:16","slug":"deklaracja-dostepnosci","status":"publish","type":"page","link":"https:\/\/sp1lubomierz.pl\/?page_id=48155","title":{"rendered":"Deklaracja dost\u0119pno\u015bci"},"content":{"rendered":"\n<section id=\"a11y-wstep\">\n<p><span id=\"a11y-podmiot\">Szko\u0142a Podstawowa nr 1 im. \u015bw. J\u00f3zefa w Lubomierzu<\/span> zobowi\u0105zuje si\u0119 zapewni\u0107 dost\u0119pno\u015b\u0107 swojej <span id=\"a11y-zakres\">strony internetowej<\/span> zgodnie z ustaw\u0105 z dnia 4 kwietnia 2019 r. o dost\u0119pno\u015bci cyfrowej stron internetowych i aplikacji mobilnych podmiot\u00f3w publicznych.<\/p>\n<p>Deklaracja dost\u0119pno\u015bci dotyczy strony <a id=\"a11y-url\" href=\"https:\/\/sp1lubomierz.pl\/\" target=\"_blank\" rel=\"noopener\">https:\/\/sp1lubomierz.pl\/<\/a>.<\/p>\n<\/section>\n<section>\n<ul>\n<li>Data publikacji strony internetowej: <time id=\"a11y-data-publikacja\" datetime=\"2013-08-27\">27 sierpnia 2013 r.<\/time><\/li>\n<li>Data ostatniej istotnej aktualizacji: <time id=\"a11y-data-aktualizacja\" datetime=\"2020-06-23\">12 listopada 2024 r.<\/time><\/li>\n<\/ul>\n<\/section>\n<section>\n<h2>Stan dost\u0119pno\u015bci cyfrowej<\/h2>\n<p id=\"a11y-status\">Ta strona internetowa jest cz\u0119\u015bciowo zgodna z za\u0142\u0105cznikiem do ustawy o dost\u0119pno\u015bci cyfrowej z dnia 4 kwietnia 2019 r. o dost\u0119pno\u015bci cyfrowej stron internetowych i aplikacji mobilnych podmiot\u00f3w publicznych z powodu [niezgodno\u015bci i wy\u0142\u0105cze\u0144] wymienionych poni\u017cej.<\/p>\n<\/section>\n<section>\n<h2>Niedost\u0119pne tre\u015bci<\/h2>\n<section>\n<h3>Niezgodno\u015b\u0107 z za\u0142\u0105cznikiem<\/h3>\n<ul>\n<li>Niekt\u00f3re zdj\u0119cia z wydarze\u0144 nie posiadaj\u0105 pe\u0142nych opis\u00f3w alternatywnych.<br>Dokumenty w PDF nie s\u0105 dokumentami edytowalnymi.<br>Cz\u0119\u015b\u0107 plik\u00f3w nie jest dost\u0119pnych cyfrowo.<br>Niekt\u00f3re nie posiadaj\u0105 napis\u00f3w dla os\u00f3b g\u0142uchych<br>Formularz kontaktowy nie posiada dowi\u0105zanych etykiet tekstowych<br>Brak opis\u00f3w alternatywnych i tytu\u0142\u00f3w dla cz\u0119\u015bci zdj\u0119\u0107 i obrazk\u00f3w, cz\u0119\u015b\u0107 dokument\u00f3w PDF posiada b\u0142\u0119dy w warstwie tekstowej (po skanowaniu\/OCR),<br>Dokumenty PDF nie s\u0105 poprawnie odczytywane przez programy dla os\u00f3b niewidz\u0105cych (np. nieprawid\u0142owo przygotowane tabele, wykresy, obrazki, brak sekcji nawigacyjnych, tytu\u0142u itp.),<br>Brak audio deskrypcji dla materia\u0142\u00f3w multimedialnych.<\/li>\n<\/ul>\n<\/section>\n<section>\n<h3>Tre\u015bci nieobj\u0119te przepisami<\/h3>\n<ul>\n<li>Dokumenty tekstowe mog\u0105 nie zawiera\u0107 tag\u00f3w oraz zawiera\u0107 nieopisane elementy graficzne, poniewa\u017c by\u0142y opublikowane przed wej\u015bciem w \u017cycie ustawy o dost\u0119pno\u015bci cyfrowej lub pochodz\u0105 ze \u017ar\u00f3de\u0142 zewn\u0119trznych.<br>Zdj\u0119cia i grafiki osadzone w tre\u015bci dokumentu mog\u0105 zawiera\u0107 niepoprawne opisy, poniewa\u017c by\u0142y opublikowane przed wej\u015bciem w \u017cycie ustawy o dost\u0119pno\u015bci cyfrowej. Tabele osadzone w tre\u015bci dokumentu mog\u0105 nie posiada\u0107 nag\u0142\u00f3wk\u00f3w oraz opis\u00f3w kolumn i wierszy, poniewa\u017c by\u0142y opublikowane przed wej\u015bciem w \u017cycie ustawy o dost\u0119pno\u015bci cyfrowej.<\/li>\n<\/ul>\n<\/section>\n<section>\n<h3>Nadmierne koszty<\/h3>\n<ul>\n<li>&#8222;Wirtualny spacer&#8221; nie jest dost\u0119pny cyfrowo. Zapewnienie dost\u0119pno\u015bci tej funkcji oznacza bardzo wysokie koszty.<\/li>\n<\/ul>\n<\/section>\n<\/section>\n<section>\n<h2>Przygotowanie deklaracji dost\u0119pno\u015bci<\/h2>\n<ul>\n<li>Data sporz\u0105dzenia deklaracji: <time id=\"a11y-data-sporzadzenie\" datetime=\"2026-03-24\">24 marca 2026 r.<\/time><\/li>\n<li>Data ostatniego przegl\u0105du deklaracji: <time id=\"a11y-data-przeglad\" datetime=\"2026-03-24\">24 marca 2026 r.<\/time><\/li>\n<\/ul>\n<p>Deklaracj\u0119 sporz\u0105dzili\u015bmy na podstawie samooceny w oparciu o <a href=\"https:\/\/www.gov.pl\/attachment\/1a3e2bb5-6d60-4897-ac2f-07a8e91e70ed\">List\u0119 kontroln\u0105 do badania dost\u0119pno\u015bci cyfrowej strony internetowej v. 2.2 (docx, 0,12MB)<\/a>.<\/p>\n<\/section>\n<section>\n<h2>Udogodnienia, ograniczenia i inne informacje<\/h2>\n<ul>\n<li>Mo\u017cliwo\u015b\u0107 zmiany kontrastu strony.<\/li>\n<li>Funkcj\u0119 powi\u0119kszania i pomniejszania tekstu.<\/li>\n<li>Opcj\u0119 podkre\u015blania link\u00f3w dla lepszej widoczno\u015bci.<\/li>\n<li>Nag\u0142\u00f3wki spe\u0142niaj\u0105 okre\u015blon\u0105 zale\u017cno\u015b\u0107 hierarchiczn\u0105.<\/li>\n<li>Map\u0119 strony.<\/li>\n<\/ul>\n<\/section>\n<section>\n<h2>Informacje zwrotne i dane kontaktowe<\/h2>\n<p>Wszystkie problemy z dost\u0119pno\u015bci\u0105 cyfrow\u0105 tej strony internetowej mo\u017cesz zg\u0142osi\u0107 do <span id=\"a11y-kontakt\">Anna Ko\u0142odziejczyk<\/span> &#8211; mejlowo <a id=\"a11y-email\" href=\"mailto:a.kolodziejczyk10.09.92@gmail.com\">a.kolodziejczyk10.09.92@gmail.com<\/a> lub telefonicznie <a id=\"a11y-telefon\" href=\"tel:787212840\">787212840<\/a>.<\/p>\n<p>Ka\u017cdy ma prawo wyst\u0105pi\u0107 z \u017c\u0105daniem zapewnienia dost\u0119pno\u015bci cyfrowej tej strony internetowej lub jej element\u00f3w.<\/p>\n<p>Zg\u0142aszaj\u0105c takie \u017c\u0105danie podaj:<\/p>\n<ul>\n<li>swoje imi\u0119 i nazwisko,<\/li>\n<li>swoje dane kontaktowe (np. numer telefonu, e-mail),<\/li>\n<li>dok\u0142adny adres strony internetowej, na kt\u00f3rej jest niedost\u0119pny cyfrowo element lub tre\u015b\u0107,<\/li>\n<li>opis na czym polega problem i jaki spos\u00f3b jego rozwi\u0105zania by\u0142by dla Ciebie najwygodniejszy.<\/li>\n<\/ul>\n<p>Na Twoje zg\u0142oszenie odpowiemy najszybciej jak to mo\u017cliwe, nie p\u00f3\u017aniej ni\u017c w ci\u0105gu 7 dni od jego otrzymania.<\/p>\n<p>Je\u017celi ten termin b\u0119dzie dla nas zbyt kr\u00f3tki poinformujemy Ci\u0119 o tym. W tej informacji podamy nowy termin, do kt\u00f3rego poprawimy zg\u0142oszone przez Ciebie b\u0142\u0119dy lub przygotujemy informacje w alternatywny spos\u00f3b. Ten nowy termin nie b\u0119dzie d\u0142u\u017cszy ni\u017c 2 miesi\u0105ce.<\/p>\n<p>Je\u017celi nie b\u0119dziemy w stanie zapewni\u0107 dost\u0119pno\u015bci cyfrowej strony internetowej lub tre\u015bci, wskazanej w Twoim \u017c\u0105daniu, zaproponujemy Ci dost\u0119p do nich w alternatywny spos\u00f3b.<\/p>\n<\/section>\n<section id=\"a11y-procedura\">\n<h2>Obs\u0142uga wniosk\u00f3w i skarg zwi\u0105zanych z dost\u0119pno\u015bci\u0105<\/h2>\n<p>Je\u017celi w odpowiedzi na Tw\u00f3j wniosek o zapewnienie dost\u0119pno\u015bci cyfrowej, odm\u00f3wimy zapewnienia \u017c\u0105danej przez Ciebie dost\u0119pno\u015bci cyfrowej, a Ty nie zgadzasz si\u0119 z t\u0105 odmow\u0105, masz prawo z\u0142o\u017cy\u0107 skarg\u0119.<\/p>\n<p>Skarg\u0119 masz prawo z\u0142o\u017cy\u0107 tak\u017ce, je\u015bli nie zgadzasz si\u0119 na skorzystanie z alternatywnego sposobu dost\u0119pu, kt\u00f3ry zaproponowali\u015bmy Ci w odpowiedzi na Tw\u00f3j wniosek o zapewnienie dost\u0119pno\u015bci cyfrowej.<\/p>\n<p>Ewentualn\u0105 skarg\u0119 z\u0142\u00f3\u017c listownie lub mailem do Dyrektora szko\u0142y:<\/p>\n<ul>\n<li><span id=\"a11y-procedura-kierownik\">Jadwiga Baran-Sto\u017cek &#8211; Dyrektor Szko\u0142y Podstawowej nr 1 im. \u015bw. J\u00f3zefa w Lubomierzu<\/span>,<\/li>\n<li>Adres: <span id=\"a11y-procedura-adres\">Lubomierz 345, 34-736 Lubomierz<\/span>,<\/li>\n<li>mejl: <a id=\"a11y-procedura-email\" href=\"mailto:sp1lubomierz@mszana.pl\">sp1lubomierz@mszana.pl<\/a>.<\/li>\n<\/ul>\n<p><a href=\"https:\/\/www.gov.pl\/web\/gov\/zloz-wniosek-o-zapewnienie-dostepnosci-cyfrowej-strony-internetowej-lub-aplikacji-mobilnej\">Pomocne mog\u0105 by\u0107 informacje, kt\u00f3re mo\u017cna znale\u017a\u0107 na rz\u0105dowym portalu gov.pl<\/a>.<\/p>\n<p>Mo\u017cesz tak\u017ce poinformowa\u0107 o tej sytuacji <a href=\"https:\/\/bip.brpo.gov.pl\/\">Rzecznika Praw Obywatelskich<\/a> i poprosi\u0107 o interwencj\u0119 w Twojej sprawie.<\/p>\n<\/section>\n<section>\n<h2>Pozosta\u0142e informacje<\/h2>\n<section id=\"a11y-architektura\">\n<h3>Dost\u0119pno\u015b\u0107 architektoniczna<\/h3>\n<section>\n<h4>Szko\u0142a Podstawowa nr 1 im \u015bw. J\u00f3zefa w Lubomierzu<\/h4>\n<address>\n<div>Lubomierz 345<\/div>\n<div>34-736 Lubomierz<\/div>\n<\/address>\n<section>\n<h5>Parking<\/h5>\n<ul>\n<li>Mo\u017cesz skorzysta\u0107 z miejsca parkingowego. Na parkingu wyznaczyli\u015bmy 1 miejsc przeznaczonych dla os\u00f3b niepe\u0142nosprawnych. Pami\u0119taj o zabraniu karty parkingowej i umieszczeniu jej za szyb\u0105.<\/li>\n<li>Parking jest bezp\u0142atny.<\/li>\n<\/ul>\n<\/section>\n<section>\n<h5>Pies asystuj\u0105cy<\/h5>\n<ul>\n<li>Mo\u017cesz przyj\u015b\u0107 z psem asystuj\u0105cym lub psem przewodnikiem. Pami\u0119taj o certyfikacie psa asystuj\u0105cego i za\u015bwiadczeniu o szczepieniu.<\/li>\n<\/ul>\n<\/section>\n<section>\n<h5>Wej\u015bcie do budynku<\/h5>\n<ul>\n<li>Wej\u015bcie jest na poziomie gruntu. Nie ma przeszk\u00f3d, by wjecha\u0107 na w\u00f3zku.<\/li>\n<li>Przy schodach znajduje si\u0119 por\u0119cz.<\/li>\n<li>\n<div>Wej\u015bcia do budynku oraz pomieszczenia s\u0105 oznaczone tabliczkami z opisem w alfabecie Braille&#8217;a.<\/div>\n<\/li>\n<li>Skorzystaj z dzwonka przy drzwiach.<\/li>\n<\/ul>\n<\/section>\n<section>\n<h5>Przestrze\u0144 za wej\u015bciem<\/h5>\n<ul>\n<li>Pomieszczenie jest dobrze o\u015bwietlone.<\/li>\n<li>Punkt obs\u0142ugi wyposa\u017cony jest w p\u0119tl\u0119 indukcyjn\u0105.<\/li>\n<\/ul>\n<\/section>\n<section>\n<h5>Ci\u0105gi poziome<\/h5>\n<ul>\n<li>Wszystkie korytarze s\u0105 dost\u0119pne.<\/li>\n<\/ul>\n<\/section>\n<section>\n<h5>Ci\u0105gi pionowe<\/h5>\n<ul>\n<li>Mo\u017cesz skorzysta\u0107 z windy.<\/li>\n<\/ul>\n<section>\n<h6>Winda<\/h6>\n<ul>\n<li>Drzwi windy otwieraj\u0105 si\u0119 automatycznie<\/li>\n<li>Winda znajduje si\u0119 w budynku<\/li>\n<\/ul>\n<\/section>\n<\/section>\n<section>\n<h5>Pomieszczenia<\/h5>\n<ul>\n<li>Oko\u0142o 95% pomieszcze\u0144 jest dost\u0119pnych dla os\u00f3b na w\u00f3zkach.<\/li>\n<\/ul>\n<\/section>\n<section>\n<h5>\u0141azienka<\/h5>\n<ul>\n<li>W budynku jest toaleta dost\u0119pna dla os\u00f3b z niepe\u0142nosprawno\u015bci\u0105.<\/li>\n<li>Drzwi otwieraj\u0105 si\u0119 na zewn\u0105trz.<\/li>\n<li>Drzwi \u0142atwo pozostaj\u0105 w pozycji otwartej.<\/li>\n<li>Nie ma przeszk\u00f3d, by wjecha\u0107 na w\u00f3zku do \u0142azienki.<\/li>\n<li>Na \u015bcianach s\u0105 zamontowane por\u0119cze.<\/li>\n<\/ul>\n<\/section>\n<\/section>\n<\/section>\n<section id=\"a11y-komunikacja\">\n<h3>Dost\u0119pno\u015b\u0107 komunikacyjno-informacyjna<\/h3>\n<ul>\n<li>Aktualny raport z zapewnienia dost\u0119pno\u015bci: https:\/\/bip.malopolska.pl\/sp1lubomierz,m,458618,raport-dostepnosci.html<\/li>\n<\/ul>\n<\/section>\n<\/section>\n","protected":false},"excerpt":{"rendered":"<p>Szko\u0142a Podstawowa nr 1 im. \u015bw. J\u00f3zefa w Lubomierzu zobowi\u0105zuje si\u0119 zapewni\u0107 dost\u0119pno\u015b\u0107 swojej strony internetowej zgodnie z ustaw\u0105 z dnia 4 kwietnia 2019 r. o dost\u0119pno\u015bci cyfrowej stron internetowych i aplikacji mobilnych podmiot\u00f3w publicznych. Deklaracja dost\u0119pno\u015bci dotyczy strony https:\/\/sp1lubomierz.pl\/. Data publikacji strony internetowej: 27 sierpnia 2013 r. Data ostatniej istotnej aktualizacji: 12 listopada 2024 [&hellip;]<\/p>\n","protected":false},"author":1,"featured_media":0,"parent":0,"menu_order":0,"comment_status":"closed","ping_status":"closed","template":"","meta":{"ngg_post_thumbnail":0,"footnotes":""},"class_list":["post-48155","page","type-page","status-publish","hentry"],"_links":{"self":[{"href":"https:\/\/sp1lubomierz.pl\/index.php?rest_route=\/wp\/v2\/pages\/48155","targetHints":{"allow":["GET"]}}],"collection":[{"href":"https:\/\/sp1lubomierz.pl\/index.php?rest_route=\/wp\/v2\/pages"}],"about":[{"href":"https:\/\/sp1lubomierz.pl\/index.php?rest_route=\/wp\/v2\/types\/page"}],"author":[{"embeddable":true,"href":"https:\/\/sp1lubomierz.pl\/index.php?rest_route=\/wp\/v2\/users\/1"}],"replies":[{"embeddable":true,"href":"https:\/\/sp1lubomierz.pl\/index.php?rest_route=%2Fwp%2Fv2%2Fcomments&post=48155"}],"version-history":[{"count":13,"href":"https:\/\/sp1lubomierz.pl\/index.php?rest_route=\/wp\/v2\/pages\/48155\/revisions"}],"predecessor-version":[{"id":49491,"href":"https:\/\/sp1lubomierz.pl\/index.php?rest_route=\/wp\/v2\/pages\/48155\/revisions\/49491"}],"wp:attachment":[{"href":"https:\/\/sp1lubomierz.pl\/index.php?rest_route=%2Fwp%2Fv2%2Fmedia&parent=48155"}],"curies":[{"name":"wp","href":"https:\/\/api.w.org\/{rel}","templated":true}]}}