{"id":4855,"date":"2014-11-25T13:07:59","date_gmt":"2014-11-25T13:07:59","guid":{"rendered":"http:\/\/sp1lubomierz.pl\/?page_id=4855"},"modified":"2014-12-05T12:39:43","modified_gmt":"2014-12-05T12:39:43","slug":"maly-chwat-poznaje-i-chroni-swiat","status":"publish","type":"page","link":"https:\/\/sp1lubomierz.pl\/?page_id=4855","title":{"rendered":"Ma\u0142y chwat poznaje i chroni \u015bwiat"},"content":{"rendered":"<h3>Regulamin udzia\u0142u w innowacji pedagogicznej \u201eMa\u0142y chwat poznaje i chroni \u015bwiat\u201d:<\/h3>\n<ol>\n<li>W innowacji mog\u0105 uczestniczy\u0107 ch\u0119tni uczniowie kl. 0 \u2013 III.<\/li>\n<li>Udzia\u0142 w innowacji jest dobrowolny i bezp\u0142atny.<\/li>\n<li>Zaj\u0119cia b\u0119d\u0105 trwa\u0107 od pa\u017adziernika 2014 r. do czerwca 2015 r. w co drugi czwartek w godz. 13.30 &#8211; 14.30.<\/li>\n<li>W ramach dzia\u0142alno\u015bci uczestnicy zrealizuj\u0105 program zatwierdzony przez kuratorium o\u015bwiaty<\/li>\n<\/ol>\n<p style=\"text-align: center;\"><a href=\"http:\/\/sp1lubomierz.pl\/wp-content\/uploads\/2014\/10\/Innowacja-Ma\u0142y-chwat-poznaje-i-chroni-\u015bwiat.pdf\">Innowacja Ma\u0142y chwat poznaje i chroni \u015bwiat<\/a><\/p>\n<p style=\"text-align: left;\"><strong>Artyku\u0142y:<\/strong><br \/>\n<a href=\"http:\/\/sp1lubomierz.pl\/?p=5064\">I etap innowacji \u201eMa\u0142y chwat poznaje i chroni \u015bwiat\u201d zako\u0144czony<\/a><\/p>\n","protected":false},"excerpt":{"rendered":"<p>Regulamin udzia\u0142u w innowacji pedagogicznej \u201eMa\u0142y chwat poznaje i chroni \u015bwiat\u201d: W innowacji mog\u0105 uczestniczy\u0107 ch\u0119tni uczniowie kl. 0 \u2013 III. Udzia\u0142 w innowacji jest dobrowolny i bezp\u0142atny. Zaj\u0119cia b\u0119d\u0105 trwa\u0107 od pa\u017adziernika 2014 r. do czerwca 2015 r. w co drugi czwartek w godz. 13.30 &#8211; 14.30. W ramach dzia\u0142alno\u015bci uczestnicy zrealizuj\u0105 program zatwierdzony [&hellip;]<\/p>\n","protected":false},"author":1,"featured_media":0,"parent":0,"menu_order":0,"comment_status":"closed","ping_status":"open","template":"","meta":{"ngg_post_thumbnail":0,"footnotes":""},"class_list":["post-4855","page","type-page","status-publish","hentry"],"_links":{"self":[{"href":"https:\/\/sp1lubomierz.pl\/index.php?rest_route=\/wp\/v2\/pages\/4855","targetHints":{"allow":["GET"]}}],"collection":[{"href":"https:\/\/sp1lubomierz.pl\/index.php?rest_route=\/wp\/v2\/pages"}],"about":[{"href":"https:\/\/sp1lubomierz.pl\/index.php?rest_route=\/wp\/v2\/types\/page"}],"author":[{"embeddable":true,"href":"https:\/\/sp1lubomierz.pl\/index.php?rest_route=\/wp\/v2\/users\/1"}],"replies":[{"embeddable":true,"href":"https:\/\/sp1lubomierz.pl\/index.php?rest_route=%2Fwp%2Fv2%2Fcomments&post=4855"}],"version-history":[{"count":6,"href":"https:\/\/sp1lubomierz.pl\/index.php?rest_route=\/wp\/v2\/pages\/4855\/revisions"}],"predecessor-version":[{"id":5239,"href":"https:\/\/sp1lubomierz.pl\/index.php?rest_route=\/wp\/v2\/pages\/4855\/revisions\/5239"}],"wp:attachment":[{"href":"https:\/\/sp1lubomierz.pl\/index.php?rest_route=%2Fwp%2Fv2%2Fmedia&parent=4855"}],"curies":[{"name":"wp","href":"https:\/\/api.w.org\/{rel}","templated":true}]}}