{"id":48816,"date":"2025-09-17T08:20:01","date_gmt":"2025-09-17T06:20:01","guid":{"rendered":"https:\/\/sp1lubomierz.pl\/?page_id=48816"},"modified":"2025-09-17T10:17:49","modified_gmt":"2025-09-17T08:17:49","slug":"doradztwo-zawodowe","status":"publish","type":"page","link":"https:\/\/sp1lubomierz.pl\/?page_id=48816","title":{"rendered":"Doradztwo zawodowe"},"content":{"rendered":"<p data-start=\"269\" data-end=\"530\"><strong data-start=\"269\" data-end=\"300\">Drodzy Uczniowie i Rodzice!<\/strong><br data-start=\"300\" data-end=\"303\">Przed \u00f3smoklasistami stoj\u0105 drzwi do przysz\u0142o\u015bci. Naszym celem jest pom\u00f3c Wam wybra\u0107 te, kt\u00f3re otworz\u0105 si\u0119 na Wasze marzenia i talenty. Doradztwo zawodowe w naszej szkole to wsparcie w planowaniu \u015bcie\u017cki edukacyjnej i zawodowej.<\/p>\n<h3 data-start=\"537\" data-end=\"574\">\ud83c\udfeb \u015acie\u017cki kszta\u0142cenia po 8 klasie<\/h3>\n<p data-start=\"575\" data-end=\"620\">Uczniowie maj\u0105 trzy g\u0142\u00f3wne drogi do wyboru:<\/p>\n<ul data-start=\"622\" data-end=\"863\">\n<li data-start=\"622\" data-end=\"703\">\n<p data-start=\"624\" data-end=\"703\"><strong data-start=\"624\" data-end=\"651\">Liceum og\u00f3lnokszta\u0142c\u0105ce<\/strong> \u2013 4 lata nauki, matura, przygotowanie do studi\u00f3w.<\/p>\n<\/li>\n<li data-start=\"704\" data-end=\"780\">\n<p data-start=\"706\" data-end=\"780\"><strong data-start=\"706\" data-end=\"719\">Technikum<\/strong> \u2013 5 lat nauki, matura + zaw\u00f3d technika, praktyki zawodowe.<\/p>\n<\/li>\n<li data-start=\"781\" data-end=\"863\">\n<p data-start=\"783\" data-end=\"863\"><strong data-start=\"783\" data-end=\"802\">Szko\u0142a bran\u017cowa<\/strong> \u2013 3 lata nauki, praktyczny zaw\u00f3d, mo\u017cliwo\u015b\u0107 dalszej nauki.<\/p>\n\n\t\t<style type=\"text\/css\">\n\t\t\t#gallery-1 {\n\t\t\t\tmargin: auto;\n\t\t\t}\n\t\t\t#gallery-1 .gallery-item {\n\t\t\t\tfloat: left;\n\t\t\t\tmargin-top: 10px;\n\t\t\t\ttext-align: center;\n\t\t\t\twidth: 25%;\n\t\t\t}\n\t\t\t#gallery-1 img {\n\t\t\t\tborder: 2px solid #cfcfcf;\n\t\t\t}\n\t\t\t#gallery-1 .gallery-caption {\n\t\t\t\tmargin-left: 0;\n\t\t\t}\n\t\t\t\/* see gallery_shortcode() in wp-includes\/media.php *\/\n\t\t<\/style>\n\t\t<div id='gallery-1' class='gallery galleryid-48816 gallery-columns-4 gallery-size-thumbnail'><dl class='gallery-item'>\n\t\t\t<dt class='gallery-icon landscape'>\n\t\t\t\t<a href='https:\/\/sp1lubomierz.pl\/wp-content\/uploads\/2025\/09\/slajd_1.png'><img loading=\"lazy\" decoding=\"async\" width=\"150\" height=\"150\" src=\"https:\/\/sp1lubomierz.pl\/wp-content\/uploads\/2025\/09\/slajd_1-150x150.png\" class=\"attachment-thumbnail size-thumbnail\" alt=\"\" \/><\/a>\n\t\t\t<\/dt><\/dl><dl class='gallery-item'>\n\t\t\t<dt class='gallery-icon landscape'>\n\t\t\t\t<a href='https:\/\/sp1lubomierz.pl\/wp-content\/uploads\/2025\/09\/slajd_2.png'><img loading=\"lazy\" decoding=\"async\" width=\"150\" height=\"150\" src=\"https:\/\/sp1lubomierz.pl\/wp-content\/uploads\/2025\/09\/slajd_2-150x150.png\" class=\"attachment-thumbnail size-thumbnail\" alt=\"\" \/><\/a>\n\t\t\t<\/dt><\/dl><dl class='gallery-item'>\n\t\t\t<dt class='gallery-icon landscape'>\n\t\t\t\t<a href='https:\/\/sp1lubomierz.pl\/wp-content\/uploads\/2025\/09\/slajd_3.png'><img loading=\"lazy\" decoding=\"async\" width=\"150\" height=\"150\" src=\"https:\/\/sp1lubomierz.pl\/wp-content\/uploads\/2025\/09\/slajd_3-150x150.png\" class=\"attachment-thumbnail size-thumbnail\" alt=\"\" \/><\/a>\n\t\t\t<\/dt><\/dl><dl class='gallery-item'>\n\t\t\t<dt class='gallery-icon landscape'>\n\t\t\t\t<a href='https:\/\/sp1lubomierz.pl\/wp-content\/uploads\/2025\/09\/slajd_4.png'><img loading=\"lazy\" decoding=\"async\" width=\"150\" height=\"150\" src=\"https:\/\/sp1lubomierz.pl\/wp-content\/uploads\/2025\/09\/slajd_4-150x150.png\" class=\"attachment-thumbnail size-thumbnail\" alt=\"\" \/><\/a>\n\t\t\t<\/dt><\/dl><br style=\"clear: both\" \/><dl class='gallery-item'>\n\t\t\t<dt class='gallery-icon landscape'>\n\t\t\t\t<a href='https:\/\/sp1lubomierz.pl\/wp-content\/uploads\/2025\/09\/slajd_5.png'><img loading=\"lazy\" decoding=\"async\" width=\"150\" height=\"150\" src=\"https:\/\/sp1lubomierz.pl\/wp-content\/uploads\/2025\/09\/slajd_5-150x150.png\" class=\"attachment-thumbnail size-thumbnail\" alt=\"\" \/><\/a>\n\t\t\t<\/dt><\/dl><dl class='gallery-item'>\n\t\t\t<dt class='gallery-icon landscape'>\n\t\t\t\t<a href='https:\/\/sp1lubomierz.pl\/wp-content\/uploads\/2025\/09\/Zrzut-ekranu-2025-09-17-085033.png'><img loading=\"lazy\" decoding=\"async\" width=\"150\" height=\"150\" src=\"https:\/\/sp1lubomierz.pl\/wp-content\/uploads\/2025\/09\/Zrzut-ekranu-2025-09-17-085033-150x150.png\" class=\"attachment-thumbnail size-thumbnail\" alt=\"\" \/><\/a>\n\t\t\t<\/dt><\/dl><dl class='gallery-item'>\n\t\t\t<dt class='gallery-icon landscape'>\n\t\t\t\t<a href='https:\/\/sp1lubomierz.pl\/wp-content\/uploads\/2025\/09\/Zrzut-ekranu-2025-09-17-094452.png'><img loading=\"lazy\" decoding=\"async\" width=\"150\" height=\"150\" src=\"https:\/\/sp1lubomierz.pl\/wp-content\/uploads\/2025\/09\/Zrzut-ekranu-2025-09-17-094452-150x150.png\" class=\"attachment-thumbnail size-thumbnail\" alt=\"\" \/><\/a>\n\t\t\t<\/dt><\/dl><dl class='gallery-item'>\n\t\t\t<dt class='gallery-icon landscape'>\n\t\t\t\t<a href='https:\/\/sp1lubomierz.pl\/wp-content\/uploads\/2025\/09\/Zrzut-ekranu-2025-09-17-094609.png'><img loading=\"lazy\" decoding=\"async\" width=\"150\" height=\"150\" src=\"https:\/\/sp1lubomierz.pl\/wp-content\/uploads\/2025\/09\/Zrzut-ekranu-2025-09-17-094609-150x150.png\" class=\"attachment-thumbnail size-thumbnail\" alt=\"\" \/><\/a>\n\t\t\t<\/dt><\/dl><br style=\"clear: both\" \/><dl class='gallery-item'>\n\t\t\t<dt class='gallery-icon landscape'>\n\t\t\t\t<a href='https:\/\/sp1lubomierz.pl\/wp-content\/uploads\/2025\/09\/Zrzut-ekranu-2025-09-17-094647.png'><img loading=\"lazy\" decoding=\"async\" width=\"150\" height=\"150\" src=\"https:\/\/sp1lubomierz.pl\/wp-content\/uploads\/2025\/09\/Zrzut-ekranu-2025-09-17-094647-150x150.png\" class=\"attachment-thumbnail size-thumbnail\" alt=\"\" \/><\/a>\n\t\t\t<\/dt><\/dl><dl class='gallery-item'>\n\t\t\t<dt class='gallery-icon landscape'>\n\t\t\t\t<a href='https:\/\/sp1lubomierz.pl\/wp-content\/uploads\/2025\/09\/Zrzut-ekranu-2025-09-17-095011.png'><img loading=\"lazy\" decoding=\"async\" width=\"150\" height=\"150\" src=\"https:\/\/sp1lubomierz.pl\/wp-content\/uploads\/2025\/09\/Zrzut-ekranu-2025-09-17-095011-150x150.png\" class=\"attachment-thumbnail size-thumbnail\" alt=\"\" \/><\/a>\n\t\t\t<\/dt><\/dl>\n\t\t\t<br style='clear: both' \/>\n\t\t<\/div>\n\n<p><strong>\ud83d\udd17 Przydatne linki<br><\/strong><\/p>\n<p><strong data-start=\"248\" data-end=\"271\">\ud83d\udcca Barometr Zawod\u00f3w<\/strong><br data-start=\"271\" data-end=\"274\">Prognozy zapotrzebowania na zawody: deficytowe, zr\u00f3wnowa\u017cone, nadwy\u017ckowe.<br data-start=\"347\" data-end=\"350\">\ud83d\udc49 <a class=\"decorated-link\" href=\"https:\/\/barometrzawodow.pl\/?utm_source=chatgpt.com\" target=\"_new\" rel=\"noopener\" data-start=\"353\" data-end=\"411\">https:\/\/barometrzawodow.pl\/<\/a><br><strong data-start=\"418\" data-end=\"437\">\ud83d\uddfa\ufe0f Mapa Karier<\/strong><br data-start=\"437\" data-end=\"440\">Interaktywna baza zawod\u00f3w i \u015bcie\u017cek kariery, opisy dla m\u0142odzie\u017cy i rodzic\u00f3w.<br data-start=\"516\" data-end=\"519\">\ud83d\udc49 <a class=\"decorated-link\" href=\"https:\/\/mapakarier.org\/?utm_source=chatgpt.com\" target=\"_new\" rel=\"noopener\" data-start=\"522\" data-end=\"572\">https:\/\/mapakarier.org\/<\/a><br><strong data-start=\"579\" data-end=\"610\">\ud83d\udcda ORE \u2013 Doradztwo zawodowe<\/strong><br data-start=\"610\" data-end=\"613\">Materia\u0142y, publikacje, informator o zawodach, narz\u0119dzia dla uczni\u00f3w i nauczycieli.<br data-start=\"695\" data-end=\"698\">\ud83d\udc49 <a class=\"decorated-link\" href=\"https:\/\/doradztwo.ore.edu.pl\/?utm_source=chatgpt.com\" target=\"_new\" rel=\"noopener\" data-start=\"701\" data-end=\"763\">https:\/\/doradztwo.ore.edu.pl\/<\/a><\/p>\n<\/li>\n<li data-start=\"781\" data-end=\"863\">\n<h2 data-start=\"1819\" data-end=\"1852\">\ud83d\udcde Kontakt z doradc\u0105 zawodowym<\/h2>\n<p data-start=\"1853\" data-end=\"1915\">Imi\u0119 i nazwisko: Anna Ko\u0142odziejczyk<br data-start=\"1876\" data-end=\"1879\">E-mail: a.kolodziejczyk10.09.92@gmail.com<\/p>\n<\/li>\n<\/ul>\n\n","protected":false},"excerpt":{"rendered":"<p>Drodzy Uczniowie i Rodzice!Przed \u00f3smoklasistami stoj\u0105 drzwi do przysz\u0142o\u015bci. Naszym celem jest pom\u00f3c Wam wybra\u0107 te, kt\u00f3re otworz\u0105 si\u0119 na Wasze marzenia i talenty. Doradztwo zawodowe w naszej szkole to wsparcie w planowaniu \u015bcie\u017cki edukacyjnej i zawodowej. \ud83c\udfeb \u015acie\u017cki kszta\u0142cenia po 8 klasie Uczniowie maj\u0105 trzy g\u0142\u00f3wne drogi do wyboru: Liceum og\u00f3lnokszta\u0142c\u0105ce \u2013 4 lata [&hellip;]<\/p>\n","protected":false},"author":1,"featured_media":0,"parent":0,"menu_order":0,"comment_status":"closed","ping_status":"closed","template":"","meta":{"ngg_post_thumbnail":0,"footnotes":""},"class_list":["post-48816","page","type-page","status-publish","hentry"],"_links":{"self":[{"href":"https:\/\/sp1lubomierz.pl\/index.php?rest_route=\/wp\/v2\/pages\/48816","targetHints":{"allow":["GET"]}}],"collection":[{"href":"https:\/\/sp1lubomierz.pl\/index.php?rest_route=\/wp\/v2\/pages"}],"about":[{"href":"https:\/\/sp1lubomierz.pl\/index.php?rest_route=\/wp\/v2\/types\/page"}],"author":[{"embeddable":true,"href":"https:\/\/sp1lubomierz.pl\/index.php?rest_route=\/wp\/v2\/users\/1"}],"replies":[{"embeddable":true,"href":"https:\/\/sp1lubomierz.pl\/index.php?rest_route=%2Fwp%2Fv2%2Fcomments&post=48816"}],"version-history":[{"count":5,"href":"https:\/\/sp1lubomierz.pl\/index.php?rest_route=\/wp\/v2\/pages\/48816\/revisions"}],"predecessor-version":[{"id":48836,"href":"https:\/\/sp1lubomierz.pl\/index.php?rest_route=\/wp\/v2\/pages\/48816\/revisions\/48836"}],"wp:attachment":[{"href":"https:\/\/sp1lubomierz.pl\/index.php?rest_route=%2Fwp%2Fv2%2Fmedia&parent=48816"}],"curies":[{"name":"wp","href":"https:\/\/api.w.org\/{rel}","templated":true}]}}