{"id":5014,"date":"2014-12-04T20:40:06","date_gmt":"2014-12-04T20:40:06","guid":{"rendered":"http:\/\/sp1lubomierz.pl\/?page_id=5014"},"modified":"2014-12-04T20:45:23","modified_gmt":"2014-12-04T20:45:23","slug":"moje-serce-spiewa-tworzy-i-gra","status":"publish","type":"page","link":"https:\/\/sp1lubomierz.pl\/?page_id=5014","title":{"rendered":"Moje serce \u015bpiewa, tworzy i gra&#8230;"},"content":{"rendered":"<p><strong>Zarys innowacji pedagogicznej \u201eMoje serce \u015bpiewa, tworzy i gra. Moje serce &#8211; dzi\u0119ki temu &#8211; dusz\u0119 ma\u201d:<\/strong><\/p>\n<ol>\n<li>Innowacja zaadresowana jest do ch\u0119tnych dzieci z klas 0-VI.<\/li>\n<li>Uczestnictwo jest dobrowolne i bezp\u0142atne.<\/li>\n<li>Innowacja realizowana jest od wrze\u015bnia 2014 roku do czerwca 2015 roku. Zaj\u0119cia przeprowadzane s\u0105 w ka\u017cd\u0105 \u015brod\u0119 w godzinach od 12.30 \u2013 14.15.<\/li>\n<li>Dzia\u0142ania dzieci b\u0119d\u0105 wynika\u0107 z programu zatwierdzonego przez kuratorium o\u015bwiaty.<\/li>\n<\/ol>\n<p><a href=\"http:\/\/sp1lubomierz.pl\/wp-content\/uploads\/2014\/12\/\u201eMoje-serce-\u015bpiewa-tworzy-i-gra.-Moje-serce-dzi\u0119ki-temu-dusz\u0119-ma\u201d.pdf\">\u201eMoje serce \u015bpiewa, tworzy i gra. Moje serce &#8211; dzi\u0119ki temu &#8211; dusz\u0119 ma\u201d<\/a><\/p>\n","protected":false},"excerpt":{"rendered":"<p>Zarys innowacji pedagogicznej \u201eMoje serce \u015bpiewa, tworzy i gra. Moje serce &#8211; dzi\u0119ki temu &#8211; dusz\u0119 ma\u201d: Innowacja zaadresowana jest do ch\u0119tnych dzieci z klas 0-VI. Uczestnictwo jest dobrowolne i bezp\u0142atne. Innowacja realizowana jest od wrze\u015bnia 2014 roku do czerwca 2015 roku. Zaj\u0119cia przeprowadzane s\u0105 w ka\u017cd\u0105 \u015brod\u0119 w godzinach od 12.30 \u2013 14.15. Dzia\u0142ania [&hellip;]<\/p>\n","protected":false},"author":1,"featured_media":0,"parent":0,"menu_order":0,"comment_status":"closed","ping_status":"open","template":"","meta":{"ngg_post_thumbnail":0,"footnotes":""},"class_list":["post-5014","page","type-page","status-publish","hentry"],"_links":{"self":[{"href":"https:\/\/sp1lubomierz.pl\/index.php?rest_route=\/wp\/v2\/pages\/5014","targetHints":{"allow":["GET"]}}],"collection":[{"href":"https:\/\/sp1lubomierz.pl\/index.php?rest_route=\/wp\/v2\/pages"}],"about":[{"href":"https:\/\/sp1lubomierz.pl\/index.php?rest_route=\/wp\/v2\/types\/page"}],"author":[{"embeddable":true,"href":"https:\/\/sp1lubomierz.pl\/index.php?rest_route=\/wp\/v2\/users\/1"}],"replies":[{"embeddable":true,"href":"https:\/\/sp1lubomierz.pl\/index.php?rest_route=%2Fwp%2Fv2%2Fcomments&post=5014"}],"version-history":[{"count":3,"href":"https:\/\/sp1lubomierz.pl\/index.php?rest_route=\/wp\/v2\/pages\/5014\/revisions"}],"predecessor-version":[{"id":5018,"href":"https:\/\/sp1lubomierz.pl\/index.php?rest_route=\/wp\/v2\/pages\/5014\/revisions\/5018"}],"wp:attachment":[{"href":"https:\/\/sp1lubomierz.pl\/index.php?rest_route=%2Fwp%2Fv2%2Fmedia&parent=5014"}],"curies":[{"name":"wp","href":"https:\/\/api.w.org\/{rel}","templated":true}]}}