{"id":53,"date":"2013-08-27T21:35:52","date_gmt":"2013-08-27T19:35:52","guid":{"rendered":"http:\/\/sp1lubomierz.pl\/?page_id=53"},"modified":"2024-04-04T08:32:33","modified_gmt":"2024-04-04T06:32:33","slug":"konkursy","status":"publish","type":"page","link":"https:\/\/sp1lubomierz.pl\/?page_id=53","title":{"rendered":"Nasze osi\u0105gni\u0119cia"},"content":{"rendered":"<h3 align=\"center\"><a href=\"http:\/\/sp1lubomierz.pl\/wp-content\/uploads\/2024\/04\/Osi\u0105gni\u0119cia-sportowe.pdf\">Osi\u0105gni\u0119cia uczni\u00f3w w roku szkolnym 2023\/2024<\/a><\/h3>\n<h3 style=\"text-align: center;\" align=\"center\"><a href=\"http:\/\/sp1lubomierz.pl\/?page_id=35842\">Osi\u0105gni\u0119cia uczni\u00f3w w roku szkolnym 2020\/2021<\/a><\/h3>\n<h3 style=\"text-align: center;\" align=\"center\"><a href=\"http:\/\/sp1lubomierz.pl\/?page_id=35840\">Osi\u0105gni\u0119cia uczni\u00f3w w roku szkolnym 2019\/2020<\/a><\/h3>\n<h3 style=\"text-align: center;\" align=\"center\"><a href=\"http:\/\/sp1lubomierz.pl\/?p=30064\">Osi\u0105gni\u0119cia uczni\u00f3w w roku szkolnym 2018\/2019<\/a><\/h3>\n<h3 style=\"text-align: center;\" align=\"center\"><a href=\"http:\/\/sp1lubomierz.pl\/?page_id=35803\">Osi\u0105gni\u0119cia uczni\u00f3w w roku szkolnym 2017\/2018<\/a><\/h3>\n<h3 style=\"text-align: center;\" align=\"center\"><a href=\"http:\/\/sp1lubomierz.pl\/?page_id=35806\">Osi\u0105gni\u0119cia uczni\u00f3w w roku szkolnym 2015\/2016<\/a><\/h3>\n<h3 style=\"text-align: center;\" align=\"center\"><a href=\"http:\/\/sp1lubomierz.pl\/?page_id=35809\">Osi\u0105gni\u0119cia uczni\u00f3w w roku szkolnym 2014\/2015<\/a><\/h3>\n<h3 style=\"text-align: center;\" align=\"center\"><a href=\"http:\/\/sp1lubomierz.pl\/?page_id=35811\">Osi\u0105gni\u0119cia uczni\u00f3w w roku szkolnym 2013\/2014<\/a><\/h3>\n","protected":false},"excerpt":{"rendered":"<p>Osi\u0105gni\u0119cia uczni\u00f3w w roku szkolnym 2023\/2024 Osi\u0105gni\u0119cia uczni\u00f3w w roku szkolnym 2020\/2021 Osi\u0105gni\u0119cia uczni\u00f3w w roku szkolnym 2019\/2020 Osi\u0105gni\u0119cia uczni\u00f3w w roku szkolnym 2018\/2019 Osi\u0105gni\u0119cia uczni\u00f3w w roku szkolnym 2017\/2018 Osi\u0105gni\u0119cia uczni\u00f3w w roku szkolnym 2015\/2016 Osi\u0105gni\u0119cia uczni\u00f3w w roku szkolnym 2014\/2015 Osi\u0105gni\u0119cia uczni\u00f3w w roku szkolnym 2013\/2014<\/p>\n","protected":false},"author":2,"featured_media":0,"parent":0,"menu_order":8,"comment_status":"open","ping_status":"open","template":"","meta":{"ngg_post_thumbnail":0,"footnotes":""},"class_list":["post-53","page","type-page","status-publish","hentry"],"_links":{"self":[{"href":"https:\/\/sp1lubomierz.pl\/index.php?rest_route=\/wp\/v2\/pages\/53","targetHints":{"allow":["GET"]}}],"collection":[{"href":"https:\/\/sp1lubomierz.pl\/index.php?rest_route=\/wp\/v2\/pages"}],"about":[{"href":"https:\/\/sp1lubomierz.pl\/index.php?rest_route=\/wp\/v2\/types\/page"}],"author":[{"embeddable":true,"href":"https:\/\/sp1lubomierz.pl\/index.php?rest_route=\/wp\/v2\/users\/2"}],"replies":[{"embeddable":true,"href":"https:\/\/sp1lubomierz.pl\/index.php?rest_route=%2Fwp%2Fv2%2Fcomments&post=53"}],"version-history":[{"count":37,"href":"https:\/\/sp1lubomierz.pl\/index.php?rest_route=\/wp\/v2\/pages\/53\/revisions"}],"predecessor-version":[{"id":46055,"href":"https:\/\/sp1lubomierz.pl\/index.php?rest_route=\/wp\/v2\/pages\/53\/revisions\/46055"}],"wp:attachment":[{"href":"https:\/\/sp1lubomierz.pl\/index.php?rest_route=%2Fwp%2Fv2%2Fmedia&parent=53"}],"curies":[{"name":"wp","href":"https:\/\/api.w.org\/{rel}","templated":true}]}}