{"id":55,"date":"2013-08-27T21:36:17","date_gmt":"2013-08-27T19:36:17","guid":{"rendered":"http:\/\/sp1lubomierz.pl\/?page_id=55"},"modified":"2025-09-30T13:52:07","modified_gmt":"2025-09-30T11:52:07","slug":"samorzad","status":"publish","type":"page","link":"https:\/\/sp1lubomierz.pl\/?page_id=55","title":{"rendered":"Samorz\u0105d Uczniowski"},"content":{"rendered":"<h2 style=\"text-align: center;\"><strong>Samorz\u0105d Uczniowski w roku szkolnym 2025\/2026<\/strong><a href=\"http:\/\/sp1lubomierz.pl\/wp-content\/uploads\/2013\/08\/samorz\u0105d1.jpg\"><br \/>\n<\/a><\/h2>\n<p>Przewodnicz\u0105cy Samorz\u0105du Uczniowskiego \u2013 Maria Z. Klasa 8<br \/>\nZast\u0119pca Samorz\u0105du Uczniowskiego \u2013 Milena K. Klasa 8<br \/>\nSekretarz Samorz\u0105du Uczniowskiego \u2013 Maciej K. Klasa 7<\/p>\n<p>Cz\u0142onkowie Samorz\u0105du Uczniowskiego:<\/p>\n<div id=\":o1\" class=\"ii gt\">\n<div class=\"a3s aiL \">-Julia K. klasa 6<br \/>\n-Jacek O. klasa 6<br \/>\n-Zofia O. klasa 5<\/div>\n<div class=\"a3s aiL \">-Sebastian F. klasa 4<\/div>\n<\/div>\n<div id=\":o1\" class=\"ii gt\">&nbsp;<\/div>\n<p><span style=\"font-size: large;\"><strong>Opiekunowie Samorz\u0105du Uczniowskiego:<\/strong><\/span><span style=\"font-size: large;\"><strong><br \/>\n<\/strong><\/span><span style=\"font-size: medium;\"><br \/>\nmgr Sabina Zapa\u0142a-Malec<\/span><span style=\"font-size: medium;\"><br \/>\n<\/span><span style=\"font-size: medium;\">mgr Katarzyna Aksamit<\/span><\/p>\n<h2 style=\"text-align: center;\">&nbsp;<\/h2>\n<h2 style=\"text-align: center;\"><a href=\"http:\/\/sp1lubomierz.pl\/?page_id=5699\">Zach\u0119camy do obejrzenia gazetki szkolnej<br \/>\n&#8222;Nowinki szkolnej rodzinki&#8221;<\/a><\/h2>\n","protected":false},"excerpt":{"rendered":"<p>Samorz\u0105d Uczniowski w roku szkolnym 2025\/2026 Przewodnicz\u0105cy Samorz\u0105du Uczniowskiego \u2013 Maria Z. Klasa 8 Zast\u0119pca Samorz\u0105du Uczniowskiego \u2013 Milena K. Klasa 8 Sekretarz Samorz\u0105du Uczniowskiego \u2013 Maciej K. Klasa 7 Cz\u0142onkowie Samorz\u0105du Uczniowskiego: -Julia K. klasa 6 -Jacek O. klasa 6 -Zofia O. klasa 5 -Sebastian F. klasa 4 &nbsp; Opiekunowie Samorz\u0105du Uczniowskiego: mgr Sabina [&hellip;]<\/p>\n","protected":false},"author":2,"featured_media":0,"parent":33,"menu_order":12,"comment_status":"open","ping_status":"open","template":"","meta":{"ngg_post_thumbnail":0,"footnotes":""},"class_list":["post-55","page","type-page","status-publish","hentry"],"_links":{"self":[{"href":"https:\/\/sp1lubomierz.pl\/index.php?rest_route=\/wp\/v2\/pages\/55","targetHints":{"allow":["GET"]}}],"collection":[{"href":"https:\/\/sp1lubomierz.pl\/index.php?rest_route=\/wp\/v2\/pages"}],"about":[{"href":"https:\/\/sp1lubomierz.pl\/index.php?rest_route=\/wp\/v2\/types\/page"}],"author":[{"embeddable":true,"href":"https:\/\/sp1lubomierz.pl\/index.php?rest_route=\/wp\/v2\/users\/2"}],"replies":[{"embeddable":true,"href":"https:\/\/sp1lubomierz.pl\/index.php?rest_route=%2Fwp%2Fv2%2Fcomments&post=55"}],"version-history":[{"count":27,"href":"https:\/\/sp1lubomierz.pl\/index.php?rest_route=\/wp\/v2\/pages\/55\/revisions"}],"predecessor-version":[{"id":48900,"href":"https:\/\/sp1lubomierz.pl\/index.php?rest_route=\/wp\/v2\/pages\/55\/revisions\/48900"}],"up":[{"embeddable":true,"href":"https:\/\/sp1lubomierz.pl\/index.php?rest_route=\/wp\/v2\/pages\/33"}],"wp:attachment":[{"href":"https:\/\/sp1lubomierz.pl\/index.php?rest_route=%2Fwp%2Fv2%2Fmedia&parent=55"}],"curies":[{"name":"wp","href":"https:\/\/api.w.org\/{rel}","templated":true}]}}