{"id":5695,"date":"2014-12-21T12:58:18","date_gmt":"2014-12-21T12:58:18","guid":{"rendered":"http:\/\/sp1lubomierz.pl\/?page_id=5695"},"modified":"2024-12-05T19:47:00","modified_gmt":"2024-12-05T18:47:00","slug":"projekty-realizowane-w-naszej-szkole","status":"publish","type":"page","link":"https:\/\/sp1lubomierz.pl\/?page_id=5695","title":{"rendered":"Projekty realizowane w naszej szkole"},"content":{"rendered":"<h2 style=\"text-align: center;\"><a href=\"http:\/\/sp1lubomierz.pl\/?page_id=4665\">Innowacje pedagogiczne <\/a><\/h2>\n<h2 style=\"text-align: center;\"><a href=\"https:\/\/www.gov.pl\/web\/kultura\/narodowy-program-rozwoju-czytelnictwa\">Narodowy Program Rozwoju Czytelnictwa<\/a><\/h2>\n<h2 style=\"text-align: center;\"><a href=\"https:\/\/www.aktywnaszkola.pl\/index.php\/aktywny-weekend\/\">Aktywna Szko\u0142a &#8211; Aktywny Weekend&nbsp;<\/a><\/h2>\n<h2 style=\"text-align: center;\"><a href=\"https:\/\/www.aktywnaszkola.pl\/index.php\/aktywny-do-kwadratu\/\">Aktywna Szko\u0142a &#8211; Aktywny do Kwadratu&nbsp;<\/a><\/h2>\n<h2 style=\"text-align: center;\"><a href=\"https:\/\/sp1lubomierz.pl\/?page_id=47693\">Zaj\u0119cia sportowe z elementami gimnastyki<br \/>\nkorekcyjno-kompensacyjnej<\/a><\/h2>\n<h2 style=\"text-align: center;\"><a href=\"https:\/\/www.programdlaszkol.org\/program\/index\">Program dla szk\u00f3\u0142<\/a><\/h2>\n<h2 style=\"text-align: center;\"><a href=\"https:\/\/klasopracownia.pl\/projekty-dofinansowania\/rezerwa-oswiatowa\/?_gl=1*5ssk6y*_gcl_au*MjA0NTY5NDI4My4xNzMxMDY2MTI3*_ga*OTUzMTc5OTgxLjE3MzEwNjYxMjc.*_ga_NCWRN7BRHT*MTczMTA2NjEyNS4xLjAuMTczMTA2NjEyNS42MC4wLjA.\">Program doposa\u017cenie klasopracowni w ramach rezerwy o\u015bwiatowej<\/a><\/h2>\n<h2 style=\"text-align: center;\"><a href=\"https:\/\/aktywnatablica.educarium.pl\/aktywna-tablica-2020-2024\/podstawowe-informacje#:~:text=Nowa%20edycja%20programu%20Aktywna%20tablica%20uwzgl%C4%99dnia%20w%20procesie,w%20pomoce%20dydaktyczne%2C%20sprz%C4%99t%20oraz%20narz%C4%99dzia%20do%20terapii.\">Program rz\u0105dowy &#8222;Aktywna tablica&#8221; &#8211; dla szk\u00f3\u0142 w kt\u00f3rych ucz\u0105 si\u0119 uczniowie ze specjalnymi potrzebami edukacyjnymi<\/a><\/h2>\n<h2 style=\"text-align: center;\"><a href=\"http:\/\/sp1lubomierz.pl\/?page_id=25994\">Projekt &#8222;Szko\u0142y marze\u0144 w Gminie Mszana Dolna&#8221; <\/a><\/h2>\n<h2 style=\"text-align: center;\"><a href=\"http:\/\/sp1lubomierz.pl\/?page_id=25944\">Program &#8222;Aktywna tablica&#8221;<\/a><\/h2>\n<h2 style=\"text-align: center;\"><a href=\"http:\/\/sp1lubomierz.pl\/?page_id=25937\">Projekt &#8222;Ju\u017c p\u0142ywam&#8221;&nbsp; <\/a><\/h2>\n<h2 style=\"text-align: center;\"><a href=\"http:\/\/sp1lubomierz.pl\/?page_id=25999\">Program &#8222;Mleko w szkole&#8221;<\/a><\/h2>\n<h2 style=\"text-align: center;\"><a href=\"http:\/\/sp1lubomierz.pl\/?page_id=25940\">Program &#8222;Owoce i warzywa w szkole&#8221;&nbsp; <\/a><\/h2>\n<h2 style=\"text-align: center;\"><a href=\"http:\/\/sp1lubomierz.pl\/?page_id=25948\">Program &#8222;Ksi\u0105\u017cki naszych marze\u0144&#8221; <\/a><\/h2>\n<h2 style=\"text-align: center;\"><a href=\"http:\/\/sp1lubomierz.pl\/?p=8301\">Modernizacja oddzia\u0142\u00f3w przedszkolnych<\/a><\/h2>\n<h2 style=\"text-align: center;\"><a href=\"http:\/\/sp1lubomierz.pl\/?page_id=4738\">WF z Klas\u0105<\/a><\/h2>\n<p><a href=\"http:\/\/sp1lubomierz.pl\/?page_id=25940\">&nbsp;<\/a><\/p>\n<h3 style=\"text-align: center;\">&nbsp;<\/h3>\n","protected":false},"excerpt":{"rendered":"<p>Innowacje pedagogiczne Narodowy Program Rozwoju Czytelnictwa Aktywna Szko\u0142a &#8211; Aktywny Weekend&nbsp; Aktywna Szko\u0142a &#8211; Aktywny do Kwadratu&nbsp; Zaj\u0119cia sportowe z elementami gimnastyki korekcyjno-kompensacyjnej Program dla szk\u00f3\u0142 Program doposa\u017cenie klasopracowni w ramach rezerwy o\u015bwiatowej Program rz\u0105dowy &#8222;Aktywna tablica&#8221; &#8211; dla szk\u00f3\u0142 w kt\u00f3rych ucz\u0105 si\u0119 uczniowie ze specjalnymi potrzebami edukacyjnymi Projekt &#8222;Szko\u0142y marze\u0144 w Gminie Mszana [&hellip;]<\/p>\n","protected":false},"author":1,"featured_media":0,"parent":0,"menu_order":0,"comment_status":"closed","ping_status":"open","template":"","meta":{"ngg_post_thumbnail":0,"footnotes":""},"class_list":["post-5695","page","type-page","status-publish","hentry"],"_links":{"self":[{"href":"https:\/\/sp1lubomierz.pl\/index.php?rest_route=\/wp\/v2\/pages\/5695","targetHints":{"allow":["GET"]}}],"collection":[{"href":"https:\/\/sp1lubomierz.pl\/index.php?rest_route=\/wp\/v2\/pages"}],"about":[{"href":"https:\/\/sp1lubomierz.pl\/index.php?rest_route=\/wp\/v2\/types\/page"}],"author":[{"embeddable":true,"href":"https:\/\/sp1lubomierz.pl\/index.php?rest_route=\/wp\/v2\/users\/1"}],"replies":[{"embeddable":true,"href":"https:\/\/sp1lubomierz.pl\/index.php?rest_route=%2Fwp%2Fv2%2Fcomments&post=5695"}],"version-history":[{"count":21,"href":"https:\/\/sp1lubomierz.pl\/index.php?rest_route=\/wp\/v2\/pages\/5695\/revisions"}],"predecessor-version":[{"id":47697,"href":"https:\/\/sp1lubomierz.pl\/index.php?rest_route=\/wp\/v2\/pages\/5695\/revisions\/47697"}],"wp:attachment":[{"href":"https:\/\/sp1lubomierz.pl\/index.php?rest_route=%2Fwp%2Fv2%2Fmedia&parent=5695"}],"curies":[{"name":"wp","href":"https:\/\/api.w.org\/{rel}","templated":true}]}}