{"id":5699,"date":"2014-12-21T13:11:47","date_gmt":"2014-12-21T13:11:47","guid":{"rendered":"http:\/\/sp1lubomierz.pl\/?page_id=5699"},"modified":"2025-02-03T15:07:56","modified_gmt":"2025-02-03T14:07:56","slug":"nowinki-szkolnej-rodzinki","status":"publish","type":"page","link":"https:\/\/sp1lubomierz.pl\/?page_id=5699","title":{"rendered":"Nowinki szkolnej rodzinki"},"content":{"rendered":"<p style=\"text-align: center;\">Zapraszamy do czytania naszej najnowszej gazetki <strong>&#8222;Nowinki szkolnej rodzinki&#8221;:<\/strong><\/p>\n<p style=\"text-align: center;\"><a href=\"http:\/\/sp1lubomierz.pl\/wp-content\/uploads\/2025\/02\/gs-2025.pdf\">Gazetka szkolna nr 1, rok szk. 2024\/2025<\/a><\/p>\n<p style=\"text-align: center;\"><strong>Pozosta\u0142e numery:<\/strong><\/p>\n<p style=\"text-align: center;\"><a href=\"http:\/\/sp1lubomierz.pl\/wp-content\/uploads\/2024\/06\/g.-szkolna-pdf.pdf\">Gazetka szkolna nr 2, rok szk. 2023\/2024<\/a><\/p>\n<p style=\"text-align: center;\"><a href=\"http:\/\/sp1lubomierz.pl\/wp-content\/uploads\/2024\/02\/GAZETKA-SZKOLNA.pdf\">Gazetka szkolna nr 1, rok szk. 2023\/2024 <\/a><\/p>\n<p style=\"text-align: center;\"><a href=\"http:\/\/sp1lubomierz.pl\/wp-content\/uploads\/2023\/08\/GAZETKA-SZKOLNA.pdf\">Gazetka szkolna nr 2, rok szk. 2022\/2023<\/a><\/p>\n<p style=\"text-align: center;\"><a href=\"http:\/\/sp1lubomierz.pl\/wp-content\/uploads\/2014\/12\/GAZETKA-SZKOLNA1.pdf\">Gazetka szkolna nr 2, rok szk. 2021\/2022<\/a><\/p>\n<p style=\"text-align: center;\"><a href=\"http:\/\/sp1lubomierz.pl\/wp-content\/uploads\/2014\/12\/GAZETKA-SZKOLNA.pdf\">Gazetka szkolna nr 1, rok szk. 2021\/2022<\/a><\/p>\n<p style=\"text-align: center;\"><a href=\"http:\/\/sp1lubomierz.pl\/wp-content\/uploads\/2014\/12\/Gazetka-szkolna-nr-1-rok-szk.docx.aysihgqh.pdf\">Gazetka szkolna nr 1 rok szk. 2019\/2020<\/a><\/p>\n<p style=\"text-align: center;\"><a href=\"http:\/\/sp1lubomierz.pl\/wp-content\/uploads\/2014\/12\/Nowinki-szkolnej-rodzinki-nr-1.pdf\">Nowinki szkolnej rodzinki nr 1 2017\/2018<\/a><\/p>\n<p style=\"text-align: center;\"><a href=\"http:\/\/sp1lubomierz.pl\/wp-content\/uploads\/2014\/12\/CA\u0141O\u015a\u0106.pdf\">Nr 1 rok szkolny 2014\/2015<\/a><\/p>\n<p style=\"text-align: center;\"><a href=\"http:\/\/sp1lubomierz.pl\/wp-content\/uploads\/2014\/12\/CA\u0141O\u015a\u0106-2numer.pdf\">Nr 2 rok szkolny 2014\/2015<\/a><\/p>\n","protected":false},"excerpt":{"rendered":"<p>Zapraszamy do czytania naszej najnowszej gazetki &#8222;Nowinki szkolnej rodzinki&#8221;: Gazetka szkolna nr 1, rok szk. 2024\/2025 Pozosta\u0142e numery: Gazetka szkolna nr 2, rok szk. 2023\/2024 Gazetka szkolna nr 1, rok szk. 2023\/2024 Gazetka szkolna nr 2, rok szk. 2022\/2023 Gazetka szkolna nr 2, rok szk. 2021\/2022 Gazetka szkolna nr 1, rok szk. 2021\/2022 Gazetka szkolna [&hellip;]<\/p>\n","protected":false},"author":1,"featured_media":0,"parent":0,"menu_order":0,"comment_status":"closed","ping_status":"open","template":"","meta":{"ngg_post_thumbnail":0,"footnotes":""},"class_list":["post-5699","page","type-page","status-publish","hentry"],"_links":{"self":[{"href":"https:\/\/sp1lubomierz.pl\/index.php?rest_route=\/wp\/v2\/pages\/5699","targetHints":{"allow":["GET"]}}],"collection":[{"href":"https:\/\/sp1lubomierz.pl\/index.php?rest_route=\/wp\/v2\/pages"}],"about":[{"href":"https:\/\/sp1lubomierz.pl\/index.php?rest_route=\/wp\/v2\/types\/page"}],"author":[{"embeddable":true,"href":"https:\/\/sp1lubomierz.pl\/index.php?rest_route=\/wp\/v2\/users\/1"}],"replies":[{"embeddable":true,"href":"https:\/\/sp1lubomierz.pl\/index.php?rest_route=%2Fwp%2Fv2%2Fcomments&post=5699"}],"version-history":[{"count":12,"href":"https:\/\/sp1lubomierz.pl\/index.php?rest_route=\/wp\/v2\/pages\/5699\/revisions"}],"predecessor-version":[{"id":48058,"href":"https:\/\/sp1lubomierz.pl\/index.php?rest_route=\/wp\/v2\/pages\/5699\/revisions\/48058"}],"wp:attachment":[{"href":"https:\/\/sp1lubomierz.pl\/index.php?rest_route=%2Fwp%2Fv2%2Fmedia&parent=5699"}],"curies":[{"name":"wp","href":"https:\/\/api.w.org\/{rel}","templated":true}]}}