{"id":5863,"date":"2015-01-27T08:22:03","date_gmt":"2015-01-27T08:22:03","guid":{"rendered":"http:\/\/sp1lubomierz.pl\/?page_id=5863"},"modified":"2026-03-30T10:26:36","modified_gmt":"2026-03-30T08:26:36","slug":"swietlica","status":"publish","type":"page","link":"https:\/\/sp1lubomierz.pl\/?page_id=5863","title":{"rendered":"\u015awietlica"},"content":{"rendered":"<h1 style=\"text-align: center;\"><span style=\"color: #ff0000;\"><strong>Rok szkolny 2025\/2026<\/strong><\/span><\/h1>\n<h2 style=\"text-align: center;\"><a href=\"http:\/\/sp1lubomierz.pl\/wp-content\/uploads\/2026\/03\/CamScanner-30.03.2026-10.20.pdf\">Regulamin zapisu dzieci do \u015bwietlicy szkolnej Szko\u0142y Podstawowej nr 1 im. \u015bw. J\u00f3zefa w Lubomierzu<\/a><\/h2>\n<h2 style=\"text-align: center;\"><a href=\"http:\/\/sp1lubomierz.pl\/wp-content\/uploads\/2025\/09\/Regulamin.docx\">Regulamin korzystania ze \u015bwietlicy szkolnej<\/a><\/h2>\n<h2 style=\"text-align: center;\"><a href=\"http:\/\/sp1lubomierz.pl\/wp-content\/uploads\/2025\/09\/karta-zapisu-do-swietlicy-2023-1.docx\">Karta zapisu do s\u0301wietlicy 2025<\/a><\/h2>\n<h2 style=\"text-align: center;\"><a href=\"http:\/\/sp1lubomierz.pl\/wp-content\/uploads\/2025\/09\/Godziny.docx\">Godziny pracy \u015bwietlicy szkolnej<\/a><\/h2>\n<p>&nbsp;<\/p>\n<h1 style=\"text-align: center;\"><span style=\"color: #ff0000;\"><strong>Rok szkolny 2024\/2025<\/strong><\/span><\/h1>\n<h2 style=\"text-align: center;\"><a href=\"http:\/\/sp1lubomierz.pl\/wp-content\/uploads\/2024\/09\/Regulamin-korzystania-ze-\u015bwietlicy-szkolnej.pdf\">Regulamin korzystania ze \u015bwietlicy szkolnej<\/a><\/h2>\n<h2 style=\"text-align: center;\"><a href=\"http:\/\/sp1lubomierz.pl\/wp-content\/uploads\/2024\/09\/karta-zapisu-do-s\u0301wietlicy-2023.pdf\">Karta zapisu do s\u0301wietlicy 2024<\/a><\/h2>\n<h2 style=\"text-align: center;\"><a href=\"http:\/\/sp1lubomierz.pl\/wp-content\/uploads\/2024\/09\/WYDRUK-GODZINY-PRACY-\u015aWIETLICY.pdf\">Godziny pracy \u015bwietlicy szkolnej<\/a><\/h2>\n<h2 style=\"text-align: center;\"><a href=\"http:\/\/sp1lubomierz.pl\/wp-content\/uploads\/2024\/09\/innowacja-opis.pdf\">Innowacja <strong>Pedagogiczna:<\/strong><br \/>\n\u201eODKRYWANIE PRZEZ DZIA\u0141ANIE \u2013 DO\u015aWIADCZENIA, EKSPERYMENTY, OBSERWACJE PRZYRODNICZE\u201d<\/a><\/h2>\n<p><a href=\"http:\/\/sp1lubomierz.pl\/wp-content\/uploads\/2025\/04\/CFC1EF14-C0CE-4AFD-A64B-5E3D251CC4C8.jpg\"><img loading=\"lazy\" decoding=\"async\" class=\"aligncenter wp-image-48307\" src=\"http:\/\/sp1lubomierz.pl\/wp-content\/uploads\/2025\/04\/CFC1EF14-C0CE-4AFD-A64B-5E3D251CC4C8-683x1024.jpg\" alt=\"Plakat \u015bwietlicowego konkursu plastycznego \u201eEko-Wielkanoc\u201d dla klas 1\u20133 prace do 14.04.2025.\" width=\"500\" height=\"750\" srcset=\"https:\/\/sp1lubomierz.pl\/wp-content\/uploads\/2025\/04\/CFC1EF14-C0CE-4AFD-A64B-5E3D251CC4C8-683x1024.jpg 683w, https:\/\/sp1lubomierz.pl\/wp-content\/uploads\/2025\/04\/CFC1EF14-C0CE-4AFD-A64B-5E3D251CC4C8-200x300.jpg 200w, https:\/\/sp1lubomierz.pl\/wp-content\/uploads\/2025\/04\/CFC1EF14-C0CE-4AFD-A64B-5E3D251CC4C8-768x1152.jpg 768w, https:\/\/sp1lubomierz.pl\/wp-content\/uploads\/2025\/04\/CFC1EF14-C0CE-4AFD-A64B-5E3D251CC4C8-153x230.jpg 153w, https:\/\/sp1lubomierz.pl\/wp-content\/uploads\/2025\/04\/CFC1EF14-C0CE-4AFD-A64B-5E3D251CC4C8.jpg 1024w\" sizes=\"auto, (max-width: 500px) 100vw, 500px\" \/><\/a><\/p>\n<p><a href=\"http:\/\/sp1lubomierz.pl\/wp-content\/uploads\/2024\/10\/Zrzut-ekranu-2024-10-09-200223.png\"><img loading=\"lazy\" decoding=\"async\" class=\"aligncenter size-full wp-image-47266\" src=\"http:\/\/sp1lubomierz.pl\/wp-content\/uploads\/2024\/10\/Zrzut-ekranu-2024-10-09-200223.png\" alt=\"\" width=\"516\" height=\"703\" srcset=\"https:\/\/sp1lubomierz.pl\/wp-content\/uploads\/2024\/10\/Zrzut-ekranu-2024-10-09-200223.png 516w, https:\/\/sp1lubomierz.pl\/wp-content\/uploads\/2024\/10\/Zrzut-ekranu-2024-10-09-200223-220x300.png 220w, https:\/\/sp1lubomierz.pl\/wp-content\/uploads\/2024\/10\/Zrzut-ekranu-2024-10-09-200223-169x230.png 169w\" sizes=\"auto, (max-width: 516px) 100vw, 516px\" \/><\/a><\/p>\n<h1>&nbsp;<\/h1>\n<h1 style=\"text-align: center;\"><span style=\"color: #ff0000;\"><strong>Rok szkolny 2023\/2024<\/strong><\/span><\/h1>\n<h2 style=\"text-align: center;\"><a href=\"http:\/\/sp1lubomierz.pl\/wp-content\/uploads\/2023\/09\/Regulamin-korzystania-ze-\u015bwietlicy-szkolnej-1.docx\">Regulamin korzystania ze \u015bwietlicy szkolnej<\/a><\/h2>\n<h2 style=\"text-align: center;\"><a href=\"http:\/\/sp1lubomierz.pl\/wp-content\/uploads\/2023\/11\/SWIETLICA.docx\">Godziny pracy \u015bwietlicy szkolnej<\/a><\/h2>\n<h2 style=\"text-align: center;\"><a href=\"http:\/\/sp1lubomierz.pl\/wp-content\/uploads\/2023\/09\/karta-zapisu-do-s\u0301wietlicy-2023-1.docx\">karta zapisu do s\u0301wietlicy 2023<\/a><\/h2>\n<p style=\"text-align: center;\">~~~~~~~~~~~~~~~~~~~~~~~~~~~~~~<\/p>\n<h1 style=\"text-align: center;\"><strong><span style=\"color: #ff0000;\">Rok szkolny 2022\/2023<\/span><\/strong><\/h1>\n<h2 style=\"text-align: center;\"><a href=\"http:\/\/sp1lubomierz.pl\/wp-content\/uploads\/2015\/01\/Regulamin-korzystania-ze-\u015bwietlicy-szkolnej.docx\">Regulamin korzystania ze \u015bwietlicy szkolnej<\/a><\/h2>\n<h2 style=\"text-align: center;\"><a href=\"http:\/\/sp1lubomierz.pl\/wp-content\/uploads\/2015\/01\/Godziny-pracy-\u015bwietlicy-szkolnej-w-roku-szkolnym-2022.docx\">Godziny pracy \u015bwietlicy szkolnej<\/a><\/h2>\n<h2 style=\"text-align: center;\"><a href=\"http:\/\/sp1lubomierz.pl\/wp-content\/uploads\/2015\/01\/karta-zapisu-do-\u015bwietlicy-2022.docx\">Karta zapisu do \u015bwietlicy 2022<\/a><\/h2>\n<h2>&nbsp;<\/h2>\n<h2 style=\"text-align: center;\"><strong>Uwaga Konkurs!!!<br \/>\n<\/strong><\/h2>\n<h2><a href=\"http:\/\/sp1lubomierz.pl\/wp-content\/uploads\/2023\/03\/jajo.jpg\"><img loading=\"lazy\" decoding=\"async\" class=\"aligncenter wp-image-42370 size-full\" src=\"http:\/\/sp1lubomierz.pl\/wp-content\/uploads\/2023\/03\/jajo.jpg\" alt=\"\" width=\"572\" height=\"813\" srcset=\"https:\/\/sp1lubomierz.pl\/wp-content\/uploads\/2023\/03\/jajo.jpg 572w, https:\/\/sp1lubomierz.pl\/wp-content\/uploads\/2023\/03\/jajo-211x300.jpg 211w, https:\/\/sp1lubomierz.pl\/wp-content\/uploads\/2023\/03\/jajo-162x230.jpg 162w\" sizes=\"auto, (max-width: 572px) 100vw, 572px\" \/><\/a><\/h2>\n<h2 style=\"text-align: center;\"><strong>\u015awietlica nie pr\u00f3\u017cnuje!<\/strong><\/h2>\n<p style=\"text-align: justify;\">Uczniowie regularnie ucz\u0119szczaj\u0105cy na zaj\u0119cia pozalekcyjne do \u015bwietlicy szkolnej nie mog\u0105 narzeka\u0107 na nud\u0119. Dla ka\u017cdego co\u015b dobrego! Cz\u0119\u015b\u0107 grupy realizuje w tym czasie swoje sportowe pasje na sali gimnastycznej lub boisku szkolnym. Grupa dziewczynek natomiast odkrywa jak ciekaw\u0105 form\u0105 sp\u0119dzania czasu wolnego mo\u017ce by\u0107 dzierganie na drutach czy tworzenie fantazyjnych breloczk\u00f3w z koralik\u00f3w. Zawieszki opr\u00f3cz walor\u00f3w estetycznych posiadaj\u0105 bardzo wa\u017c\u0105 funkcj\u0119 \u2013 sprawiaj\u0105, \u017ce ucze\u0144 po zmroku staje si\u0119 bardziej widoczny dla przeje\u017cd\u017caj\u0105cych samochod\u00f3w.<\/p>\n<p style=\"text-align: justify;\">Tworzenie slime\u00f3w &#8211; masy sensorycznej, to zdecydowanie najbardziej atrakcyjna forma rozwoju kreatywno\u015bci, cierpliwo\u015bci i skupienia u uczestnik\u00f3w naszych zaj\u0119\u0107. Uczestnicy sami okre\u015blaj\u0105 kolor, zapach oraz konsystencj\u0119 swojego slimea. Dzi\u0119ki mo\u017cliwo\u015bci decydowania o ostatecznym kszta\u0142cie swojego dzie\u0142a, ka\u017cdy ucze\u0144 jest od pocz\u0105tku do ko\u0144ca mocno zaanga\u017cowany w zadanie.<\/p>\n<p style=\"text-align: justify;\">\u015awietlica promuje r\u00f3wnie\u017c zdrowy styl \u017cycia. Spacery, zabawy ruchowe to sta\u0142y element naszej \u015bwietlicowej rzeczywisto\u015bci, ale nie zapominamy o prawid\u0142owej diecie. Jaki\u015b czas temu w ramach inicjatywy edukacyjnej \u201eLaboratorium przysz\u0142o\u015bci\u201d w kt\u00f3rej aktywnie uczestniczy nasza szko\u0142a, grupa \u015bwietlicowa zorganizowa\u0142a warsztaty kulinarne pt. \u201eZastrzyk witamin ka\u017cdego dnia \u2013 t\u0142oczymy soki owocowe\u201d. Dzi\u0119ki wspania\u0142emu zaanga\u017cowaniu wszystkich uczestnik\u00f3w uda\u0142o nam si\u0119 wyt\u0142oczy\u0107 prawie 7 litr\u00f3w kolorowych, smakowitych i co najwa\u017cniejsze zdrowych sok\u00f3w owocowych. W przeddzie\u0144 uroczysto\u015bci Wszystkich \u015awi\u0119tych grupa \u015bwietlicowa tworzy\u0142a w\u0142asnor\u0119cznie wykonane szklane lampiony, kt\u00f3re osobi\u015bcie ka\u017cdy uczestnik zaj\u0119\u0107 zani\u00f3s\u0142 na pobliski cmentarz jako symbol pami\u0119ci o bliskich, kt\u00f3rych ju\u017c nie ma po\u015br\u00f3d nas.<\/p>\n<p style=\"text-align: justify;\">Przed nami okres wzmo\u017conej pracy. Ma\u0142ymi kroczkami zbli\u017camy si\u0119 do \u015awi\u0105t Bo\u017cego Narodzenia. Zadaniem grupy \u015bwietlicowej b\u0119dzie w tym czasie przede wszystkim tworzenie \u015bwi\u0105tecznej, przyjaznej atmosfery pachn\u0105cej \u015bwie\u017c\u0105 jod\u0142\u0105 i w\u0142asnor\u0119cznie upieczonymi pierniczkami kt\u00f3rymi finalnie ozdobimy nasz\u0105 du\u017c\u0105 \u015bwietlicow\u0105 choink\u0119.<\/p>\n<p style=\"text-align: right;\">red. Katarzyna Murza\u0144ska<\/p>\n<p style=\"text-align: center;\"><p>Invalid Displayed Gallery<\/p><\/p>\n<h1 style=\"text-align: center;\">~~~~~~~~~~~~~~~~<\/h1>\n<h1 style=\"text-align: center;\"><strong><span style=\"color: #ff0000;\">Rok szkolny 2021\/2022<\/span><\/strong><\/h1>\n<p><a href=\"http:\/\/sp1lubomierz.pl\/wp-content\/uploads\/2015\/01\/\u015bwietlica-plakat-notatka.jpg\"><img loading=\"lazy\" decoding=\"async\" class=\"aligncenter size-full wp-image-34169\" src=\"http:\/\/sp1lubomierz.pl\/wp-content\/uploads\/2015\/01\/\u015bwietlica-plakat-notatka.jpg\" alt=\"\u015bwietlica plakat notatka\" width=\"1754\" height=\"1240\" srcset=\"https:\/\/sp1lubomierz.pl\/wp-content\/uploads\/2015\/01\/\u015bwietlica-plakat-notatka.jpg 1754w, https:\/\/sp1lubomierz.pl\/wp-content\/uploads\/2015\/01\/\u015bwietlica-plakat-notatka-300x212.jpg 300w, https:\/\/sp1lubomierz.pl\/wp-content\/uploads\/2015\/01\/\u015bwietlica-plakat-notatka-1024x723.jpg 1024w, https:\/\/sp1lubomierz.pl\/wp-content\/uploads\/2015\/01\/\u015bwietlica-plakat-notatka-325x230.jpg 325w\" sizes=\"auto, (max-width: 1754px) 100vw, 1754px\" \/><\/a><\/p>\n<p><a href=\"http:\/\/sp1lubomierz.pl\/wp-content\/uploads\/2015\/01\/Publikacja1.jpg\"><img loading=\"lazy\" decoding=\"async\" class=\"aligncenter size-full wp-image-34368\" src=\"http:\/\/sp1lubomierz.pl\/wp-content\/uploads\/2015\/01\/Publikacja1.jpg\" alt=\"Publikacja1\" width=\"1754\" height=\"1240\" srcset=\"https:\/\/sp1lubomierz.pl\/wp-content\/uploads\/2015\/01\/Publikacja1.jpg 1754w, https:\/\/sp1lubomierz.pl\/wp-content\/uploads\/2015\/01\/Publikacja1-300x212.jpg 300w, https:\/\/sp1lubomierz.pl\/wp-content\/uploads\/2015\/01\/Publikacja1-1024x723.jpg 1024w, https:\/\/sp1lubomierz.pl\/wp-content\/uploads\/2015\/01\/Publikacja1-325x230.jpg 325w\" sizes=\"auto, (max-width: 1754px) 100vw, 1754px\" \/><\/a><\/p>\n<h2 style=\"text-align: center;\"><a href=\"http:\/\/sp1lubomierz.pl\/wp-content\/uploads\/2015\/01\/phi3808-jpg.jpg\"><img loading=\"lazy\" decoding=\"async\" class=\"aligncenter size-full wp-image-34370\" src=\"http:\/\/sp1lubomierz.pl\/wp-content\/uploads\/2015\/01\/phi3808-jpg.jpg\" alt=\"phi3808-jpg\" width=\"1281\" height=\"1600\" srcset=\"https:\/\/sp1lubomierz.pl\/wp-content\/uploads\/2015\/01\/phi3808-jpg.jpg 1281w, https:\/\/sp1lubomierz.pl\/wp-content\/uploads\/2015\/01\/phi3808-jpg-240x300.jpg 240w, https:\/\/sp1lubomierz.pl\/wp-content\/uploads\/2015\/01\/phi3808-jpg-819x1024.jpg 819w, https:\/\/sp1lubomierz.pl\/wp-content\/uploads\/2015\/01\/phi3808-jpg-184x230.jpg 184w\" sizes=\"auto, (max-width: 1281px) 100vw, 1281px\" \/><\/a><\/h2>\n<h2 style=\"text-align: center;\"><a href=\"https:\/\/wfos.gdansk.pl\/wiadomosci\/zagraj-pomorskimi-sprawdz-czy-poprawnie-segregujesz-odpady\">Rozwi\u0105\u017c quiz i sprawd\u017a, czy poprawnie segregujesz odpady!<\/a><\/h2>\n<h1 style=\"text-align: center;\">Galeria<\/h1>\n<h1 style=\"text-align: center;\"><p>Invalid Displayed Gallery<\/p><br \/>\n<p>Invalid Displayed Gallery<\/p><\/h1>\n","protected":false},"excerpt":{"rendered":"<p>Rok szkolny 2025\/2026 Regulamin zapisu dzieci do \u015bwietlicy szkolnej Szko\u0142y Podstawowej nr 1 im. \u015bw. J\u00f3zefa w Lubomierzu Regulamin korzystania ze \u015bwietlicy szkolnej Karta zapisu do s\u0301wietlicy 2025 Godziny pracy \u015bwietlicy szkolnej &nbsp; Rok szkolny 2024\/2025 Regulamin korzystania ze \u015bwietlicy szkolnej Karta zapisu do s\u0301wietlicy 2024 Godziny pracy \u015bwietlicy szkolnej Innowacja Pedagogiczna: \u201eODKRYWANIE PRZEZ DZIA\u0141ANIE [&hellip;]<\/p>\n","protected":false},"author":1,"featured_media":0,"parent":0,"menu_order":0,"comment_status":"closed","ping_status":"open","template":"","meta":{"ngg_post_thumbnail":0,"footnotes":""},"class_list":["post-5863","page","type-page","status-publish","hentry"],"_links":{"self":[{"href":"https:\/\/sp1lubomierz.pl\/index.php?rest_route=\/wp\/v2\/pages\/5863","targetHints":{"allow":["GET"]}}],"collection":[{"href":"https:\/\/sp1lubomierz.pl\/index.php?rest_route=\/wp\/v2\/pages"}],"about":[{"href":"https:\/\/sp1lubomierz.pl\/index.php?rest_route=\/wp\/v2\/types\/page"}],"author":[{"embeddable":true,"href":"https:\/\/sp1lubomierz.pl\/index.php?rest_route=\/wp\/v2\/users\/1"}],"replies":[{"embeddable":true,"href":"https:\/\/sp1lubomierz.pl\/index.php?rest_route=%2Fwp%2Fv2%2Fcomments&post=5863"}],"version-history":[{"count":67,"href":"https:\/\/sp1lubomierz.pl\/index.php?rest_route=\/wp\/v2\/pages\/5863\/revisions"}],"predecessor-version":[{"id":49508,"href":"https:\/\/sp1lubomierz.pl\/index.php?rest_route=\/wp\/v2\/pages\/5863\/revisions\/49508"}],"wp:attachment":[{"href":"https:\/\/sp1lubomierz.pl\/index.php?rest_route=%2Fwp%2Fv2%2Fmedia&parent=5863"}],"curies":[{"name":"wp","href":"https:\/\/api.w.org\/{rel}","templated":true}]}}