{"id":89,"date":"2013-08-30T21:12:27","date_gmt":"2013-08-30T19:12:27","guid":{"rendered":"http:\/\/sp1lubomierz.pl\/?page_id=89"},"modified":"2025-09-30T13:44:51","modified_gmt":"2025-09-30T11:44:51","slug":"podreczniki","status":"publish","type":"page","link":"https:\/\/sp1lubomierz.pl\/?page_id=89","title":{"rendered":"Programy i podr\u0119czniki"},"content":{"rendered":"<h2 style=\"text-align: center;\"><strong>Szkolny zestaw program\u00f3w nauczania i&nbsp;podr\u0119cznik\u00f3w przeznaczonych do&nbsp;kszta\u0142cenia og\u00f3lnego&nbsp;<\/strong><strong>w&nbsp;Szkole Podstawowej nr&nbsp;1 im.&nbsp;\u015bw. J\u00f3zefa w&nbsp;Lubomierzu&nbsp;<\/strong><strong>na rok szkolny 2025\/2026<\/strong><\/h2>\n<h1 style=\"text-align: center;\"><a href=\"http:\/\/sp1lubomierz.pl\/wp-content\/uploads\/2025\/09\/programy-i-podreczniki-20252026.doc\">Programy i podr\u0119czniki<\/a><\/h1>\n<h2 style=\"text-align: center;\"><strong>Szkolny zestaw program\u00f3w nauczania i&nbsp;podr\u0119cznik\u00f3w przeznaczonych do&nbsp;kszta\u0142cenia og\u00f3lnego&nbsp;<\/strong><strong>w&nbsp;Szkole Podstawowej nr&nbsp;1 im.&nbsp;\u015bw. J\u00f3zefa w&nbsp;Lubomierzu&nbsp;<\/strong><strong>na rok szkolny 2024\/2025<\/strong><\/h2>\n<h1 style=\"text-align: center;\"><a href=\"http:\/\/sp1lubomierz.pl\/wp-content\/uploads\/2024\/06\/zestaw-podr.-20242025.pdf\">Programy i podr\u0119czniki<\/a><\/h1>\n<h2 style=\"text-align: center;\"><strong>Szkolny zestaw program\u00f3w nauczania i&nbsp;podr\u0119cznik\u00f3w przeznaczonych do&nbsp;kszta\u0142cenia og\u00f3lnego <\/strong><strong>w&nbsp;Szkole Podstawowej nr&nbsp;1 im.&nbsp;\u015bw. J\u00f3zefa w&nbsp;Lubomierzu <\/strong><strong>na rok szkolny 2023\/2024<\/strong><\/h2>\n<h1 style=\"text-align: center;\"><a href=\"http:\/\/sp1lubomierz.pl\/wp-content\/uploads\/2024\/01\/zestaw-podr\u0119cznik\u00f3w-i-program\u00f3w.pdf\">Programy i podr\u0119czniki<\/a><\/h1>\n<h2 style=\"text-align: center;\"><strong>Szkolny zestaw program\u00f3w nauczania i&nbsp;podr\u0119cznik\u00f3w przeznaczonych do&nbsp;kszta\u0142cenia og\u00f3lnego <\/strong><strong>w&nbsp;Szkole Podstawowej nr&nbsp;1 im.&nbsp;\u015bw. J\u00f3zefa w&nbsp;Lubomierzu <\/strong><strong>na&nbsp;rok szkolny 2021\/2022<\/strong><\/h2>\n<h1 style=\"text-align: center;\"><a href=\"http:\/\/sp1lubomierz.pl\/wp-content\/uploads\/2013\/08\/podreczniki.docx\">Programy i podr\u0119czniki<\/a><\/h1>\n<h2 style=\"text-align: center;\">&nbsp;<\/h2>\n<h2 style=\"text-align: center;\"><strong>Szkolny zestaw program\u00f3w nauczania i podr\u0119cznik\u00f3w przeznaczonych do kszta\u0142cenia og\u00f3lnego <\/strong><strong>w Szkole Podstawowej nr 1 im. \u015bw. J\u00f3zefa w Lubomierzu <\/strong><strong>na rok szkolny 2017\/2018<\/strong><\/h2>\n<h1 style=\"text-align: center;\"><a href=\"http:\/\/sp1lubomierz.pl\/wp-content\/uploads\/2013\/08\/Programy-i-podr\u0119czniki.pdf\">Programy i podr\u0119czniki<\/a><\/h1>\n<h2 style=\"text-align: center;\"><strong>Szkolny zestaw podr\u0119cznik\u00f3w przeznaczonych do kszta\u0142cenia og\u00f3lnego <\/strong><strong>w Szkole Podstawowej nr 1 im. \u015bw. J\u00f3zefa w Lubomierzu <\/strong><strong>na rok szkolny 2016\/2017<\/strong><\/h2>\n<p>Spis podr\u0119cznik\u00f3w dla klasy 4<\/p>\n<table>\n<tbody>\n<tr>\n<td width=\"154\"><strong>Przedmiot<\/strong><\/td>\n<td width=\"154\"><strong>Tytu\u0142<\/strong><\/td>\n<td width=\"144\"><strong>Autor<\/strong><\/td>\n<td width=\"163\"><strong>Wydawnictwo<\/strong><\/td>\n<\/tr>\n<tr>\n<td width=\"154\">J\u0119zyk polski<\/td>\n<td width=\"154\"><em>\u201eS\u0142owa z u\u015bmiechem\u201d<\/em>+ \u0107wiczenia<\/td>\n<td width=\"144\">E. HorwarthA. \u017begle\u0144<\/td>\n<td width=\"163\">Wsip<\/td>\n<\/tr>\n<tr>\n<td width=\"154\">Historiai spo\u0142ecze\u0144stwo<\/td>\n<td width=\"154\"><em>\u201eWczoraj i dzi\u015b\u201d<\/em>+ \u0107wiczeniaAtlas historyczny<\/td>\n<td width=\"144\">Grzegorz Wojciechowski<\/td>\n<td width=\"163\">Nowa Era<\/td>\n<\/tr>\n<tr>\n<td width=\"154\">Matematyka<\/td>\n<td width=\"154\"><em>\u201eMatematyka<\/em><em>z pomys\u0142em\u201d<\/em>cz.1,2\u0107wiczenia cz.1,2<\/td>\n<td width=\"144\">B. Dubiecka \u2013 KrukE. MalickaP. Piskorski<\/td>\n<\/tr>\n<\/tbody>\n<\/table>\n<p>E. Pytlak<\/p>\n<p>A. GleischnerWsipZaj\u0119cia techniczne<em>\u201eJak to dzia\u0142a?\u201d<\/em>&#8211; podr\u0119cznik&nbsp; z \u0107wiczeniami do zaj\u0119\u0107 technicznych dla klasy. IVL. \u0141abeckiM. \u0141abeckaNowa EraJ\u0119zyk angielski<em>\u201e Starland 1\u201d<\/em>-podr\u0119cznikz \u0107wiczeniamiV. EvansJ. DooleyEgis ExpressPublishingZaj\u0119cia komputerowe<em>\u201eLekcje<\/em><em>z komputerem 4\u201d<\/em>W. JochemczykI. Krajewska-KranasA. SamulskaWsipPrzyroda<em>\u201ePrzyroda z pomys\u0142em\u201d<\/em>&#8211; podr\u0119cznik &nbsp;cz. 1,2+ zeszyt \u0107wicze\u0144cz. 1, 2U. DepczykB. SienkiewiczH. BinkiewiczWsipMuzyka<em>\u201eI gra muzyka\u201d<\/em>&#8211; podr\u0119cznik dla klasy IV-VIszko\u0142y podstawowejM. GromekG. KilbachNowa&nbsp; EraPlastyka<em>\u201eDo dzie\u0142a\u201d<\/em>&#8211; podr\u0119cznik dla kl. IV \u2013 VI szko\u0142y podstawowejJ. LukasK. OnakNowa&nbsp; EraReligia\u201e<em>S\u0142uchamy Pana Boga\u201d<\/em>ks. T. Panu\u015bks.A. Kielan<\/p>\n<ol>\n<li>Berski<\/li>\n<\/ol>\n<p>\u015aw. Stanis\u0142aw<\/p>\n<p>Spis podr\u0119cznik\u00f3w do klasy 5<\/p>\n<table>\n<tbody>\n<tr>\n<td width=\"149\">Przedmiot<\/td>\n<td width=\"170\">Tytu\u0142<\/td>\n<td width=\"151\">Autorzy<\/td>\n<td width=\"149\">Wydawnictwo<\/td>\n<\/tr>\n<tr>\n<td width=\"149\">J\u0119zyk polski<\/td>\n<td width=\"170\">\u201eS\u0142owa z u\u015bmiechem\u201d+ \u0107wiczenia<\/td>\n<td width=\"151\">E. HorwathA. \u017begle\u0144<\/td>\n<td width=\"149\">Wsip<\/td>\n<\/tr>\n<tr>\n<td width=\"149\">Historiai spo\u0142ecze\u0144stwo<\/td>\n<td width=\"170\">\u201eWczoraj i dzi\u015b \u201d- podr\u0119cznik + \u0107wiczeniaAtlas historyczny<\/td>\n<td width=\"151\">G. Wojciechowski<\/td>\n<td width=\"149\">Nowa Era<\/td>\n<\/tr>\n<tr>\n<td width=\"149\">Matematyka<\/td>\n<td width=\"170\"><em>\u201eMatematyka<\/em><em>z pomys\u0142em\u201d<\/em>cz.1,2\u0107wiczenia cz.1,2<\/td>\n<td width=\"151\">B. Dubiecka \u2013 KrukE. MalickaP. PiskorskiE. PytlakA. Gleischner<\/td>\n<td width=\"149\">Wsip<\/td>\n<\/tr>\n<tr>\n<td width=\"149\">Zaj\u0119cia techniczne<\/td>\n<td width=\"170\"><em>\u201eJak to dzia\u0142a?\u201d<\/em>&#8211; podr\u0119cznik&nbsp; z \u0107wiczeniami do zaj\u0119\u0107 technicznych dla klasy. V<\/td>\n<td width=\"151\">L. \u0141abeckiM. \u0141abecka<\/td>\n<td width=\"149\">Nowa Era<\/td>\n<\/tr>\n<tr>\n<td width=\"149\">J\u0119zyk angielski<\/td>\n<td width=\"170\"><em>\u201e Starland 2\u201d<\/em>-podr\u0119cznik+ \u0107wiczenia<\/td>\n<td width=\"151\">V. EvansJ. Dooley<\/td>\n<td width=\"149\">Egis Express Publishing<\/td>\n<\/tr>\n<tr>\n<td width=\"149\">&nbsp;Zaj\u0119cia komputerowe<\/td>\n<td width=\"170\"><em>\u201eLekcje z komputerem 5\u201d<\/em><\/td>\n<td width=\"151\">W. JochemczykI. Krajewska \u2013 KranasW. Kranas<\/td>\n<td width=\"149\">WSiP<\/td>\n<\/tr>\n<tr>\n<td width=\"149\">Przyroda<\/td>\n<td width=\"170\"><em>\u201ePrzyroda z pomys\u0142em\u201d<\/em>&#8211; podr\u0119cznik &nbsp;cz.+ zeszyt \u0107wicze\u0144cz. 1, 2<\/td>\n<td width=\"151\">U. DepczykB. SienkiewiczH. Binkiewicz<\/td>\n<td width=\"149\">WSiP<\/td>\n<\/tr>\n<tr>\n<td width=\"149\">Muzyka<\/td>\n<td width=\"170\">\u201eI gra muzyka\u201d- podr\u0119cznik dla klasy IV-VIszko\u0142y podstawowej<\/td>\n<td width=\"151\">M. GromekG. Kilbach<\/td>\n<td width=\"149\">&nbsp;Nowa&nbsp; Era<\/td>\n<\/tr>\n<tr>\n<td width=\"149\">Plastyka<\/td>\n<td width=\"170\"><em>\u201eDo dzie\u0142a\u201d<\/em>&#8211; podr\u0119cznik dla kl.IV \u2013 VIszko\u0142y podstawowej<\/td>\n<td width=\"151\">J. LukasK. Onak<\/td>\n<td width=\"149\">Nowa&nbsp; Era<\/td>\n<\/tr>\n<tr>\n<td width=\"149\">Religia<\/td>\n<td width=\"170\">\u201e<em>Wierzymy w Pana Boga\u201d<\/em><\/td>\n<td width=\"151\">ks. T. Panu\u015bks.A. Kielan<\/p>\n<ol>\n<li>Berski<\/li>\n<\/ol>\n<\/td>\n<td width=\"149\">\u015aw. Stanis\u0142aw<\/td>\n<\/tr>\n<\/tbody>\n<\/table>\n<p>Spis podr\u0119cznik\u00f3w do klasy 6<\/p>\n<table>\n<tbody>\n<tr>\n<td width=\"149\"><strong>Przedmiot<\/strong><\/td>\n<td width=\"170\"><strong>Tytu\u0142<\/strong><\/td>\n<td width=\"151\"><strong>Autorzy<\/strong><\/td>\n<td width=\"149\"><strong>Wydawnictwo<\/strong><\/td>\n<\/tr>\n<tr>\n<td width=\"149\">J\u0119zyk polski<\/td>\n<td width=\"170\">\u201eCiekawi \u015bwiata\u201dcz. 1 i 2+ \u0107wiczenia<\/td>\n<td width=\"151\">\n<ol>\n<li>Rawicz<\/li>\n<\/ol>\n<\/td>\n<td width=\"149\">Operon<\/td>\n<\/tr>\n<tr>\n<td width=\"149\">Historiai spo\u0142ecze\u0144stwo<\/td>\n<td width=\"170\">\u201eKlucz do historii kl. 5\u201d- podr\u0119cznik + \u0107wiczeniaAtlas historyczny<\/td>\n<td width=\"151\">W. Kalwat<\/td>\n<td width=\"149\">Wsip<\/td>\n<\/tr>\n<tr>\n<td width=\"149\">Matematyka<\/td>\n<td width=\"170\">\u201eMatematyka wok\u00f3\u0142 nas\u201d-podr\u0119cznik + \u0107wiczenia, cz. 1 i 2<\/td>\n<td width=\"151\">H. LewickaM. Kowalczyk<\/td>\n<td width=\"149\">Wsip<\/td>\n<\/tr>\n<tr>\n<td width=\"149\">Zaj\u0119cia techniczne<\/td>\n<td width=\"170\"><em>\u201eJak to dzia\u0142a?\u201d<\/em>&#8211; podr\u0119cznik&nbsp; z \u0107wiczeniami do zaj\u0119\u0107 technicznych dla klasy. IV-VI<\/td>\n<td width=\"151\">L. \u0141abeckiM. \u0141abecka<\/td>\n<td width=\"149\">Nowa Era<\/td>\n<\/tr>\n<tr>\n<td width=\"149\">J\u0119zyk angielski<\/td>\n<td width=\"170\"><em>&nbsp;<\/em><em>&nbsp;<\/em><em>\u201e Starland 3\u201d<\/em>-podr\u0119cznik+ \u0107wiczenia<\/td>\n<td width=\"151\">V. EvansJ. Dooley<\/td>\n<td width=\"149\">Egis ExpressPublishing<\/td>\n<\/tr>\n<tr>\n<td width=\"149\">Zaj\u0119cia komputerowe<\/td>\n<td width=\"170\">Zaj\u0119cia komputerowe dla szko\u0142y podstawowejKl. IV-VI<\/td>\n<td width=\"151\">G. Koba<\/td>\n<td width=\"149\">MiGra<\/td>\n<\/tr>\n<tr>\n<td width=\"149\">Przyroda<\/td>\n<td width=\"170\"><em>\u201eTajemnice przyrody\u201d<\/em>&#8211; podr\u0119cznik + \u0107wiczenia cz. 1 i 2Atlas przyrodniczy\u201e\u015awiat wok\u00f3\u0142 nas\u201d<\/td>\n<td width=\"151\">J. \u015alusarczykR. KozikF. Szlajfer<\/td>\n<td width=\"149\">Nowa Era<\/td>\n<\/tr>\n<tr>\n<td width=\"149\">Muzyka<\/td>\n<td width=\"170\"><em>\u201eOdkrywamy na nowo\u201d<\/em>-ksi\u0105\u017cka dla klasy IV-VI<\/td>\n<td width=\"151\">M. RykowskaZ. Sza\u0142ko<\/td>\n<td width=\"149\">Operon<\/td>\n<\/tr>\n<tr>\n<td width=\"149\">Plastyka<\/td>\n<td width=\"170\"><em>&nbsp;<\/em><em>&nbsp;<\/em><em>\u201eOdkrywamy na nowo\u201d<\/em>-ksi\u0105\u017cka dla klasy IV-VI<\/td>\n<td width=\"151\">M. PolkowskaL. Wyszkowska<\/td>\n<td width=\"149\">Operon<\/td>\n<\/tr>\n<tr>\n<td width=\"149\">Religia<\/td>\n<td width=\"170\">\u201e<em>W ko\u015bciele umacniamy wiar\u0119\u201d<\/em><\/td>\n<td width=\"151\">ks. T. Panu\u015bks. A. Kielan<\/p>\n<ol>\n<li>Berski<\/li>\n<\/ol>\n<\/td>\n<td width=\"149\">\u015aw. Stanis\u0142aw<\/td>\n<\/tr>\n<\/tbody>\n<\/table>\n<p>Spis podr\u0119cznik\u00f3w do klasy III<\/p>\n<table>\n<tbody>\n<tr>\n<td width=\"117\">Przedmiot<\/td>\n<td width=\"217\">Tytu\u0142<\/td>\n<td width=\"171\">Autor<\/td>\n<td width=\"114\">Wydawnictwo<\/td>\n<\/tr>\n<tr>\n<td width=\"117\">Edukacja wczesnoszkolna<\/td>\n<td width=\"217\">Nasza szko\u0142\u0105 + Nasze \u0107wiczenia<\/td>\n<td width=\"171\">&nbsp;<\/td>\n<td width=\"114\">Nowa Era<\/td>\n<\/tr>\n<tr>\n<td width=\"117\">J\u0119zyk angielski<\/td>\n<td width=\"217\">\u201eEnglish Adventure 3\u201d \u2013 podr\u0119cznik + \u0107wiczenia<\/td>\n<td width=\"171\">\n<ol>\n<li>Worral<\/li>\n<\/ol>\n<\/td>\n<td width=\"114\">Pearson Longman<\/td>\n<\/tr>\n<tr>\n<td width=\"117\">Religia<\/td>\n<td width=\"217\">\u201ePrzyjmujemy Pana Jezusa\u201d<\/td>\n<td width=\"171\">ks. Panu\u015bks. A. Kielan<\/p>\n<ol>\n<li>Berski<\/li>\n<\/ol>\n<\/td>\n<td width=\"114\">\u015aw. Stanis\u0142aw<\/td>\n<\/tr>\n<\/tbody>\n<\/table>\n<p>Spis podr\u0119cznik\u00f3w do klasy II<\/p>\n<table>\n<tbody>\n<tr>\n<td width=\"117\">Przedmiot<\/td>\n<td width=\"217\">Tytu\u0142<\/td>\n<td width=\"171\">Autor<\/td>\n<td width=\"114\">Wydawnictwo<\/td>\n<\/tr>\n<tr>\n<td width=\"117\">Edukacja&nbsp; wczesnoszkolna<\/td>\n<td width=\"217\">Nasza szko\u0142a + Nasze \u0107wiczenia<\/td>\n<td width=\"171\">&nbsp;<\/td>\n<td width=\"114\">Nowa Era<\/td>\n<\/tr>\n<tr>\n<td width=\"117\">J\u0119zyk angielski<\/td>\n<td width=\"217\">\u201eEnglish Adventure 2\u201d podr\u0119cznik + \u0107wiczenia<\/td>\n<td width=\"171\">\n<ol>\n<li>Worral<\/li>\n<\/ol>\n<\/td>\n<td width=\"114\">Pearson Longman<\/td>\n<\/tr>\n<tr>\n<td width=\"117\">Religia<\/td>\n<td width=\"217\">\u201eKochamy Pana Jezusa\u201d \u2013<\/td>\n<td width=\"171\">ks. Panu\u015bks. A. Kielan<\/p>\n<ol>\n<li>Berski<\/li>\n<\/ol>\n<\/td>\n<td width=\"114\">WAM<\/td>\n<\/tr>\n<\/tbody>\n<\/table>\n<p>Spis podr\u0119cznik\u00f3w do klasy I<\/p>\n<table>\n<tbody>\n<tr>\n<td width=\"117\">Przedmiot<\/td>\n<td width=\"217\">Tytu\u0142<\/td>\n<td width=\"171\">Autor<\/td>\n<td width=\"114\">Wydawnictwo<\/td>\n<\/tr>\n<tr>\n<td width=\"117\">Edukacja&nbsp; wczesnoszkolna<\/td>\n<td width=\"217\">Nasz elementarz + Nasze \u0107wiczenia<\/td>\n<td width=\"171\">&nbsp;<\/td>\n<td width=\"114\">Nowa Era<\/td>\n<\/tr>\n<tr>\n<td width=\"117\">J\u0119zyk angielski<\/td>\n<td width=\"217\">\u201eEnglish Adventure 1\u201d podr\u0119cznik + \u0107wiczenia<\/td>\n<td width=\"171\">\n<ol>\n<li>Worral<\/li>\n<\/ol>\n<\/td>\n<td width=\"114\">Pearson Longman<\/td>\n<\/tr>\n<tr>\n<td width=\"117\">Religia<\/td>\n<td width=\"217\">\u201eJeste\u015bmy w rodzinie Pana Jezusa\u201d<\/td>\n<td width=\"171\">ks. Panu\u015bks. A. Kielan<\/p>\n<ol>\n<li>Berski<\/li>\n<\/ol>\n<\/td>\n<td width=\"114\">\u015aw. Stanis\u0142aw<\/td>\n<\/tr>\n<\/tbody>\n<\/table>\n<p>Spis podr\u0119cznik\u00f3w do klasy \u201e0 A\u201d<\/p>\n<table>\n<tbody>\n<tr>\n<td width=\"117\">Przedmiot<\/td>\n<td width=\"225\">Tytu\u0142<\/td>\n<td width=\"163\">Autor<\/td>\n<td width=\"113\">Wydawnictwo<\/td>\n<\/tr>\n<tr>\n<td width=\"117\">Wychowanie przedszkolne<\/td>\n<td width=\"225\">\u201e<em>Kolorowy start\u201d \u2013 pakiet 4- latka<\/em><\/td>\n<td width=\"163\">W. \u017baba &#8211; \u017babinska<\/td>\n<td width=\"113\">Mac Edukacja<\/td>\n<\/tr>\n<\/tbody>\n<\/table>\n<p>Spis podr\u0119cznik\u00f3w do klasy \u201e0 B\u201d<\/p>\n<table>\n<tbody>\n<tr>\n<td width=\"117\">Przedmiot<\/td>\n<td width=\"225\">Tytu\u0142<\/td>\n<td width=\"163\">Autor<\/td>\n<td width=\"113\">Wydawnictwo<\/td>\n<\/tr>\n<tr>\n<td width=\"117\">Wychowanie przedszkolne<\/td>\n<td width=\"225\">\u201e<em>Kolorowy start\u201d \u2013 5 i 6 latek<\/em><em>&nbsp;<\/em><\/td>\n<td width=\"163\">W. \u017baba \u2013 \u017babinska<\/td>\n<td width=\"113\">Mac Edukacja<\/td>\n<\/tr>\n<tr>\n<td width=\"117\">J\u0119zyk angielski<\/td>\n<td width=\"225\"><em>&nbsp;<\/em><em>\u201eNew English Adventure Starter\u201d \u2013 <\/em>tylko \u0107wiczenia<\/td>\n<td width=\"163\">R. Raczy\u0144skaC. Bruni<\/td>\n<td width=\"113\">Pearson Longman<\/td>\n<\/tr>\n<\/tbody>\n<\/table>\n","protected":false},"excerpt":{"rendered":"<p>Szkolny zestaw program\u00f3w nauczania i&nbsp;podr\u0119cznik\u00f3w przeznaczonych do&nbsp;kszta\u0142cenia og\u00f3lnego&nbsp;w&nbsp;Szkole Podstawowej nr&nbsp;1 im.&nbsp;\u015bw. J\u00f3zefa w&nbsp;Lubomierzu&nbsp;na rok szkolny 2025\/2026 Programy i podr\u0119czniki Szkolny zestaw program\u00f3w nauczania i&nbsp;podr\u0119cznik\u00f3w przeznaczonych do&nbsp;kszta\u0142cenia og\u00f3lnego&nbsp;w&nbsp;Szkole Podstawowej nr&nbsp;1 im.&nbsp;\u015bw. J\u00f3zefa w&nbsp;Lubomierzu&nbsp;na rok szkolny 2024\/2025 Programy i podr\u0119czniki Szkolny zestaw program\u00f3w nauczania i&nbsp;podr\u0119cznik\u00f3w przeznaczonych do&nbsp;kszta\u0142cenia og\u00f3lnego w&nbsp;Szkole Podstawowej nr&nbsp;1 im.&nbsp;\u015bw. J\u00f3zefa w&nbsp;Lubomierzu na rok szkolny [&hellip;]<\/p>\n","protected":false},"author":1,"featured_media":0,"parent":33,"menu_order":11,"comment_status":"closed","ping_status":"closed","template":"","meta":{"ngg_post_thumbnail":0,"footnotes":""},"class_list":["post-89","page","type-page","status-publish","hentry"],"_links":{"self":[{"href":"https:\/\/sp1lubomierz.pl\/index.php?rest_route=\/wp\/v2\/pages\/89","targetHints":{"allow":["GET"]}}],"collection":[{"href":"https:\/\/sp1lubomierz.pl\/index.php?rest_route=\/wp\/v2\/pages"}],"about":[{"href":"https:\/\/sp1lubomierz.pl\/index.php?rest_route=\/wp\/v2\/types\/page"}],"author":[{"embeddable":true,"href":"https:\/\/sp1lubomierz.pl\/index.php?rest_route=\/wp\/v2\/users\/1"}],"replies":[{"embeddable":true,"href":"https:\/\/sp1lubomierz.pl\/index.php?rest_route=%2Fwp%2Fv2%2Fcomments&post=89"}],"version-history":[{"count":14,"href":"https:\/\/sp1lubomierz.pl\/index.php?rest_route=\/wp\/v2\/pages\/89\/revisions"}],"predecessor-version":[{"id":48899,"href":"https:\/\/sp1lubomierz.pl\/index.php?rest_route=\/wp\/v2\/pages\/89\/revisions\/48899"}],"up":[{"embeddable":true,"href":"https:\/\/sp1lubomierz.pl\/index.php?rest_route=\/wp\/v2\/pages\/33"}],"wp:attachment":[{"href":"https:\/\/sp1lubomierz.pl\/index.php?rest_route=%2Fwp%2Fv2%2Fmedia&parent=89"}],"curies":[{"name":"wp","href":"https:\/\/api.w.org\/{rel}","templated":true}]}}