{"id":9572,"date":"2015-09-01T21:52:08","date_gmt":"2015-09-01T21:52:08","guid":{"rendered":"http:\/\/sp1lubomierz.pl\/?page_id=9572"},"modified":"2016-06-03T07:40:45","modified_gmt":"2016-06-03T07:40:45","slug":"rok-szkolny-20152016","status":"publish","type":"page","link":"https:\/\/sp1lubomierz.pl\/?page_id=9572","title":{"rendered":"Rok szkolny 2015\/2016"},"content":{"rendered":"<h3 style=\"text-align: center;\"><a href=\"http:\/\/sp1lubomierz.pl\/?page_id=9575\">Wrzesie\u0144 2015<\/a><\/h3>\n<h3 style=\"text-align: center;\"><a href=\"http:\/\/sp1lubomierz.pl\/?page_id=9778\">Pa\u017adziernik 2015 <\/a><\/h3>\n<h3 style=\"text-align: center;\"><a href=\"http:\/\/sp1lubomierz.pl\/?page_id=10524\">Listopad 2015 <\/a><\/h3>\n<h3 style=\"text-align: center;\"><a href=\"http:\/\/sp1lubomierz.pl\/?page_id=10996\">Grudzie\u0144 2015 <\/a><\/h3>\n<h3 style=\"text-align: center;\"><a href=\"http:\/\/sp1lubomierz.pl\/?page_id=11535\">Stycze\u0144 2016 <\/a><\/h3>\n<h3 style=\"text-align: center;\"><a href=\"http:\/\/sp1lubomierz.pl\/?page_id=11889\">Luty 2016 <\/a><\/h3>\n<h3 style=\"text-align: center;\"><a href=\"http:\/\/sp1lubomierz.pl\/?page_id=12270\">Marzec 2016 <\/a><\/h3>\n<h3 style=\"text-align: center;\"><a href=\"http:\/\/sp1lubomierz.pl\/?page_id=12679\">Kwiecie\u0144 2016 <\/a><\/h3>\n<h3 style=\"text-align: center;\"><a href=\"http:\/\/sp1lubomierz.pl\/?page_id=13045\">Maj 2016 <\/a><\/h3>\n<h3 style=\"text-align: center;\"><a href=\"http:\/\/sp1lubomierz.pl\/?page_id=14241\">Czerwiec 2016<\/a><\/h3>\n","protected":false},"excerpt":{"rendered":"<p>Wrzesie\u0144 2015 Pa\u017adziernik 2015 Listopad 2015 Grudzie\u0144 2015 Stycze\u0144 2016 Luty 2016 Marzec 2016 Kwiecie\u0144 2016 Maj 2016 Czerwiec 2016<\/p>\n","protected":false},"author":1,"featured_media":0,"parent":0,"menu_order":0,"comment_status":"closed","ping_status":"open","template":"","meta":{"ngg_post_thumbnail":0,"footnotes":""},"class_list":["post-9572","page","type-page","status-publish","hentry"],"_links":{"self":[{"href":"https:\/\/sp1lubomierz.pl\/index.php?rest_route=\/wp\/v2\/pages\/9572","targetHints":{"allow":["GET"]}}],"collection":[{"href":"https:\/\/sp1lubomierz.pl\/index.php?rest_route=\/wp\/v2\/pages"}],"about":[{"href":"https:\/\/sp1lubomierz.pl\/index.php?rest_route=\/wp\/v2\/types\/page"}],"author":[{"embeddable":true,"href":"https:\/\/sp1lubomierz.pl\/index.php?rest_route=\/wp\/v2\/users\/1"}],"replies":[{"embeddable":true,"href":"https:\/\/sp1lubomierz.pl\/index.php?rest_route=%2Fwp%2Fv2%2Fcomments&post=9572"}],"version-history":[{"count":14,"href":"https:\/\/sp1lubomierz.pl\/index.php?rest_route=\/wp\/v2\/pages\/9572\/revisions"}],"predecessor-version":[{"id":14255,"href":"https:\/\/sp1lubomierz.pl\/index.php?rest_route=\/wp\/v2\/pages\/9572\/revisions\/14255"}],"wp:attachment":[{"href":"https:\/\/sp1lubomierz.pl\/index.php?rest_route=%2Fwp%2Fv2%2Fmedia&parent=9572"}],"curies":[{"name":"wp","href":"https:\/\/api.w.org\/{rel}","templated":true}]}}